{"id":9481,"date":"2026-01-27T14:28:15","date_gmt":"2026-01-27T14:28:15","guid":{"rendered":"https:\/\/falusiturizmus.korosmentivallalkozaserosites.hu\/?page_id=9481"},"modified":"2026-01-29T09:39:59","modified_gmt":"2026-01-29T09:39:59","slug":"home","status":"publish","type":"page","link":"https:\/\/falusiturizmus.eu\/en\/home\/","title":{"rendered":"Home"},"content":{"rendered":"<div class=\"wp-block-stackable-columns alignfull stk-block-columns stk-block stk-aaf461c stk-block-background stk--has-background-overlay\" data-block-id=\"aaf461c\"><style>.stk-aaf461c {background-image:url(https:\/\/falusiturizmus.eu\/wp-content\/uploads\/2026\/01\/576470ea284ab736f8e03e098dc9378e_15625_thumb_1920x600.webp) !important;min-height:70vh !important;align-items:center !important;display:flex !important;}<\/style><div class=\"stk-row stk-inner-blocks stk-block-content stk-content-align stk-aaf461c-column\">\n<div class=\"wp-block-stackable-column stk-block-column stk-column stk-block stk-2c655f7\" data-v=\"4\" data-block-id=\"2c655f7\"><style>.stk-2c655f7 {padding-top:0px !important;padding-right:0px !important;padding-bottom:0px !important;padding-left:0px !important;}<\/style><div class=\"stk-column-wrapper stk-block-column__content stk-container stk-2c655f7-container stk--no-background stk--no-padding\"><div class=\"stk-block-content stk-inner-blocks stk-2c655f7-inner-blocks\">\n<div class=\"wp-block-stackable-heading stk-block-heading stk-block-heading--v2 stk-block stk-e77b7dc\" id=\"welcome-to-our-website\" data-block-id=\"e77b7dc\"><style>.stk-e77b7dc .stk-block-heading__text{text-shadow:4px 4px 0px #000000ff !important;color:var(--theme-palette-color-7, #FAFBFC) !important;}<\/style><h2 class=\"stk-block-heading__text has-text-color has-text-align-center\">Welcome to our website<\/h2><\/div>\n<\/div><\/div><\/div>\n<\/div><\/div>\n\n\n\n<div class=\"wp-block-stackable-columns stk-block-columns stk-block stk-8940bf0 stk-block-background\" data-block-id=\"8940bf0\"><style>.stk-8940bf0 {margin-top:70px !important;margin-bottom:70px !important;}.stk-8940bf0-column{--stk-column-gap:var(--stk--preset--spacing--60, 2.25rem) !important;}@media screen and (max-width:999px){.stk-8940bf0 {margin-top:50px !important;margin-bottom:50px !important;}}@media screen and (max-width:689px){.stk-8940bf0 {margin-top:30px !important;margin-bottom:30px !important;}}<\/style><div class=\"stk-row stk-inner-blocks stk-block-content stk-content-align stk-8940bf0-column\">\n<div class=\"wp-block-stackable-column stk-block-column stk-column stk-block stk-1a490eb\" data-v=\"4\" data-block-id=\"1a490eb\"><style>@media screen and (min-width:690px) and (max-width:999px){.stk-1a490eb {flex:var(--stk-flex-grow, 1) 1 calc(100% - var(--stk-column-gap, 0px) * 0 \/ 1 ) !important;}}<\/style><div class=\"stk-column-wrapper stk-block-column__content stk-container stk-1a490eb-container stk--no-background stk--no-padding\"><div class=\"stk-block-content stk-inner-blocks stk-1a490eb-inner-blocks\">\n<div class=\"wp-block-stackable-text stk-block-text stk-block stk-087cb79\" data-block-id=\"087cb79\"><p class=\"stk-block-text__text has-text-align-justify\">The Hungarian Federation of Rural and Agrotourism (FATOSZ) was established in 1994 to represent the interests of service providers operating in rural tourism.<\/p><\/div>\n\n\n\n<div class=\"wp-block-stackable-text stk-block-text stk-block stk-71201d4\" data-block-id=\"71201d4\"><p class=\"stk-block-text__text has-text-align-justify\">FATOSZ has gone through an organizational transformation since 2001, leading it to become an association of 19 county organizations, thus now covering the entire country. They bring the nearly 2,000 hosts together from all over Hungary. With the help of the federation\u2019s certifying professionals, the hosts are able to provide the right quality everytime. As part of the transformation, it also assumed the \u201cagro\u201d adjective in the name of FATOSZ, indicating that agrotourism is an integral part of rural tourism.<\/p><\/div>\n\n\n\n<div class=\"wp-block-stackable-text stk-block-text stk-block stk-d34da1d\" data-block-id=\"d34da1d\"><p class=\"stk-block-text__text has-text-align-justify\">The most important tasks of FATOSZ, also enshrined in its bylaw, are to represent the economic and legal interests of those, who are engaged in rural tourism, to provide them with continuous and relevant information, to bring rural services to the market and to establish cooperation with national professional associations and organizations.<\/p><\/div>\n\n\n\n<div class=\"wp-block-stackable-text stk-block-text stk-block stk-54b0845\" data-block-id=\"54b0845\"><p class=\"stk-block-text__text has-text-align-justify\">After the laid down process of the qualification, accommodations can get hold of a trademark, named \u201erural accommodation with sunflowers\u201d. The basic purpose of the certification is to guarantee the quality of the services provided by the accommodation and to ensure, that these services meet with professional expectations, which are defined by FATOSZ.<\/p><\/div>\n<\/div><\/div><\/div>\n\n\n\n<div class=\"wp-block-stackable-column stk-block-column stk-column stk-block stk-3c6b5a3 stk-block-background stk--has-background-overlay\" data-v=\"4\" data-block-id=\"3c6b5a3\"><style>.stk-3c6b5a3 {background-image:url(https:\/\/falusiturizmus.eu\/wp-content\/uploads\/2026\/01\/8e132f07f6d84307561d7bfce5044659_15652_thumb_3840x1200.webp) !important;}@media screen and (min-width:690px) and (max-width:999px){.stk-3c6b5a3 {flex:var(--stk-flex-grow, 1) 1 calc(100% - var(--stk-column-gap, 0px) * 0 \/ 1 ) !important;}}@media screen and (max-width:999px){.stk-3c6b5a3-container{min-height:400px !important;}}@media screen and (max-width:689px){.stk-3c6b5a3-container{min-height:250px !important;}}<\/style><div class=\"stk-column-wrapper stk-block-column__content stk-container stk-3c6b5a3-container stk--no-background stk--no-padding\"><div class=\"stk-block-content stk-inner-blocks stk-3c6b5a3-inner-blocks\"><\/div><\/div><\/div>\n<\/div><\/div>\n\n\n\n<div class=\"wp-block-stackable-columns stk-block-columns stk-block stk-cfc650e stk-block-background\" data-block-id=\"cfc650e\"><style>.stk-cfc650e {margin-top:70px !important;margin-bottom:70px !important;}.stk-cfc650e-column{--stk-column-gap:var(--stk--preset--spacing--60, 2.25rem) !important;}@media screen and (max-width:999px){.stk-cfc650e {margin-top:50px !important;margin-bottom:50px !important;--stk-col-order-1:2 !important;--stk-col-order-2:1 !important;}}@media screen and (max-width:689px){.stk-cfc650e {margin-top:30px !important;margin-bottom:30px !important;--stk-col-order-1:2 !important;--stk-col-order-2:1 !important;}}<\/style><div class=\"stk-row stk-inner-blocks stk-block-content stk-content-align stk-cfc650e-column\">\n<div class=\"wp-block-stackable-column stk-block-column stk-column stk-block stk-8dcd92c\" data-v=\"4\" data-block-id=\"8dcd92c\"><style>.stk-8dcd92c {align-self:center !important;}@media screen and (min-width:690px) and (max-width:999px){.stk-8dcd92c {flex:var(--stk-flex-grow, 1) 1 calc(100% - var(--stk-column-gap, 0px) * 0 \/ 1 ) !important;}}<\/style><div class=\"stk-column-wrapper stk-block-column__content stk-container stk-8dcd92c-container stk--no-background stk--no-padding\"><div class=\"stk-block-content stk-inner-blocks stk-8dcd92c-inner-blocks\">\n<div class=\"wp-block-stackable-image stk-block-image stk-block stk-f102b32\" data-block-id=\"f102b32\"><style>.stk-f102b32 .stk-img-wrapper{aspect-ratio:2\/1 !important;height:auto !important;}@media screen and (max-width:999px){.stk-f102b32 .stk-img-wrapper{height:auto !important;}}@media screen and (max-width:689px){.stk-f102b32 .stk-img-wrapper{height:auto !important;}}<\/style><figure><span class=\"stk-img-wrapper stk-image--shape-stretch\"><img loading=\"lazy\" decoding=\"async\" class=\"stk-img wp-image-30025\" src=\"https:\/\/falusiturizmus.eu\/wp-content\/uploads\/2026\/01\/633353225ff19d29f90b2813287abaad_15651_thumb_1920x600.webp\" width=\"1920\" height=\"600\" srcset=\"https:\/\/falusiturizmus.eu\/wp-content\/uploads\/2026\/01\/633353225ff19d29f90b2813287abaad_15651_thumb_1920x600.webp 1920w, https:\/\/falusiturizmus.eu\/wp-content\/uploads\/2026\/01\/633353225ff19d29f90b2813287abaad_15651_thumb_1920x600-300x94.webp 300w, https:\/\/falusiturizmus.eu\/wp-content\/uploads\/2026\/01\/633353225ff19d29f90b2813287abaad_15651_thumb_1920x600-1024x320.webp 1024w, https:\/\/falusiturizmus.eu\/wp-content\/uploads\/2026\/01\/633353225ff19d29f90b2813287abaad_15651_thumb_1920x600-768x240.webp 768w, https:\/\/falusiturizmus.eu\/wp-content\/uploads\/2026\/01\/633353225ff19d29f90b2813287abaad_15651_thumb_1920x600-1536x480.webp 1536w, https:\/\/falusiturizmus.eu\/wp-content\/uploads\/2026\/01\/633353225ff19d29f90b2813287abaad_15651_thumb_1920x600-18x6.webp 18w\" sizes=\"auto, (max-width: 1920px) 100vw, 1920px\" \/><\/span><\/figure><\/div>\n<\/div><\/div><\/div>\n\n\n\n<div class=\"wp-block-stackable-column stk-block-column stk-column stk-block stk-4f703df\" data-v=\"4\" data-block-id=\"4f703df\"><style>@media screen and (min-width:690px) and (max-width:999px){.stk-4f703df {flex:var(--stk-flex-grow, 1) 1 calc(100% - var(--stk-column-gap, 0px) * 0 \/ 1 ) !important;}}<\/style><div class=\"stk-column-wrapper stk-block-column__content stk-container stk-4f703df-container stk--no-background stk--no-padding\"><div class=\"stk-block-content stk-inner-blocks stk-4f703df-inner-blocks\">\n<div class=\"wp-block-stackable-heading stk-block-heading stk-block-heading--v2 stk-block stk-696f1e3\" id=\"activities\" data-block-id=\"696f1e3\"><h3 class=\"stk-block-heading__text has-text-align-justify\">Activities<\/h3><\/div>\n\n\n\n<ul class=\"wp-block-list\">\n<li>Lobbying through regional entrepreneur federation, with strong influence on legislation and regulation framework<\/li>\n\n\n\n<li>Classification and quality Trademark system, our Federation qualifies each accommodation, where the total is 4 sunflowers<\/li>\n\n\n\n<li>New website (www.falusiturizmus.eu) for members (free marketing possibility to any rural guest houses due to COVID-19)<\/li>\n\n\n\n<li>Organizing trainings for service providers (e.g. \u201eOpportunities in rural tourism\u201d)<\/li>\n\n\n\n<li>Regional, national, and international events (participation in relevant events, exhibitions)<\/li>\n\n\n\n<li>Constantly growing national and international partnerships (RURALTOUR, border countries)<\/li>\n\n\n\n<li>Measuring permanently the demand and customer needs, doing researches<\/li>\n\n\n\n<li>Informing members about current news and opportunities<\/li>\n<\/ul>\n<\/div><\/div><\/div>\n<\/div><\/div>\n\n\n\n<div class=\"wp-block-stackable-columns stk-block-columns stk-block stk-15b03c6 stk-block-background\" data-block-id=\"15b03c6\"><style>.stk-15b03c6 {margin-top:70px !important;margin-bottom:70px !important;}@media screen and (max-width:999px){.stk-15b03c6 {margin-top:50px !important;margin-bottom:50px !important;}}@media screen and (max-width:689px){.stk-15b03c6 {margin-top:30px !important;margin-bottom:30px !important;}}<\/style><div class=\"stk-row stk-inner-blocks stk-block-content stk-content-align stk-15b03c6-column\">\n<div class=\"wp-block-stackable-column stk-block-column stk-column stk-block stk-748f759\" data-v=\"4\" data-block-id=\"748f759\"><style>@media screen and (min-width:690px) and (max-width:999px){.stk-748f759 {flex:var(--stk-flex-grow, 1) 1 calc(50% - var(--stk-column-gap, 0px) * 1 \/ 2 ) !important;}}<\/style><div class=\"stk-column-wrapper stk-block-column__content stk-container stk-748f759-container stk--no-background stk--no-padding\"><div class=\"stk-block-content stk-inner-blocks stk-748f759-inner-blocks\">\n<div class=\"wp-block-stackable-heading stk-block-heading stk-block-heading--v2 stk-block stk-4d70768\" id=\"strong-contact-strong\" data-block-id=\"4d70768\"><h3 class=\"stk-block-heading__text has-text-align-justify\"><strong>Contact:<\/strong><\/h3><\/div>\n\n\n\n<p>Address: Kir\u00e1ly st. 93, 1077 Budapest, Hungary<br>Phone: +36 1 352 9804, +36 30 709 9726<br>E-mail:&nbsp;<a href=\"mailto:info@falusiturizmus.hu\" target=\"_blank\" rel=\"noreferrer noopener\">info@falusiturizmus.hu<\/a><\/p>\n<\/div><\/div><\/div>\n\n\n\n<div class=\"wp-block-stackable-column stk-block-column stk-column stk-block stk-f432116\" data-v=\"4\" data-block-id=\"f432116\"><style>@media screen and (min-width:690px) and (max-width:999px){.stk-f432116 {flex:var(--stk-flex-grow, 1) 1 calc(50% - var(--stk-column-gap, 0px) * 1 \/ 2 ) !important;}}@media screen and (max-width:689px){.stk-f432116-container{min-height:250px !important;}}<\/style><div class=\"stk-column-wrapper stk-block-column__content stk-container stk-f432116-container stk--no-background stk--no-padding\"><div class=\"stk-block-content stk-inner-blocks stk-f432116-inner-blocks\">\n<div class=\"wp-block-stackable-image stk-block-image stk-block stk-bbc46d7\" data-block-id=\"bbc46d7\"><style>.stk-bbc46d7 .stk-img-wrapper{width:300px !important;}@media screen and (max-width:999px){.stk-bbc46d7 .stk-img-wrapper{width:200px !important;}}<\/style><figure><span class=\"stk-img-wrapper stk-image--shape-stretch\"><img loading=\"lazy\" decoding=\"async\" class=\"stk-img wp-image-32\" src=\"https:\/\/falusiturizmus.eu\/wp-content\/uploads\/2026\/01\/logo.png\" width=\"512\" height=\"521\" alt=\"Falusi \u00e9s Agroturizmus Orsz\u00e1gos Sz\u00f6vets\u00e9ge\"\/><\/span><\/figure><\/div>\n<\/div><\/div><\/div>\n<\/div><\/div>\n\n\n\n<p><\/p>","protected":false},"excerpt":{"rendered":"<p>Welcome to our website The Hungarian Federation of Rural and Agrotourism (FATOSZ) was established in 1994 to represent the interests of service providers operating in rural tourism. FATOSZ has gone through an organizational transformation since 2001, leading it to become an association of 19 county organizations, thus now covering the entire country. They bring the [&hellip;]<\/p>\n","protected":false},"author":1,"featured_media":0,"parent":0,"menu_order":0,"comment_status":"closed","ping_status":"closed","template":"","meta":{"_monsterinsights_skip_tracking":false,"_monsterinsights_sitenote_active":false,"_monsterinsights_sitenote_note":"","_monsterinsights_sitenote_category":0,"footnotes":""},"class_list":["post-9481","page","type-page","status-publish","hentry"],"blocksy_meta":{"has_hero_section":"disabled","vertical_spacing_source":"custom","content_area_spacing":"bottom","styles_descriptor":{"styles":{"desktop":"","tablet":"","mobile":""},"google_fonts":[],"version":6}},"yoast_head":"<!-- This site is optimized with the Yoast SEO plugin v27.0 - https:\/\/yoast.com\/product\/yoast-seo-wordpress\/ -->\n<title>Home - Falusi \u00e9s Agroturizmus Orsz\u00e1gos Sz\u00f6vets\u00e9ge<\/title>\n<meta name=\"robots\" content=\"index, follow, max-snippet:-1, max-image-preview:large, max-video-preview:-1\" \/>\n<link rel=\"canonical\" href=\"https:\/\/falusiturizmus.eu\/en\/home\/\" \/>\n<meta property=\"og:locale\" content=\"en_GB\" \/>\n<meta property=\"og:type\" content=\"article\" \/>\n<meta property=\"og:title\" content=\"Home - Falusi \u00e9s Agroturizmus Orsz\u00e1gos Sz\u00f6vets\u00e9ge\" \/>\n<meta property=\"og:description\" content=\"Welcome to our website The Hungarian Federation of Rural and Agrotourism (FATOSZ) was established in 1994 to represent the interests of service providers operating in rural tourism. FATOSZ has gone through an organizational transformation since 2001, leading it to become an association of 19 county organizations, thus now covering the entire country. They bring the [&hellip;]\" \/>\n<meta property=\"og:url\" content=\"https:\/\/falusiturizmus.eu\/en\/home\/\" \/>\n<meta property=\"og:site_name\" content=\"Falusi \u00e9s Agroturizmus Orsz\u00e1gos Sz\u00f6vets\u00e9ge\" \/>\n<meta property=\"article:publisher\" content=\"https:\/\/www.facebook.com\/falusiturizmus.hu\" \/>\n<meta property=\"article:modified_time\" content=\"2026-01-29T09:39:59+00:00\" \/>\n<meta property=\"og:image\" content=\"https:\/\/falusiturizmus.eu\/wp-content\/uploads\/2026\/01\/633353225ff19d29f90b2813287abaad_15651_thumb_1920x600.webp\" \/>\n\t<meta property=\"og:image:width\" content=\"1920\" \/>\n\t<meta property=\"og:image:height\" content=\"600\" \/>\n\t<meta property=\"og:image:type\" content=\"image\/webp\" \/>\n<meta name=\"twitter:card\" content=\"summary_large_image\" \/>\n<meta name=\"twitter:label1\" content=\"Estimated reading time\" \/>\n\t<meta name=\"twitter:data1\" content=\"2 minutes\" \/>\n<script type=\"application\/ld+json\" class=\"yoast-schema-graph\">{\"@context\":\"https:\/\/schema.org\",\"@graph\":[{\"@type\":\"WebPage\",\"@id\":\"https:\/\/falusiturizmus.eu\/home\/\",\"url\":\"https:\/\/falusiturizmus.eu\/home\/\",\"name\":\"Home - Falusi \u00e9s Agroturizmus Orsz\u00e1gos Sz\u00f6vets\u00e9ge\",\"isPartOf\":{\"@id\":\"https:\/\/falusiturizmus.eu\/#website\"},\"primaryImageOfPage\":{\"@id\":\"https:\/\/falusiturizmus.eu\/home\/#primaryimage\"},\"image\":{\"@id\":\"https:\/\/falusiturizmus.eu\/home\/#primaryimage\"},\"thumbnailUrl\":\"https:\/\/falusiturizmus.eu\/wp-content\/uploads\/2026\/01\/633353225ff19d29f90b2813287abaad_15651_thumb_1920x600.webp\",\"datePublished\":\"2026-01-27T14:28:15+00:00\",\"dateModified\":\"2026-01-29T09:39:59+00:00\",\"breadcrumb\":{\"@id\":\"https:\/\/falusiturizmus.eu\/home\/#breadcrumb\"},\"inLanguage\":\"en-GB\",\"potentialAction\":[{\"@type\":\"ReadAction\",\"target\":[\"https:\/\/falusiturizmus.eu\/home\/\"]}]},{\"@type\":\"ImageObject\",\"inLanguage\":\"en-GB\",\"@id\":\"https:\/\/falusiturizmus.eu\/home\/#primaryimage\",\"url\":\"https:\/\/falusiturizmus.eu\/wp-content\/uploads\/2026\/01\/633353225ff19d29f90b2813287abaad_15651_thumb_1920x600.webp\",\"contentUrl\":\"https:\/\/falusiturizmus.eu\/wp-content\/uploads\/2026\/01\/633353225ff19d29f90b2813287abaad_15651_thumb_1920x600.webp\"},{\"@type\":\"BreadcrumbList\",\"@id\":\"https:\/\/falusiturizmus.eu\/home\/#breadcrumb\",\"itemListElement\":[{\"@type\":\"ListItem\",\"position\":1,\"name\":\"Kezd\u0151lap\",\"item\":\"https:\/\/falusiturizmus.eu\/\"},{\"@type\":\"ListItem\",\"position\":2,\"name\":\"Home\"}]},{\"@type\":\"WebSite\",\"@id\":\"https:\/\/falusiturizmus.eu\/#website\",\"url\":\"https:\/\/falusiturizmus.eu\/\",\"name\":\"Falusi \u00e9s Agroturizmus Orsz\u00e1gos Sz\u00f6vets\u00e9ge\",\"description\":\"\",\"publisher\":{\"@id\":\"https:\/\/falusiturizmus.eu\/#organization\"},\"potentialAction\":[{\"@type\":\"SearchAction\",\"target\":{\"@type\":\"EntryPoint\",\"urlTemplate\":\"https:\/\/falusiturizmus.eu\/?s={search_term_string}\"},\"query-input\":{\"@type\":\"PropertyValueSpecification\",\"valueRequired\":true,\"valueName\":\"search_term_string\"}}],\"inLanguage\":\"en-GB\"},{\"@type\":\"Organization\",\"@id\":\"https:\/\/falusiturizmus.eu\/#organization\",\"name\":\"Falusi \u00e9s Agroturizmus Orsz\u00e1gos Sz\u00f6vets\u00e9ge\",\"url\":\"https:\/\/falusiturizmus.eu\/\",\"logo\":{\"@type\":\"ImageObject\",\"inLanguage\":\"en-GB\",\"@id\":\"https:\/\/falusiturizmus.eu\/#\/schema\/logo\/image\/\",\"url\":\"https:\/\/falusiturizmus.eu\/wp-content\/uploads\/2026\/01\/logo.png\",\"contentUrl\":\"https:\/\/falusiturizmus.eu\/wp-content\/uploads\/2026\/01\/logo.png\",\"width\":512,\"height\":521,\"caption\":\"Falusi \u00e9s Agroturizmus Orsz\u00e1gos Sz\u00f6vets\u00e9ge\"},\"image\":{\"@id\":\"https:\/\/falusiturizmus.eu\/#\/schema\/logo\/image\/\"},\"sameAs\":[\"https:\/\/www.facebook.com\/falusiturizmus.hu\",\"https:\/\/www.instagram.com\/falusiesagroturizmus\/?hl=hu\",\"https:\/\/www.youtube.com\/channel\/UCsCVuuFdNNsrFCqOOBDbPtw\"]}]}<\/script>\n<!-- \/ Yoast SEO plugin. -->","yoast_head_json":{"title":"Home - Falusi \u00e9s Agroturizmus Orsz\u00e1gos Sz\u00f6vets\u00e9ge","robots":{"index":"index","follow":"follow","max-snippet":"max-snippet:-1","max-image-preview":"max-image-preview:large","max-video-preview":"max-video-preview:-1"},"canonical":"https:\/\/falusiturizmus.eu\/en\/home\/","og_locale":"en_GB","og_type":"article","og_title":"Home - Falusi \u00e9s Agroturizmus Orsz\u00e1gos Sz\u00f6vets\u00e9ge","og_description":"Welcome to our website The Hungarian Federation of Rural and Agrotourism (FATOSZ) was established in 1994 to represent the interests of service providers operating in rural tourism. FATOSZ has gone through an organizational transformation since 2001, leading it to become an association of 19 county organizations, thus now covering the entire country. They bring the [&hellip;]","og_url":"https:\/\/falusiturizmus.eu\/en\/home\/","og_site_name":"Falusi \u00e9s Agroturizmus Orsz\u00e1gos Sz\u00f6vets\u00e9ge","article_publisher":"https:\/\/www.facebook.com\/falusiturizmus.hu","article_modified_time":"2026-01-29T09:39:59+00:00","og_image":[{"width":1920,"height":600,"url":"https:\/\/falusiturizmus.eu\/wp-content\/uploads\/2026\/01\/633353225ff19d29f90b2813287abaad_15651_thumb_1920x600.webp","type":"image\/webp"}],"twitter_card":"summary_large_image","twitter_misc":{"Estimated reading time":"2 minutes"},"schema":{"@context":"https:\/\/schema.org","@graph":[{"@type":"WebPage","@id":"https:\/\/falusiturizmus.eu\/home\/","url":"https:\/\/falusiturizmus.eu\/home\/","name":"Home - Falusi \u00e9s Agroturizmus Orsz\u00e1gos Sz\u00f6vets\u00e9ge","isPartOf":{"@id":"https:\/\/falusiturizmus.eu\/#website"},"primaryImageOfPage":{"@id":"https:\/\/falusiturizmus.eu\/home\/#primaryimage"},"image":{"@id":"https:\/\/falusiturizmus.eu\/home\/#primaryimage"},"thumbnailUrl":"https:\/\/falusiturizmus.eu\/wp-content\/uploads\/2026\/01\/633353225ff19d29f90b2813287abaad_15651_thumb_1920x600.webp","datePublished":"2026-01-27T14:28:15+00:00","dateModified":"2026-01-29T09:39:59+00:00","breadcrumb":{"@id":"https:\/\/falusiturizmus.eu\/home\/#breadcrumb"},"inLanguage":"en-GB","potentialAction":[{"@type":"ReadAction","target":["https:\/\/falusiturizmus.eu\/home\/"]}]},{"@type":"ImageObject","inLanguage":"en-GB","@id":"https:\/\/falusiturizmus.eu\/home\/#primaryimage","url":"https:\/\/falusiturizmus.eu\/wp-content\/uploads\/2026\/01\/633353225ff19d29f90b2813287abaad_15651_thumb_1920x600.webp","contentUrl":"https:\/\/falusiturizmus.eu\/wp-content\/uploads\/2026\/01\/633353225ff19d29f90b2813287abaad_15651_thumb_1920x600.webp"},{"@type":"BreadcrumbList","@id":"https:\/\/falusiturizmus.eu\/home\/#breadcrumb","itemListElement":[{"@type":"ListItem","position":1,"name":"Kezd\u0151lap","item":"https:\/\/falusiturizmus.eu\/"},{"@type":"ListItem","position":2,"name":"Home"}]},{"@type":"WebSite","@id":"https:\/\/falusiturizmus.eu\/#website","url":"https:\/\/falusiturizmus.eu\/","name":"Falusi \u00e9s Agroturizmus Orsz\u00e1gos Sz\u00f6vets\u00e9ge","description":"","publisher":{"@id":"https:\/\/falusiturizmus.eu\/#organization"},"potentialAction":[{"@type":"SearchAction","target":{"@type":"EntryPoint","urlTemplate":"https:\/\/falusiturizmus.eu\/?s={search_term_string}"},"query-input":{"@type":"PropertyValueSpecification","valueRequired":true,"valueName":"search_term_string"}}],"inLanguage":"en-GB"},{"@type":"Organization","@id":"https:\/\/falusiturizmus.eu\/#organization","name":"Falusi \u00e9s Agroturizmus Orsz\u00e1gos Sz\u00f6vets\u00e9ge","url":"https:\/\/falusiturizmus.eu\/","logo":{"@type":"ImageObject","inLanguage":"en-GB","@id":"https:\/\/falusiturizmus.eu\/#\/schema\/logo\/image\/","url":"https:\/\/falusiturizmus.eu\/wp-content\/uploads\/2026\/01\/logo.png","contentUrl":"https:\/\/falusiturizmus.eu\/wp-content\/uploads\/2026\/01\/logo.png","width":512,"height":521,"caption":"Falusi \u00e9s Agroturizmus Orsz\u00e1gos Sz\u00f6vets\u00e9ge"},"image":{"@id":"https:\/\/falusiturizmus.eu\/#\/schema\/logo\/image\/"},"sameAs":["https:\/\/www.facebook.com\/falusiturizmus.hu","https:\/\/www.instagram.com\/falusiesagroturizmus\/?hl=hu","https:\/\/www.youtube.com\/channel\/UCsCVuuFdNNsrFCqOOBDbPtw"]}]}},"_links":{"self":[{"href":"https:\/\/falusiturizmus.eu\/en\/wp-json\/wp\/v2\/pages\/9481","targetHints":{"allow":["GET"]}}],"collection":[{"href":"https:\/\/falusiturizmus.eu\/en\/wp-json\/wp\/v2\/pages"}],"about":[{"href":"https:\/\/falusiturizmus.eu\/en\/wp-json\/wp\/v2\/types\/page"}],"author":[{"embeddable":true,"href":"https:\/\/falusiturizmus.eu\/en\/wp-json\/wp\/v2\/users\/1"}],"replies":[{"embeddable":true,"href":"https:\/\/falusiturizmus.eu\/en\/wp-json\/wp\/v2\/comments?post=9481"}],"version-history":[{"count":6,"href":"https:\/\/falusiturizmus.eu\/en\/wp-json\/wp\/v2\/pages\/9481\/revisions"}],"predecessor-version":[{"id":30117,"href":"https:\/\/falusiturizmus.eu\/en\/wp-json\/wp\/v2\/pages\/9481\/revisions\/30117"}],"wp:attachment":[{"href":"https:\/\/falusiturizmus.eu\/en\/wp-json\/wp\/v2\/media?parent=9481"}],"curies":[{"name":"wp","href":"https:\/\/api.w.org\/{rel}","templated":true}]}}