{"id":34708,"date":"2026-01-31T13:46:28","date_gmt":"2026-01-31T13:46:28","guid":{"rendered":"https:\/\/falusiturizmus.korosmentivallalkozaserosites.hu\/?page_id=34708"},"modified":"2026-01-31T13:46:28","modified_gmt":"2026-01-31T13:46:28","slug":"egyeb-dokumentumok","status":"publish","type":"page","link":"https:\/\/falusiturizmus.eu\/en\/egyeb-dokumentumok\/","title":{"rendered":"Egy\u00e9b dokumentumok"},"content":{"rendered":"<p><a href=\"https:\/\/falusiturizmus.eu\/wp-content\/uploads\/2026\/01\/bed7ba05a08ddc7cd064ca3278a4bcbc.pdf\" data-type=\"link\" data-id=\"https:\/\/falusiturizmus.eu\/wp-content\/uploads\/2026\/01\/bed7ba05a08ddc7cd064ca3278a4bcbc.pdf\" target=\"_blank\" rel=\"noreferrer noopener\">Alapszab\u00e1ly<\/a><\/p>\n\n\n\n<p><a href=\"https:\/\/drive.google.com\/file\/d\/1nlBZKMVzYfxS34ACiAfzUqMKJSb2uBYJ\/view?usp=sharing\" target=\"_blank\" rel=\"noreferrer noopener\">K\u00f6zhaszn\u00fas\u00e1gi besz\u00e1mol\u00f3 2024<\/a><\/p>\n\n\n\n<p><a href=\"https:\/\/falusiturizmus.eu\/wp-content\/uploads\/2026\/01\/04f01537286855f6caa704cd65e0f044.pdf\" data-type=\"link\" data-id=\"https:\/\/falusiturizmus.eu\/wp-content\/uploads\/2026\/01\/04f01537286855f6caa704cd65e0f044.pdf\" target=\"_blank\" rel=\"noreferrer noopener\">K\u00f6zhaszn\u00fas\u00e1gi besz\u00e1mol\u00f3 2023<\/a><\/p>\n\n\n\n<p><a href=\"https:\/\/falusiturizmus.eu\/wp-content\/uploads\/2026\/01\/0b4d415b47fe4e433b2c9b79d6f892d4.pdf\" data-type=\"link\" data-id=\"https:\/\/falusiturizmus.eu\/wp-content\/uploads\/2026\/01\/0b4d415b47fe4e433b2c9b79d6f892d4.pdf\" target=\"_blank\" rel=\"noreferrer noopener\">K\u00f6zhaszn\u00fas\u00e1gi besz\u00e1mol\u00f3 2022<\/a><\/p>\n\n\n\n<p><a href=\"https:\/\/falusiturizmus.eu\/wp-content\/uploads\/2026\/01\/3ffe5d8d309306b7cabdcb96c4032b3d.pdf\" target=\"_blank\" rel=\"noreferrer noopener\">K\u00f6zhaszn\u00fas\u00e1gi besz\u00e1mol\u00f3 2021<\/a><\/p>\n\n\n\n<p><a href=\"https:\/\/falusiturizmus.eu\/wp-content\/uploads\/2026\/01\/2338e48e026a9ed56cf2ee2d2d5ff538.pdf\" data-type=\"link\" data-id=\"https:\/\/falusiturizmus.eu\/wp-content\/uploads\/2026\/01\/2338e48e026a9ed56cf2ee2d2d5ff538.pdf\" target=\"_blank\" rel=\"noreferrer noopener\">K\u00f6zhaszn\u00fas\u00e1gi besz\u00e1mol\u00f3 2020<\/a><\/p>\n\n\n\n<p><a href=\"https:\/\/falusiturizmus.eu\/wp-content\/uploads\/2026\/01\/3d41fec090f713457466d4aa4832ebd0.pdf\" data-type=\"link\" data-id=\"https:\/\/falusiturizmus.eu\/wp-content\/uploads\/2026\/01\/3d41fec090f713457466d4aa4832ebd0.pdf\" target=\"_blank\" rel=\"noreferrer noopener\">K\u00f6zhaszn\u00fas\u00e1gi besz\u00e1mol\u00f3 2019<\/a><\/p>\n\n\n\n<p><a href=\"https:\/\/falusiturizmus.eu\/wp-content\/uploads\/2026\/01\/db626b768eae4bce7dc49d0e931929f1.pdf\" data-type=\"link\" data-id=\"https:\/\/falusiturizmus.eu\/wp-content\/uploads\/2026\/01\/db626b768eae4bce7dc49d0e931929f1.pdf\" target=\"_blank\" rel=\"noreferrer noopener\">K\u00f6zhaszn\u00fas\u00e1gi besz\u00e1mol\u00f3 2018<\/a><\/p>\n\n\n\n<p><a href=\"https:\/\/falusiturizmus.eu\/wp-content\/uploads\/2026\/01\/ec5fe842f46e4536f977bdbde0096091.pdf\" data-type=\"link\" data-id=\"https:\/\/falusiturizmus.eu\/wp-content\/uploads\/2026\/01\/ec5fe842f46e4536f977bdbde0096091.pdf\" target=\"_blank\" rel=\"noreferrer noopener\">K\u00f6zhaszn\u00fas\u00e1gi besz\u00e1mol\u00f3 2017<\/a><\/p>\n\n\n\n<p><a href=\"https:\/\/drive.google.com\/file\/d\/1fMhgTnzZwFRlSdaNb5tVsqSXnDq5bBzi\/view?usp=sharing\" target=\"_blank\" rel=\"noreferrer noopener\">K\u00f6zgy\u0171l\u00e9si megh\u00edv\u00f3 2025<\/a><\/p>\n\n\n\n<p><a href=\"https:\/\/falusiturizmus.eu\/wp-content\/uploads\/2026\/01\/ffdc4bd285fcff27fb4d8094c51d77d8.pdf\" data-type=\"link\" data-id=\"https:\/\/falusiturizmus.eu\/wp-content\/uploads\/2026\/01\/ffdc4bd285fcff27fb4d8094c51d77d8.pdf\" target=\"_blank\" rel=\"noreferrer noopener\">K\u00f6zgy\u0171l\u00e9si megh\u00edv\u00f3 2024<\/a><\/p>\n\n\n\n<p><a href=\"https:\/\/falusiturizmus.eu\/wp-content\/uploads\/2026\/01\/adef643ed05703267a06aae5e47a8d7d.pdf\" data-type=\"link\" data-id=\"https:\/\/falusiturizmus.eu\/wp-content\/uploads\/2026\/01\/adef643ed05703267a06aae5e47a8d7d.pdf\" target=\"_blank\" rel=\"noreferrer noopener\">K\u00f6zgy\u0171l\u00e9si megh\u00edv\u00f3<\/a><\/p>\n\n\n\n<p>Eln\u00f6ks\u00e9gi \u00fcl\u00e9sek jegyz\u0151k\u00f6nyvei \u2013 FELT\u00d6LT\u00c9S ALATT<\/p>","protected":false},"excerpt":{"rendered":"<p>Alapszab\u00e1ly K\u00f6zhaszn\u00fas\u00e1gi besz\u00e1mol\u00f3 2024 K\u00f6zhaszn\u00fas\u00e1gi besz\u00e1mol\u00f3 2023 K\u00f6zhaszn\u00fas\u00e1gi besz\u00e1mol\u00f3 2022 K\u00f6zhaszn\u00fas\u00e1gi besz\u00e1mol\u00f3 2021 K\u00f6zhaszn\u00fas\u00e1gi besz\u00e1mol\u00f3 2020 K\u00f6zhaszn\u00fas\u00e1gi besz\u00e1mol\u00f3 2019 K\u00f6zhaszn\u00fas\u00e1gi besz\u00e1mol\u00f3 2018 K\u00f6zhaszn\u00fas\u00e1gi besz\u00e1mol\u00f3 2017 K\u00f6zgy\u0171l\u00e9si megh\u00edv\u00f3 2025 K\u00f6zgy\u0171l\u00e9si megh\u00edv\u00f3 2024 K\u00f6zgy\u0171l\u00e9si megh\u00edv\u00f3 Eln\u00f6ks\u00e9gi \u00fcl\u00e9sek jegyz\u0151k\u00f6nyvei \u2013 FELT\u00d6LT\u00c9S ALATT<\/p>","protected":false},"author":1,"featured_media":0,"parent":0,"menu_order":0,"comment_status":"closed","ping_status":"closed","template":"","meta":{"_monsterinsights_skip_tracking":false,"_monsterinsights_sitenote_active":false,"_monsterinsights_sitenote_note":"","_monsterinsights_sitenote_category":0,"footnotes":""},"class_list":["post-34708","page","type-page","status-publish","hentry"],"blocksy_meta":[],"yoast_head":"<!-- This site is optimized with the Yoast SEO plugin v27.0 - https:\/\/yoast.com\/product\/yoast-seo-wordpress\/ -->\n<title>Egy\u00e9b dokumentumok - Falusi \u00e9s Agroturizmus Orsz\u00e1gos Sz\u00f6vets\u00e9ge<\/title>\n<meta name=\"robots\" content=\"index, follow, max-snippet:-1, max-image-preview:large, max-video-preview:-1\" \/>\n<link rel=\"canonical\" href=\"https:\/\/falusiturizmus.eu\/en\/egyeb-dokumentumok\/\" \/>\n<meta property=\"og:locale\" content=\"en_GB\" \/>\n<meta property=\"og:type\" content=\"article\" \/>\n<meta property=\"og:title\" content=\"Egy\u00e9b dokumentumok - Falusi \u00e9s Agroturizmus Orsz\u00e1gos Sz\u00f6vets\u00e9ge\" \/>\n<meta property=\"og:description\" content=\"Alapszab\u00e1ly K\u00f6zhaszn\u00fas\u00e1gi besz\u00e1mol\u00f3 2024 K\u00f6zhaszn\u00fas\u00e1gi besz\u00e1mol\u00f3 2023 K\u00f6zhaszn\u00fas\u00e1gi besz\u00e1mol\u00f3 2022 K\u00f6zhaszn\u00fas\u00e1gi besz\u00e1mol\u00f3 2021 K\u00f6zhaszn\u00fas\u00e1gi besz\u00e1mol\u00f3 2020 K\u00f6zhaszn\u00fas\u00e1gi besz\u00e1mol\u00f3 2019 K\u00f6zhaszn\u00fas\u00e1gi besz\u00e1mol\u00f3 2018 K\u00f6zhaszn\u00fas\u00e1gi besz\u00e1mol\u00f3 2017 K\u00f6zgy\u0171l\u00e9si megh\u00edv\u00f3 2025 K\u00f6zgy\u0171l\u00e9si megh\u00edv\u00f3 2024 K\u00f6zgy\u0171l\u00e9si megh\u00edv\u00f3 Eln\u00f6ks\u00e9gi \u00fcl\u00e9sek jegyz\u0151k\u00f6nyvei \u2013 FELT\u00d6LT\u00c9S ALATT\" \/>\n<meta property=\"og:url\" content=\"https:\/\/falusiturizmus.eu\/en\/egyeb-dokumentumok\/\" \/>\n<meta property=\"og:site_name\" content=\"Falusi \u00e9s Agroturizmus Orsz\u00e1gos Sz\u00f6vets\u00e9ge\" \/>\n<meta property=\"article:publisher\" content=\"https:\/\/www.facebook.com\/falusiturizmus.hu\" \/>\n<meta name=\"twitter:card\" content=\"summary_large_image\" \/>\n<script type=\"application\/ld+json\" class=\"yoast-schema-graph\">{\"@context\":\"https:\/\/schema.org\",\"@graph\":[{\"@type\":\"WebPage\",\"@id\":\"https:\/\/falusiturizmus.eu\/egyeb-dokumentumok\/\",\"url\":\"https:\/\/falusiturizmus.eu\/egyeb-dokumentumok\/\",\"name\":\"Egy\u00e9b dokumentumok - Falusi \u00e9s Agroturizmus Orsz\u00e1gos Sz\u00f6vets\u00e9ge\",\"isPartOf\":{\"@id\":\"https:\/\/falusiturizmus.eu\/#website\"},\"datePublished\":\"2026-01-31T13:46:28+00:00\",\"breadcrumb\":{\"@id\":\"https:\/\/falusiturizmus.eu\/egyeb-dokumentumok\/#breadcrumb\"},\"inLanguage\":\"en-GB\",\"potentialAction\":[{\"@type\":\"ReadAction\",\"target\":[\"https:\/\/falusiturizmus.eu\/egyeb-dokumentumok\/\"]}]},{\"@type\":\"BreadcrumbList\",\"@id\":\"https:\/\/falusiturizmus.eu\/egyeb-dokumentumok\/#breadcrumb\",\"itemListElement\":[{\"@type\":\"ListItem\",\"position\":1,\"name\":\"Kezd\u0151lap\",\"item\":\"https:\/\/falusiturizmus.eu\/\"},{\"@type\":\"ListItem\",\"position\":2,\"name\":\"Egy\u00e9b dokumentumok\"}]},{\"@type\":\"WebSite\",\"@id\":\"https:\/\/falusiturizmus.eu\/#website\",\"url\":\"https:\/\/falusiturizmus.eu\/\",\"name\":\"Falusi \u00e9s Agroturizmus Orsz\u00e1gos Sz\u00f6vets\u00e9ge\",\"description\":\"\",\"publisher\":{\"@id\":\"https:\/\/falusiturizmus.eu\/#organization\"},\"potentialAction\":[{\"@type\":\"SearchAction\",\"target\":{\"@type\":\"EntryPoint\",\"urlTemplate\":\"https:\/\/falusiturizmus.eu\/?s={search_term_string}\"},\"query-input\":{\"@type\":\"PropertyValueSpecification\",\"valueRequired\":true,\"valueName\":\"search_term_string\"}}],\"inLanguage\":\"en-GB\"},{\"@type\":\"Organization\",\"@id\":\"https:\/\/falusiturizmus.eu\/#organization\",\"name\":\"Falusi \u00e9s Agroturizmus Orsz\u00e1gos Sz\u00f6vets\u00e9ge\",\"url\":\"https:\/\/falusiturizmus.eu\/\",\"logo\":{\"@type\":\"ImageObject\",\"inLanguage\":\"en-GB\",\"@id\":\"https:\/\/falusiturizmus.eu\/#\/schema\/logo\/image\/\",\"url\":\"https:\/\/falusiturizmus.eu\/wp-content\/uploads\/2026\/01\/logo.png\",\"contentUrl\":\"https:\/\/falusiturizmus.eu\/wp-content\/uploads\/2026\/01\/logo.png\",\"width\":512,\"height\":521,\"caption\":\"Falusi \u00e9s Agroturizmus Orsz\u00e1gos Sz\u00f6vets\u00e9ge\"},\"image\":{\"@id\":\"https:\/\/falusiturizmus.eu\/#\/schema\/logo\/image\/\"},\"sameAs\":[\"https:\/\/www.facebook.com\/falusiturizmus.hu\",\"https:\/\/www.instagram.com\/falusiesagroturizmus\/?hl=hu\",\"https:\/\/www.youtube.com\/channel\/UCsCVuuFdNNsrFCqOOBDbPtw\"]}]}<\/script>\n<!-- \/ Yoast SEO plugin. -->","yoast_head_json":{"title":"Egy\u00e9b dokumentumok - Falusi \u00e9s Agroturizmus Orsz\u00e1gos Sz\u00f6vets\u00e9ge","robots":{"index":"index","follow":"follow","max-snippet":"max-snippet:-1","max-image-preview":"max-image-preview:large","max-video-preview":"max-video-preview:-1"},"canonical":"https:\/\/falusiturizmus.eu\/en\/egyeb-dokumentumok\/","og_locale":"en_GB","og_type":"article","og_title":"Egy\u00e9b dokumentumok - Falusi \u00e9s Agroturizmus Orsz\u00e1gos Sz\u00f6vets\u00e9ge","og_description":"Alapszab\u00e1ly K\u00f6zhaszn\u00fas\u00e1gi besz\u00e1mol\u00f3 2024 K\u00f6zhaszn\u00fas\u00e1gi besz\u00e1mol\u00f3 2023 K\u00f6zhaszn\u00fas\u00e1gi besz\u00e1mol\u00f3 2022 K\u00f6zhaszn\u00fas\u00e1gi besz\u00e1mol\u00f3 2021 K\u00f6zhaszn\u00fas\u00e1gi besz\u00e1mol\u00f3 2020 K\u00f6zhaszn\u00fas\u00e1gi besz\u00e1mol\u00f3 2019 K\u00f6zhaszn\u00fas\u00e1gi besz\u00e1mol\u00f3 2018 K\u00f6zhaszn\u00fas\u00e1gi besz\u00e1mol\u00f3 2017 K\u00f6zgy\u0171l\u00e9si megh\u00edv\u00f3 2025 K\u00f6zgy\u0171l\u00e9si megh\u00edv\u00f3 2024 K\u00f6zgy\u0171l\u00e9si megh\u00edv\u00f3 Eln\u00f6ks\u00e9gi \u00fcl\u00e9sek jegyz\u0151k\u00f6nyvei \u2013 FELT\u00d6LT\u00c9S ALATT","og_url":"https:\/\/falusiturizmus.eu\/en\/egyeb-dokumentumok\/","og_site_name":"Falusi \u00e9s Agroturizmus Orsz\u00e1gos Sz\u00f6vets\u00e9ge","article_publisher":"https:\/\/www.facebook.com\/falusiturizmus.hu","twitter_card":"summary_large_image","schema":{"@context":"https:\/\/schema.org","@graph":[{"@type":"WebPage","@id":"https:\/\/falusiturizmus.eu\/egyeb-dokumentumok\/","url":"https:\/\/falusiturizmus.eu\/egyeb-dokumentumok\/","name":"Egy\u00e9b dokumentumok - Falusi \u00e9s Agroturizmus Orsz\u00e1gos Sz\u00f6vets\u00e9ge","isPartOf":{"@id":"https:\/\/falusiturizmus.eu\/#website"},"datePublished":"2026-01-31T13:46:28+00:00","breadcrumb":{"@id":"https:\/\/falusiturizmus.eu\/egyeb-dokumentumok\/#breadcrumb"},"inLanguage":"en-GB","potentialAction":[{"@type":"ReadAction","target":["https:\/\/falusiturizmus.eu\/egyeb-dokumentumok\/"]}]},{"@type":"BreadcrumbList","@id":"https:\/\/falusiturizmus.eu\/egyeb-dokumentumok\/#breadcrumb","itemListElement":[{"@type":"ListItem","position":1,"name":"Kezd\u0151lap","item":"https:\/\/falusiturizmus.eu\/"},{"@type":"ListItem","position":2,"name":"Egy\u00e9b dokumentumok"}]},{"@type":"WebSite","@id":"https:\/\/falusiturizmus.eu\/#website","url":"https:\/\/falusiturizmus.eu\/","name":"Falusi \u00e9s Agroturizmus Orsz\u00e1gos Sz\u00f6vets\u00e9ge","description":"","publisher":{"@id":"https:\/\/falusiturizmus.eu\/#organization"},"potentialAction":[{"@type":"SearchAction","target":{"@type":"EntryPoint","urlTemplate":"https:\/\/falusiturizmus.eu\/?s={search_term_string}"},"query-input":{"@type":"PropertyValueSpecification","valueRequired":true,"valueName":"search_term_string"}}],"inLanguage":"en-GB"},{"@type":"Organization","@id":"https:\/\/falusiturizmus.eu\/#organization","name":"Falusi \u00e9s Agroturizmus Orsz\u00e1gos Sz\u00f6vets\u00e9ge","url":"https:\/\/falusiturizmus.eu\/","logo":{"@type":"ImageObject","inLanguage":"en-GB","@id":"https:\/\/falusiturizmus.eu\/#\/schema\/logo\/image\/","url":"https:\/\/falusiturizmus.eu\/wp-content\/uploads\/2026\/01\/logo.png","contentUrl":"https:\/\/falusiturizmus.eu\/wp-content\/uploads\/2026\/01\/logo.png","width":512,"height":521,"caption":"Falusi \u00e9s Agroturizmus Orsz\u00e1gos Sz\u00f6vets\u00e9ge"},"image":{"@id":"https:\/\/falusiturizmus.eu\/#\/schema\/logo\/image\/"},"sameAs":["https:\/\/www.facebook.com\/falusiturizmus.hu","https:\/\/www.instagram.com\/falusiesagroturizmus\/?hl=hu","https:\/\/www.youtube.com\/channel\/UCsCVuuFdNNsrFCqOOBDbPtw"]}]}},"_links":{"self":[{"href":"https:\/\/falusiturizmus.eu\/en\/wp-json\/wp\/v2\/pages\/34708","targetHints":{"allow":["GET"]}}],"collection":[{"href":"https:\/\/falusiturizmus.eu\/en\/wp-json\/wp\/v2\/pages"}],"about":[{"href":"https:\/\/falusiturizmus.eu\/en\/wp-json\/wp\/v2\/types\/page"}],"author":[{"embeddable":true,"href":"https:\/\/falusiturizmus.eu\/en\/wp-json\/wp\/v2\/users\/1"}],"replies":[{"embeddable":true,"href":"https:\/\/falusiturizmus.eu\/en\/wp-json\/wp\/v2\/comments?post=34708"}],"version-history":[{"count":1,"href":"https:\/\/falusiturizmus.eu\/en\/wp-json\/wp\/v2\/pages\/34708\/revisions"}],"predecessor-version":[{"id":34720,"href":"https:\/\/falusiturizmus.eu\/en\/wp-json\/wp\/v2\/pages\/34708\/revisions\/34720"}],"wp:attachment":[{"href":"https:\/\/falusiturizmus.eu\/en\/wp-json\/wp\/v2\/media?parent=34708"}],"curies":[{"name":"wp","href":"https:\/\/api.w.org\/{rel}","templated":true}]}}