{"id":34681,"date":"2026-01-31T13:35:37","date_gmt":"2026-01-31T13:35:37","guid":{"rendered":"https:\/\/falusiturizmus.korosmentivallalkozaserosites.hu\/?page_id=34681"},"modified":"2026-01-31T13:36:18","modified_gmt":"2026-01-31T13:36:18","slug":"iranymutato","status":"publish","type":"page","link":"https:\/\/falusiturizmus.eu\/en\/iranymutato\/","title":{"rendered":"Ir\u00e1nymutat\u00f3"},"content":{"rendered":"<div class=\"wp-block-stackable-text stk-block-text stk-block stk-a6598a5\" data-block-id=\"a6598a5\"><p class=\"stk-block-text__text has-text-align-justify\"><strong>Kuruc Vend\u00e9gh\u00e1z, Tarpa<\/strong><\/p><\/div>\n\n\n\n<div class=\"wp-block-stackable-text stk-block-text stk-block stk-20b0ce3\" data-block-id=\"20b0ce3\"><p class=\"stk-block-text__text has-text-align-justify\">A napraforg\u00f3s besorol\u00e1snak nemcsak a min\u0151s\u00edt\u00e9si k\u00f6vetelm\u00e9nyrendszerben felsorolt berendez\u00e9si t\u00e1rgyak megl\u00e9te, hanem azok min\u0151s\u00e9ge, ig\u00e9nyes, egys\u00e9ges st\u00edlusa is meghat\u00e1roz\u00f3.<\/p><\/div>\n\n\n\n<div class=\"wp-block-stackable-text stk-block-text stk-block stk-710dd8b\" data-block-id=\"710dd8b\"><p class=\"stk-block-text__text has-text-align-justify\">Az al\u00e1bbiakban&nbsp;<strong>pozit\u00edv p\u00e9ld\u00e1k<\/strong>at mutatunk a 4 napraforg\u00f3s besorol\u00e1s\u00fa falusi sz\u00e1ll\u00e1shelyekre.<\/p><\/div>\n\n\n\n<figure class=\"wp-block-gallery has-nested-images columns-5 is-cropped wp-block-gallery-1 is-layout-flex wp-block-gallery-is-layout-flex\">\n<figure class=\"wp-block-image size-large\"><img loading=\"lazy\" decoding=\"async\" width=\"896\" height=\"573\" data-id=\"34684\" src=\"https:\/\/falusiturizmus.eu\/wp-content\/uploads\/2026\/01\/03d9f55505717a8e852d0239ab583d79.jpg\" alt=\"\" class=\"wp-image-34684\" style=\"aspect-ratio:4\/3\" srcset=\"https:\/\/falusiturizmus.eu\/wp-content\/uploads\/2026\/01\/03d9f55505717a8e852d0239ab583d79.jpg 896w, https:\/\/falusiturizmus.eu\/wp-content\/uploads\/2026\/01\/03d9f55505717a8e852d0239ab583d79-300x192.jpg 300w, https:\/\/falusiturizmus.eu\/wp-content\/uploads\/2026\/01\/03d9f55505717a8e852d0239ab583d79-768x491.jpg 768w, https:\/\/falusiturizmus.eu\/wp-content\/uploads\/2026\/01\/03d9f55505717a8e852d0239ab583d79-18x12.jpg 18w\" sizes=\"auto, (max-width: 896px) 100vw, 896px\" \/><\/figure>\n\n\n\n<figure class=\"wp-block-image size-large\"><img loading=\"lazy\" decoding=\"async\" width=\"500\" height=\"500\" data-id=\"34682\" src=\"https:\/\/falusiturizmus.eu\/wp-content\/uploads\/2026\/01\/6a59ed32e6c9a3311fedec3cd99dd1bc.jpg\" alt=\"\" class=\"wp-image-34682\" style=\"aspect-ratio:4\/3\" srcset=\"https:\/\/falusiturizmus.eu\/wp-content\/uploads\/2026\/01\/6a59ed32e6c9a3311fedec3cd99dd1bc.jpg 500w, https:\/\/falusiturizmus.eu\/wp-content\/uploads\/2026\/01\/6a59ed32e6c9a3311fedec3cd99dd1bc-300x300.jpg 300w, https:\/\/falusiturizmus.eu\/wp-content\/uploads\/2026\/01\/6a59ed32e6c9a3311fedec3cd99dd1bc-150x150.jpg 150w, https:\/\/falusiturizmus.eu\/wp-content\/uploads\/2026\/01\/6a59ed32e6c9a3311fedec3cd99dd1bc-12x12.jpg 12w\" sizes=\"auto, (max-width: 500px) 100vw, 500px\" \/><\/figure>\n\n\n\n<figure class=\"wp-block-image size-large\"><img loading=\"lazy\" decoding=\"async\" width=\"1024\" height=\"678\" data-id=\"34683\" src=\"https:\/\/falusiturizmus.eu\/wp-content\/uploads\/2026\/01\/23dd4faec5db6587d004046c7cb1531c.jpg\" alt=\"\" class=\"wp-image-34683\" style=\"aspect-ratio:4\/3\" srcset=\"https:\/\/falusiturizmus.eu\/wp-content\/uploads\/2026\/01\/23dd4faec5db6587d004046c7cb1531c.jpg 1024w, https:\/\/falusiturizmus.eu\/wp-content\/uploads\/2026\/01\/23dd4faec5db6587d004046c7cb1531c-300x199.jpg 300w, https:\/\/falusiturizmus.eu\/wp-content\/uploads\/2026\/01\/23dd4faec5db6587d004046c7cb1531c-768x509.jpg 768w, https:\/\/falusiturizmus.eu\/wp-content\/uploads\/2026\/01\/23dd4faec5db6587d004046c7cb1531c-18x12.jpg 18w\" sizes=\"auto, (max-width: 1024px) 100vw, 1024px\" \/><\/figure>\n\n\n\n<figure class=\"wp-block-image size-large\"><img loading=\"lazy\" decoding=\"async\" width=\"1024\" height=\"682\" data-id=\"34688\" src=\"https:\/\/falusiturizmus.eu\/wp-content\/uploads\/2026\/01\/70d3b7268a56a5ad37a7084a87f9c7e8.jpg\" alt=\"\" class=\"wp-image-34688\" style=\"aspect-ratio:4\/3\" srcset=\"https:\/\/falusiturizmus.eu\/wp-content\/uploads\/2026\/01\/70d3b7268a56a5ad37a7084a87f9c7e8.jpg 1024w, https:\/\/falusiturizmus.eu\/wp-content\/uploads\/2026\/01\/70d3b7268a56a5ad37a7084a87f9c7e8-300x200.jpg 300w, https:\/\/falusiturizmus.eu\/wp-content\/uploads\/2026\/01\/70d3b7268a56a5ad37a7084a87f9c7e8-768x512.jpg 768w, https:\/\/falusiturizmus.eu\/wp-content\/uploads\/2026\/01\/70d3b7268a56a5ad37a7084a87f9c7e8-18x12.jpg 18w\" sizes=\"auto, (max-width: 1024px) 100vw, 1024px\" \/><\/figure>\n\n\n\n<figure class=\"wp-block-image size-large\"><img loading=\"lazy\" decoding=\"async\" width=\"1024\" height=\"683\" data-id=\"34687\" src=\"https:\/\/falusiturizmus.eu\/wp-content\/uploads\/2026\/01\/83a56d777f90fb8f73110582f32f9702.jpg\" alt=\"\" class=\"wp-image-34687\" style=\"aspect-ratio:4\/3\" srcset=\"https:\/\/falusiturizmus.eu\/wp-content\/uploads\/2026\/01\/83a56d777f90fb8f73110582f32f9702.jpg 1024w, https:\/\/falusiturizmus.eu\/wp-content\/uploads\/2026\/01\/83a56d777f90fb8f73110582f32f9702-300x200.jpg 300w, https:\/\/falusiturizmus.eu\/wp-content\/uploads\/2026\/01\/83a56d777f90fb8f73110582f32f9702-768x512.jpg 768w, https:\/\/falusiturizmus.eu\/wp-content\/uploads\/2026\/01\/83a56d777f90fb8f73110582f32f9702-18x12.jpg 18w\" sizes=\"auto, (max-width: 1024px) 100vw, 1024px\" \/><\/figure>\n\n\n\n<figure class=\"wp-block-image size-large\"><img loading=\"lazy\" decoding=\"async\" width=\"768\" height=\"512\" data-id=\"34690\" src=\"https:\/\/falusiturizmus.eu\/wp-content\/uploads\/2026\/01\/95963fce7cfc50145c331934c230af53.jpg\" alt=\"\" class=\"wp-image-34690\" style=\"aspect-ratio:4\/3\" srcset=\"https:\/\/falusiturizmus.eu\/wp-content\/uploads\/2026\/01\/95963fce7cfc50145c331934c230af53.jpg 768w, https:\/\/falusiturizmus.eu\/wp-content\/uploads\/2026\/01\/95963fce7cfc50145c331934c230af53-300x200.jpg 300w, https:\/\/falusiturizmus.eu\/wp-content\/uploads\/2026\/01\/95963fce7cfc50145c331934c230af53-18x12.jpg 18w\" sizes=\"auto, (max-width: 768px) 100vw, 768px\" \/><\/figure>\n\n\n\n<figure class=\"wp-block-image size-large\"><img loading=\"lazy\" decoding=\"async\" width=\"1024\" height=\"679\" data-id=\"34685\" src=\"https:\/\/falusiturizmus.eu\/wp-content\/uploads\/2026\/01\/a5529b086ecc4a756324f7baf6891d75.jpg\" alt=\"\" class=\"wp-image-34685\" style=\"aspect-ratio:4\/3\" srcset=\"https:\/\/falusiturizmus.eu\/wp-content\/uploads\/2026\/01\/a5529b086ecc4a756324f7baf6891d75.jpg 1024w, https:\/\/falusiturizmus.eu\/wp-content\/uploads\/2026\/01\/a5529b086ecc4a756324f7baf6891d75-300x199.jpg 300w, https:\/\/falusiturizmus.eu\/wp-content\/uploads\/2026\/01\/a5529b086ecc4a756324f7baf6891d75-768x509.jpg 768w, https:\/\/falusiturizmus.eu\/wp-content\/uploads\/2026\/01\/a5529b086ecc4a756324f7baf6891d75-18x12.jpg 18w\" sizes=\"auto, (max-width: 1024px) 100vw, 1024px\" \/><\/figure>\n\n\n\n<figure class=\"wp-block-image size-large\"><img loading=\"lazy\" decoding=\"async\" width=\"921\" height=\"614\" data-id=\"34692\" src=\"https:\/\/falusiturizmus.eu\/wp-content\/uploads\/2026\/01\/ba9673cf045375a30f1a8334d1b54071.jpg\" alt=\"\" class=\"wp-image-34692\" style=\"aspect-ratio:4\/3\" srcset=\"https:\/\/falusiturizmus.eu\/wp-content\/uploads\/2026\/01\/ba9673cf045375a30f1a8334d1b54071.jpg 921w, https:\/\/falusiturizmus.eu\/wp-content\/uploads\/2026\/01\/ba9673cf045375a30f1a8334d1b54071-300x200.jpg 300w, https:\/\/falusiturizmus.eu\/wp-content\/uploads\/2026\/01\/ba9673cf045375a30f1a8334d1b54071-768x512.jpg 768w, https:\/\/falusiturizmus.eu\/wp-content\/uploads\/2026\/01\/ba9673cf045375a30f1a8334d1b54071-18x12.jpg 18w\" sizes=\"auto, (max-width: 921px) 100vw, 921px\" \/><\/figure>\n\n\n\n<figure class=\"wp-block-image size-large\"><img loading=\"lazy\" decoding=\"async\" width=\"768\" height=\"512\" data-id=\"34691\" src=\"https:\/\/falusiturizmus.eu\/wp-content\/uploads\/2026\/01\/cc09883bac2e2ad00852def049df7a8c.jpg\" alt=\"\" class=\"wp-image-34691\" style=\"aspect-ratio:4\/3\" srcset=\"https:\/\/falusiturizmus.eu\/wp-content\/uploads\/2026\/01\/cc09883bac2e2ad00852def049df7a8c.jpg 768w, https:\/\/falusiturizmus.eu\/wp-content\/uploads\/2026\/01\/cc09883bac2e2ad00852def049df7a8c-300x200.jpg 300w, https:\/\/falusiturizmus.eu\/wp-content\/uploads\/2026\/01\/cc09883bac2e2ad00852def049df7a8c-18x12.jpg 18w\" sizes=\"auto, (max-width: 768px) 100vw, 768px\" \/><\/figure>\n\n\n\n<figure class=\"wp-block-image size-large\"><img loading=\"lazy\" decoding=\"async\" width=\"1024\" height=\"682\" data-id=\"34686\" src=\"https:\/\/falusiturizmus.eu\/wp-content\/uploads\/2026\/01\/e88527fa9d1fdc3e59eb64c9d30a91f2.jpg\" alt=\"\" class=\"wp-image-34686\" style=\"aspect-ratio:4\/3\" srcset=\"https:\/\/falusiturizmus.eu\/wp-content\/uploads\/2026\/01\/e88527fa9d1fdc3e59eb64c9d30a91f2.jpg 1024w, https:\/\/falusiturizmus.eu\/wp-content\/uploads\/2026\/01\/e88527fa9d1fdc3e59eb64c9d30a91f2-300x200.jpg 300w, https:\/\/falusiturizmus.eu\/wp-content\/uploads\/2026\/01\/e88527fa9d1fdc3e59eb64c9d30a91f2-768x512.jpg 768w, https:\/\/falusiturizmus.eu\/wp-content\/uploads\/2026\/01\/e88527fa9d1fdc3e59eb64c9d30a91f2-18x12.jpg 18w\" sizes=\"auto, (max-width: 1024px) 100vw, 1024px\" \/><\/figure>\n\n\n\n<figure class=\"wp-block-image size-large\"><img loading=\"lazy\" decoding=\"async\" width=\"1024\" height=\"690\" data-id=\"34689\" src=\"https:\/\/falusiturizmus.eu\/wp-content\/uploads\/2026\/01\/fe724cb0689793d75c888226d66cc2f3.jpg\" alt=\"\" class=\"wp-image-34689\" style=\"aspect-ratio:4\/3\" srcset=\"https:\/\/falusiturizmus.eu\/wp-content\/uploads\/2026\/01\/fe724cb0689793d75c888226d66cc2f3.jpg 1024w, https:\/\/falusiturizmus.eu\/wp-content\/uploads\/2026\/01\/fe724cb0689793d75c888226d66cc2f3-300x202.jpg 300w, https:\/\/falusiturizmus.eu\/wp-content\/uploads\/2026\/01\/fe724cb0689793d75c888226d66cc2f3-768x518.jpg 768w, https:\/\/falusiturizmus.eu\/wp-content\/uploads\/2026\/01\/fe724cb0689793d75c888226d66cc2f3-18x12.jpg 18w\" sizes=\"auto, (max-width: 1024px) 100vw, 1024px\" \/><\/figure>\n<\/figure>","protected":false},"excerpt":{"rendered":"<p>Kuruc Vend\u00e9gh\u00e1z, Tarpa A napraforg\u00f3s besorol\u00e1snak nemcsak a min\u0151s\u00edt\u00e9si k\u00f6vetelm\u00e9nyrendszerben felsorolt berendez\u00e9si t\u00e1rgyak megl\u00e9te, hanem azok min\u0151s\u00e9ge, ig\u00e9nyes, egys\u00e9ges st\u00edlusa is meghat\u00e1roz\u00f3. Az al\u00e1bbiakban&nbsp;pozit\u00edv p\u00e9ld\u00e1kat mutatunk a 4 napraforg\u00f3s besorol\u00e1s\u00fa falusi sz\u00e1ll\u00e1shelyekre.<\/p>","protected":false},"author":1,"featured_media":0,"parent":0,"menu_order":0,"comment_status":"closed","ping_status":"closed","template":"","meta":{"_monsterinsights_skip_tracking":false,"_monsterinsights_sitenote_active":false,"_monsterinsights_sitenote_note":"","_monsterinsights_sitenote_category":0,"footnotes":""},"class_list":["post-34681","page","type-page","status-publish","hentry"],"blocksy_meta":[],"yoast_head":"<!-- This site is optimized with the Yoast SEO plugin v27.0 - https:\/\/yoast.com\/product\/yoast-seo-wordpress\/ -->\n<title>Ir\u00e1nymutat\u00f3 - Falusi \u00e9s Agroturizmus Orsz\u00e1gos Sz\u00f6vets\u00e9ge<\/title>\n<meta name=\"robots\" content=\"index, follow, max-snippet:-1, max-image-preview:large, max-video-preview:-1\" \/>\n<link rel=\"canonical\" href=\"https:\/\/falusiturizmus.eu\/en\/iranymutato\/\" \/>\n<meta property=\"og:locale\" content=\"en_GB\" \/>\n<meta property=\"og:type\" content=\"article\" \/>\n<meta property=\"og:title\" content=\"Ir\u00e1nymutat\u00f3 - Falusi \u00e9s Agroturizmus Orsz\u00e1gos Sz\u00f6vets\u00e9ge\" \/>\n<meta property=\"og:description\" content=\"Kuruc Vend\u00e9gh\u00e1z, Tarpa A napraforg\u00f3s besorol\u00e1snak nemcsak a min\u0151s\u00edt\u00e9si k\u00f6vetelm\u00e9nyrendszerben felsorolt berendez\u00e9si t\u00e1rgyak megl\u00e9te, hanem azok min\u0151s\u00e9ge, ig\u00e9nyes, egys\u00e9ges st\u00edlusa is meghat\u00e1roz\u00f3. Az al\u00e1bbiakban&nbsp;pozit\u00edv p\u00e9ld\u00e1kat mutatunk a 4 napraforg\u00f3s besorol\u00e1s\u00fa falusi sz\u00e1ll\u00e1shelyekre.\" \/>\n<meta property=\"og:url\" content=\"https:\/\/falusiturizmus.eu\/en\/iranymutato\/\" \/>\n<meta property=\"og:site_name\" content=\"Falusi \u00e9s Agroturizmus Orsz\u00e1gos Sz\u00f6vets\u00e9ge\" \/>\n<meta property=\"article:publisher\" content=\"https:\/\/www.facebook.com\/falusiturizmus.hu\" \/>\n<meta property=\"article:modified_time\" content=\"2026-01-31T13:36:18+00:00\" \/>\n<meta property=\"og:image\" content=\"https:\/\/falusiturizmus.eu\/wp-content\/uploads\/2026\/01\/03d9f55505717a8e852d0239ab583d79.jpg\" \/>\n\t<meta property=\"og:image:width\" content=\"896\" \/>\n\t<meta property=\"og:image:height\" content=\"573\" \/>\n\t<meta property=\"og:image:type\" content=\"image\/jpeg\" \/>\n<meta name=\"twitter:card\" content=\"summary_large_image\" \/>\n<script type=\"application\/ld+json\" class=\"yoast-schema-graph\">{\"@context\":\"https:\/\/schema.org\",\"@graph\":[{\"@type\":\"WebPage\",\"@id\":\"https:\/\/falusiturizmus.eu\/iranymutato\/\",\"url\":\"https:\/\/falusiturizmus.eu\/iranymutato\/\",\"name\":\"Ir\u00e1nymutat\u00f3 - Falusi \u00e9s Agroturizmus Orsz\u00e1gos Sz\u00f6vets\u00e9ge\",\"isPartOf\":{\"@id\":\"https:\/\/falusiturizmus.eu\/#website\"},\"primaryImageOfPage\":{\"@id\":\"https:\/\/falusiturizmus.eu\/iranymutato\/#primaryimage\"},\"image\":{\"@id\":\"https:\/\/falusiturizmus.eu\/iranymutato\/#primaryimage\"},\"thumbnailUrl\":\"https:\/\/falusiturizmus.eu\/wp-content\/uploads\/2026\/01\/03d9f55505717a8e852d0239ab583d79.jpg\",\"datePublished\":\"2026-01-31T13:35:37+00:00\",\"dateModified\":\"2026-01-31T13:36:18+00:00\",\"breadcrumb\":{\"@id\":\"https:\/\/falusiturizmus.eu\/iranymutato\/#breadcrumb\"},\"inLanguage\":\"en-GB\",\"potentialAction\":[{\"@type\":\"ReadAction\",\"target\":[\"https:\/\/falusiturizmus.eu\/iranymutato\/\"]}]},{\"@type\":\"ImageObject\",\"inLanguage\":\"en-GB\",\"@id\":\"https:\/\/falusiturizmus.eu\/iranymutato\/#primaryimage\",\"url\":\"https:\/\/falusiturizmus.eu\/wp-content\/uploads\/2026\/01\/03d9f55505717a8e852d0239ab583d79.jpg\",\"contentUrl\":\"https:\/\/falusiturizmus.eu\/wp-content\/uploads\/2026\/01\/03d9f55505717a8e852d0239ab583d79.jpg\"},{\"@type\":\"BreadcrumbList\",\"@id\":\"https:\/\/falusiturizmus.eu\/iranymutato\/#breadcrumb\",\"itemListElement\":[{\"@type\":\"ListItem\",\"position\":1,\"name\":\"Kezd\u0151lap\",\"item\":\"https:\/\/falusiturizmus.eu\/\"},{\"@type\":\"ListItem\",\"position\":2,\"name\":\"Ir\u00e1nymutat\u00f3\"}]},{\"@type\":\"WebSite\",\"@id\":\"https:\/\/falusiturizmus.eu\/#website\",\"url\":\"https:\/\/falusiturizmus.eu\/\",\"name\":\"Falusi \u00e9s Agroturizmus Orsz\u00e1gos Sz\u00f6vets\u00e9ge\",\"description\":\"\",\"publisher\":{\"@id\":\"https:\/\/falusiturizmus.eu\/#organization\"},\"potentialAction\":[{\"@type\":\"SearchAction\",\"target\":{\"@type\":\"EntryPoint\",\"urlTemplate\":\"https:\/\/falusiturizmus.eu\/?s={search_term_string}\"},\"query-input\":{\"@type\":\"PropertyValueSpecification\",\"valueRequired\":true,\"valueName\":\"search_term_string\"}}],\"inLanguage\":\"en-GB\"},{\"@type\":\"Organization\",\"@id\":\"https:\/\/falusiturizmus.eu\/#organization\",\"name\":\"Falusi \u00e9s Agroturizmus Orsz\u00e1gos Sz\u00f6vets\u00e9ge\",\"url\":\"https:\/\/falusiturizmus.eu\/\",\"logo\":{\"@type\":\"ImageObject\",\"inLanguage\":\"en-GB\",\"@id\":\"https:\/\/falusiturizmus.eu\/#\/schema\/logo\/image\/\",\"url\":\"https:\/\/falusiturizmus.eu\/wp-content\/uploads\/2026\/01\/logo.png\",\"contentUrl\":\"https:\/\/falusiturizmus.eu\/wp-content\/uploads\/2026\/01\/logo.png\",\"width\":512,\"height\":521,\"caption\":\"Falusi \u00e9s Agroturizmus Orsz\u00e1gos Sz\u00f6vets\u00e9ge\"},\"image\":{\"@id\":\"https:\/\/falusiturizmus.eu\/#\/schema\/logo\/image\/\"},\"sameAs\":[\"https:\/\/www.facebook.com\/falusiturizmus.hu\",\"https:\/\/www.instagram.com\/falusiesagroturizmus\/?hl=hu\",\"https:\/\/www.youtube.com\/channel\/UCsCVuuFdNNsrFCqOOBDbPtw\"]}]}<\/script>\n<!-- \/ Yoast SEO plugin. -->","yoast_head_json":{"title":"Ir\u00e1nymutat\u00f3 - Falusi \u00e9s Agroturizmus Orsz\u00e1gos Sz\u00f6vets\u00e9ge","robots":{"index":"index","follow":"follow","max-snippet":"max-snippet:-1","max-image-preview":"max-image-preview:large","max-video-preview":"max-video-preview:-1"},"canonical":"https:\/\/falusiturizmus.eu\/en\/iranymutato\/","og_locale":"en_GB","og_type":"article","og_title":"Ir\u00e1nymutat\u00f3 - Falusi \u00e9s Agroturizmus Orsz\u00e1gos Sz\u00f6vets\u00e9ge","og_description":"Kuruc Vend\u00e9gh\u00e1z, Tarpa A napraforg\u00f3s besorol\u00e1snak nemcsak a min\u0151s\u00edt\u00e9si k\u00f6vetelm\u00e9nyrendszerben felsorolt berendez\u00e9si t\u00e1rgyak megl\u00e9te, hanem azok min\u0151s\u00e9ge, ig\u00e9nyes, egys\u00e9ges st\u00edlusa is meghat\u00e1roz\u00f3. Az al\u00e1bbiakban&nbsp;pozit\u00edv p\u00e9ld\u00e1kat mutatunk a 4 napraforg\u00f3s besorol\u00e1s\u00fa falusi sz\u00e1ll\u00e1shelyekre.","og_url":"https:\/\/falusiturizmus.eu\/en\/iranymutato\/","og_site_name":"Falusi \u00e9s Agroturizmus Orsz\u00e1gos Sz\u00f6vets\u00e9ge","article_publisher":"https:\/\/www.facebook.com\/falusiturizmus.hu","article_modified_time":"2026-01-31T13:36:18+00:00","og_image":[{"width":896,"height":573,"url":"https:\/\/falusiturizmus.eu\/wp-content\/uploads\/2026\/01\/03d9f55505717a8e852d0239ab583d79.jpg","type":"image\/jpeg"}],"twitter_card":"summary_large_image","schema":{"@context":"https:\/\/schema.org","@graph":[{"@type":"WebPage","@id":"https:\/\/falusiturizmus.eu\/iranymutato\/","url":"https:\/\/falusiturizmus.eu\/iranymutato\/","name":"Ir\u00e1nymutat\u00f3 - Falusi \u00e9s Agroturizmus Orsz\u00e1gos Sz\u00f6vets\u00e9ge","isPartOf":{"@id":"https:\/\/falusiturizmus.eu\/#website"},"primaryImageOfPage":{"@id":"https:\/\/falusiturizmus.eu\/iranymutato\/#primaryimage"},"image":{"@id":"https:\/\/falusiturizmus.eu\/iranymutato\/#primaryimage"},"thumbnailUrl":"https:\/\/falusiturizmus.eu\/wp-content\/uploads\/2026\/01\/03d9f55505717a8e852d0239ab583d79.jpg","datePublished":"2026-01-31T13:35:37+00:00","dateModified":"2026-01-31T13:36:18+00:00","breadcrumb":{"@id":"https:\/\/falusiturizmus.eu\/iranymutato\/#breadcrumb"},"inLanguage":"en-GB","potentialAction":[{"@type":"ReadAction","target":["https:\/\/falusiturizmus.eu\/iranymutato\/"]}]},{"@type":"ImageObject","inLanguage":"en-GB","@id":"https:\/\/falusiturizmus.eu\/iranymutato\/#primaryimage","url":"https:\/\/falusiturizmus.eu\/wp-content\/uploads\/2026\/01\/03d9f55505717a8e852d0239ab583d79.jpg","contentUrl":"https:\/\/falusiturizmus.eu\/wp-content\/uploads\/2026\/01\/03d9f55505717a8e852d0239ab583d79.jpg"},{"@type":"BreadcrumbList","@id":"https:\/\/falusiturizmus.eu\/iranymutato\/#breadcrumb","itemListElement":[{"@type":"ListItem","position":1,"name":"Kezd\u0151lap","item":"https:\/\/falusiturizmus.eu\/"},{"@type":"ListItem","position":2,"name":"Ir\u00e1nymutat\u00f3"}]},{"@type":"WebSite","@id":"https:\/\/falusiturizmus.eu\/#website","url":"https:\/\/falusiturizmus.eu\/","name":"Falusi \u00e9s Agroturizmus Orsz\u00e1gos Sz\u00f6vets\u00e9ge","description":"","publisher":{"@id":"https:\/\/falusiturizmus.eu\/#organization"},"potentialAction":[{"@type":"SearchAction","target":{"@type":"EntryPoint","urlTemplate":"https:\/\/falusiturizmus.eu\/?s={search_term_string}"},"query-input":{"@type":"PropertyValueSpecification","valueRequired":true,"valueName":"search_term_string"}}],"inLanguage":"en-GB"},{"@type":"Organization","@id":"https:\/\/falusiturizmus.eu\/#organization","name":"Falusi \u00e9s Agroturizmus Orsz\u00e1gos Sz\u00f6vets\u00e9ge","url":"https:\/\/falusiturizmus.eu\/","logo":{"@type":"ImageObject","inLanguage":"en-GB","@id":"https:\/\/falusiturizmus.eu\/#\/schema\/logo\/image\/","url":"https:\/\/falusiturizmus.eu\/wp-content\/uploads\/2026\/01\/logo.png","contentUrl":"https:\/\/falusiturizmus.eu\/wp-content\/uploads\/2026\/01\/logo.png","width":512,"height":521,"caption":"Falusi \u00e9s Agroturizmus Orsz\u00e1gos Sz\u00f6vets\u00e9ge"},"image":{"@id":"https:\/\/falusiturizmus.eu\/#\/schema\/logo\/image\/"},"sameAs":["https:\/\/www.facebook.com\/falusiturizmus.hu","https:\/\/www.instagram.com\/falusiesagroturizmus\/?hl=hu","https:\/\/www.youtube.com\/channel\/UCsCVuuFdNNsrFCqOOBDbPtw"]}]}},"_links":{"self":[{"href":"https:\/\/falusiturizmus.eu\/en\/wp-json\/wp\/v2\/pages\/34681","targetHints":{"allow":["GET"]}}],"collection":[{"href":"https:\/\/falusiturizmus.eu\/en\/wp-json\/wp\/v2\/pages"}],"about":[{"href":"https:\/\/falusiturizmus.eu\/en\/wp-json\/wp\/v2\/types\/page"}],"author":[{"embeddable":true,"href":"https:\/\/falusiturizmus.eu\/en\/wp-json\/wp\/v2\/users\/1"}],"replies":[{"embeddable":true,"href":"https:\/\/falusiturizmus.eu\/en\/wp-json\/wp\/v2\/comments?post=34681"}],"version-history":[{"count":2,"href":"https:\/\/falusiturizmus.eu\/en\/wp-json\/wp\/v2\/pages\/34681\/revisions"}],"predecessor-version":[{"id":34694,"href":"https:\/\/falusiturizmus.eu\/en\/wp-json\/wp\/v2\/pages\/34681\/revisions\/34694"}],"wp:attachment":[{"href":"https:\/\/falusiturizmus.eu\/en\/wp-json\/wp\/v2\/media?parent=34681"}],"curies":[{"name":"wp","href":"https:\/\/api.w.org\/{rel}","templated":true}]}}