{"id":30169,"date":"2026-01-29T15:56:43","date_gmt":"2026-01-29T15:56:43","guid":{"rendered":"https:\/\/falusiturizmus.korosmentivallalkozaserosites.hu\/?page_id=30169"},"modified":"2026-02-02T17:42:43","modified_gmt":"2026-02-02T17:42:43","slug":"start-23","status":"publish","type":"page","link":"https:\/\/falusiturizmus.eu\/en\/start-23\/","title":{"rendered":"START 2=3 prom\u00f3ci\u00f3"},"content":{"rendered":"<div class=\"wp-block-stackable-text stk-block-text stk-block stk-ef315b1\" data-block-id=\"ef315b1\"><p class=\"stk-block-text__text has-text-align-justify\">A Kisfaludy Turisztikai Hitelk\u00f6zpont (KTH)&nbsp;<strong>2025. okt\u00f3ber\u00e9ben megkezdte a START Beruh\u00e1z\u00e1si \u00e9s Forg\u00f3eszk\u00f6z k\u00f6lcs\u00f6n\u00f6k \u00e9rt\u00e9kes\u00edt\u00e9s\u00e9t,<\/strong>&nbsp;amely a hazai turisztikai szektor szolg\u00e1ltat\u00f3i sz\u00e1m\u00e1ra k\u00edn\u00e1l&nbsp;<strong>egyed\u00fcl\u00e1ll\u00f3an kedvez\u0151, 2,5%-os fix kamatoz\u00e1s\u00fa, fedezet n\u00e9lk\u00fcl ig\u00e9nyelhet\u0151 finansz\u00edroz\u00e1si lehet\u0151s\u00e9get.<\/strong>&nbsp;A program k\u00fcl\u00f6nlegess\u00e9ge, hogy nemcsak c\u00e9gek, hanem ad\u00f3sz\u00e1mos mag\u00e1nszem\u00e9lyek \u00e9s egy\u00e9ni v\u00e1llalkoz\u00f3k is ig\u00e9nyelhetik.<\/p><\/div>\n\n\n\n<div class=\"wp-block-stackable-text stk-block-text stk-block stk-8ac290d\" data-block-id=\"8ac290d\"><p class=\"stk-block-text__text has-text-align-justify\">A KTH Start k\u00f6lcs\u00f6n\u00f6k mellett&nbsp;<strong>2026. janu\u00e1rj\u00e1ban indul\u00f3 2=3 prom\u00f3ci\u00f3<\/strong>&nbsp;keret\u00e9ben az&nbsp;<strong>1\u20132 milli\u00f3 forint k\u00f6z\u00f6tti Start Beruh\u00e1z\u00e1si vagy Forg\u00f3eszk\u00f6z hitelig\u00e9nyl\u00e9sekhez a Kisfaludy2030 Zrt.-n\u00e9l tov\u00e1bbi, legfeljebb 1 milli\u00f3 forint vissza nem t\u00e9r\u00edtend\u0151 \u00e1llami t\u00e1mogat\u00e1s is ig\u00e9nyelhet\u0151.<\/strong>&nbsp;Ezen hitelig\u00e9nyek eset\u00e9ben a t\u00e1mogat\u00e1s m\u00e9rt\u00e9ke az ig\u00e9nyelt hitel\u00f6sszeg 50%-a lehet. A konstrukci\u00f3 k\u00f6lcs\u00f6n r\u00e9sze, ig\u00e9nyelhet\u0151 forg\u00f3eszk\u00f6z (3 \u00e9ves futamidej\u0171) \u00e9s beruh\u00e1z\u00e1si (5 \u00e9ves futamidej\u0171) v\u00e1ltozatban is.<\/p><\/div>\n\n\n\n<p><strong>A 2=3 prom\u00f3ci\u00f3t azok a turisztikai szolg\u00e1ltat\u00f3k ig\u00e9nyelhetik,<\/strong><\/p>\n\n\n\n<ul class=\"wp-block-list\">\n<li>akik megfelelnek a START k\u00f6lcs\u00f6n Term\u00e9kle\u00edr\u00e1s\u00e1ban r\u00f6gz\u00edtett ig\u00e9nyl\u00e9si felt\u00e9teleknek \u00e9s<\/li>\n\n\n\n<li>m\u00e9g nem rendelkeznek START k\u00f6lcs\u00f6nnel.\u00a0<\/li>\n<\/ul>\n\n\n\n<h5 class=\"wp-block-heading\"><strong>Milyen c\u00e9lra vehet\u0151 fel KTH START k\u00f6lcs\u00f6n?<\/strong><\/h5>\n\n\n\n<p>A k\u00f6lcs\u00f6nb\u0151l olyan c\u00e9l finansz\u00edroz\u00e1sa lehets\u00e9ges, ahol a finansz\u00edroz\u00e1s t\u00e1rgya egy\u00e9rtelm\u0171en kapcsol\u00f3dik az \u00dcgyf\u00e9l \u00e1ltal v\u00e9gzett vagy v\u00e9gezni k\u00edv\u00e1nt turisztikai tev\u00e9kenys\u00e9ghez.&nbsp;<\/p>\n\n\n\n<h6 class=\"wp-block-heading\"><strong>Forg\u00f3eszk\u00f6z k\u00f6lcs\u00f6n eset\u00e9n p\u00e9ld\u00e1ul:<\/strong><\/h6>\n\n\n\n<ul class=\"wp-block-list\">\n<li><strong>\u00c9rt\u00e9kes\u00edt\u00e9s, szolg\u00e1ltat\u00e1si sz\u00ednvonal emel\u00e9se\u00a0<\/strong>(digitaliz\u00e1ci\u00f3 szintj\u00e9nek emel\u00e9se, foglal\u00e1st t\u00e1mogat\u00f3 szoftver v\u00e1s\u00e1rl\u00e1s, online jelenl\u00e9t fokoz\u00e1sa, honlap, marketing kiad\u00e1sok finansz\u00edroz\u00e1sa, szakmai tov\u00e1bbk\u00e9pz\u00e9sek, rendezv\u00e9nyek k\u00f6lts\u00e9ge).<\/li>\n\n\n\n<li><strong>M\u0171k\u00f6d\u00e9si k\u00f6lts\u00e9gek<\/strong>\u00a0(k\u00e9szlet, anyag, \u00e1ru, kis\u00e9rt\u00e9k\u0171 eszk\u00f6z beszerz\u00e9se, ig\u00e9nybe vett szolg\u00e1ltat\u00e1sok, k\u00f6z\u00fczemi d\u00edjak, egy\u00e9b rezsik\u00f6lts\u00e9gek)\u00a0<strong>finansz\u00edroz\u00e1sa<\/strong>.<\/li>\n\n\n\n<li><strong>Munkaer\u0151vel kapcsolatos k\u00f6lts\u00e9gek<\/strong>\u00a0(b\u00e9r, b\u00e9rj\u00e1rul\u00e9k, megb\u00edz\u00e1sos jogviszony alapj\u00e1n fizetend\u0151 k\u00f6lts\u00e9gek)\u00a0<strong>finansz\u00edroz\u00e1sa<\/strong>.<\/li>\n<\/ul>\n\n\n\n<h6 class=\"wp-block-heading\"><strong>Beruh\u00e1z\u00e1si k\u00f6lcs\u00f6n eset\u00e9n p\u00e9ld\u00e1ul:<\/strong><\/h6>\n\n\n\n<p><strong>Ingatlanv\u00e1s\u00e1rl\u00e1s, fejleszt\u00e9s, b\u0151v\u00edt\u00e9s (saj\u00e1t \u00e9s b\u00e9relt ingatlanon egyar\u00e1nt):<\/strong><\/p>\n\n\n\n<ul class=\"wp-block-list\">\n<li>\u00e9p\u00edt\u00e9s (pl. \u00e9p\u00fclet, kert, medence), \u00e1talak\u00edt\u00e1s, b\u0151v\u00edt\u00e9s, fel\u00faj\u00edt\u00e1s, korszer\u0171s\u00edt\u00e9s (ny\u00edl\u00e1sz\u00e1r\u00f3 csere, szigetel\u00e9s, v\u00edz, elektromos h\u00e1l\u00f3zat, vil\u00e1g\u00edt\u00e1s, parkol\u00f3 kialak\u00edt\u00e1s, b\u0151v\u00edt\u00e9s) anyagk\u00f6lts\u00e9gei \u00e9s kivitelez\u0151nek fizetett munkad\u00edj,<\/li>\n\n\n\n<li>energiahat\u00e9konys\u00e1got jav\u00edt\u00f3 \u00e9p\u00fcletg\u00e9p\u00e9szeti beruh\u00e1z\u00e1s, f\u0171t\u00e9s, h\u0171t\u00e9s korszer\u0171s\u00edt\u00e9s, \u00e1rny\u00e9kol\u00e1s, egy\u00e9b g\u00e9p\u00e9szet ki\u00e9p\u00edt\u00e9s vagy korszer\u0171s\u00edt\u00e9s).<\/li>\n<\/ul>\n\n\n\n<p><strong>Eszk\u00f6zv\u00e1s\u00e1rl\u00e1s, fejleszt\u00e9s, b\u0151v\u00edt\u00e9s:<\/strong><\/p>\n\n\n\n<ul class=\"wp-block-list\">\n<li>hossz\u00fa t\u00e1v\u00fa, hat\u00e9kony m\u0171k\u00f6d\u00e9st c\u00e9lz\u00f3 eszk\u00f6z\u00f6k, berendez\u00e9sek, konyhai eszk\u00f6z\u00f6k, konyhab\u00fator, h\u0171t\u0151, borh\u0171t\u0151, h\u0171t\u0151vitrin, fagyaszt\u00f3, ipari j\u00e9gkocka k\u00e9sz\u00edt\u0151 g\u00e9p, poh\u00e1rmos\u00f3, mos\u00f3 \u00e9s mosogat\u00f3, k\u00e1v\u00e9g\u00e9p, m\u00e9rleg, turmixg\u00e9p, higi\u00e9niai berendez\u00e9sek, nagyobb \u00e9rt\u00e9k\u0171 kerti g\u00e9p, takar\u00edt\u00f3 g\u00e9p,<\/li>\n\n\n\n<li>\u00fcgyf\u00e9l\u00e9lm\u00e9nyt emel\u0151 berendez\u00e9sek, bemutat\u00f3vitrin, teraszf\u0171t\u00e9s, k\u00fclt\u00e9ri h\u0151sug\u00e1rz\u00f3, TV, szobab\u00fatorok, kerti b\u00fator, kerti j\u00e1tsz\u00f3 eszk\u00f6z\u00f6k, jakuzzi, d\u00e9zsa f\u00fcrd\u0151,<\/li>\n\n\n\n<li>a v\u00e1llalkoz\u00e1s m\u0171k\u00f6d\u00e9s\u00e9hez k\u00f6zvetlen\u00fcl haszn\u00e1lt j\u00e1rm\u0171 v\u00e1s\u00e1rl\u00e1sa.<\/li>\n<\/ul>\n\n\n\n<p><strong>Immateri\u00e1lis eszk\u00f6z beszerz\u00e9se (digitaliz\u00e1ci\u00f3 fejleszt\u00e9se):<\/strong><\/p>\n\n\n\n<ul class=\"wp-block-list\">\n<li>informatikai, h\u00e1l\u00f3zati \u00e9s telekommunik\u00e1ci\u00f3s eszk\u00f6z\u00f6k beszerz\u00e9se,<\/li>\n\n\n\n<li>anyag-, k\u00e9szletnyilv\u00e1ntart\u00f3 szoftver beszerz\u00e9se, sz\u00e1ll\u00e1s, vend\u00e9gl\u00e1t\u00e1s foglal\u00e1st, foglalts\u00e1got nyilv\u00e1ntart\u00f3 rendszer.\u00a0<\/li>\n<\/ul>\n\n\n\n<h5 class=\"wp-block-heading\"><strong>Az ig\u00e9nyl\u00e9s folyamata<\/strong><\/h5>\n\n\n\n<div class=\"wp-block-stackable-text stk-block-text stk-block stk-ab526aa\" data-block-id=\"ab526aa\"><p class=\"stk-block-text__text has-text-align-justify\">A KTH Start k\u00f6lcs\u00f6n ig\u00e9nyl\u00e9se tov\u00e1bbra is az NTAK-fi\u00f3kb\u00f3l \u00e9s a HitelT\u00e9r fel\u00fclet\u00e9n ind\u00edthat\u00f3, ahol k\u00fcl\u00f6n jel\u00f6lhet\u0151, hogy a 2+1-es term\u00e9k ig\u00e9nyl\u00e9s\u00e9t ind\u00edtja az Ig\u00e9nyl\u0151. A t\u00e1mogat\u00e1s a k\u00f6lcs\u00f6n ig\u00e9nyl\u00e9s beny\u00fajt\u00e1s\u00e1t k\u00f6vet\u0151en a Kisfaludy2030 T\u00e9rk\u0151 online rendszer\u00e9ben ind\u00edthat\u00f3. A term\u00e9kekkel \u00e9s az ig\u00e9nyl\u00e9ssel kapcsolatban a KTH honlapj\u00e1n: www.kth.hu tov\u00e1bbi inform\u00e1ci\u00f3kat tal\u00e1l.&nbsp;<\/p><\/div>\n\n\n\n<div class=\"wp-block-stackable-text stk-block-text stk-block stk-3ee9caf\" data-block-id=\"3ee9caf\"><p class=\"stk-block-text__text has-text-align-justify\"><strong>Fontosnak tartjuk kiemelni, hogy a felh\u00edv\u00e1s \u00e9rtelmez\u00e9se, valamint annak meg\u00edt\u00e9l\u00e9se, hogy egy adott sz\u00e1ll\u00e1shely vagy szolg\u00e1ltat\u00f3 sz\u00e1m\u00e1ra, mely konstrukci\u00f3 lehet re\u00e1lisan el\u00e9rhet\u0151, szakmai el\u0151zetes egyeztet\u00e9st ig\u00e9nyelhet.&nbsp;<\/strong><\/p><\/div>\n\n\n\n<div class=\"wp-block-stackable-text stk-block-text stk-block stk-b8098aa\" data-block-id=\"b8098aa\"><p class=\"stk-block-text__text has-text-align-justify\"><strong>Ha seg\u00edts\u00e9gre van sz\u00fcks\u00e9g, vegye fel a kapcsolatot az info@falusiturizmus.hu e-mail c\u00edmen munkat\u00e1rsainkkal! Ha nem szeretne foglalkozni az adminisztr\u00e1ci\u00f3val keressen minket bizalommal \u00e9s tov\u00e1bb\u00edtjuk k\u00e9r\u00e9s\u00e9t a megfelel\u0151 szak\u00e9rt\u0151k fel\u00e9.<\/strong><\/p><\/div>","protected":false},"excerpt":{"rendered":"<p>A Kisfaludy Turisztikai Hitelk\u00f6zpont (KTH)&nbsp;2025. okt\u00f3ber\u00e9ben megkezdte a START Beruh\u00e1z\u00e1si \u00e9s Forg\u00f3eszk\u00f6z k\u00f6lcs\u00f6n\u00f6k \u00e9rt\u00e9kes\u00edt\u00e9s\u00e9t,&nbsp;amely a hazai turisztikai szektor szolg\u00e1ltat\u00f3i sz\u00e1m\u00e1ra k\u00edn\u00e1l&nbsp;egyed\u00fcl\u00e1ll\u00f3an kedvez\u0151, 2,5%-os fix kamatoz\u00e1s\u00fa, fedezet n\u00e9lk\u00fcl ig\u00e9nyelhet\u0151 finansz\u00edroz\u00e1si lehet\u0151s\u00e9get.&nbsp;A program k\u00fcl\u00f6nlegess\u00e9ge, hogy nemcsak c\u00e9gek, hanem ad\u00f3sz\u00e1mos mag\u00e1nszem\u00e9lyek \u00e9s egy\u00e9ni v\u00e1llalkoz\u00f3k is ig\u00e9nyelhetik. A KTH Start k\u00f6lcs\u00f6n\u00f6k mellett&nbsp;2026. janu\u00e1rj\u00e1ban indul\u00f3 2=3 prom\u00f3ci\u00f3&nbsp;keret\u00e9ben az&nbsp;1\u20132 milli\u00f3 forint [&hellip;]<\/p>\n","protected":false},"author":1,"featured_media":0,"parent":0,"menu_order":0,"comment_status":"closed","ping_status":"closed","template":"","meta":{"_monsterinsights_skip_tracking":false,"_monsterinsights_sitenote_active":false,"_monsterinsights_sitenote_note":"","_monsterinsights_sitenote_category":0,"footnotes":""},"class_list":["post-30169","page","type-page","status-publish","hentry"],"blocksy_meta":[],"yoast_head":"<!-- This site is optimized with the Yoast SEO plugin v27.0 - https:\/\/yoast.com\/product\/yoast-seo-wordpress\/ -->\n<title>START 2=3 prom\u00f3ci\u00f3 - Falusi \u00e9s Agroturizmus Orsz\u00e1gos Sz\u00f6vets\u00e9ge<\/title>\n<meta name=\"robots\" content=\"index, follow, max-snippet:-1, max-image-preview:large, max-video-preview:-1\" \/>\n<link rel=\"canonical\" href=\"https:\/\/falusiturizmus.eu\/en\/start-23\/\" \/>\n<meta property=\"og:locale\" content=\"en_GB\" \/>\n<meta property=\"og:type\" content=\"article\" \/>\n<meta property=\"og:title\" content=\"START 2=3 prom\u00f3ci\u00f3 - Falusi \u00e9s Agroturizmus Orsz\u00e1gos Sz\u00f6vets\u00e9ge\" \/>\n<meta property=\"og:description\" content=\"A Kisfaludy Turisztikai Hitelk\u00f6zpont (KTH)&nbsp;2025. okt\u00f3ber\u00e9ben megkezdte a START Beruh\u00e1z\u00e1si \u00e9s Forg\u00f3eszk\u00f6z k\u00f6lcs\u00f6n\u00f6k \u00e9rt\u00e9kes\u00edt\u00e9s\u00e9t,&nbsp;amely a hazai turisztikai szektor szolg\u00e1ltat\u00f3i sz\u00e1m\u00e1ra k\u00edn\u00e1l&nbsp;egyed\u00fcl\u00e1ll\u00f3an kedvez\u0151, 2,5%-os fix kamatoz\u00e1s\u00fa, fedezet n\u00e9lk\u00fcl ig\u00e9nyelhet\u0151 finansz\u00edroz\u00e1si lehet\u0151s\u00e9get.&nbsp;A program k\u00fcl\u00f6nlegess\u00e9ge, hogy nemcsak c\u00e9gek, hanem ad\u00f3sz\u00e1mos mag\u00e1nszem\u00e9lyek \u00e9s egy\u00e9ni v\u00e1llalkoz\u00f3k is ig\u00e9nyelhetik. A KTH Start k\u00f6lcs\u00f6n\u00f6k mellett&nbsp;2026. janu\u00e1rj\u00e1ban indul\u00f3 2=3 prom\u00f3ci\u00f3&nbsp;keret\u00e9ben az&nbsp;1\u20132 milli\u00f3 forint [&hellip;]\" \/>\n<meta property=\"og:url\" content=\"https:\/\/falusiturizmus.eu\/en\/start-23\/\" \/>\n<meta property=\"og:site_name\" content=\"Falusi \u00e9s Agroturizmus Orsz\u00e1gos Sz\u00f6vets\u00e9ge\" \/>\n<meta property=\"article:publisher\" content=\"https:\/\/www.facebook.com\/falusiturizmus.hu\" \/>\n<meta property=\"article:modified_time\" content=\"2026-02-02T17:42:43+00:00\" \/>\n<meta name=\"twitter:card\" content=\"summary_large_image\" \/>\n<meta name=\"twitter:label1\" content=\"Estimated reading time\" \/>\n\t<meta name=\"twitter:data1\" content=\"4 minutes\" \/>\n<script type=\"application\/ld+json\" class=\"yoast-schema-graph\">{\"@context\":\"https:\/\/schema.org\",\"@graph\":[{\"@type\":\"WebPage\",\"@id\":\"https:\/\/falusiturizmus.eu\/start-23\/\",\"url\":\"https:\/\/falusiturizmus.eu\/start-23\/\",\"name\":\"START 2=3 prom\u00f3ci\u00f3 - Falusi \u00e9s Agroturizmus Orsz\u00e1gos Sz\u00f6vets\u00e9ge\",\"isPartOf\":{\"@id\":\"https:\/\/falusiturizmus.eu\/#website\"},\"datePublished\":\"2026-01-29T15:56:43+00:00\",\"dateModified\":\"2026-02-02T17:42:43+00:00\",\"breadcrumb\":{\"@id\":\"https:\/\/falusiturizmus.eu\/start-23\/#breadcrumb\"},\"inLanguage\":\"en-GB\",\"potentialAction\":[{\"@type\":\"ReadAction\",\"target\":[\"https:\/\/falusiturizmus.eu\/start-23\/\"]}]},{\"@type\":\"BreadcrumbList\",\"@id\":\"https:\/\/falusiturizmus.eu\/start-23\/#breadcrumb\",\"itemListElement\":[{\"@type\":\"ListItem\",\"position\":1,\"name\":\"Kezd\u0151lap\",\"item\":\"https:\/\/falusiturizmus.eu\/\"},{\"@type\":\"ListItem\",\"position\":2,\"name\":\"START 2=3 prom\u00f3ci\u00f3\"}]},{\"@type\":\"WebSite\",\"@id\":\"https:\/\/falusiturizmus.eu\/#website\",\"url\":\"https:\/\/falusiturizmus.eu\/\",\"name\":\"Falusi \u00e9s Agroturizmus Orsz\u00e1gos Sz\u00f6vets\u00e9ge\",\"description\":\"\",\"publisher\":{\"@id\":\"https:\/\/falusiturizmus.eu\/#organization\"},\"potentialAction\":[{\"@type\":\"SearchAction\",\"target\":{\"@type\":\"EntryPoint\",\"urlTemplate\":\"https:\/\/falusiturizmus.eu\/?s={search_term_string}\"},\"query-input\":{\"@type\":\"PropertyValueSpecification\",\"valueRequired\":true,\"valueName\":\"search_term_string\"}}],\"inLanguage\":\"en-GB\"},{\"@type\":\"Organization\",\"@id\":\"https:\/\/falusiturizmus.eu\/#organization\",\"name\":\"Falusi \u00e9s Agroturizmus Orsz\u00e1gos Sz\u00f6vets\u00e9ge\",\"url\":\"https:\/\/falusiturizmus.eu\/\",\"logo\":{\"@type\":\"ImageObject\",\"inLanguage\":\"en-GB\",\"@id\":\"https:\/\/falusiturizmus.eu\/#\/schema\/logo\/image\/\",\"url\":\"https:\/\/falusiturizmus.eu\/wp-content\/uploads\/2026\/01\/logo.png\",\"contentUrl\":\"https:\/\/falusiturizmus.eu\/wp-content\/uploads\/2026\/01\/logo.png\",\"width\":512,\"height\":521,\"caption\":\"Falusi \u00e9s Agroturizmus Orsz\u00e1gos Sz\u00f6vets\u00e9ge\"},\"image\":{\"@id\":\"https:\/\/falusiturizmus.eu\/#\/schema\/logo\/image\/\"},\"sameAs\":[\"https:\/\/www.facebook.com\/falusiturizmus.hu\",\"https:\/\/www.instagram.com\/falusiesagroturizmus\/?hl=hu\",\"https:\/\/www.youtube.com\/channel\/UCsCVuuFdNNsrFCqOOBDbPtw\"]}]}<\/script>\n<!-- \/ Yoast SEO plugin. -->","yoast_head_json":{"title":"START 2=3 prom\u00f3ci\u00f3 - Falusi \u00e9s Agroturizmus Orsz\u00e1gos Sz\u00f6vets\u00e9ge","robots":{"index":"index","follow":"follow","max-snippet":"max-snippet:-1","max-image-preview":"max-image-preview:large","max-video-preview":"max-video-preview:-1"},"canonical":"https:\/\/falusiturizmus.eu\/en\/start-23\/","og_locale":"en_GB","og_type":"article","og_title":"START 2=3 prom\u00f3ci\u00f3 - Falusi \u00e9s Agroturizmus Orsz\u00e1gos Sz\u00f6vets\u00e9ge","og_description":"A Kisfaludy Turisztikai Hitelk\u00f6zpont (KTH)&nbsp;2025. okt\u00f3ber\u00e9ben megkezdte a START Beruh\u00e1z\u00e1si \u00e9s Forg\u00f3eszk\u00f6z k\u00f6lcs\u00f6n\u00f6k \u00e9rt\u00e9kes\u00edt\u00e9s\u00e9t,&nbsp;amely a hazai turisztikai szektor szolg\u00e1ltat\u00f3i sz\u00e1m\u00e1ra k\u00edn\u00e1l&nbsp;egyed\u00fcl\u00e1ll\u00f3an kedvez\u0151, 2,5%-os fix kamatoz\u00e1s\u00fa, fedezet n\u00e9lk\u00fcl ig\u00e9nyelhet\u0151 finansz\u00edroz\u00e1si lehet\u0151s\u00e9get.&nbsp;A program k\u00fcl\u00f6nlegess\u00e9ge, hogy nemcsak c\u00e9gek, hanem ad\u00f3sz\u00e1mos mag\u00e1nszem\u00e9lyek \u00e9s egy\u00e9ni v\u00e1llalkoz\u00f3k is ig\u00e9nyelhetik. A KTH Start k\u00f6lcs\u00f6n\u00f6k mellett&nbsp;2026. janu\u00e1rj\u00e1ban indul\u00f3 2=3 prom\u00f3ci\u00f3&nbsp;keret\u00e9ben az&nbsp;1\u20132 milli\u00f3 forint [&hellip;]","og_url":"https:\/\/falusiturizmus.eu\/en\/start-23\/","og_site_name":"Falusi \u00e9s Agroturizmus Orsz\u00e1gos Sz\u00f6vets\u00e9ge","article_publisher":"https:\/\/www.facebook.com\/falusiturizmus.hu","article_modified_time":"2026-02-02T17:42:43+00:00","twitter_card":"summary_large_image","twitter_misc":{"Estimated reading time":"4 minutes"},"schema":{"@context":"https:\/\/schema.org","@graph":[{"@type":"WebPage","@id":"https:\/\/falusiturizmus.eu\/start-23\/","url":"https:\/\/falusiturizmus.eu\/start-23\/","name":"START 2=3 prom\u00f3ci\u00f3 - Falusi \u00e9s Agroturizmus Orsz\u00e1gos Sz\u00f6vets\u00e9ge","isPartOf":{"@id":"https:\/\/falusiturizmus.eu\/#website"},"datePublished":"2026-01-29T15:56:43+00:00","dateModified":"2026-02-02T17:42:43+00:00","breadcrumb":{"@id":"https:\/\/falusiturizmus.eu\/start-23\/#breadcrumb"},"inLanguage":"en-GB","potentialAction":[{"@type":"ReadAction","target":["https:\/\/falusiturizmus.eu\/start-23\/"]}]},{"@type":"BreadcrumbList","@id":"https:\/\/falusiturizmus.eu\/start-23\/#breadcrumb","itemListElement":[{"@type":"ListItem","position":1,"name":"Kezd\u0151lap","item":"https:\/\/falusiturizmus.eu\/"},{"@type":"ListItem","position":2,"name":"START 2=3 prom\u00f3ci\u00f3"}]},{"@type":"WebSite","@id":"https:\/\/falusiturizmus.eu\/#website","url":"https:\/\/falusiturizmus.eu\/","name":"Falusi \u00e9s Agroturizmus Orsz\u00e1gos Sz\u00f6vets\u00e9ge","description":"","publisher":{"@id":"https:\/\/falusiturizmus.eu\/#organization"},"potentialAction":[{"@type":"SearchAction","target":{"@type":"EntryPoint","urlTemplate":"https:\/\/falusiturizmus.eu\/?s={search_term_string}"},"query-input":{"@type":"PropertyValueSpecification","valueRequired":true,"valueName":"search_term_string"}}],"inLanguage":"en-GB"},{"@type":"Organization","@id":"https:\/\/falusiturizmus.eu\/#organization","name":"Falusi \u00e9s Agroturizmus Orsz\u00e1gos Sz\u00f6vets\u00e9ge","url":"https:\/\/falusiturizmus.eu\/","logo":{"@type":"ImageObject","inLanguage":"en-GB","@id":"https:\/\/falusiturizmus.eu\/#\/schema\/logo\/image\/","url":"https:\/\/falusiturizmus.eu\/wp-content\/uploads\/2026\/01\/logo.png","contentUrl":"https:\/\/falusiturizmus.eu\/wp-content\/uploads\/2026\/01\/logo.png","width":512,"height":521,"caption":"Falusi \u00e9s Agroturizmus Orsz\u00e1gos Sz\u00f6vets\u00e9ge"},"image":{"@id":"https:\/\/falusiturizmus.eu\/#\/schema\/logo\/image\/"},"sameAs":["https:\/\/www.facebook.com\/falusiturizmus.hu","https:\/\/www.instagram.com\/falusiesagroturizmus\/?hl=hu","https:\/\/www.youtube.com\/channel\/UCsCVuuFdNNsrFCqOOBDbPtw"]}]}},"_links":{"self":[{"href":"https:\/\/falusiturizmus.eu\/en\/wp-json\/wp\/v2\/pages\/30169","targetHints":{"allow":["GET"]}}],"collection":[{"href":"https:\/\/falusiturizmus.eu\/en\/wp-json\/wp\/v2\/pages"}],"about":[{"href":"https:\/\/falusiturizmus.eu\/en\/wp-json\/wp\/v2\/types\/page"}],"author":[{"embeddable":true,"href":"https:\/\/falusiturizmus.eu\/en\/wp-json\/wp\/v2\/users\/1"}],"replies":[{"embeddable":true,"href":"https:\/\/falusiturizmus.eu\/en\/wp-json\/wp\/v2\/comments?post=30169"}],"version-history":[{"count":4,"href":"https:\/\/falusiturizmus.eu\/en\/wp-json\/wp\/v2\/pages\/30169\/revisions"}],"predecessor-version":[{"id":30179,"href":"https:\/\/falusiturizmus.eu\/en\/wp-json\/wp\/v2\/pages\/30169\/revisions\/30179"}],"wp:attachment":[{"href":"https:\/\/falusiturizmus.eu\/en\/wp-json\/wp\/v2\/media?parent=30169"}],"curies":[{"name":"wp","href":"https:\/\/api.w.org\/{rel}","templated":true}]}}