{"id":30166,"date":"2026-01-29T15:55:38","date_gmt":"2026-01-29T15:55:38","guid":{"rendered":"https:\/\/falusiturizmus.korosmentivallalkozaserosites.hu\/?page_id=30166"},"modified":"2026-01-29T15:55:38","modified_gmt":"2026-01-29T15:55:38","slug":"imazsfilm","status":"publish","type":"page","link":"https:\/\/falusiturizmus.eu\/en\/imazsfilm\/","title":{"rendered":"Im\u00e1zsfilm"},"content":{"rendered":"<p><em><strong>R\u00f6vidfilm k\u00e9sz\u00fclt a vid\u00e9ki Magyarorsz\u00e1gr\u00f3l<\/strong><\/em><\/p>\n\n\n\n<p>A Falusi \u00e9s Agroturizmus Orsz\u00e1gos Sz\u00f6vets\u00e9ge a Turizmus Vil\u00e1gnapja alkalm\u00e1b\u00f3l (szeptember 27.) publik\u00e1lta az im\u00e1zsfilmj\u00e9t, mellyel a c\u00e9l a falusi-vid\u00e9ki turizmus n\u00e9pszer\u0171s\u00edt\u00e9se. Az orsz\u00e1g h\u00e1rom r\u00e9sz\u00e9ben ker\u00fclt megszervez\u00e9sre a forgat\u00e1s: \u0150rs\u00e9g-Vendvid\u00e9k, Tisza-t\u00f3 \u00e9s Szarvas-B\u00e9k\u00e9sszentandr\u00e1s. Fontos szerepet kap a vide\u00f3ban a hagyom\u00e1ny\u0151rz\u00e9s, a gasztron\u00f3mia \u00e9s a vid\u00e9ki t\u00e9rs\u00e9gek ezer arc\u00e1nak bemutat\u00e1sa. Az im\u00e1zsfilm megtekinthet\u0151 a Sz\u00f6vets\u00e9g hivatalos Youtube oldal\u00e1n \u00e9s a k\u00f6z\u00f6ss\u00e9gi m\u00e9dia fel\u00fcleteken, illetve az al\u00e1bbi linken:&nbsp;<\/p>\n\n\n\n<p class=\"has-text-align-center\"><a href=\"https:\/\/www.youtube.com\/watch?v=tk2T8yGCCj0&amp;t=139s\"><strong>MEGN\u00c9ZEM A R\u00d6VIDFILMET<\/strong><\/a><\/p>\n\n\n\n<p class=\"has-text-align-center\"><em>Ha a F\u00f6ld Isten kalapja,\u00a0<\/em><br><em>Haz\u00e1nk a bokr\u00e9ta rajta!\u00a0<\/em><br><em>(Pet\u0151fi S\u00e1ndor)<\/em><\/p>\n\n\n\n<p class=\"has-text-align-center\">A filmben hallhat\u00f3 zene a&nbsp;<strong>Kacaj &amp; The Pontiac zenekar &#8222;\u00c9bredek&#8221;<\/strong>&nbsp;c\u00edm\u0171 alkot\u00e1sa.&nbsp;<\/p>\n\n\n\n<figure class=\"wp-block-embed aligncenter is-type-video is-provider-youtube wp-block-embed-youtube wp-embed-aspect-16-9 wp-has-aspect-ratio\"><div class=\"wp-block-embed__wrapper\">\n<iframe loading=\"lazy\" title=\"Falusi \u00e9s Agroturizmus Orsz\u00e1gos Sz\u00f6vets\u00e9ge - Im\u00e1zsfilm\" width=\"1290\" height=\"726\" src=\"https:\/\/www.youtube.com\/embed\/tk2T8yGCCj0?feature=oembed\" frameborder=\"0\" allow=\"accelerometer; autoplay; clipboard-write; encrypted-media; gyroscope; picture-in-picture; web-share\" referrerpolicy=\"strict-origin-when-cross-origin\" allowfullscreen><\/iframe>\n<\/div><\/figure>","protected":false},"excerpt":{"rendered":"<p>R\u00f6vidfilm k\u00e9sz\u00fclt a vid\u00e9ki Magyarorsz\u00e1gr\u00f3l A Falusi \u00e9s Agroturizmus Orsz\u00e1gos Sz\u00f6vets\u00e9ge a Turizmus Vil\u00e1gnapja alkalm\u00e1b\u00f3l (szeptember 27.) publik\u00e1lta az im\u00e1zsfilmj\u00e9t, mellyel a c\u00e9l a falusi-vid\u00e9ki turizmus n\u00e9pszer\u0171s\u00edt\u00e9se. Az orsz\u00e1g h\u00e1rom r\u00e9sz\u00e9ben ker\u00fclt megszervez\u00e9sre a forgat\u00e1s: \u0150rs\u00e9g-Vendvid\u00e9k, Tisza-t\u00f3 \u00e9s Szarvas-B\u00e9k\u00e9sszentandr\u00e1s. Fontos szerepet kap a vide\u00f3ban a hagyom\u00e1ny\u0151rz\u00e9s, a gasztron\u00f3mia \u00e9s a vid\u00e9ki t\u00e9rs\u00e9gek ezer arc\u00e1nak bemutat\u00e1sa. [&hellip;]<\/p>\n","protected":false},"author":1,"featured_media":0,"parent":0,"menu_order":0,"comment_status":"closed","ping_status":"closed","template":"","meta":{"_monsterinsights_skip_tracking":false,"_monsterinsights_sitenote_active":false,"_monsterinsights_sitenote_note":"","_monsterinsights_sitenote_category":0,"footnotes":""},"class_list":["post-30166","page","type-page","status-publish","hentry"],"blocksy_meta":[],"yoast_head":"<!-- This site is optimized with the Yoast SEO plugin v27.0 - https:\/\/yoast.com\/product\/yoast-seo-wordpress\/ -->\n<title>Im\u00e1zsfilm - Falusi \u00e9s Agroturizmus Orsz\u00e1gos Sz\u00f6vets\u00e9ge<\/title>\n<meta name=\"robots\" content=\"index, follow, max-snippet:-1, max-image-preview:large, max-video-preview:-1\" \/>\n<link rel=\"canonical\" href=\"https:\/\/falusiturizmus.eu\/en\/imazsfilm\/\" \/>\n<meta property=\"og:locale\" content=\"en_GB\" \/>\n<meta property=\"og:type\" content=\"article\" \/>\n<meta property=\"og:title\" content=\"Im\u00e1zsfilm - Falusi \u00e9s Agroturizmus Orsz\u00e1gos Sz\u00f6vets\u00e9ge\" \/>\n<meta property=\"og:description\" content=\"R\u00f6vidfilm k\u00e9sz\u00fclt a vid\u00e9ki Magyarorsz\u00e1gr\u00f3l A Falusi \u00e9s Agroturizmus Orsz\u00e1gos Sz\u00f6vets\u00e9ge a Turizmus Vil\u00e1gnapja alkalm\u00e1b\u00f3l (szeptember 27.) publik\u00e1lta az im\u00e1zsfilmj\u00e9t, mellyel a c\u00e9l a falusi-vid\u00e9ki turizmus n\u00e9pszer\u0171s\u00edt\u00e9se. Az orsz\u00e1g h\u00e1rom r\u00e9sz\u00e9ben ker\u00fclt megszervez\u00e9sre a forgat\u00e1s: \u0150rs\u00e9g-Vendvid\u00e9k, Tisza-t\u00f3 \u00e9s Szarvas-B\u00e9k\u00e9sszentandr\u00e1s. Fontos szerepet kap a vide\u00f3ban a hagyom\u00e1ny\u0151rz\u00e9s, a gasztron\u00f3mia \u00e9s a vid\u00e9ki t\u00e9rs\u00e9gek ezer arc\u00e1nak bemutat\u00e1sa. [&hellip;]\" \/>\n<meta property=\"og:url\" content=\"https:\/\/falusiturizmus.eu\/en\/imazsfilm\/\" \/>\n<meta property=\"og:site_name\" content=\"Falusi \u00e9s Agroturizmus Orsz\u00e1gos Sz\u00f6vets\u00e9ge\" \/>\n<meta property=\"article:publisher\" content=\"https:\/\/www.facebook.com\/falusiturizmus.hu\" \/>\n<meta name=\"twitter:card\" content=\"summary_large_image\" \/>\n<meta name=\"twitter:label1\" content=\"Estimated reading time\" \/>\n\t<meta name=\"twitter:data1\" content=\"1 minute\" \/>\n<script type=\"application\/ld+json\" class=\"yoast-schema-graph\">{\"@context\":\"https:\/\/schema.org\",\"@graph\":[{\"@type\":\"WebPage\",\"@id\":\"https:\/\/falusiturizmus.eu\/imazsfilm\/\",\"url\":\"https:\/\/falusiturizmus.eu\/imazsfilm\/\",\"name\":\"Im\u00e1zsfilm - Falusi \u00e9s Agroturizmus Orsz\u00e1gos Sz\u00f6vets\u00e9ge\",\"isPartOf\":{\"@id\":\"https:\/\/falusiturizmus.eu\/#website\"},\"datePublished\":\"2026-01-29T15:55:38+00:00\",\"breadcrumb\":{\"@id\":\"https:\/\/falusiturizmus.eu\/imazsfilm\/#breadcrumb\"},\"inLanguage\":\"en-GB\",\"potentialAction\":[{\"@type\":\"ReadAction\",\"target\":[\"https:\/\/falusiturizmus.eu\/imazsfilm\/\"]}]},{\"@type\":\"BreadcrumbList\",\"@id\":\"https:\/\/falusiturizmus.eu\/imazsfilm\/#breadcrumb\",\"itemListElement\":[{\"@type\":\"ListItem\",\"position\":1,\"name\":\"Kezd\u0151lap\",\"item\":\"https:\/\/falusiturizmus.eu\/\"},{\"@type\":\"ListItem\",\"position\":2,\"name\":\"Im\u00e1zsfilm\"}]},{\"@type\":\"WebSite\",\"@id\":\"https:\/\/falusiturizmus.eu\/#website\",\"url\":\"https:\/\/falusiturizmus.eu\/\",\"name\":\"Falusi \u00e9s Agroturizmus Orsz\u00e1gos Sz\u00f6vets\u00e9ge\",\"description\":\"\",\"publisher\":{\"@id\":\"https:\/\/falusiturizmus.eu\/#organization\"},\"potentialAction\":[{\"@type\":\"SearchAction\",\"target\":{\"@type\":\"EntryPoint\",\"urlTemplate\":\"https:\/\/falusiturizmus.eu\/?s={search_term_string}\"},\"query-input\":{\"@type\":\"PropertyValueSpecification\",\"valueRequired\":true,\"valueName\":\"search_term_string\"}}],\"inLanguage\":\"en-GB\"},{\"@type\":\"Organization\",\"@id\":\"https:\/\/falusiturizmus.eu\/#organization\",\"name\":\"Falusi \u00e9s Agroturizmus Orsz\u00e1gos Sz\u00f6vets\u00e9ge\",\"url\":\"https:\/\/falusiturizmus.eu\/\",\"logo\":{\"@type\":\"ImageObject\",\"inLanguage\":\"en-GB\",\"@id\":\"https:\/\/falusiturizmus.eu\/#\/schema\/logo\/image\/\",\"url\":\"https:\/\/falusiturizmus.eu\/wp-content\/uploads\/2026\/01\/logo.png\",\"contentUrl\":\"https:\/\/falusiturizmus.eu\/wp-content\/uploads\/2026\/01\/logo.png\",\"width\":512,\"height\":521,\"caption\":\"Falusi \u00e9s Agroturizmus Orsz\u00e1gos Sz\u00f6vets\u00e9ge\"},\"image\":{\"@id\":\"https:\/\/falusiturizmus.eu\/#\/schema\/logo\/image\/\"},\"sameAs\":[\"https:\/\/www.facebook.com\/falusiturizmus.hu\",\"https:\/\/www.instagram.com\/falusiesagroturizmus\/?hl=hu\",\"https:\/\/www.youtube.com\/channel\/UCsCVuuFdNNsrFCqOOBDbPtw\"]}]}<\/script>\n<!-- \/ Yoast SEO plugin. -->","yoast_head_json":{"title":"Im\u00e1zsfilm - Falusi \u00e9s Agroturizmus Orsz\u00e1gos Sz\u00f6vets\u00e9ge","robots":{"index":"index","follow":"follow","max-snippet":"max-snippet:-1","max-image-preview":"max-image-preview:large","max-video-preview":"max-video-preview:-1"},"canonical":"https:\/\/falusiturizmus.eu\/en\/imazsfilm\/","og_locale":"en_GB","og_type":"article","og_title":"Im\u00e1zsfilm - Falusi \u00e9s Agroturizmus Orsz\u00e1gos Sz\u00f6vets\u00e9ge","og_description":"R\u00f6vidfilm k\u00e9sz\u00fclt a vid\u00e9ki Magyarorsz\u00e1gr\u00f3l A Falusi \u00e9s Agroturizmus Orsz\u00e1gos Sz\u00f6vets\u00e9ge a Turizmus Vil\u00e1gnapja alkalm\u00e1b\u00f3l (szeptember 27.) publik\u00e1lta az im\u00e1zsfilmj\u00e9t, mellyel a c\u00e9l a falusi-vid\u00e9ki turizmus n\u00e9pszer\u0171s\u00edt\u00e9se. Az orsz\u00e1g h\u00e1rom r\u00e9sz\u00e9ben ker\u00fclt megszervez\u00e9sre a forgat\u00e1s: \u0150rs\u00e9g-Vendvid\u00e9k, Tisza-t\u00f3 \u00e9s Szarvas-B\u00e9k\u00e9sszentandr\u00e1s. Fontos szerepet kap a vide\u00f3ban a hagyom\u00e1ny\u0151rz\u00e9s, a gasztron\u00f3mia \u00e9s a vid\u00e9ki t\u00e9rs\u00e9gek ezer arc\u00e1nak bemutat\u00e1sa. [&hellip;]","og_url":"https:\/\/falusiturizmus.eu\/en\/imazsfilm\/","og_site_name":"Falusi \u00e9s Agroturizmus Orsz\u00e1gos Sz\u00f6vets\u00e9ge","article_publisher":"https:\/\/www.facebook.com\/falusiturizmus.hu","twitter_card":"summary_large_image","twitter_misc":{"Estimated reading time":"1 minute"},"schema":{"@context":"https:\/\/schema.org","@graph":[{"@type":"WebPage","@id":"https:\/\/falusiturizmus.eu\/imazsfilm\/","url":"https:\/\/falusiturizmus.eu\/imazsfilm\/","name":"Im\u00e1zsfilm - Falusi \u00e9s Agroturizmus Orsz\u00e1gos Sz\u00f6vets\u00e9ge","isPartOf":{"@id":"https:\/\/falusiturizmus.eu\/#website"},"datePublished":"2026-01-29T15:55:38+00:00","breadcrumb":{"@id":"https:\/\/falusiturizmus.eu\/imazsfilm\/#breadcrumb"},"inLanguage":"en-GB","potentialAction":[{"@type":"ReadAction","target":["https:\/\/falusiturizmus.eu\/imazsfilm\/"]}]},{"@type":"BreadcrumbList","@id":"https:\/\/falusiturizmus.eu\/imazsfilm\/#breadcrumb","itemListElement":[{"@type":"ListItem","position":1,"name":"Kezd\u0151lap","item":"https:\/\/falusiturizmus.eu\/"},{"@type":"ListItem","position":2,"name":"Im\u00e1zsfilm"}]},{"@type":"WebSite","@id":"https:\/\/falusiturizmus.eu\/#website","url":"https:\/\/falusiturizmus.eu\/","name":"Falusi \u00e9s Agroturizmus Orsz\u00e1gos Sz\u00f6vets\u00e9ge","description":"","publisher":{"@id":"https:\/\/falusiturizmus.eu\/#organization"},"potentialAction":[{"@type":"SearchAction","target":{"@type":"EntryPoint","urlTemplate":"https:\/\/falusiturizmus.eu\/?s={search_term_string}"},"query-input":{"@type":"PropertyValueSpecification","valueRequired":true,"valueName":"search_term_string"}}],"inLanguage":"en-GB"},{"@type":"Organization","@id":"https:\/\/falusiturizmus.eu\/#organization","name":"Falusi \u00e9s Agroturizmus Orsz\u00e1gos Sz\u00f6vets\u00e9ge","url":"https:\/\/falusiturizmus.eu\/","logo":{"@type":"ImageObject","inLanguage":"en-GB","@id":"https:\/\/falusiturizmus.eu\/#\/schema\/logo\/image\/","url":"https:\/\/falusiturizmus.eu\/wp-content\/uploads\/2026\/01\/logo.png","contentUrl":"https:\/\/falusiturizmus.eu\/wp-content\/uploads\/2026\/01\/logo.png","width":512,"height":521,"caption":"Falusi \u00e9s Agroturizmus Orsz\u00e1gos Sz\u00f6vets\u00e9ge"},"image":{"@id":"https:\/\/falusiturizmus.eu\/#\/schema\/logo\/image\/"},"sameAs":["https:\/\/www.facebook.com\/falusiturizmus.hu","https:\/\/www.instagram.com\/falusiesagroturizmus\/?hl=hu","https:\/\/www.youtube.com\/channel\/UCsCVuuFdNNsrFCqOOBDbPtw"]}]}},"_links":{"self":[{"href":"https:\/\/falusiturizmus.eu\/en\/wp-json\/wp\/v2\/pages\/30166","targetHints":{"allow":["GET"]}}],"collection":[{"href":"https:\/\/falusiturizmus.eu\/en\/wp-json\/wp\/v2\/pages"}],"about":[{"href":"https:\/\/falusiturizmus.eu\/en\/wp-json\/wp\/v2\/types\/page"}],"author":[{"embeddable":true,"href":"https:\/\/falusiturizmus.eu\/en\/wp-json\/wp\/v2\/users\/1"}],"replies":[{"embeddable":true,"href":"https:\/\/falusiturizmus.eu\/en\/wp-json\/wp\/v2\/comments?post=30166"}],"version-history":[{"count":1,"href":"https:\/\/falusiturizmus.eu\/en\/wp-json\/wp\/v2\/pages\/30166\/revisions"}],"predecessor-version":[{"id":30167,"href":"https:\/\/falusiturizmus.eu\/en\/wp-json\/wp\/v2\/pages\/30166\/revisions\/30167"}],"wp:attachment":[{"href":"https:\/\/falusiturizmus.eu\/en\/wp-json\/wp\/v2\/media?parent=30166"}],"curies":[{"name":"wp","href":"https:\/\/api.w.org\/{rel}","templated":true}]}}