{"id":30163,"date":"2026-01-29T15:52:54","date_gmt":"2026-01-29T15:52:54","guid":{"rendered":"https:\/\/falusiturizmus.korosmentivallalkozaserosites.hu\/?page_id=30163"},"modified":"2026-01-29T15:52:54","modified_gmt":"2026-01-29T15:52:54","slug":"artisjus","status":"publish","type":"page","link":"https:\/\/falusiturizmus.eu\/en\/artisjus\/","title":{"rendered":"Artisjus"},"content":{"rendered":"<div class=\"wp-block-stackable-text stk-block-text stk-block stk-c4a9d33\" data-block-id=\"c4a9d33\"><p class=\"stk-block-text__text has-text-align-justify\"><strong>Hasznos tudnival\u00f3k falusi sz\u00e1ll\u00e1shelyek sz\u00e1m\u00e1ra az ARTISJUS fel\u00e9 fizetend\u0151 szerz\u0151i jogd\u00edjr\u00f3l<\/strong><\/p><\/div>\n\n\n\n<div class=\"wp-block-stackable-text stk-block-text stk-block stk-b4ec857\" data-block-id=\"b4ec857\"><p class=\"stk-block-text__text has-text-align-justify\">Az Artisjus Magyar Szerz\u0151i Jogv\u00e9d\u0151 Iroda Egyes\u00fclet a zenei \u00e9s irodalmi szerz\u0151i jogok k\u00f6z\u00f6s jogkezel\u0151 szervezete. Tagjai \u00e9s megb\u00edz\u00f3i k\u00f6z\u00f6tt tal\u00e1lhat\u00f3 t\u00f6bb mint 15 000 zeneszerz\u0151, sz\u00f6veg\u00edr\u00f3, irodalmi szerz\u0151 \u00e9s zenem\u0171kiad\u00f3.<\/p><\/div>\n\n\n\n<div class=\"wp-block-stackable-text stk-block-text stk-block stk-bf3881f\" data-block-id=\"bf3881f\"><p class=\"stk-block-text__text has-text-align-justify\">Sz\u00e9khely: 1016 Budapest, M\u00e9sz\u00e1ros u. 15-17.<\/p><\/div>\n\n\n\n<div class=\"wp-block-stackable-text stk-block-text stk-block stk-f02936f\" data-block-id=\"f02936f\"><p class=\"stk-block-text__text has-text-align-justify\">Honlap c\u00edme:&nbsp;<a href=\"http:\/\/www.artisjus.hu\/\">www.artisjus.hu<\/a><\/p><\/div>\n\n\n\n<div class=\"wp-block-stackable-text stk-block-text stk-block stk-23ae418\" data-block-id=\"23ae418\"><p class=\"stk-block-text__text has-text-align-justify\">Az Artisjus Magyar Szerz\u0151i Jogv\u00e9d\u0151 Iroda Egyes\u00fclet a jogszab\u00e1lyi el\u0151\u00edr\u00e1soknak megfelel\u0151en l\u00e9trehozott \u00e9s bejegyzett k\u00f6z\u00f6s jogkezel\u0151 szervezet, amely jogosult a m\u00e1r nyilv\u00e1noss\u00e1gra hozott r\u00f6videbb terjedelm\u0171 sz\u00e9pirodalmi m\u0171vek \u00e9s nem sz\u00ednpadi zenem\u0171vek nyilv\u00e1nos el\u0151ad\u00e1s\u00e1nak jogd\u00edjfizet\u00e9s ellen\u00e9ben t\u00f6rt\u00e9n\u0151 enged\u00e9lyez\u00e9s\u00e9re.<\/p><\/div>\n\n\n\n<div class=\"wp-block-stackable-text stk-block-text stk-block stk-8f27f17\" data-block-id=\"8f27f17\"><p class=\"stk-block-text__text has-text-align-justify\">Minden nyilv\u00e1nos helyen (pl. sz\u00e1ll\u00e1shely, kereskedelmi \u00fczlet, vend\u00e9gl\u00e1t\u00f3 \u00fczlet) t\u00f6rt\u00e9n\u0151 zenefelhaszn\u00e1l\u00e1s eset\u00e9n jogd\u00edjat kell fizetni. Zenefelhaszn\u00e1l\u00e1snak kell tekinteni, amikor a sz\u00e1ll\u00e1shelyen a m\u0171vek \u00e9rz\u00e9kelhet\u0151v\u00e9 t\u00e9tel\u00e9re b\u00e1rmely erre alkalmas m\u0171szaki eszk\u00f6zt (tv, r\u00e1di\u00f3, cd, stb.) helyeznek el. Az Artisjus jogd\u00edjk\u00f6zlem\u00e9ny\u00e9ben \u00e9s jogd\u00edjfizet\u00e9si \u00e9rtes\u00edt\u0151j\u00e9ben az ilyen felhaszn\u00e1l\u00e1sok \u201eg\u00e9pzene\u201c megjel\u00f6l\u00e9ssel szerepelnek.<\/p><\/div>\n\n\n\n<div class=\"wp-block-stackable-text stk-block-text stk-block stk-d714c4b\" data-block-id=\"d714c4b\"><p class=\"stk-block-text__text has-text-align-justify\">A felhaszn\u00e1l\u00f3 a tervezett felhaszn\u00e1l\u00e1st \u00e9s a m\u00e1r megkezdett felhaszn\u00e1l\u00e1st megv\u00e1ltoztat\u00e1s\u00e1t, ide\u00e9rtve annak megsz\u00fcntet\u00e9s\u00e9t is el\u0151zetesen \u00edr\u00e1sban k\u00f6teles a k\u00f6z\u00f6s jogkezel\u0151 szervezetnek bejelenteni. A k\u00f6z\u00f6s jogkezel\u0151 szervezet a felhaszn\u00e1l\u00e1st a helysz\u00ednen ellen\u0151rizheti.<\/p><\/div>\n\n\n\n<div class=\"wp-block-stackable-text stk-block-text stk-block stk-cdcc8f1\" data-block-id=\"cdcc8f1\"><p class=\"stk-block-text__text has-text-align-justify\">T\u00e1j\u00e9koztatjuk, hogy a FATOSZ tags\u00e1ggal lehet\u0151s\u00e9ge van kedvezm\u00e9nyes, \u00e9ves jogd\u00edj megfizet\u00e9s\u00e9re. Ebben az esetben a jogd\u00edjat akkor is teljes \u00e9vre kell megfizetni, ha a sz\u00e1ll\u00e1shely csak id\u00e9nyjelleggel (pl. m\u00e1rcius 15. \u2013 november 30.) \u00fczemel.<\/p><\/div>\n\n\n\n<div class=\"wp-block-stackable-text stk-block-text stk-block stk-c94ee95\" data-block-id=\"c94ee95\"><p class=\"stk-block-text__text has-text-align-justify\"><strong>Jogd\u00edjak FATOSZ tags\u00e1ggal \u00e9s tags\u00e1g n\u00e9lk\u00fcl (A jogd\u00edjak az \u00c1FA-t NEM tartalmazz\u00e1k!):<\/strong><strong><\/strong><strong><\/strong><strong><\/strong><\/p><\/div>\n\n\n\n<figure class=\"wp-block-table\"><table class=\"has-fixed-layout\"><tbody><tr><td class=\"has-text-align-center\" data-align=\"center\" rowspan=\"2\"><strong>Szob\u00e1k sz\u00e1ma<\/strong><\/td><td class=\"has-text-align-center\" data-align=\"center\" colspan=\"2\"><strong>D\u00edjszab\u00e1s szerinti jogd\u00edj 2025<\/strong><\/td><td class=\"has-text-align-center\" data-align=\"center\" rowspan=\"2\"><strong>\u00c9VES MOSZ-FATOSZ&nbsp;<\/strong><\/td><\/tr><tr><td class=\"has-text-align-center\" data-align=\"center\"><strong>havonta<\/strong><\/td><td class=\"has-text-align-center\" data-align=\"center\"><strong>12 h\u00f3napra<\/strong><\/td><\/tr><tr><td class=\"has-text-align-center\" data-align=\"center\">1 szoba<\/td><td class=\"has-text-align-center\" data-align=\"center\">&nbsp; 2 025 Ft<\/td><td class=\"has-text-align-center\" data-align=\"center\">24 297 Ft<\/td><td class=\"has-text-align-center\" data-align=\"center\">8 099 Ft<\/td><\/tr><tr><td class=\"has-text-align-center\" data-align=\"center\">2 szoba<\/td><td class=\"has-text-align-center\" data-align=\"center\">&nbsp; 2 442 Ft<\/td><td class=\"has-text-align-center\" data-align=\"center\">29 299 Ft<\/td><td class=\"has-text-align-center\" data-align=\"center\">9 769 Ft<\/td><\/tr><tr><td class=\"has-text-align-center\" data-align=\"center\">3 szoba<\/td><td class=\"has-text-align-center\" data-align=\"center\">&nbsp; 2 892 Ft<\/td><td class=\"has-text-align-center\" data-align=\"center\">34 698 Ft<\/td><td class=\"has-text-align-center\" data-align=\"center\">11 566 Ft<\/td><\/tr><tr><td class=\"has-text-align-center\" data-align=\"center\">4 szoba<\/td><td class=\"has-text-align-center\" data-align=\"center\">&nbsp; 3 368 Ft<\/td><td class=\"has-text-align-center\" data-align=\"center\">40 419 Ft<\/td><td class=\"has-text-align-center\" data-align=\"center\">13 473 Ft<\/td><\/tr><tr><td class=\"has-text-align-center\" data-align=\"center\">5 szoba<\/td><td class=\"has-text-align-center\" data-align=\"center\">&nbsp; 3 847 Ft<\/td><td class=\"has-text-align-center\" data-align=\"center\">46 163 Ft<\/td><td class=\"has-text-align-center\" data-align=\"center\">15 388 Ft<\/td><\/tr><tr><td class=\"has-text-align-center\" data-align=\"center\">6 szoba<\/td><td class=\"has-text-align-center\" data-align=\"center\">&nbsp; 4 306 Ft<\/td><td class=\"has-text-align-center\" data-align=\"center\">51 675 Ft<\/td><td class=\"has-text-align-center\" data-align=\"center\">17 225 Ft<\/td><\/tr><tr><td class=\"has-text-align-center\" data-align=\"center\">7 szoba<\/td><td class=\"has-text-align-center\" data-align=\"center\">&nbsp; 4 736 Ft<\/td><td class=\"has-text-align-center\" data-align=\"center\">56 836 Ft<\/td><td class=\"has-text-align-center\" data-align=\"center\">18 945 Ft<\/td><\/tr><tr><td class=\"has-text-align-center\" data-align=\"center\">8 szoba<\/td><td class=\"has-text-align-center\" data-align=\"center\">&nbsp; 5 117 Ft<\/td><td class=\"has-text-align-center\" data-align=\"center\">61 408 Ft<\/td><td class=\"has-text-align-center\" data-align=\"center\">20 468 Ft<\/td><\/tr><tr><td class=\"has-text-align-center\" data-align=\"center\">9 szoba<\/td><td class=\"has-text-align-center\" data-align=\"center\">&nbsp; 5 481 Ft<\/td><td class=\"has-text-align-center\" data-align=\"center\">65 767 Ft<\/td><td class=\"has-text-align-center\" data-align=\"center\">21 923 Ft<\/td><\/tr><tr><td class=\"has-text-align-center\" data-align=\"center\">10 szoba<\/td><td class=\"has-text-align-center\" data-align=\"center\">&nbsp; 5 816 Ft<\/td><td class=\"has-text-align-center\" data-align=\"center\">69 793 Ft<\/td><td class=\"has-text-align-center\" data-align=\"center\">23 264 Ft<\/td><\/tr><tr><td class=\"has-text-align-center\" data-align=\"center\">11 szoba<\/td><td class=\"has-text-align-center\" data-align=\"center\">&nbsp; 6 117 Ft<\/td><td class=\"has-text-align-center\" data-align=\"center\">73 404 Ft<\/td><td class=\"has-text-align-center\" data-align=\"center\">24 467 Ft<\/td><\/tr><tr><td class=\"has-text-align-center\" data-align=\"center\">12 szoba<\/td><td class=\"has-text-align-center\" data-align=\"center\">&nbsp; 6 436 Ft<\/td><td class=\"has-text-align-center\" data-align=\"center\">77 228 Ft<\/td><td class=\"has-text-align-center\" data-align=\"center\">25 743 Ft<\/td><\/tr><tr><td class=\"has-text-align-center\" data-align=\"center\">13 szoba<\/td><td class=\"has-text-align-center\" data-align=\"center\">&nbsp; 6 769 Ft<\/td><td class=\"has-text-align-center\" data-align=\"center\">81 225 Ft<\/td><td class=\"has-text-align-center\" data-align=\"center\">27 077 Ft<\/td><\/tr><tr><td class=\"has-text-align-center\" data-align=\"center\">14 szoba<\/td><td class=\"has-text-align-center\" data-align=\"center\">&nbsp; 7 120 Ft<\/td><td class=\"has-text-align-center\" data-align=\"center\">85 442 Ft<\/td><td class=\"has-text-align-center\" data-align=\"center\">28 481 Ft<\/td><\/tr><tr><td class=\"has-text-align-center\" data-align=\"center\">15 szoba<\/td><td class=\"has-text-align-center\" data-align=\"center\">&nbsp; 7 492 Ft<\/td><td class=\"has-text-align-center\" data-align=\"center\">89 904 Ft<\/td><td class=\"has-text-align-center\" data-align=\"center\">29 966 Ft<\/td><\/tr><tr><td class=\"has-text-align-center\" data-align=\"center\">16 szoba<\/td><td class=\"has-text-align-center\" data-align=\"center\">&nbsp; 7 882 Ft<\/td><td class=\"has-text-align-center\" data-align=\"center\">94 579 Ft<\/td><td class=\"has-text-align-center\" data-align=\"center\">31 526 Ft<\/td><\/tr><tr><td class=\"has-text-align-center\" data-align=\"center\">17 szoba<\/td><td class=\"has-text-align-center\" data-align=\"center\">&nbsp; 8 295 Ft<\/td><td class=\"has-text-align-center\" data-align=\"center\">99 541 Ft<\/td><td class=\"has-text-align-center\" data-align=\"center\">33 180 Ft<\/td><\/tr><tr><td class=\"has-text-align-center\" data-align=\"center\">18 szoba<\/td><td class=\"has-text-align-center\" data-align=\"center\">&nbsp; 8 729 Ft<\/td><td class=\"has-text-align-center\" data-align=\"center\">104 752 Ft<\/td><td class=\"has-text-align-center\" data-align=\"center\">34 916 Ft<\/td><\/tr><tr><td class=\"has-text-align-center\" data-align=\"center\">19 szoba<\/td><td class=\"has-text-align-center\" data-align=\"center\">&nbsp; 9 187 Ft<\/td><td class=\"has-text-align-center\" data-align=\"center\">110 243 Ft<\/td><td class=\"has-text-align-center\" data-align=\"center\">36 748 Ft<\/td><\/tr><tr><td class=\"has-text-align-center\" data-align=\"center\">20 szoba<\/td><td class=\"has-text-align-center\" data-align=\"center\">&nbsp; 9 669 Ft<\/td><td class=\"has-text-align-center\" data-align=\"center\">116 032 Ft<\/td><td class=\"has-text-align-center\" data-align=\"center\">38 678 Ft<\/td><\/tr><tr><td class=\"has-text-align-center\" data-align=\"center\">21 szoba<\/td><td class=\"has-text-align-center\" data-align=\"center\">&nbsp; 10 180 Ft<\/td><td class=\"has-text-align-center\" data-align=\"center\">122 160 Ft<\/td><td class=\"has-text-align-center\" data-align=\"center\">40 719 Ft<\/td><\/tr><tr><td class=\"has-text-align-center\" data-align=\"center\">22 szoba<\/td><td class=\"has-text-align-center\" data-align=\"center\">&nbsp; 10 719 Ft<\/td><td class=\"has-text-align-center\" data-align=\"center\">128 634 Ft<\/td><td class=\"has-text-align-center\" data-align=\"center\">42 878 Ft<\/td><\/tr><tr><td class=\"has-text-align-center\" data-align=\"center\">23 szoba<\/td><td class=\"has-text-align-center\" data-align=\"center\">&nbsp; 11 286 Ft<\/td><td class=\"has-text-align-center\" data-align=\"center\">135 435 Ft<\/td><td class=\"has-text-align-center\" data-align=\"center\">45 147 Ft<\/td><\/tr><tr><td class=\"has-text-align-center\" data-align=\"center\">24 szoba<\/td><td class=\"has-text-align-center\" data-align=\"center\">&nbsp; 11 879 Ft<\/td><td class=\"has-text-align-center\" data-align=\"center\">142 552 Ft<\/td><td class=\"has-text-align-center\" data-align=\"center\">47 517 Ft<\/td><\/tr><tr><td class=\"has-text-align-center\" data-align=\"center\">25 szoba<\/td><td class=\"has-text-align-center\" data-align=\"center\">&nbsp; 12 516 Ft<\/td><td class=\"has-text-align-center\" data-align=\"center\">150 186 Ft<\/td><td class=\"has-text-align-center\" data-align=\"center\">50 062 Ft<\/td><\/tr><\/tbody><\/table><\/figure>\n\n\n\n<p>Kedvezm\u00e9ny ig\u00e9nybev\u00e9tel\u00e9nek felt\u00e9telei, menete:<\/p>\n\n\n\n<ul class=\"wp-block-list\">\n<li>\u00c9rv\u00e9nyes tags\u00e1gi viszony a FATOSZ megyei szervezet\u00e9n\u00e9l<\/li>\n\n\n\n<li>Sz\u00e1ll\u00e1shely \u00fczemeltet\u00e9si enged\u00e9lye mag\u00e1n\/egy\u00e9b sz\u00e1ll\u00e1shelyre sz\u00f3l (falusi sz\u00e1ll\u00e1shelyre)<\/li>\n\n\n\n<li>0 Ft tartoz\u00e1s az ARTISJUS-n\u00e1l<\/li>\n\n\n\n<li><strong>ADATSZOLG\u00c1LTAT\u00c1SI LAP \u00c9S FELHASZN\u00c1L\u00c1SI ENGED\u00c9LY<\/strong>\u00a0eljuttat\u00e1sa az ARTISJUS fel\u00e9, a FATOSZ budapesti k\u00f6zponti inform\u00e1ci\u00f3s irod\u00e1j\u00e1n kereszt\u00fcl (1077.Budapest,Kir\u00e1ly u.93.), ahol az Iroda leigazolja a tags\u00e1gi viszonyt. Az adatlapot nem kell \u00e9vente beny\u00fajtani, csak 1 alkalommal, a tev\u00e9kenys\u00e9g megkezd\u00e9sekor. A k\u00e9s\u0151bbiekben csak akkor kell jelezni (el\u00e9g a budapest70@artisjus.com c\u00edmre k\u00fcld\u00f6tt sz\u00f6veges e-mail), ha az els\u0151 adatlaphoz k\u00e9pest v\u00e1ltoz\u00e1s t\u00f6rt\u00e9nt.<\/li>\n<\/ul>\n\n\n\n<p>Szobasz\u00e1m v\u00e1ltoz\u00e1s, sz\u00e1ll\u00e1sad\u00f3i tev\u00e9kenys\u00e9g megsz\u0171n\u00e9s\u00e9nek bejelent\u00e9se.<\/p>\n\n\n\n<ul class=\"wp-block-list\">\n<li>Amennyiben az eredeti adatlaphoz k\u00e9pest a vend\u00e9gh\u00e1z adataiban v\u00e1ltoz\u00e1s k\u00f6vetkezett be, pl. szobasz\u00e1m emelked\u00e9s, akkor \u00edr\u00e1sban kell bejelenteni.<\/li>\n\n\n\n<li>Amennyiben az adatlap bek\u00fcld\u00e9s\u00e9t k\u00f6vet\u0151en sz\u00e1ll\u00e1shely\u00e9r\u0151l id\u0151k\u00f6zben elt\u00e1vol\u00edtotta a telev\u00edzi\u00f3 k\u00e9sz\u00fcl\u00e9keket \u00e9s egy\u00e9b zenefelhaszn\u00e1l\u00f3 eszk\u00f6z\u00f6ket, \u00fagy ezt \u00edr\u00e1sban kell bejelenteni.<\/li>\n\n\n\n<li>Amennyiben az adatlap bek\u00fcld\u00e9s\u00e9t k\u00f6vet\u0151en abbahagyta a falusi sz\u00e1ll\u00e1sad\u00f3i tev\u00e9kenys\u00e9get, \u00fagy ezt \u00edr\u00e1sban kell bejelenteni.<\/li>\n\n\n\n<li>Amennyiben az adatlap bek\u00fcld\u00e9s\u00e9t k\u00f6vet\u0151en megv\u00e1ltozott a sz\u00e1ll\u00e1shely besorol\u00e1sa, pl. sz\u00e1ll\u00e1shelyb\u0151l vend\u00e9gl\u00e1t\u00f3 egys\u00e9g lett vagy ford\u00edtva, \u00fagy ezt \u00edr\u00e1sban kell bejelenteni.<br><\/li>\n<\/ul>\n\n\n\n<div class=\"wp-block-stackable-text stk-block-text stk-block stk-5d896f2\" data-block-id=\"5d896f2\"><p class=\"stk-block-text__text\">Fizet\u00e9s m\u00f3dja:<\/p><\/div>\n\n\n\n<div class=\"wp-block-stackable-text stk-block-text stk-block stk-5dfba2c\" data-block-id=\"5dfba2c\"><p class=\"stk-block-text__text\">Az adatlap bek\u00fcld\u00e9s\u00e9t k\u00f6vet\u0151en az ARTISJUS \u00e1ltal megk\u00fcld\u00f6tt csekk post\u00e1n t\u00f6rt\u00e9n\u0151 befizet\u00e9s\u00e9vel, vagy a csekken szerepl\u0151 sz\u00e1lasz\u00e1mra t\u00f6rt\u00e9n\u0151 utal\u00e1ssal. Ut\u00f3bbi esetben a jogd\u00edjfizet\u00e9si \u00e9rtes\u00edt\u0151 jobb fels\u0151 sark\u00e1ban l\u00e9v\u0151 hivatkoz\u00e1si sz\u00e1mot az utal\u00e1s sz\u00f6veg\u00e9ben k\u00e9rj\u00fck megadni!<\/p><\/div>\n\n\n\n<div class=\"wp-block-stackable-text stk-block-text stk-block stk-b187172\" data-block-id=\"b187172\"><p class=\"stk-block-text__text\"><br>El\u00e9rhet\u0151s\u00e9g:<\/p><\/div>\n\n\n\n<div class=\"wp-block-stackable-text stk-block-text stk-block stk-3ec985f\" data-block-id=\"3ec985f\"><p class=\"stk-block-text__text\"><a href=\"mailto:budapest70@artisjus.com\">budapest70@artisjus.com<\/a><br>+36-1-488-2726<br>Az Artisjus jogd\u00edjk\u00f6zlem\u00e9nye let\u00f6lthet\u0151\u00a0<a href=\"https:\/\/falusiturizmus.eu\/wp-content\/uploads\/2026\/01\/c374133f169bea7d532b849435755d4e.pdf\" data-type=\"link\" data-id=\"https:\/\/falusiturizmus.eu\/wp-content\/uploads\/2026\/01\/c374133f169bea7d532b849435755d4e.pdf\" target=\"_blank\" rel=\"noreferrer noopener\">ITT<\/a>. (II. fejezet 2. pont, \u00a0 III. fejezet 2. pont, \u00a0 IV. fejezet 14. pont)<br>Tov\u00e1bbi t\u00e1j\u00e9koztat\u00f3 anyag el\u00e9rhet\u0151\u00a0<a href=\"https:\/\/falusiturizmus.eu\/wp-content\/uploads\/2026\/01\/e6b7a8b63ab45b7af6e62adaca1e0861.pdf\" data-type=\"link\" data-id=\"https:\/\/falusiturizmus.eu\/wp-content\/uploads\/2026\/01\/e6b7a8b63ab45b7af6e62adaca1e0861.pdf\" target=\"_blank\" rel=\"noreferrer noopener\">ITT<\/a>.<br>Artisjus adatszolg\u00e1ltat\u00e1si lap\u00a0<a href=\"https:\/\/falusiturizmus.eu\/wp-content\/uploads\/2026\/01\/c664141de73f3369c9caac44cfbe3766.pdf\" data-type=\"link\" data-id=\"https:\/\/falusiturizmus.eu\/wp-content\/uploads\/2026\/01\/c664141de73f3369c9caac44cfbe3766.pdf\" target=\"_blank\" rel=\"noreferrer noopener\">INNEN<\/a>\u00a0let\u00f6lthet\u0151.<\/p><\/div>","protected":false},"excerpt":{"rendered":"<p>Hasznos tudnival\u00f3k falusi sz\u00e1ll\u00e1shelyek sz\u00e1m\u00e1ra az ARTISJUS fel\u00e9 fizetend\u0151 szerz\u0151i jogd\u00edjr\u00f3l Az Artisjus Magyar Szerz\u0151i Jogv\u00e9d\u0151 Iroda Egyes\u00fclet a zenei \u00e9s irodalmi szerz\u0151i jogok k\u00f6z\u00f6s jogkezel\u0151 szervezete. Tagjai \u00e9s megb\u00edz\u00f3i k\u00f6z\u00f6tt tal\u00e1lhat\u00f3 t\u00f6bb mint 15 000 zeneszerz\u0151, sz\u00f6veg\u00edr\u00f3, irodalmi szerz\u0151 \u00e9s zenem\u0171kiad\u00f3. Sz\u00e9khely: 1016 Budapest, M\u00e9sz\u00e1ros u. 15-17. Honlap c\u00edme:&nbsp;www.artisjus.hu Az Artisjus Magyar Szerz\u0151i Jogv\u00e9d\u0151 [&hellip;]<\/p>\n","protected":false},"author":1,"featured_media":0,"parent":0,"menu_order":0,"comment_status":"closed","ping_status":"closed","template":"","meta":{"_monsterinsights_skip_tracking":false,"_monsterinsights_sitenote_active":false,"_monsterinsights_sitenote_note":"","_monsterinsights_sitenote_category":0,"footnotes":""},"class_list":["post-30163","page","type-page","status-publish","hentry"],"blocksy_meta":[],"yoast_head":"<!-- This site is optimized with the Yoast SEO plugin v27.0 - https:\/\/yoast.com\/product\/yoast-seo-wordpress\/ -->\n<title>Artisjus - Falusi \u00e9s Agroturizmus Orsz\u00e1gos Sz\u00f6vets\u00e9ge<\/title>\n<meta name=\"robots\" content=\"index, follow, max-snippet:-1, max-image-preview:large, max-video-preview:-1\" \/>\n<link rel=\"canonical\" href=\"https:\/\/falusiturizmus.eu\/en\/artisjus\/\" \/>\n<meta property=\"og:locale\" content=\"en_GB\" \/>\n<meta property=\"og:type\" content=\"article\" \/>\n<meta property=\"og:title\" content=\"Artisjus - Falusi \u00e9s Agroturizmus Orsz\u00e1gos Sz\u00f6vets\u00e9ge\" \/>\n<meta property=\"og:description\" content=\"Hasznos tudnival\u00f3k falusi sz\u00e1ll\u00e1shelyek sz\u00e1m\u00e1ra az ARTISJUS fel\u00e9 fizetend\u0151 szerz\u0151i jogd\u00edjr\u00f3l Az Artisjus Magyar Szerz\u0151i Jogv\u00e9d\u0151 Iroda Egyes\u00fclet a zenei \u00e9s irodalmi szerz\u0151i jogok k\u00f6z\u00f6s jogkezel\u0151 szervezete. Tagjai \u00e9s megb\u00edz\u00f3i k\u00f6z\u00f6tt tal\u00e1lhat\u00f3 t\u00f6bb mint 15 000 zeneszerz\u0151, sz\u00f6veg\u00edr\u00f3, irodalmi szerz\u0151 \u00e9s zenem\u0171kiad\u00f3. Sz\u00e9khely: 1016 Budapest, M\u00e9sz\u00e1ros u. 15-17. Honlap c\u00edme:&nbsp;www.artisjus.hu Az Artisjus Magyar Szerz\u0151i Jogv\u00e9d\u0151 [&hellip;]\" \/>\n<meta property=\"og:url\" content=\"https:\/\/falusiturizmus.eu\/en\/artisjus\/\" \/>\n<meta property=\"og:site_name\" content=\"Falusi \u00e9s Agroturizmus Orsz\u00e1gos Sz\u00f6vets\u00e9ge\" \/>\n<meta property=\"article:publisher\" content=\"https:\/\/www.facebook.com\/falusiturizmus.hu\" \/>\n<meta name=\"twitter:card\" content=\"summary_large_image\" \/>\n<meta name=\"twitter:label1\" content=\"Estimated reading time\" \/>\n\t<meta name=\"twitter:data1\" content=\"4 minutes\" \/>\n<script type=\"application\/ld+json\" class=\"yoast-schema-graph\">{\"@context\":\"https:\/\/schema.org\",\"@graph\":[{\"@type\":\"WebPage\",\"@id\":\"https:\/\/falusiturizmus.eu\/artisjus\/\",\"url\":\"https:\/\/falusiturizmus.eu\/artisjus\/\",\"name\":\"Artisjus - Falusi \u00e9s Agroturizmus Orsz\u00e1gos Sz\u00f6vets\u00e9ge\",\"isPartOf\":{\"@id\":\"https:\/\/falusiturizmus.eu\/#website\"},\"datePublished\":\"2026-01-29T15:52:54+00:00\",\"breadcrumb\":{\"@id\":\"https:\/\/falusiturizmus.eu\/artisjus\/#breadcrumb\"},\"inLanguage\":\"en-GB\",\"potentialAction\":[{\"@type\":\"ReadAction\",\"target\":[\"https:\/\/falusiturizmus.eu\/artisjus\/\"]}]},{\"@type\":\"BreadcrumbList\",\"@id\":\"https:\/\/falusiturizmus.eu\/artisjus\/#breadcrumb\",\"itemListElement\":[{\"@type\":\"ListItem\",\"position\":1,\"name\":\"Kezd\u0151lap\",\"item\":\"https:\/\/falusiturizmus.eu\/\"},{\"@type\":\"ListItem\",\"position\":2,\"name\":\"Artisjus\"}]},{\"@type\":\"WebSite\",\"@id\":\"https:\/\/falusiturizmus.eu\/#website\",\"url\":\"https:\/\/falusiturizmus.eu\/\",\"name\":\"Falusi \u00e9s Agroturizmus Orsz\u00e1gos Sz\u00f6vets\u00e9ge\",\"description\":\"\",\"publisher\":{\"@id\":\"https:\/\/falusiturizmus.eu\/#organization\"},\"potentialAction\":[{\"@type\":\"SearchAction\",\"target\":{\"@type\":\"EntryPoint\",\"urlTemplate\":\"https:\/\/falusiturizmus.eu\/?s={search_term_string}\"},\"query-input\":{\"@type\":\"PropertyValueSpecification\",\"valueRequired\":true,\"valueName\":\"search_term_string\"}}],\"inLanguage\":\"en-GB\"},{\"@type\":\"Organization\",\"@id\":\"https:\/\/falusiturizmus.eu\/#organization\",\"name\":\"Falusi \u00e9s Agroturizmus Orsz\u00e1gos Sz\u00f6vets\u00e9ge\",\"url\":\"https:\/\/falusiturizmus.eu\/\",\"logo\":{\"@type\":\"ImageObject\",\"inLanguage\":\"en-GB\",\"@id\":\"https:\/\/falusiturizmus.eu\/#\/schema\/logo\/image\/\",\"url\":\"https:\/\/falusiturizmus.eu\/wp-content\/uploads\/2026\/01\/logo.png\",\"contentUrl\":\"https:\/\/falusiturizmus.eu\/wp-content\/uploads\/2026\/01\/logo.png\",\"width\":512,\"height\":521,\"caption\":\"Falusi \u00e9s Agroturizmus Orsz\u00e1gos Sz\u00f6vets\u00e9ge\"},\"image\":{\"@id\":\"https:\/\/falusiturizmus.eu\/#\/schema\/logo\/image\/\"},\"sameAs\":[\"https:\/\/www.facebook.com\/falusiturizmus.hu\",\"https:\/\/www.instagram.com\/falusiesagroturizmus\/?hl=hu\",\"https:\/\/www.youtube.com\/channel\/UCsCVuuFdNNsrFCqOOBDbPtw\"]}]}<\/script>\n<!-- \/ Yoast SEO plugin. -->","yoast_head_json":{"title":"Artisjus - Falusi \u00e9s Agroturizmus Orsz\u00e1gos Sz\u00f6vets\u00e9ge","robots":{"index":"index","follow":"follow","max-snippet":"max-snippet:-1","max-image-preview":"max-image-preview:large","max-video-preview":"max-video-preview:-1"},"canonical":"https:\/\/falusiturizmus.eu\/en\/artisjus\/","og_locale":"en_GB","og_type":"article","og_title":"Artisjus - Falusi \u00e9s Agroturizmus Orsz\u00e1gos Sz\u00f6vets\u00e9ge","og_description":"Hasznos tudnival\u00f3k falusi sz\u00e1ll\u00e1shelyek sz\u00e1m\u00e1ra az ARTISJUS fel\u00e9 fizetend\u0151 szerz\u0151i jogd\u00edjr\u00f3l Az Artisjus Magyar Szerz\u0151i Jogv\u00e9d\u0151 Iroda Egyes\u00fclet a zenei \u00e9s irodalmi szerz\u0151i jogok k\u00f6z\u00f6s jogkezel\u0151 szervezete. Tagjai \u00e9s megb\u00edz\u00f3i k\u00f6z\u00f6tt tal\u00e1lhat\u00f3 t\u00f6bb mint 15 000 zeneszerz\u0151, sz\u00f6veg\u00edr\u00f3, irodalmi szerz\u0151 \u00e9s zenem\u0171kiad\u00f3. Sz\u00e9khely: 1016 Budapest, M\u00e9sz\u00e1ros u. 15-17. Honlap c\u00edme:&nbsp;www.artisjus.hu Az Artisjus Magyar Szerz\u0151i Jogv\u00e9d\u0151 [&hellip;]","og_url":"https:\/\/falusiturizmus.eu\/en\/artisjus\/","og_site_name":"Falusi \u00e9s Agroturizmus Orsz\u00e1gos Sz\u00f6vets\u00e9ge","article_publisher":"https:\/\/www.facebook.com\/falusiturizmus.hu","twitter_card":"summary_large_image","twitter_misc":{"Estimated reading time":"4 minutes"},"schema":{"@context":"https:\/\/schema.org","@graph":[{"@type":"WebPage","@id":"https:\/\/falusiturizmus.eu\/artisjus\/","url":"https:\/\/falusiturizmus.eu\/artisjus\/","name":"Artisjus - Falusi \u00e9s Agroturizmus Orsz\u00e1gos Sz\u00f6vets\u00e9ge","isPartOf":{"@id":"https:\/\/falusiturizmus.eu\/#website"},"datePublished":"2026-01-29T15:52:54+00:00","breadcrumb":{"@id":"https:\/\/falusiturizmus.eu\/artisjus\/#breadcrumb"},"inLanguage":"en-GB","potentialAction":[{"@type":"ReadAction","target":["https:\/\/falusiturizmus.eu\/artisjus\/"]}]},{"@type":"BreadcrumbList","@id":"https:\/\/falusiturizmus.eu\/artisjus\/#breadcrumb","itemListElement":[{"@type":"ListItem","position":1,"name":"Kezd\u0151lap","item":"https:\/\/falusiturizmus.eu\/"},{"@type":"ListItem","position":2,"name":"Artisjus"}]},{"@type":"WebSite","@id":"https:\/\/falusiturizmus.eu\/#website","url":"https:\/\/falusiturizmus.eu\/","name":"Falusi \u00e9s Agroturizmus Orsz\u00e1gos Sz\u00f6vets\u00e9ge","description":"","publisher":{"@id":"https:\/\/falusiturizmus.eu\/#organization"},"potentialAction":[{"@type":"SearchAction","target":{"@type":"EntryPoint","urlTemplate":"https:\/\/falusiturizmus.eu\/?s={search_term_string}"},"query-input":{"@type":"PropertyValueSpecification","valueRequired":true,"valueName":"search_term_string"}}],"inLanguage":"en-GB"},{"@type":"Organization","@id":"https:\/\/falusiturizmus.eu\/#organization","name":"Falusi \u00e9s Agroturizmus Orsz\u00e1gos Sz\u00f6vets\u00e9ge","url":"https:\/\/falusiturizmus.eu\/","logo":{"@type":"ImageObject","inLanguage":"en-GB","@id":"https:\/\/falusiturizmus.eu\/#\/schema\/logo\/image\/","url":"https:\/\/falusiturizmus.eu\/wp-content\/uploads\/2026\/01\/logo.png","contentUrl":"https:\/\/falusiturizmus.eu\/wp-content\/uploads\/2026\/01\/logo.png","width":512,"height":521,"caption":"Falusi \u00e9s Agroturizmus Orsz\u00e1gos Sz\u00f6vets\u00e9ge"},"image":{"@id":"https:\/\/falusiturizmus.eu\/#\/schema\/logo\/image\/"},"sameAs":["https:\/\/www.facebook.com\/falusiturizmus.hu","https:\/\/www.instagram.com\/falusiesagroturizmus\/?hl=hu","https:\/\/www.youtube.com\/channel\/UCsCVuuFdNNsrFCqOOBDbPtw"]}]}},"_links":{"self":[{"href":"https:\/\/falusiturizmus.eu\/en\/wp-json\/wp\/v2\/pages\/30163","targetHints":{"allow":["GET"]}}],"collection":[{"href":"https:\/\/falusiturizmus.eu\/en\/wp-json\/wp\/v2\/pages"}],"about":[{"href":"https:\/\/falusiturizmus.eu\/en\/wp-json\/wp\/v2\/types\/page"}],"author":[{"embeddable":true,"href":"https:\/\/falusiturizmus.eu\/en\/wp-json\/wp\/v2\/users\/1"}],"replies":[{"embeddable":true,"href":"https:\/\/falusiturizmus.eu\/en\/wp-json\/wp\/v2\/comments?post=30163"}],"version-history":[{"count":1,"href":"https:\/\/falusiturizmus.eu\/en\/wp-json\/wp\/v2\/pages\/30163\/revisions"}],"predecessor-version":[{"id":30164,"href":"https:\/\/falusiturizmus.eu\/en\/wp-json\/wp\/v2\/pages\/30163\/revisions\/30164"}],"wp:attachment":[{"href":"https:\/\/falusiturizmus.eu\/en\/wp-json\/wp\/v2\/media?parent=30163"}],"curies":[{"name":"wp","href":"https:\/\/api.w.org\/{rel}","templated":true}]}}