{"id":30154,"date":"2026-01-29T15:40:12","date_gmt":"2026-01-29T15:40:12","guid":{"rendered":"https:\/\/falusiturizmus.korosmentivallalkozaserosites.hu\/?page_id=30154"},"modified":"2026-01-29T15:40:12","modified_gmt":"2026-01-29T15:40:12","slug":"tagsag-elonyei","status":"publish","type":"page","link":"https:\/\/falusiturizmus.eu\/en\/tagsag-elonyei\/","title":{"rendered":"Tags\u00e1g el\u0151nyei"},"content":{"rendered":"<div class=\"wp-block-stackable-text stk-block-text stk-block stk-60212c5\" data-block-id=\"60212c5\"><p class=\"stk-block-text__text\"><strong>Mi\u00e9rt \u00e9ri meg tagnak lenni?<\/strong><\/p><\/div>\n\n\n\n<div class=\"wp-block-stackable-text stk-block-text stk-block stk-75a3a16\" data-block-id=\"75a3a16\"><p class=\"stk-block-text__text has-text-align-justify\"><br><strong>MEGSP\u00d3ROLHATJA AZ ARTISJUSNAK FIZETEND\u0150 \u00c9VES D\u00cdJ \u00be-\u00c9T!<\/strong><\/p><\/div>\n\n\n\n<div class=\"wp-block-stackable-text stk-block-text stk-block stk-2f7f51c\" data-block-id=\"2f7f51c\"><p class=\"stk-block-text__text has-text-align-justify\">Az ARTISJUS \u00e9s a FATOSZ k\u00fcl\u00f6n meg\u00e1llapod\u00e1s\u00e1nak k\u00f6sz\u00f6nhet\u0151en a FATOSZ tagjai t\u00f6red\u00e9k \u00e1ron letudhatj\u00e1k \u00e9ves szerz\u0151i jogi fizet\u00e9si k\u00f6telezetts\u00e9geiket a TV-k\u00e9sz\u00fcl\u00e9kek, a sz\u00e1m\u00edt\u00f3g\u00e9pek stb. ut\u00e1n. Id\u00e9n egy tagunk majd 50 ezer forintot is megsp\u00f3rolhatott szobasz\u00e1mt\u00f3l f\u00fcgg\u0151en \u00e9ves szinten.<\/p><\/div>\n\n\n\n<div class=\"wp-block-stackable-text stk-block-text stk-block stk-1bcd4d1\" data-block-id=\"1bcd4d1\"><p class=\"stk-block-text__text has-text-align-justify\"><strong><a href=\"http:\/\/www.falusiturizmus.eu\/\">WWW.FALUSITURIZMUS.EU<\/a>&nbsp;WEBOLDAL<\/strong><\/p><\/div>\n\n\n\n<div class=\"wp-block-stackable-text stk-block-text stk-block stk-cda1e1a\" data-block-id=\"cda1e1a\"><p class=\"stk-block-text__text has-text-align-justify\">A FATOSZ turisztikai honlapja kifejezetten a falusi turizmusra alapozva ker\u00fclt kifejleszt\u00e9sre. A honlapon a sz\u00e1ll\u00e1shelyek mellett programaj\u00e1nl\u00f3k, v\u00e9djeggyel kapcsolatos inform\u00e1ci\u00f3k \u00e9s tradicion\u00e1lis magyar receptek is megtal\u00e1lhat\u00f3k. Itt a helye az \u00d6n sz\u00e1ll\u00e1shely\u00e9nek is! Ne habozzon, ig\u00e9nyelje a vend\u00e9gh\u00e1z\u00e1nak min\u0151s\u00edt\u00e9s\u00e9t!<\/p><\/div>\n\n\n\n<div class=\"wp-block-stackable-text stk-block-text stk-block stk-c25a027\" data-block-id=\"c25a027\"><p class=\"stk-block-text__text has-text-align-justify\"><strong>FACEBOOK<\/strong><\/p><\/div>\n\n\n\n<div class=\"wp-block-stackable-text stk-block-text stk-block stk-d61b9b0\" data-block-id=\"d61b9b0\"><p class=\"stk-block-text__text has-text-align-justify\">A&nbsp;<a href=\"http:\/\/www.facebook.com\/falusiturizmus.hu\">www.facebook.com\/falusiturizmus.hu<\/a>&nbsp;honlapon folyamatosan n\u00f6vekv\u0151 rajong\u00f3t\u00e1borral el\u00e9rhet\u0151 a FATOSZ Facebook oldala! Folyamatosan jelentkez\u00fcnk h\u00edrekkel, \u00e9rdekess\u00e9gekkel a falusi turizmus vil\u00e1g\u00e1b\u00f3l. Rendszeresen mutatunk be min\u0151s\u00edtett, V\u00e9djeggyel rendelkez\u0151 sz\u00e1ll\u00e1shelyeket, valamint ezek k\u00f6zel\u00e9ben tal\u00e1lhat\u00f3 programokat. Ha szeretn\u00e9 megosztani \u00d6n is rajong\u00f3inkkal aj\u00e1nlatait, csak \u00edrjon Facebook csapatunknak \u00e9s mi k\u00f6zz\u00e9tessz\u00fck!<\/p><\/div>\n\n\n\n<div class=\"wp-block-stackable-text stk-block-text stk-block stk-adad21f\" data-block-id=\"adad21f\"><p class=\"stk-block-text__text has-text-align-justify\"><strong>INSTAGRAM<\/strong><\/p><\/div>\n\n\n\n<div class=\"wp-block-stackable-text stk-block-text stk-block stk-85c2f39\" data-block-id=\"85c2f39\"><p class=\"stk-block-text__text has-text-align-justify\">A&nbsp;<a href=\"http:\/\/www.instagram.com\/falusiesagroturizmus\/?hl=hu\">www.instagram.com\/falusiesagroturizmus\/?hl=hu<\/a>&nbsp;oldalon folyamatosan megosztjuk a Sz\u00f6vets\u00e9g tagjainak vend\u00e9gh\u00e1zait, \u00e9s vid\u00e9ki programlehet\u0151s\u00e9geket is aj\u00e1nlunk \u00e9rdekl\u0151d\u0151inknek. &nbsp;Amennyiben \u00d6n is szeretn\u00e9, hogy megosszuk az aj\u00e1nlatait, vegye fel a kapcsolatot az Iroda munkat\u00e1rsaival \u00e9s megosztjuk!<\/p><\/div>\n\n\n\n<div class=\"wp-block-stackable-text stk-block-text stk-block stk-c608cd4\" data-block-id=\"c608cd4\"><p class=\"stk-block-text__text has-text-align-justify\"><strong>MEGJELEN\u00c9SI LEHET\u0150S\u00c9G KI\u00c1LL\u00cdT\u00c1SOKON, RENDEZV\u00c9NYEKEN<\/strong><\/p><\/div>\n\n\n\n<div class=\"wp-block-stackable-text stk-block-text stk-block stk-b003a5d\" data-block-id=\"b003a5d\"><p class=\"stk-block-text__text has-text-align-justify\">A FATOSZ minden \u00e9vben sz\u00e1mos turisztikai rendezv\u00e9nyen vesz r\u00e9szt \u00f6n\u00e1ll\u00f3an vagy partnereivel \u00f6sszefogva. Ezeken az esem\u00e9nyeken sz\u00e1ll\u00e1sad\u00f3inknak is lehet\u0151s\u00e9get adunk a szem\u00e9lyes megjelen\u00e9sre \u00e9s\/vagy prospektusaik, sz\u00f3r\u00f3anyagaik elhelyez\u00e9s\u00e9re! Sz\u00f6vets\u00e9g\u00fcnk t\u00f6bbet k\u00f6z\u00f6tt jelen volt 6 pulttal az Orsz\u00e1gos Mez\u0151gazdas\u00e1gi \u00e9s \u00c9lelmiszeripari Ki\u00e1ll\u00edt\u00e1son, ahol t\u00e9r\u00edt\u00e9smentesen \u00e1ll\u00edthattak ki a tagjaink.<\/p><\/div>\n\n\n\n<div class=\"wp-block-stackable-text stk-block-text stk-block stk-45ea881\" data-block-id=\"45ea881\"><p class=\"stk-block-text__text has-text-align-justify\"><strong>\u00c9RDEKK\u00c9PVISELET<\/strong><\/p><\/div>\n\n\n\n<div class=\"wp-block-stackable-text stk-block-text stk-block stk-1f6057c\" data-block-id=\"1f6057c\"><p class=\"stk-block-text__text has-text-align-justify\">A FATOSZ 1994 \u00f3ta v\u00e9di tagjainak az \u00e9rdekeit. A falusi sz\u00e1ll\u00e1sad\u00e1st, vend\u00e9gl\u00e1t\u00e1st \u00e9rint\u0151 jogszab\u00e1lyokr\u00f3l rendszeresen v\u00e9lem\u00e9nyt form\u00e1l, el\u0151zetesen a tervezetekr\u0151l, a megl\u00e9v\u0151kn\u00e9l pedig azzal a sz\u00e1nd\u00e9kkal, hogy seg\u00edtsen kedvez\u0151bb\u00e9 form\u00e1lni a jogi k\u00f6rnyezetet. Tan\u00e1csad\u00e1ssal seg\u00edt\u00fcnk kiv\u00e9deni a t\u00falbuzg\u00f3 hat\u00f3s\u00e1gi fell\u00e9p\u00e9seket, amikor val\u00f3j\u00e1b\u00f3l semmilyen okuk, joguk, lehet\u0151s\u00e9g\u00fck nem lenne vegz\u00e1lni tagjainkat. Hasonl\u00f3 a helyzet a falusi turizmust \u00e9rint\u0151 p\u00e1ly\u00e1zati ki\u00edr\u00e1sok felt\u00e9teleinek kialak\u00edt\u00e1s\u00e1n\u00e1l \u00e9s az elnyert p\u00e1ly\u00e1zatok megval\u00f3s\u00edt\u00e1s\u00e1n\u00e1l is. K\u00f6zhaszn\u00fa st\u00e1tuszunkat igyeksz\u00fcnk tagjaink jav\u00e1ra kamatoztatni.<\/p><\/div>\n\n\n\n<div class=\"wp-block-stackable-text stk-block-text stk-block stk-8ab6ef2\" data-block-id=\"8ab6ef2\"><p class=\"stk-block-text__text has-text-align-justify\"><strong>HASZN\u00c1LJA NAPRAFORG\u00d3IT!<\/strong><\/p><\/div>\n\n\n\n<div class=\"wp-block-stackable-text stk-block-text stk-block stk-6ee7d10\" data-block-id=\"6ee7d10\"><p class=\"stk-block-text__text has-text-align-justify\">A napraforg\u00f3k amellett, hogy a sz\u00e1ll\u00e1shely min\u0151s\u00e9g\u00e9t jel\u00f6lik, kiv\u00e1l\u00f3 marketingeszk\u00f6z\u00f6k is egyben. A tudatos turist\u00e1k k\u00f6r\u00e9ben egyre ismertebb szimb\u00f3lum a napraforg\u00f3, \u00edgy sokak utaz\u00e1si d\u00f6nt\u00e9s\u00e9ben szerepet j\u00e1tszik, hogy a kiv\u00e1lasztott sz\u00e1ll\u00e1shelynek van-e napraforg\u00f3s min\u0151s\u00edt\u00e9se. Ahhoz, hogy az \u00d6n sz\u00e1ll\u00e1shelye m\u00e9g vonz\u00f3bb legyen a turist\u00e1k k\u00f6r\u00e9ben, haszn\u00e1lja napraforg\u00f3s besorol\u00e1s\u00e1t honlapj\u00e1n, nyomtatott prospektusaiban, illetve sz\u00e1ll\u00e1shelye egy\u00e9b rekl\u00e1mfel\u00fcletein, valamint a sz\u00e1ll\u00e1shely \u00e9p\u00fclet\u00e9re vagy a kapura is j\u00f3l l\u00e1that\u00f3 helyre tegye a min\u0151s\u00edt\u00e9st jelz\u0151 t\u00e1bl\u00e1t!<\/p><\/div>\n\n\n\n<div class=\"wp-block-stackable-text stk-block-text stk-block stk-5c018d1\" data-block-id=\"5c018d1\"><p class=\"stk-block-text__text has-text-align-justify\"><strong>A BUDAPESTI K\u00d6ZPONTI IRODA TOV\u00c1BBI SZOLG\u00c1LTAT\u00c1SAI<\/strong><\/p><\/div>\n\n\n\n<div class=\"wp-block-stackable-text stk-block-text stk-block stk-0eaf8a9\" data-block-id=\"0eaf8a9\"><p class=\"stk-block-text__text has-text-align-justify\">Egy\u00e9ni sz\u00f3r\u00f3lapok, kiadv\u00e1nyok elhelyez\u00e9se inform\u00e1ci\u00f3s irod\u00e1nkban.<\/p><\/div>\n\n\n\n<div class=\"wp-block-stackable-text stk-block-text stk-block stk-a1d102a\" data-block-id=\"a1d102a\"><p class=\"stk-block-text__text has-text-align-justify\"><strong>NEMZETI TURISZTIKAI ADATSZOLG\u00c1LTAT\u00d3 K\u00d6ZPONT TAN\u00c1CSAD\u00c1S<\/strong><\/p><\/div>\n\n\n\n<div class=\"wp-block-stackable-text stk-block-text stk-block stk-1b05eac\" data-block-id=\"1b05eac\"><p class=\"stk-block-text__text has-text-align-justify\">Mint ahogy \u00d6n\u00f6k is tudj\u00e1k az NTAK fokozatosan ker\u00fcl bevezet\u00e9sre, a falusi sz\u00e1ll\u00e1shelyeknek december 1. \u00e9s 31. k\u00f6z\u00f6tt kellett regisztr\u00e1lniuk, az adatszolg\u00e1ltat\u00e1s pedig 2020. janu\u00e1r 1-j\u00e9t\u0151l kezd\u0151d\u00f6tt. A tagjaink r\u00e9sz\u00e9re ezzel kapcsolatban is k\u00fcld\u00fcnk t\u00e1j\u00e9koztat\u00e1st \u00e9s seg\u00edt\u00fcnk a felmer\u00fcl\u0151 probl\u00e9m\u00e1k kezel\u00e9s\u00e9ben!<\/p><\/div>\n\n\n\n<div class=\"wp-block-stackable-text stk-block-text stk-block stk-5c74eec\" data-block-id=\"5c74eec\"><p class=\"stk-block-text__text has-text-align-justify\"><strong>FATOSZ ONLINE PROGRAMAJ\u00c1NL\u00d3 TURISZTIKAI H\u00cdRLEV\u00c9L<\/strong><\/p><\/div>\n\n\n\n<div class=\"wp-block-stackable-text stk-block-text stk-block stk-ba06f17\" data-block-id=\"ba06f17\"><p class=\"stk-block-text__text has-text-align-justify\">Sz\u00f6vets\u00e9g\u00fcnk k\u00e9thetente k\u00fcldi ki turisztikai programaj\u00e1nl\u00f3j\u00e1t t\u00f6bb ezer turista sz\u00e1m\u00e1ra (jelenleg felf\u00fcggesztve). Amennyiben az \u00d6n telep\u00fcl\u00e9s\u00e9n is rendeznek \u00e9rdekes programokat \u00e9s szeretn\u00e9k rekl\u00e1mozni, el tudja k\u00fcldeni r\u00e9sz\u00fcnkre \u00e9s betessz\u00fck a programaj\u00e1nl\u00f3kba \u00e9s\/vagy a szakmai h\u00edrlevel\u00fcnkbe, hiszen ott is tal\u00e1lhat\u00f3 egy havi programaj\u00e1nl\u00f3.<\/p><\/div>\n\n\n\n<div class=\"wp-block-stackable-text stk-block-text stk-block stk-5d14b93\" data-block-id=\"5d14b93\"><p class=\"stk-block-text__text has-text-align-justify\"><strong>FATOSZ SZAKMAI H\u00cdRLEV\u00c9L<\/strong><\/p><\/div>\n\n\n\n<div class=\"wp-block-stackable-text stk-block-text stk-block stk-a02db73\" data-block-id=\"a02db73\"><p class=\"stk-block-text__text has-text-align-justify\">A FATOSZ tagjai havi rendszeress\u00e9ggel kapj\u00e1k meg online szakmai h\u00edrlevel\u00fcnket, melyben naprak\u00e9sz inform\u00e1ci\u00f3kkal szolg\u00e1lunk p\u00e1ly\u00e1zati lehet\u0151s\u00e9gekr\u0151l, h\u00edrekr\u0151l, jogszab\u00e1lyi v\u00e1ltoz\u00e1sokr\u00f3l, ad\u00f3z\u00e1si k\u00e9rd\u00e9sekr\u0151l egyar\u00e1nt. Olvassa el \u00d6n is, \u00e9s legyen k\u00e9pben!<\/p><\/div>\n\n\n\n<div class=\"wp-block-stackable-text stk-block-text stk-block stk-62e6f62\" data-block-id=\"62e6f62\"><p class=\"stk-block-text__text has-text-align-justify\"><strong>SZ\u00c1LL\u00c1SKATAL\u00d3GUS<\/strong><\/p><\/div>\n\n\n\n<div class=\"wp-block-stackable-text stk-block-text stk-block stk-9e73338\" data-block-id=\"9e73338\"><p class=\"stk-block-text__text has-text-align-justify\">Minden \u00e9vben megjelen\u0151 sz\u00e1ll\u00e1skatal\u00f3gusukban tagjainknak a megjelen\u00e9s\u00e9rt kedvezm\u00e9nyes \u00e1rat adunk! A k\u00f6vetkez\u0151 sz\u00e1ll\u00e1skatal\u00f3gusunk a Tourinform irod\u00e1kban megtal\u00e1lhat\u00f3 lesz.<\/p><\/div>\n\n\n\n<p><\/p>","protected":false},"excerpt":{"rendered":"<p>Mi\u00e9rt \u00e9ri meg tagnak lenni? MEGSP\u00d3ROLHATJA AZ ARTISJUSNAK FIZETEND\u0150 \u00c9VES D\u00cdJ \u00be-\u00c9T! Az ARTISJUS \u00e9s a FATOSZ k\u00fcl\u00f6n meg\u00e1llapod\u00e1s\u00e1nak k\u00f6sz\u00f6nhet\u0151en a FATOSZ tagjai t\u00f6red\u00e9k \u00e1ron letudhatj\u00e1k \u00e9ves szerz\u0151i jogi fizet\u00e9si k\u00f6telezetts\u00e9geiket a TV-k\u00e9sz\u00fcl\u00e9kek, a sz\u00e1m\u00edt\u00f3g\u00e9pek stb. ut\u00e1n. Id\u00e9n egy tagunk majd 50 ezer forintot is megsp\u00f3rolhatott szobasz\u00e1mt\u00f3l f\u00fcgg\u0151en \u00e9ves szinten. WWW.FALUSITURIZMUS.EU&nbsp;WEBOLDAL A FATOSZ turisztikai honlapja [&hellip;]<\/p>\n","protected":false},"author":1,"featured_media":0,"parent":0,"menu_order":0,"comment_status":"closed","ping_status":"closed","template":"","meta":{"_monsterinsights_skip_tracking":false,"_monsterinsights_sitenote_active":false,"_monsterinsights_sitenote_note":"","_monsterinsights_sitenote_category":0,"footnotes":""},"class_list":["post-30154","page","type-page","status-publish","hentry"],"blocksy_meta":[],"yoast_head":"<!-- This site is optimized with the Yoast SEO plugin v27.0 - https:\/\/yoast.com\/product\/yoast-seo-wordpress\/ -->\n<title>Tags\u00e1g el\u0151nyei - Falusi \u00e9s Agroturizmus Orsz\u00e1gos Sz\u00f6vets\u00e9ge<\/title>\n<meta name=\"robots\" content=\"index, follow, max-snippet:-1, max-image-preview:large, max-video-preview:-1\" \/>\n<link rel=\"canonical\" href=\"https:\/\/falusiturizmus.eu\/en\/tagsag-elonyei\/\" \/>\n<meta property=\"og:locale\" content=\"en_GB\" \/>\n<meta property=\"og:type\" content=\"article\" \/>\n<meta property=\"og:title\" content=\"Tags\u00e1g el\u0151nyei - Falusi \u00e9s Agroturizmus Orsz\u00e1gos Sz\u00f6vets\u00e9ge\" \/>\n<meta property=\"og:description\" content=\"Mi\u00e9rt \u00e9ri meg tagnak lenni? MEGSP\u00d3ROLHATJA AZ ARTISJUSNAK FIZETEND\u0150 \u00c9VES D\u00cdJ \u00be-\u00c9T! Az ARTISJUS \u00e9s a FATOSZ k\u00fcl\u00f6n meg\u00e1llapod\u00e1s\u00e1nak k\u00f6sz\u00f6nhet\u0151en a FATOSZ tagjai t\u00f6red\u00e9k \u00e1ron letudhatj\u00e1k \u00e9ves szerz\u0151i jogi fizet\u00e9si k\u00f6telezetts\u00e9geiket a TV-k\u00e9sz\u00fcl\u00e9kek, a sz\u00e1m\u00edt\u00f3g\u00e9pek stb. ut\u00e1n. Id\u00e9n egy tagunk majd 50 ezer forintot is megsp\u00f3rolhatott szobasz\u00e1mt\u00f3l f\u00fcgg\u0151en \u00e9ves szinten. WWW.FALUSITURIZMUS.EU&nbsp;WEBOLDAL A FATOSZ turisztikai honlapja [&hellip;]\" \/>\n<meta property=\"og:url\" content=\"https:\/\/falusiturizmus.eu\/en\/tagsag-elonyei\/\" \/>\n<meta property=\"og:site_name\" content=\"Falusi \u00e9s Agroturizmus Orsz\u00e1gos Sz\u00f6vets\u00e9ge\" \/>\n<meta property=\"article:publisher\" content=\"https:\/\/www.facebook.com\/falusiturizmus.hu\" \/>\n<meta name=\"twitter:card\" content=\"summary_large_image\" \/>\n<meta name=\"twitter:label1\" content=\"Estimated reading time\" \/>\n\t<meta name=\"twitter:data1\" content=\"5 minutes\" \/>\n<script type=\"application\/ld+json\" class=\"yoast-schema-graph\">{\"@context\":\"https:\/\/schema.org\",\"@graph\":[{\"@type\":\"WebPage\",\"@id\":\"https:\/\/falusiturizmus.eu\/tagsag-elonyei\/\",\"url\":\"https:\/\/falusiturizmus.eu\/tagsag-elonyei\/\",\"name\":\"Tags\u00e1g el\u0151nyei - Falusi \u00e9s Agroturizmus Orsz\u00e1gos Sz\u00f6vets\u00e9ge\",\"isPartOf\":{\"@id\":\"https:\/\/falusiturizmus.eu\/#website\"},\"datePublished\":\"2026-01-29T15:40:12+00:00\",\"breadcrumb\":{\"@id\":\"https:\/\/falusiturizmus.eu\/tagsag-elonyei\/#breadcrumb\"},\"inLanguage\":\"en-GB\",\"potentialAction\":[{\"@type\":\"ReadAction\",\"target\":[\"https:\/\/falusiturizmus.eu\/tagsag-elonyei\/\"]}]},{\"@type\":\"BreadcrumbList\",\"@id\":\"https:\/\/falusiturizmus.eu\/tagsag-elonyei\/#breadcrumb\",\"itemListElement\":[{\"@type\":\"ListItem\",\"position\":1,\"name\":\"Kezd\u0151lap\",\"item\":\"https:\/\/falusiturizmus.eu\/\"},{\"@type\":\"ListItem\",\"position\":2,\"name\":\"Tags\u00e1g el\u0151nyei\"}]},{\"@type\":\"WebSite\",\"@id\":\"https:\/\/falusiturizmus.eu\/#website\",\"url\":\"https:\/\/falusiturizmus.eu\/\",\"name\":\"Falusi \u00e9s Agroturizmus Orsz\u00e1gos Sz\u00f6vets\u00e9ge\",\"description\":\"\",\"publisher\":{\"@id\":\"https:\/\/falusiturizmus.eu\/#organization\"},\"potentialAction\":[{\"@type\":\"SearchAction\",\"target\":{\"@type\":\"EntryPoint\",\"urlTemplate\":\"https:\/\/falusiturizmus.eu\/?s={search_term_string}\"},\"query-input\":{\"@type\":\"PropertyValueSpecification\",\"valueRequired\":true,\"valueName\":\"search_term_string\"}}],\"inLanguage\":\"en-GB\"},{\"@type\":\"Organization\",\"@id\":\"https:\/\/falusiturizmus.eu\/#organization\",\"name\":\"Falusi \u00e9s Agroturizmus Orsz\u00e1gos Sz\u00f6vets\u00e9ge\",\"url\":\"https:\/\/falusiturizmus.eu\/\",\"logo\":{\"@type\":\"ImageObject\",\"inLanguage\":\"en-GB\",\"@id\":\"https:\/\/falusiturizmus.eu\/#\/schema\/logo\/image\/\",\"url\":\"https:\/\/falusiturizmus.eu\/wp-content\/uploads\/2026\/01\/logo.png\",\"contentUrl\":\"https:\/\/falusiturizmus.eu\/wp-content\/uploads\/2026\/01\/logo.png\",\"width\":512,\"height\":521,\"caption\":\"Falusi \u00e9s Agroturizmus Orsz\u00e1gos Sz\u00f6vets\u00e9ge\"},\"image\":{\"@id\":\"https:\/\/falusiturizmus.eu\/#\/schema\/logo\/image\/\"},\"sameAs\":[\"https:\/\/www.facebook.com\/falusiturizmus.hu\",\"https:\/\/www.instagram.com\/falusiesagroturizmus\/?hl=hu\",\"https:\/\/www.youtube.com\/channel\/UCsCVuuFdNNsrFCqOOBDbPtw\"]}]}<\/script>\n<!-- \/ Yoast SEO plugin. -->","yoast_head_json":{"title":"Tags\u00e1g el\u0151nyei - Falusi \u00e9s Agroturizmus Orsz\u00e1gos Sz\u00f6vets\u00e9ge","robots":{"index":"index","follow":"follow","max-snippet":"max-snippet:-1","max-image-preview":"max-image-preview:large","max-video-preview":"max-video-preview:-1"},"canonical":"https:\/\/falusiturizmus.eu\/en\/tagsag-elonyei\/","og_locale":"en_GB","og_type":"article","og_title":"Tags\u00e1g el\u0151nyei - Falusi \u00e9s Agroturizmus Orsz\u00e1gos Sz\u00f6vets\u00e9ge","og_description":"Mi\u00e9rt \u00e9ri meg tagnak lenni? MEGSP\u00d3ROLHATJA AZ ARTISJUSNAK FIZETEND\u0150 \u00c9VES D\u00cdJ \u00be-\u00c9T! Az ARTISJUS \u00e9s a FATOSZ k\u00fcl\u00f6n meg\u00e1llapod\u00e1s\u00e1nak k\u00f6sz\u00f6nhet\u0151en a FATOSZ tagjai t\u00f6red\u00e9k \u00e1ron letudhatj\u00e1k \u00e9ves szerz\u0151i jogi fizet\u00e9si k\u00f6telezetts\u00e9geiket a TV-k\u00e9sz\u00fcl\u00e9kek, a sz\u00e1m\u00edt\u00f3g\u00e9pek stb. ut\u00e1n. Id\u00e9n egy tagunk majd 50 ezer forintot is megsp\u00f3rolhatott szobasz\u00e1mt\u00f3l f\u00fcgg\u0151en \u00e9ves szinten. WWW.FALUSITURIZMUS.EU&nbsp;WEBOLDAL A FATOSZ turisztikai honlapja [&hellip;]","og_url":"https:\/\/falusiturizmus.eu\/en\/tagsag-elonyei\/","og_site_name":"Falusi \u00e9s Agroturizmus Orsz\u00e1gos Sz\u00f6vets\u00e9ge","article_publisher":"https:\/\/www.facebook.com\/falusiturizmus.hu","twitter_card":"summary_large_image","twitter_misc":{"Estimated reading time":"5 minutes"},"schema":{"@context":"https:\/\/schema.org","@graph":[{"@type":"WebPage","@id":"https:\/\/falusiturizmus.eu\/tagsag-elonyei\/","url":"https:\/\/falusiturizmus.eu\/tagsag-elonyei\/","name":"Tags\u00e1g el\u0151nyei - Falusi \u00e9s Agroturizmus Orsz\u00e1gos Sz\u00f6vets\u00e9ge","isPartOf":{"@id":"https:\/\/falusiturizmus.eu\/#website"},"datePublished":"2026-01-29T15:40:12+00:00","breadcrumb":{"@id":"https:\/\/falusiturizmus.eu\/tagsag-elonyei\/#breadcrumb"},"inLanguage":"en-GB","potentialAction":[{"@type":"ReadAction","target":["https:\/\/falusiturizmus.eu\/tagsag-elonyei\/"]}]},{"@type":"BreadcrumbList","@id":"https:\/\/falusiturizmus.eu\/tagsag-elonyei\/#breadcrumb","itemListElement":[{"@type":"ListItem","position":1,"name":"Kezd\u0151lap","item":"https:\/\/falusiturizmus.eu\/"},{"@type":"ListItem","position":2,"name":"Tags\u00e1g el\u0151nyei"}]},{"@type":"WebSite","@id":"https:\/\/falusiturizmus.eu\/#website","url":"https:\/\/falusiturizmus.eu\/","name":"Falusi \u00e9s Agroturizmus Orsz\u00e1gos Sz\u00f6vets\u00e9ge","description":"","publisher":{"@id":"https:\/\/falusiturizmus.eu\/#organization"},"potentialAction":[{"@type":"SearchAction","target":{"@type":"EntryPoint","urlTemplate":"https:\/\/falusiturizmus.eu\/?s={search_term_string}"},"query-input":{"@type":"PropertyValueSpecification","valueRequired":true,"valueName":"search_term_string"}}],"inLanguage":"en-GB"},{"@type":"Organization","@id":"https:\/\/falusiturizmus.eu\/#organization","name":"Falusi \u00e9s Agroturizmus Orsz\u00e1gos Sz\u00f6vets\u00e9ge","url":"https:\/\/falusiturizmus.eu\/","logo":{"@type":"ImageObject","inLanguage":"en-GB","@id":"https:\/\/falusiturizmus.eu\/#\/schema\/logo\/image\/","url":"https:\/\/falusiturizmus.eu\/wp-content\/uploads\/2026\/01\/logo.png","contentUrl":"https:\/\/falusiturizmus.eu\/wp-content\/uploads\/2026\/01\/logo.png","width":512,"height":521,"caption":"Falusi \u00e9s Agroturizmus Orsz\u00e1gos Sz\u00f6vets\u00e9ge"},"image":{"@id":"https:\/\/falusiturizmus.eu\/#\/schema\/logo\/image\/"},"sameAs":["https:\/\/www.facebook.com\/falusiturizmus.hu","https:\/\/www.instagram.com\/falusiesagroturizmus\/?hl=hu","https:\/\/www.youtube.com\/channel\/UCsCVuuFdNNsrFCqOOBDbPtw"]}]}},"_links":{"self":[{"href":"https:\/\/falusiturizmus.eu\/en\/wp-json\/wp\/v2\/pages\/30154","targetHints":{"allow":["GET"]}}],"collection":[{"href":"https:\/\/falusiturizmus.eu\/en\/wp-json\/wp\/v2\/pages"}],"about":[{"href":"https:\/\/falusiturizmus.eu\/en\/wp-json\/wp\/v2\/types\/page"}],"author":[{"embeddable":true,"href":"https:\/\/falusiturizmus.eu\/en\/wp-json\/wp\/v2\/users\/1"}],"replies":[{"embeddable":true,"href":"https:\/\/falusiturizmus.eu\/en\/wp-json\/wp\/v2\/comments?post=30154"}],"version-history":[{"count":1,"href":"https:\/\/falusiturizmus.eu\/en\/wp-json\/wp\/v2\/pages\/30154\/revisions"}],"predecessor-version":[{"id":30155,"href":"https:\/\/falusiturizmus.eu\/en\/wp-json\/wp\/v2\/pages\/30154\/revisions\/30155"}],"wp:attachment":[{"href":"https:\/\/falusiturizmus.eu\/en\/wp-json\/wp\/v2\/media?parent=30154"}],"curies":[{"name":"wp","href":"https:\/\/api.w.org\/{rel}","templated":true}]}}