{"id":30150,"date":"2026-01-29T15:36:20","date_gmt":"2026-01-29T15:36:20","guid":{"rendered":"https:\/\/falusiturizmus.korosmentivallalkozaserosites.hu\/?page_id=30150"},"modified":"2026-01-29T15:36:20","modified_gmt":"2026-01-29T15:36:20","slug":"videki-turizmus-katalogus-2024","status":"publish","type":"page","link":"https:\/\/falusiturizmus.eu\/en\/videki-turizmus-katalogus-2024\/","title":{"rendered":"Vid\u00e9ki turizmus katal\u00f3gus 2024"},"content":{"rendered":"<div class=\"wp-block-stackable-text stk-block-text stk-block stk-c210178\" data-block-id=\"c210178\"><p class=\"stk-block-text__text has-text-align-center\">Elk\u00e9sz\u00fclt a Falusi \u00e9s Agroturizmus Orsz\u00e1gos Sz\u00f6vets\u00e9g\u00e9nek &#8211; Vid\u00e9ki turizmus katal\u00f3gusa!<\/p><\/div>\n\n\n\n<div class=\"wp-block-stackable-text stk-block-text stk-block stk-a0e604a\" data-block-id=\"a0e604a\"><p class=\"stk-block-text__text has-text-align-center\">2024. \u00e9vre \u00faj tartalommal \u00e9s megjelen\u00e9ssel k\u00e9sz\u00fclt el az inform\u00e1ci\u00f3s anyag.&nbsp;<\/p><\/div>\n\n\n\n<div class=\"wp-block-stackable-text stk-block-text stk-block stk-2744486\" data-block-id=\"2744486\"><p class=\"stk-block-text__text has-text-align-center\">A katal\u00f3gusban sz\u00e1ll\u00e1shely-szolg\u00e1ltat\u00f3k, termel\u0151k, program- \u00e9s egy\u00e9b szolg\u00e1ltat\u00f3k jelennek meg hat\u00e1runkon bel\u00fcl \u00e9s k\u00edv\u00fcli magyar ajk\u00fa ter\u00fcletekr\u0151l.&nbsp;<\/p><\/div>\n\n\n\n<div class=\"wp-block-stackable-text stk-block-text stk-block stk-f6a18a9\" data-block-id=\"f6a18a9\"><p class=\"stk-block-text__text has-text-align-center\">A Vid\u00e9ki turizmus katal\u00f3gus el\u00e9rhet\u0151 K\u00f6zponti Irod\u00e1nkban (1077 Budapest, Kir\u00e1ly utca 93.), illetve ORSZ\u00c1GOSAN A TOURINFORM Irod\u00e1kba is jelen van. Online let\u00f6lthet\u0151 \/ lapozhat\u00f3 form\u00e1ban itt tudj\u00e1k szem\u00fcgyre venni az elk\u00e9sz\u00fclt katal\u00f3gust:&nbsp;<\/p><\/div>\n\n\n\n<div class=\"wp-block-stackable-text stk-block-text stk-block stk-72d52d2\" data-block-id=\"72d52d2\"><p class=\"stk-block-text__text has-text-align-center\"><a href=\"https:\/\/publuu.com\/flip-book\/383444\/885111\">MEGN\u00c9ZEM A KATAL\u00d3GUST<\/a><\/p><\/div>\n\n\n\n<p>\u00dcdv\u00f6zlettel:<br>FATOSZ csapata<\/p>\n\n\n\n<p><\/p>","protected":false},"excerpt":{"rendered":"<p>Elk\u00e9sz\u00fclt a Falusi \u00e9s Agroturizmus Orsz\u00e1gos Sz\u00f6vets\u00e9g\u00e9nek &#8211; Vid\u00e9ki turizmus katal\u00f3gusa! 2024. \u00e9vre \u00faj tartalommal \u00e9s megjelen\u00e9ssel k\u00e9sz\u00fclt el az inform\u00e1ci\u00f3s anyag.&nbsp; A katal\u00f3gusban sz\u00e1ll\u00e1shely-szolg\u00e1ltat\u00f3k, termel\u0151k, program- \u00e9s egy\u00e9b szolg\u00e1ltat\u00f3k jelennek meg hat\u00e1runkon bel\u00fcl \u00e9s k\u00edv\u00fcli magyar ajk\u00fa ter\u00fcletekr\u0151l.&nbsp; A Vid\u00e9ki turizmus katal\u00f3gus el\u00e9rhet\u0151 K\u00f6zponti Irod\u00e1nkban (1077 Budapest, Kir\u00e1ly utca 93.), illetve ORSZ\u00c1GOSAN A TOURINFORM [&hellip;]<\/p>\n","protected":false},"author":1,"featured_media":0,"parent":0,"menu_order":0,"comment_status":"closed","ping_status":"closed","template":"","meta":{"_monsterinsights_skip_tracking":false,"_monsterinsights_sitenote_active":false,"_monsterinsights_sitenote_note":"","_monsterinsights_sitenote_category":0,"footnotes":""},"class_list":["post-30150","page","type-page","status-publish","hentry"],"blocksy_meta":[],"yoast_head":"<!-- This site is optimized with the Yoast SEO plugin v27.0 - https:\/\/yoast.com\/product\/yoast-seo-wordpress\/ -->\n<title>Vid\u00e9ki turizmus katal\u00f3gus 2024 - Falusi \u00e9s Agroturizmus Orsz\u00e1gos Sz\u00f6vets\u00e9ge<\/title>\n<meta name=\"robots\" content=\"index, follow, max-snippet:-1, max-image-preview:large, max-video-preview:-1\" \/>\n<link rel=\"canonical\" href=\"https:\/\/falusiturizmus.eu\/en\/videki-turizmus-katalogus-2024\/\" \/>\n<meta property=\"og:locale\" content=\"en_GB\" \/>\n<meta property=\"og:type\" content=\"article\" \/>\n<meta property=\"og:title\" content=\"Vid\u00e9ki turizmus katal\u00f3gus 2024 - Falusi \u00e9s Agroturizmus Orsz\u00e1gos Sz\u00f6vets\u00e9ge\" \/>\n<meta property=\"og:description\" content=\"Elk\u00e9sz\u00fclt a Falusi \u00e9s Agroturizmus Orsz\u00e1gos Sz\u00f6vets\u00e9g\u00e9nek &#8211; Vid\u00e9ki turizmus katal\u00f3gusa! 2024. \u00e9vre \u00faj tartalommal \u00e9s megjelen\u00e9ssel k\u00e9sz\u00fclt el az inform\u00e1ci\u00f3s anyag.&nbsp; A katal\u00f3gusban sz\u00e1ll\u00e1shely-szolg\u00e1ltat\u00f3k, termel\u0151k, program- \u00e9s egy\u00e9b szolg\u00e1ltat\u00f3k jelennek meg hat\u00e1runkon bel\u00fcl \u00e9s k\u00edv\u00fcli magyar ajk\u00fa ter\u00fcletekr\u0151l.&nbsp; A Vid\u00e9ki turizmus katal\u00f3gus el\u00e9rhet\u0151 K\u00f6zponti Irod\u00e1nkban (1077 Budapest, Kir\u00e1ly utca 93.), illetve ORSZ\u00c1GOSAN A TOURINFORM [&hellip;]\" \/>\n<meta property=\"og:url\" content=\"https:\/\/falusiturizmus.eu\/en\/videki-turizmus-katalogus-2024\/\" \/>\n<meta property=\"og:site_name\" content=\"Falusi \u00e9s Agroturizmus Orsz\u00e1gos Sz\u00f6vets\u00e9ge\" \/>\n<meta property=\"article:publisher\" content=\"https:\/\/www.facebook.com\/falusiturizmus.hu\" \/>\n<meta name=\"twitter:card\" content=\"summary_large_image\" \/>\n<meta name=\"twitter:label1\" content=\"Estimated reading time\" \/>\n\t<meta name=\"twitter:data1\" content=\"1 minute\" \/>\n<script type=\"application\/ld+json\" class=\"yoast-schema-graph\">{\"@context\":\"https:\/\/schema.org\",\"@graph\":[{\"@type\":\"WebPage\",\"@id\":\"https:\/\/falusiturizmus.eu\/videki-turizmus-katalogus-2024\/\",\"url\":\"https:\/\/falusiturizmus.eu\/videki-turizmus-katalogus-2024\/\",\"name\":\"Vid\u00e9ki turizmus katal\u00f3gus 2024 - Falusi \u00e9s Agroturizmus Orsz\u00e1gos Sz\u00f6vets\u00e9ge\",\"isPartOf\":{\"@id\":\"https:\/\/falusiturizmus.eu\/#website\"},\"datePublished\":\"2026-01-29T15:36:20+00:00\",\"breadcrumb\":{\"@id\":\"https:\/\/falusiturizmus.eu\/videki-turizmus-katalogus-2024\/#breadcrumb\"},\"inLanguage\":\"en-GB\",\"potentialAction\":[{\"@type\":\"ReadAction\",\"target\":[\"https:\/\/falusiturizmus.eu\/videki-turizmus-katalogus-2024\/\"]}]},{\"@type\":\"BreadcrumbList\",\"@id\":\"https:\/\/falusiturizmus.eu\/videki-turizmus-katalogus-2024\/#breadcrumb\",\"itemListElement\":[{\"@type\":\"ListItem\",\"position\":1,\"name\":\"Kezd\u0151lap\",\"item\":\"https:\/\/falusiturizmus.eu\/\"},{\"@type\":\"ListItem\",\"position\":2,\"name\":\"Vid\u00e9ki turizmus katal\u00f3gus 2024\"}]},{\"@type\":\"WebSite\",\"@id\":\"https:\/\/falusiturizmus.eu\/#website\",\"url\":\"https:\/\/falusiturizmus.eu\/\",\"name\":\"Falusi \u00e9s Agroturizmus Orsz\u00e1gos Sz\u00f6vets\u00e9ge\",\"description\":\"\",\"publisher\":{\"@id\":\"https:\/\/falusiturizmus.eu\/#organization\"},\"potentialAction\":[{\"@type\":\"SearchAction\",\"target\":{\"@type\":\"EntryPoint\",\"urlTemplate\":\"https:\/\/falusiturizmus.eu\/?s={search_term_string}\"},\"query-input\":{\"@type\":\"PropertyValueSpecification\",\"valueRequired\":true,\"valueName\":\"search_term_string\"}}],\"inLanguage\":\"en-GB\"},{\"@type\":\"Organization\",\"@id\":\"https:\/\/falusiturizmus.eu\/#organization\",\"name\":\"Falusi \u00e9s Agroturizmus Orsz\u00e1gos Sz\u00f6vets\u00e9ge\",\"url\":\"https:\/\/falusiturizmus.eu\/\",\"logo\":{\"@type\":\"ImageObject\",\"inLanguage\":\"en-GB\",\"@id\":\"https:\/\/falusiturizmus.eu\/#\/schema\/logo\/image\/\",\"url\":\"https:\/\/falusiturizmus.eu\/wp-content\/uploads\/2026\/01\/logo.png\",\"contentUrl\":\"https:\/\/falusiturizmus.eu\/wp-content\/uploads\/2026\/01\/logo.png\",\"width\":512,\"height\":521,\"caption\":\"Falusi \u00e9s Agroturizmus Orsz\u00e1gos Sz\u00f6vets\u00e9ge\"},\"image\":{\"@id\":\"https:\/\/falusiturizmus.eu\/#\/schema\/logo\/image\/\"},\"sameAs\":[\"https:\/\/www.facebook.com\/falusiturizmus.hu\",\"https:\/\/www.instagram.com\/falusiesagroturizmus\/?hl=hu\",\"https:\/\/www.youtube.com\/channel\/UCsCVuuFdNNsrFCqOOBDbPtw\"]}]}<\/script>\n<!-- \/ Yoast SEO plugin. -->","yoast_head_json":{"title":"Vid\u00e9ki turizmus katal\u00f3gus 2024 - Falusi \u00e9s Agroturizmus Orsz\u00e1gos Sz\u00f6vets\u00e9ge","robots":{"index":"index","follow":"follow","max-snippet":"max-snippet:-1","max-image-preview":"max-image-preview:large","max-video-preview":"max-video-preview:-1"},"canonical":"https:\/\/falusiturizmus.eu\/en\/videki-turizmus-katalogus-2024\/","og_locale":"en_GB","og_type":"article","og_title":"Vid\u00e9ki turizmus katal\u00f3gus 2024 - Falusi \u00e9s Agroturizmus Orsz\u00e1gos Sz\u00f6vets\u00e9ge","og_description":"Elk\u00e9sz\u00fclt a Falusi \u00e9s Agroturizmus Orsz\u00e1gos Sz\u00f6vets\u00e9g\u00e9nek &#8211; Vid\u00e9ki turizmus katal\u00f3gusa! 2024. \u00e9vre \u00faj tartalommal \u00e9s megjelen\u00e9ssel k\u00e9sz\u00fclt el az inform\u00e1ci\u00f3s anyag.&nbsp; A katal\u00f3gusban sz\u00e1ll\u00e1shely-szolg\u00e1ltat\u00f3k, termel\u0151k, program- \u00e9s egy\u00e9b szolg\u00e1ltat\u00f3k jelennek meg hat\u00e1runkon bel\u00fcl \u00e9s k\u00edv\u00fcli magyar ajk\u00fa ter\u00fcletekr\u0151l.&nbsp; A Vid\u00e9ki turizmus katal\u00f3gus el\u00e9rhet\u0151 K\u00f6zponti Irod\u00e1nkban (1077 Budapest, Kir\u00e1ly utca 93.), illetve ORSZ\u00c1GOSAN A TOURINFORM [&hellip;]","og_url":"https:\/\/falusiturizmus.eu\/en\/videki-turizmus-katalogus-2024\/","og_site_name":"Falusi \u00e9s Agroturizmus Orsz\u00e1gos Sz\u00f6vets\u00e9ge","article_publisher":"https:\/\/www.facebook.com\/falusiturizmus.hu","twitter_card":"summary_large_image","twitter_misc":{"Estimated reading time":"1 minute"},"schema":{"@context":"https:\/\/schema.org","@graph":[{"@type":"WebPage","@id":"https:\/\/falusiturizmus.eu\/videki-turizmus-katalogus-2024\/","url":"https:\/\/falusiturizmus.eu\/videki-turizmus-katalogus-2024\/","name":"Vid\u00e9ki turizmus katal\u00f3gus 2024 - Falusi \u00e9s Agroturizmus Orsz\u00e1gos Sz\u00f6vets\u00e9ge","isPartOf":{"@id":"https:\/\/falusiturizmus.eu\/#website"},"datePublished":"2026-01-29T15:36:20+00:00","breadcrumb":{"@id":"https:\/\/falusiturizmus.eu\/videki-turizmus-katalogus-2024\/#breadcrumb"},"inLanguage":"en-GB","potentialAction":[{"@type":"ReadAction","target":["https:\/\/falusiturizmus.eu\/videki-turizmus-katalogus-2024\/"]}]},{"@type":"BreadcrumbList","@id":"https:\/\/falusiturizmus.eu\/videki-turizmus-katalogus-2024\/#breadcrumb","itemListElement":[{"@type":"ListItem","position":1,"name":"Kezd\u0151lap","item":"https:\/\/falusiturizmus.eu\/"},{"@type":"ListItem","position":2,"name":"Vid\u00e9ki turizmus katal\u00f3gus 2024"}]},{"@type":"WebSite","@id":"https:\/\/falusiturizmus.eu\/#website","url":"https:\/\/falusiturizmus.eu\/","name":"Falusi \u00e9s Agroturizmus Orsz\u00e1gos Sz\u00f6vets\u00e9ge","description":"","publisher":{"@id":"https:\/\/falusiturizmus.eu\/#organization"},"potentialAction":[{"@type":"SearchAction","target":{"@type":"EntryPoint","urlTemplate":"https:\/\/falusiturizmus.eu\/?s={search_term_string}"},"query-input":{"@type":"PropertyValueSpecification","valueRequired":true,"valueName":"search_term_string"}}],"inLanguage":"en-GB"},{"@type":"Organization","@id":"https:\/\/falusiturizmus.eu\/#organization","name":"Falusi \u00e9s Agroturizmus Orsz\u00e1gos Sz\u00f6vets\u00e9ge","url":"https:\/\/falusiturizmus.eu\/","logo":{"@type":"ImageObject","inLanguage":"en-GB","@id":"https:\/\/falusiturizmus.eu\/#\/schema\/logo\/image\/","url":"https:\/\/falusiturizmus.eu\/wp-content\/uploads\/2026\/01\/logo.png","contentUrl":"https:\/\/falusiturizmus.eu\/wp-content\/uploads\/2026\/01\/logo.png","width":512,"height":521,"caption":"Falusi \u00e9s Agroturizmus Orsz\u00e1gos Sz\u00f6vets\u00e9ge"},"image":{"@id":"https:\/\/falusiturizmus.eu\/#\/schema\/logo\/image\/"},"sameAs":["https:\/\/www.facebook.com\/falusiturizmus.hu","https:\/\/www.instagram.com\/falusiesagroturizmus\/?hl=hu","https:\/\/www.youtube.com\/channel\/UCsCVuuFdNNsrFCqOOBDbPtw"]}]}},"_links":{"self":[{"href":"https:\/\/falusiturizmus.eu\/en\/wp-json\/wp\/v2\/pages\/30150","targetHints":{"allow":["GET"]}}],"collection":[{"href":"https:\/\/falusiturizmus.eu\/en\/wp-json\/wp\/v2\/pages"}],"about":[{"href":"https:\/\/falusiturizmus.eu\/en\/wp-json\/wp\/v2\/types\/page"}],"author":[{"embeddable":true,"href":"https:\/\/falusiturizmus.eu\/en\/wp-json\/wp\/v2\/users\/1"}],"replies":[{"embeddable":true,"href":"https:\/\/falusiturizmus.eu\/en\/wp-json\/wp\/v2\/comments?post=30150"}],"version-history":[{"count":1,"href":"https:\/\/falusiturizmus.eu\/en\/wp-json\/wp\/v2\/pages\/30150\/revisions"}],"predecessor-version":[{"id":30151,"href":"https:\/\/falusiturizmus.eu\/en\/wp-json\/wp\/v2\/pages\/30150\/revisions\/30151"}],"wp:attachment":[{"href":"https:\/\/falusiturizmus.eu\/en\/wp-json\/wp\/v2\/media?parent=30150"}],"curies":[{"name":"wp","href":"https:\/\/api.w.org\/{rel}","templated":true}]}}