{"id":30129,"date":"2026-01-29T12:59:51","date_gmt":"2026-01-29T12:59:51","guid":{"rendered":"https:\/\/falusiturizmus.korosmentivallalkozaserosites.hu\/?page_id=30129"},"modified":"2026-02-23T09:00:39","modified_gmt":"2026-02-23T09:00:39","slug":"hirlevel","status":"publish","type":"page","link":"https:\/\/falusiturizmus.eu\/en\/hirlevel\/","title":{"rendered":"H\u00edrlev\u00e9l"},"content":{"rendered":"<div class=\"wp-block-stackable-text stk-block-text stk-block stk-7024cec\" data-block-id=\"7024cec\"><p class=\"stk-block-text__text has-text-align-justify\">Havi rendszeress\u00e9ggel \u00e1ll\u00edtjuk \u00f6ssze szakmai h\u00edrlevel\u00fcnket, amelyben feliratkoz\u00f3ink aktu\u00e1lis h\u00edreket olvashatnak.<\/p><\/div>\n\n\n\n<div class=\"wp-block-stackable-text stk-block-text stk-block stk-c46f414\" data-block-id=\"c46f414\"><p class=\"stk-block-text__text has-text-align-justify\">\u00d6sszegy\u0171jtj\u00fck a relev\u00e1ns inform\u00e1ci\u00f3kat, amely \u00e9rdekes lehet mindenkinek, akik szeretn\u00e9nek t\u00e1j\u00e9koz\u00f3dni legf\u0151k\u00e9pp a falusi turizmus t\u00e9mak\u00f6r\u00e9ben. Azonban k\u00f6sz\u00f6nhet\u0151en a v\u00e1ltozatos tartalmaknak, biztosan tal\u00e1lhat olyat, amely felkelti az \u00e9rdekl\u0151d\u00e9s\u00e9t!<\/p><\/div>\n\n\n\n<div class=\"wp-block-stackable-text stk-block-text stk-block stk-4853a48\" data-block-id=\"4853a48\"><p class=\"stk-block-text__text has-text-align-justify\">N\u00e9zz\u00e9k meg az aktu\u00e1lis szakmai h\u00edrlevel\u00fcnket \u2013\u00a0<a href=\"https:\/\/kmpba.wgx.hu\/page.php?message_ID=80&amp;code=7a3eee1ad47e8981k7e9ae867ad796ea96679a\" type=\"link\" id=\"https:\/\/kmpba.wgx.hu\/page.php?message_ID=80&amp;code=7a3eee1ad47e8981k7e9ae867ad796ea96679a\">Kiemelt h\u00edrlev\u00e9l &#8211; 2026 &#8211; turizmusfejleszt\u00e9si hozz\u00e1j\u00e1rul\u00e1<\/a><a href=\"https:\/\/kmpba.wgx.hu\/page.php?message_ID=79&amp;code=abb68eb5cc5246b78b57ekb6b67da6a57aaf6f\">s<\/a><\/p><\/div>\n\n\n\n<p><strong>Kor\u00e1bbi h\u00edrleveleink:\u00a0<\/strong><\/p>\n\n\n\n<p><a href=\"https:\/\/kmpba.wgx.hu\/page.php?message_ID=79&amp;code=abb68eb5cc5246b78b57ekb6b67da6a57aaf6f\">2026. rendk\u00edv\u00fcli h\u00edrlev\u00e9l<\/a><a href=\"https:\/\/kmpba.wgx.hu\/page.php?message_ID=71&amp;code=a2858f685a5f8ab7b8ef77a75ba87c6e9k2ee5\"><\/a><\/p>\n\n\n\n<p><a href=\"https:\/\/kmpba.wgx.hu\/page.php?message_ID=78&amp;code=918a27948e8875k1k9ke778aafdk1k9k238596\">2025. december II.<\/a>&nbsp;<\/p>\n\n\n\n<p><a href=\"https:\/\/kmpba.wgx.hu\/page.php?message_ID=77&amp;code=f717k8521f828kf76aaea8764d2k8813847bee\">2025. december I.<\/a><strong><\/strong><\/p>\n\n\n\n<p><a href=\"https:\/\/kmpba.wgx.hu\/page.php?message_ID=75&amp;code=6fa4a4b7fb1f61a78k69faee66a68efd7727a4\">2025. m\u00e1rcius &#8211; \u00e1prilis<\/a><strong><\/strong><\/p>\n\n\n\n<p><a href=\"https:\/\/kmpba.wgx.hu\/page.php?message_ID=74&amp;code=a7f1819d56633ae4bf12fc72b151577df81e6d\">2025. kiemelt szakmai h\u00edrlev\u00e9l&nbsp;<\/a><strong><\/strong><\/p>\n\n\n\n<p><a href=\"https:\/\/kmpba.wgx.hu\/page.php?message_ID=73&amp;code=8a7375a1cke6e846k77f6ak4ke57ba7985158d\">2025. janu\u00e1r &#8211; febru\u00e1r<\/a><strong><\/strong><\/p>\n\n\n\n<p><a href=\"https:\/\/kmpba.wgx.hu\/page.php?message_ID=72&amp;code=k3e4k87fk79f87ke47af5dfb88k7bbfd9kc967\">K\u00fcl\u00f6nleges szakmai h\u00edrlev\u00e9l &#8211; janu\u00e1r (\u00dcgyf\u00e9lkapu+ haszn\u00e1lata)<\/a><strong><\/strong><\/p>\n\n\n\n<p><a href=\"https:\/\/kmpba.wgx.hu\/page.php?message_ID=71&amp;code=a2858f685a5f8ab7b8ef77a75ba87c6e9k2ee5\">Szakmai h\u00edrlev\u00e9l &#8211; 2024. december<\/a><\/p>\n\n\n\n<p><a href=\"https:\/\/kmpba.wgx.hu\/page.php?message_ID=70&amp;code=baak7cc84af76af844k4k76c66f7d9277ae747\">Szakmai h\u00edrlev\u00e9l &#8211; 2024. okt\u00f3ber<\/a><\/p>\n\n\n\n<p><a href=\"https:\/\/kmpba.wgx.hu\/page.php?message_ID=69&amp;code=efba8b7k8a7k6aa78k7k6a8974k61a853ec57a\">Szakmai h\u00edrlev\u00e9l &#8211; 2024. szeptember&nbsp;<\/a><\/p>\n\n\n\n<p><a href=\"https:\/\/kmpba.wgx.hu\/page.php?message_ID=68&amp;code=a2ab5af7e89f8c6ea6k8k69f3968k1bfb876ek\">Szakmai h\u00edrlev\u00e9l &#8211; 2024. augusztus<\/a><\/p>\n\n\n\n<p><a href=\"https:\/\/kmpba.wgx.hu\/page.php?message_ID=67&amp;code=7kac7kk9954aa4a448k71a68bek477k1a74b7b\">Szakmai h\u00edrlev\u00e9l &#8211; 2024. j\u00falius<\/a><\/p>\n\n\n\n<p><a href=\"https:\/\/kmpba.wgx.hu\/page.php?message_ID=66&amp;code=955246fa1b7684e761k65k8k2ef14k44ef5k74\">Szakmai h\u00edrlev\u00e9l &#8211; 2024. j\u00fanius<\/a><\/p>\n\n\n\n<p><a href=\"https:\/\/kmpba.wgx.hu\/page.php?message_ID=65&amp;code=7kka6b577k7b4b51eb5b85e4k48479b1ad684k\">Szakmai h\u00edrlev\u00e9l &#8211; 2024. \u00e1prilis<\/a><\/p>\n\n\n\n<p><a href=\"https:\/\/kmpba.wgx.hu\/page.php?message_ID=63&amp;code=77eke891ka11bekaab7c4bk865kcc7665ba7b8\">Szakmai h\u00edrlev\u00e9l &#8211; 2024. m\u00e1rcius<\/a><\/p>\n\n\n\n<p><a href=\"https:\/\/kmpba.wgx.hu\/page.php?message_ID=62&amp;code=6976bab777746k646c78a57adk9ek18b28a7ee\">Szakmai h\u00edrlev\u00e9l &#8211; 2024. febru\u00e1r<\/a><\/p>\n\n\n\n<p><a href=\"https:\/\/kmpba.wgx.hu\/page.php?message_ID=60&amp;code=a742e47b7fek81k2bacc3a967ba1e7cb4kbk7e\">Szakmai h\u00edrlev\u00e9l &#8211; 2024. janu\u00e1r<\/a><\/p>\n\n\n\n<div class=\"wp-block-stackable-heading stk-block-heading stk-block-heading--v2 stk-block stk-6c857e9\" id=\"szeretne-minden-honapban-megkapni\" data-block-id=\"6c857e9\"><h5 class=\"stk-block-heading__text has-text-align-center\">Szeretn\u00e9 minden h\u00f3napban megkapni?<\/h5><\/div>\n\n\n\n<div class=\"wp-block-stackable-heading stk-block-heading stk-block-heading--v2 stk-block stk-e904893\" id=\"itt-fel-tud-iratkozni\" data-block-id=\"e904893\"><h3 class=\"stk-block-heading__text has-text-align-center\">Itt fel tud iratkozni!<\/h3><\/div>\n\n\n\n<div class=\"wp-block-stackable-columns stk-block-columns stk-block stk-bf50ed6\" data-block-id=\"bf50ed6\"><style>.stk-bf50ed6-column{--stk-column-gap:var(--stk--preset--spacing--60, 2.25rem) !important;}@media screen and (max-width:999px){.stk-bf50ed6-column{row-gap:var(--stk--preset--spacing--50, 1.5rem) !important;}}<\/style><div class=\"stk-row stk-inner-blocks stk-block-content stk-content-align stk-bf50ed6-column\">\n<div class=\"wp-block-stackable-column stk-block-column stk-column stk-block stk-ed94f8e stk-block-background\" data-v=\"4\" data-block-id=\"ed94f8e\"><style>@media screen and (min-width:690px) and (max-width:999px){.stk-ed94f8e {flex:var(--stk-flex-grow, 1) 1 calc(100% - var(--stk-column-gap, 0px) * 0 \/ 1 ) !important;}}<\/style><div class=\"stk-column-wrapper stk-block-column__content stk-container stk-ed94f8e-container stk--no-background stk--no-padding\"><div class=\"stk-block-content stk-inner-blocks stk-ed94f8e-inner-blocks\">\n<div class=\"wp-block-stackable-heading stk-block-heading stk-block-heading--v2 stk-block stk-c20dd94\" id=\"programajanlo\" data-block-id=\"c20dd94\"><h4 class=\"stk-block-heading__text\">Programaj\u00e1nl\u00f3<\/h4><\/div>\n\n\n\n<form action=\"https:\/\/kmpba.wgx.hu\/subscriber.php?g=4&#038;f=9187f13b5b\" method=\"post\">\n  <label>\n    E-mail c\u00edm*:\n    <input type=\"email\" name=\"subscr\" required>\n  <\/label>\n  <br>  <br>\n  <button type=\"submit\" name=\"sub\">Feliratkoz\u00e1s<\/button>\n<\/form>\n<\/div><\/div><\/div>\n\n\n\n<div class=\"wp-block-stackable-column stk-block-column stk-column stk-block stk-6c38d0e stk-block-background\" data-v=\"4\" data-block-id=\"6c38d0e\"><style>@media screen and (min-width:690px) and (max-width:999px){.stk-6c38d0e {flex:var(--stk-flex-grow, 1) 1 calc(100% - var(--stk-column-gap, 0px) * 0 \/ 1 ) !important;}}<\/style><div class=\"stk-column-wrapper stk-block-column__content stk-container stk-6c38d0e-container stk--no-background stk--no-padding\"><div class=\"stk-block-content stk-inner-blocks stk-6c38d0e-inner-blocks\">\n<div class=\"wp-block-stackable-heading stk-block-heading stk-block-heading--v2 stk-block stk-886a033\" id=\"szakmai-hirlevel\" data-block-id=\"886a033\"><h4 class=\"stk-block-heading__text\">Szakmai h\u00edrlev\u00e9l<\/h4><\/div>\n\n\n\n<form action=\"https:\/\/kmpba.wgx.hu\/subscriber.php?g=2&#038;f=75fd627k7a\" method=\"post\">\n  <label>\n    E-mail c\u00edm*:\n    <input type=\"email\" name=\"subscr\" required>\n  <\/label>\n  <br>  <br>\n  <button type=\"submit\" name=\"sub\">Feliratkoz\u00e1s<\/button>\n<\/form>\n<\/div><\/div><\/div>\n<\/div><\/div>\n\n\n\n<div class=\"wp-block-stackable-text stk-block-text stk-block stk-7aaec6e\" data-block-id=\"7aaec6e\"><p class=\"stk-block-text__text has-text-align-justify\">V\u00e1rjuk szeretettel a megjelentetni k\u00edv\u00e1nt h\u00edreket is, legyen sz\u00f3 telep\u00fcl\u00e9sfejleszt\u00e9sr\u0151l, szolg\u00e1ltat\u00e1sb\u0151v\u00edt\u00e9sr\u0151l, p\u00e1ly\u00e1zatr\u00f3l vagy b\u00e1rmir\u0151l, amelynek egy ilyen h\u00edrlev\u00e9lben helye lehet!<\/p><\/div>\n\n\n\n<div class=\"wp-block-stackable-text stk-block-text stk-block stk-47a4e30\" data-block-id=\"47a4e30\"><p class=\"stk-block-text__text has-text-align-justify\">J\u00f3 t\u00e1j\u00e9koz\u00f3d\u00e1st \u00e9s eg\u00e9szs\u00e9get k\u00edv\u00e1nunk mindenkinek!<\/p><\/div>\n\n\n\n<div class=\"wp-block-stackable-text stk-block-text stk-block stk-9ec674f\" data-block-id=\"9ec674f\"><p class=\"stk-block-text__text has-text-align-justify\">\u00dcdv\u00f6zlettel:<br>FATOSZ csapata<\/p><\/div>","protected":false},"excerpt":{"rendered":"<p>Havi rendszeress\u00e9ggel \u00e1ll\u00edtjuk \u00f6ssze szakmai h\u00edrlevel\u00fcnket, amelyben feliratkoz\u00f3ink aktu\u00e1lis h\u00edreket olvashatnak. \u00d6sszegy\u0171jtj\u00fck a relev\u00e1ns inform\u00e1ci\u00f3kat, amely \u00e9rdekes lehet mindenkinek, akik szeretn\u00e9nek t\u00e1j\u00e9koz\u00f3dni legf\u0151k\u00e9pp a falusi turizmus t\u00e9mak\u00f6r\u00e9ben. Azonban k\u00f6sz\u00f6nhet\u0151en a v\u00e1ltozatos tartalmaknak, biztosan tal\u00e1lhat olyat, amely felkelti az \u00e9rdekl\u0151d\u00e9s\u00e9t! N\u00e9zz\u00e9k meg az aktu\u00e1lis szakmai h\u00edrlevel\u00fcnket \u2013\u00a0Kiemelt h\u00edrlev\u00e9l &#8211; 2026 &#8211; turizmusfejleszt\u00e9si hozz\u00e1j\u00e1rul\u00e1s Kor\u00e1bbi h\u00edrleveleink:\u00a0 2026. [&hellip;]<\/p>\n","protected":false},"author":1,"featured_media":0,"parent":0,"menu_order":0,"comment_status":"closed","ping_status":"closed","template":"","meta":{"_monsterinsights_skip_tracking":false,"_monsterinsights_sitenote_active":false,"_monsterinsights_sitenote_note":"","_monsterinsights_sitenote_category":0,"footnotes":""},"class_list":["post-30129","page","type-page","status-publish","hentry"],"blocksy_meta":[],"yoast_head":"<!-- This site is optimized with the Yoast SEO plugin v27.0 - https:\/\/yoast.com\/product\/yoast-seo-wordpress\/ -->\n<title>H\u00edrlev\u00e9l - Falusi \u00e9s Agroturizmus Orsz\u00e1gos Sz\u00f6vets\u00e9ge<\/title>\n<meta name=\"robots\" content=\"index, follow, max-snippet:-1, max-image-preview:large, max-video-preview:-1\" \/>\n<link rel=\"canonical\" href=\"https:\/\/falusiturizmus.eu\/en\/hirlevel\/\" \/>\n<meta property=\"og:locale\" content=\"en_GB\" \/>\n<meta property=\"og:type\" content=\"article\" \/>\n<meta property=\"og:title\" content=\"H\u00edrlev\u00e9l - Falusi \u00e9s Agroturizmus Orsz\u00e1gos Sz\u00f6vets\u00e9ge\" \/>\n<meta property=\"og:description\" content=\"Havi rendszeress\u00e9ggel \u00e1ll\u00edtjuk \u00f6ssze szakmai h\u00edrlevel\u00fcnket, amelyben feliratkoz\u00f3ink aktu\u00e1lis h\u00edreket olvashatnak. \u00d6sszegy\u0171jtj\u00fck a relev\u00e1ns inform\u00e1ci\u00f3kat, amely \u00e9rdekes lehet mindenkinek, akik szeretn\u00e9nek t\u00e1j\u00e9koz\u00f3dni legf\u0151k\u00e9pp a falusi turizmus t\u00e9mak\u00f6r\u00e9ben. Azonban k\u00f6sz\u00f6nhet\u0151en a v\u00e1ltozatos tartalmaknak, biztosan tal\u00e1lhat olyat, amely felkelti az \u00e9rdekl\u0151d\u00e9s\u00e9t! N\u00e9zz\u00e9k meg az aktu\u00e1lis szakmai h\u00edrlevel\u00fcnket \u2013\u00a0Kiemelt h\u00edrlev\u00e9l &#8211; 2026 &#8211; turizmusfejleszt\u00e9si hozz\u00e1j\u00e1rul\u00e1s Kor\u00e1bbi h\u00edrleveleink:\u00a0 2026. [&hellip;]\" \/>\n<meta property=\"og:url\" content=\"https:\/\/falusiturizmus.eu\/en\/hirlevel\/\" \/>\n<meta property=\"og:site_name\" content=\"Falusi \u00e9s Agroturizmus Orsz\u00e1gos Sz\u00f6vets\u00e9ge\" \/>\n<meta property=\"article:publisher\" content=\"https:\/\/www.facebook.com\/falusiturizmus.hu\" \/>\n<meta property=\"article:modified_time\" content=\"2026-02-23T09:00:39+00:00\" \/>\n<meta name=\"twitter:card\" content=\"summary_large_image\" \/>\n<meta name=\"twitter:label1\" content=\"Estimated reading time\" \/>\n\t<meta name=\"twitter:data1\" content=\"1 minute\" \/>\n<script type=\"application\/ld+json\" class=\"yoast-schema-graph\">{\"@context\":\"https:\/\/schema.org\",\"@graph\":[{\"@type\":\"WebPage\",\"@id\":\"https:\/\/falusiturizmus.eu\/hirlevel\/\",\"url\":\"https:\/\/falusiturizmus.eu\/hirlevel\/\",\"name\":\"H\u00edrlev\u00e9l - Falusi \u00e9s Agroturizmus Orsz\u00e1gos Sz\u00f6vets\u00e9ge\",\"isPartOf\":{\"@id\":\"https:\/\/falusiturizmus.eu\/#website\"},\"datePublished\":\"2026-01-29T12:59:51+00:00\",\"dateModified\":\"2026-02-23T09:00:39+00:00\",\"breadcrumb\":{\"@id\":\"https:\/\/falusiturizmus.eu\/hirlevel\/#breadcrumb\"},\"inLanguage\":\"en-GB\",\"potentialAction\":[{\"@type\":\"ReadAction\",\"target\":[\"https:\/\/falusiturizmus.eu\/hirlevel\/\"]}]},{\"@type\":\"BreadcrumbList\",\"@id\":\"https:\/\/falusiturizmus.eu\/hirlevel\/#breadcrumb\",\"itemListElement\":[{\"@type\":\"ListItem\",\"position\":1,\"name\":\"Kezd\u0151lap\",\"item\":\"https:\/\/falusiturizmus.eu\/\"},{\"@type\":\"ListItem\",\"position\":2,\"name\":\"H\u00edrlev\u00e9l\"}]},{\"@type\":\"WebSite\",\"@id\":\"https:\/\/falusiturizmus.eu\/#website\",\"url\":\"https:\/\/falusiturizmus.eu\/\",\"name\":\"Falusi \u00e9s Agroturizmus Orsz\u00e1gos Sz\u00f6vets\u00e9ge\",\"description\":\"\",\"publisher\":{\"@id\":\"https:\/\/falusiturizmus.eu\/#organization\"},\"potentialAction\":[{\"@type\":\"SearchAction\",\"target\":{\"@type\":\"EntryPoint\",\"urlTemplate\":\"https:\/\/falusiturizmus.eu\/?s={search_term_string}\"},\"query-input\":{\"@type\":\"PropertyValueSpecification\",\"valueRequired\":true,\"valueName\":\"search_term_string\"}}],\"inLanguage\":\"en-GB\"},{\"@type\":\"Organization\",\"@id\":\"https:\/\/falusiturizmus.eu\/#organization\",\"name\":\"Falusi \u00e9s Agroturizmus Orsz\u00e1gos Sz\u00f6vets\u00e9ge\",\"url\":\"https:\/\/falusiturizmus.eu\/\",\"logo\":{\"@type\":\"ImageObject\",\"inLanguage\":\"en-GB\",\"@id\":\"https:\/\/falusiturizmus.eu\/#\/schema\/logo\/image\/\",\"url\":\"https:\/\/falusiturizmus.eu\/wp-content\/uploads\/2026\/01\/logo.png\",\"contentUrl\":\"https:\/\/falusiturizmus.eu\/wp-content\/uploads\/2026\/01\/logo.png\",\"width\":512,\"height\":521,\"caption\":\"Falusi \u00e9s Agroturizmus Orsz\u00e1gos Sz\u00f6vets\u00e9ge\"},\"image\":{\"@id\":\"https:\/\/falusiturizmus.eu\/#\/schema\/logo\/image\/\"},\"sameAs\":[\"https:\/\/www.facebook.com\/falusiturizmus.hu\",\"https:\/\/www.instagram.com\/falusiesagroturizmus\/?hl=hu\",\"https:\/\/www.youtube.com\/channel\/UCsCVuuFdNNsrFCqOOBDbPtw\"]}]}<\/script>\n<!-- \/ Yoast SEO plugin. -->","yoast_head_json":{"title":"H\u00edrlev\u00e9l - Falusi \u00e9s Agroturizmus Orsz\u00e1gos Sz\u00f6vets\u00e9ge","robots":{"index":"index","follow":"follow","max-snippet":"max-snippet:-1","max-image-preview":"max-image-preview:large","max-video-preview":"max-video-preview:-1"},"canonical":"https:\/\/falusiturizmus.eu\/en\/hirlevel\/","og_locale":"en_GB","og_type":"article","og_title":"H\u00edrlev\u00e9l - Falusi \u00e9s Agroturizmus Orsz\u00e1gos Sz\u00f6vets\u00e9ge","og_description":"Havi rendszeress\u00e9ggel \u00e1ll\u00edtjuk \u00f6ssze szakmai h\u00edrlevel\u00fcnket, amelyben feliratkoz\u00f3ink aktu\u00e1lis h\u00edreket olvashatnak. \u00d6sszegy\u0171jtj\u00fck a relev\u00e1ns inform\u00e1ci\u00f3kat, amely \u00e9rdekes lehet mindenkinek, akik szeretn\u00e9nek t\u00e1j\u00e9koz\u00f3dni legf\u0151k\u00e9pp a falusi turizmus t\u00e9mak\u00f6r\u00e9ben. Azonban k\u00f6sz\u00f6nhet\u0151en a v\u00e1ltozatos tartalmaknak, biztosan tal\u00e1lhat olyat, amely felkelti az \u00e9rdekl\u0151d\u00e9s\u00e9t! N\u00e9zz\u00e9k meg az aktu\u00e1lis szakmai h\u00edrlevel\u00fcnket \u2013\u00a0Kiemelt h\u00edrlev\u00e9l &#8211; 2026 &#8211; turizmusfejleszt\u00e9si hozz\u00e1j\u00e1rul\u00e1s Kor\u00e1bbi h\u00edrleveleink:\u00a0 2026. [&hellip;]","og_url":"https:\/\/falusiturizmus.eu\/en\/hirlevel\/","og_site_name":"Falusi \u00e9s Agroturizmus Orsz\u00e1gos Sz\u00f6vets\u00e9ge","article_publisher":"https:\/\/www.facebook.com\/falusiturizmus.hu","article_modified_time":"2026-02-23T09:00:39+00:00","twitter_card":"summary_large_image","twitter_misc":{"Estimated reading time":"1 minute"},"schema":{"@context":"https:\/\/schema.org","@graph":[{"@type":"WebPage","@id":"https:\/\/falusiturizmus.eu\/hirlevel\/","url":"https:\/\/falusiturizmus.eu\/hirlevel\/","name":"H\u00edrlev\u00e9l - Falusi \u00e9s Agroturizmus Orsz\u00e1gos Sz\u00f6vets\u00e9ge","isPartOf":{"@id":"https:\/\/falusiturizmus.eu\/#website"},"datePublished":"2026-01-29T12:59:51+00:00","dateModified":"2026-02-23T09:00:39+00:00","breadcrumb":{"@id":"https:\/\/falusiturizmus.eu\/hirlevel\/#breadcrumb"},"inLanguage":"en-GB","potentialAction":[{"@type":"ReadAction","target":["https:\/\/falusiturizmus.eu\/hirlevel\/"]}]},{"@type":"BreadcrumbList","@id":"https:\/\/falusiturizmus.eu\/hirlevel\/#breadcrumb","itemListElement":[{"@type":"ListItem","position":1,"name":"Kezd\u0151lap","item":"https:\/\/falusiturizmus.eu\/"},{"@type":"ListItem","position":2,"name":"H\u00edrlev\u00e9l"}]},{"@type":"WebSite","@id":"https:\/\/falusiturizmus.eu\/#website","url":"https:\/\/falusiturizmus.eu\/","name":"Falusi \u00e9s Agroturizmus Orsz\u00e1gos Sz\u00f6vets\u00e9ge","description":"","publisher":{"@id":"https:\/\/falusiturizmus.eu\/#organization"},"potentialAction":[{"@type":"SearchAction","target":{"@type":"EntryPoint","urlTemplate":"https:\/\/falusiturizmus.eu\/?s={search_term_string}"},"query-input":{"@type":"PropertyValueSpecification","valueRequired":true,"valueName":"search_term_string"}}],"inLanguage":"en-GB"},{"@type":"Organization","@id":"https:\/\/falusiturizmus.eu\/#organization","name":"Falusi \u00e9s Agroturizmus Orsz\u00e1gos Sz\u00f6vets\u00e9ge","url":"https:\/\/falusiturizmus.eu\/","logo":{"@type":"ImageObject","inLanguage":"en-GB","@id":"https:\/\/falusiturizmus.eu\/#\/schema\/logo\/image\/","url":"https:\/\/falusiturizmus.eu\/wp-content\/uploads\/2026\/01\/logo.png","contentUrl":"https:\/\/falusiturizmus.eu\/wp-content\/uploads\/2026\/01\/logo.png","width":512,"height":521,"caption":"Falusi \u00e9s Agroturizmus Orsz\u00e1gos Sz\u00f6vets\u00e9ge"},"image":{"@id":"https:\/\/falusiturizmus.eu\/#\/schema\/logo\/image\/"},"sameAs":["https:\/\/www.facebook.com\/falusiturizmus.hu","https:\/\/www.instagram.com\/falusiesagroturizmus\/?hl=hu","https:\/\/www.youtube.com\/channel\/UCsCVuuFdNNsrFCqOOBDbPtw"]}]}},"_links":{"self":[{"href":"https:\/\/falusiturizmus.eu\/en\/wp-json\/wp\/v2\/pages\/30129","targetHints":{"allow":["GET"]}}],"collection":[{"href":"https:\/\/falusiturizmus.eu\/en\/wp-json\/wp\/v2\/pages"}],"about":[{"href":"https:\/\/falusiturizmus.eu\/en\/wp-json\/wp\/v2\/types\/page"}],"author":[{"embeddable":true,"href":"https:\/\/falusiturizmus.eu\/en\/wp-json\/wp\/v2\/users\/1"}],"replies":[{"embeddable":true,"href":"https:\/\/falusiturizmus.eu\/en\/wp-json\/wp\/v2\/comments?post=30129"}],"version-history":[{"count":8,"href":"https:\/\/falusiturizmus.eu\/en\/wp-json\/wp\/v2\/pages\/30129\/revisions"}],"predecessor-version":[{"id":35994,"href":"https:\/\/falusiturizmus.eu\/en\/wp-json\/wp\/v2\/pages\/30129\/revisions\/35994"}],"wp:attachment":[{"href":"https:\/\/falusiturizmus.eu\/en\/wp-json\/wp\/v2\/media?parent=30129"}],"curies":[{"name":"wp","href":"https:\/\/api.w.org\/{rel}","templated":true}]}}