{"id":30124,"date":"2026-01-29T12:57:49","date_gmt":"2026-01-29T12:57:49","guid":{"rendered":"https:\/\/falusiturizmus.korosmentivallalkozaserosites.hu\/?page_id=30124"},"modified":"2026-02-24T15:45:30","modified_gmt":"2026-02-24T15:45:30","slug":"vedjegy","status":"publish","type":"page","link":"https:\/\/falusiturizmus.eu\/en\/vedjegy\/","title":{"rendered":"V\u00e9djegy\u00a0inform\u00e1ci\u00f3k"},"content":{"rendered":"<p><strong>A Nemzeti Tan\u00fas\u00edt\u00f3 V\u00e9djegy c\u00e9lja<\/strong><\/p>\n\n\n\n<ul class=\"wp-block-list\">\n<li>\u201efalusi sz\u00e1ll\u00e1shely napraforg\u00f3val \u201d v\u00e9djegy a FATOSZ \u00e1ltal l\u00e9trehozott \u00e9s m\u0171k\u00f6dtetett tan\u00fas\u00edt\u00f3 v\u00e9djegy, amelynek alapvet\u0151 c\u00e9lja, hogy \u2013 \u00f6sszhangban az egyes sz\u00e1ll\u00e1shelyek m\u0171k\u00f6dtet\u00e9s\u00e9r\u0151l sz\u00f3l\u00f3 239\/2009. Korm. rendeletben foglaltakkal \u2013 garanci\u00e1t ny\u00fajtson a sz\u00e1ll\u00e1shelyszolg\u00e1ltat\u00e1s-ny\u00fajt\u00e1s min\u0151s\u00e9g\u00e9nek a szakmai elv\u00e1r\u00e1soknak megfelel\u0151 sz\u00ednvonal\u00e1ra. A v\u00e9djegy tan\u00fas\u00edtja, hogy a szolg\u00e1ltat\u00e1sok min\u0151s\u00edt\u00e9se el\u0151re meghat\u00e1rozott, a FATOSZ kezel\u00e9s\u00e9ben az \u00e1ltala meghat\u00e1rozott szakmai szempontrendszere alapj\u00e1n t\u00f6rt\u00e9nik.<\/li>\n<\/ul>\n\n\n\n<p><strong>A v\u00e9djegy tov\u00e1bbi c\u00e9lkit\u0171z\u00e9sei:<\/strong><\/p>\n\n\n\n<ul class=\"wp-block-list\">\n<li>A kiv\u00e1l\u00f3 min\u0151s\u00e9g\u0171, \u00e9s jelen m\u0171k\u00f6d\u00e9si szab\u00e1lyzatban r\u00f6gz\u00edtett min\u0151s\u00e9gi k\u00f6vetelm\u00e9nyeknek megfelel\u0151 sz\u00e1ll\u00e1shely-szolg\u00e1ltat\u00e1st ny\u00fajt\u00f3 mag\u00e1nszem\u00e9lyek\/ v\u00e1llalkoz\u00e1sok pozit\u00edv megk\u00fcl\u00f6nb\u00f6ztet\u00e9se \u00e9s kiemel\u00e9se a fenti k\u00f6vetelm\u00e9nyeknek meg nem felel\u0151 szolg\u00e1ltat\u00f3kkal szemben.<\/li>\n\n\n\n<li>A tudatos fogyaszt\u00f3i (turista) magatart\u00e1s el\u0151seg\u00edt\u00e9se, a t\u00e1j\u00e9kozott fogyaszt\u00f3i d\u00f6nt\u00e9s meghozatal\u00e1nak megk\u00f6nny\u00edt\u00e9se.<\/li>\n\n\n\n<li>A v\u00e1llalkoz\u00e1sok, szolg\u00e1ltat\u00f3k min\u0151s\u00e9gfejleszt\u00e9sre, magas sz\u00ednvonal\u00fa szolg\u00e1ltat\u00e1sny\u00fajt\u00e1sra valamint \u00e9rt\u00e9kes\u00edt\u00e9sre, fogyaszt\u00f3 (turista) orient\u00e1lt szeml\u00e9letre t\u00f6rt\u00e9n\u0151 \u00f6szt\u00f6nz\u00e9se.<\/li>\n\n\n\n<li>A kit\u0171z\u00f6tt c\u00e9lok el\u00e9r\u00e9se \u00e9rdek\u00e9ben a v\u00e9djegy program v\u00e9grehajt\u00e1sa sor\u00e1n mind a v\u00e9djegyhaszn\u00e1lat jogosults\u00e1g\u00e1t elnyerni k\u00edv\u00e1n\u00f3 v\u00e1llalkoz\u00e1sok \u00e9s szolg\u00e1ltat\u00f3k, mind az \u00e1llami \u00e9s \u00e9rdekv\u00e9delmi szervek, szervezetek tiszteletben kell, hogy tarts\u00e1k az al\u00e1bbi elveket:<\/li>\n\n\n\n<li>A p\u00e1ly\u00e1zati elj\u00e1r\u00e1s\u00e1ban, a v\u00e9djegyhaszn\u00e1lat sor\u00e1n, a v\u00e9djegyhaszn\u00e1lat jogszer\u0171s\u00e9g\u00e9nek ellen\u0151rz\u00e9se k\u00f6r\u00e9ben \u00e9rv\u00e9nyes\u00fclnie kell a szakszer\u0171s\u00e9g, f\u00fcggetlens\u00e9g \u00e9s a p\u00e1rtatlans\u00e1g elv\u00e9nek.<\/li>\n\n\n\n<li>Az el\u0151re r\u00f6gz\u00edtett szakmai szempontrendszer alapj\u00e1n a v\u00e9djegyhaszn\u00e1lat jogszer\u0171s\u00e9g\u00e9t \u00e9s a min\u0151s\u00edt\u00e9si krit\u00e9riumok fenn\u00e1ll\u00e1s\u00e1t rendszeres id\u0151szaki ellen\u0151rz\u00e9s garant\u00e1lja.<\/li>\n\n\n\n<li>A v\u00e9djegyhaszn\u00e1lat jog\u00e1t megszerz\u0151 v\u00e1llalkoz\u00e1sok \u00e9s szolg\u00e1ltat\u00f3k egy\u00fcttm\u0171k\u00f6dnek az ellen\u0151rz\u00e9st, fel\u00fclvizsg\u00e1latot v\u00e9gz\u0151 szervekkel, nem akad\u00e1lyozz\u00e1k a haszn\u00e1lat ellen\u0151rizhet\u0151s\u00e9g\u00e9t.<\/li>\n\n\n\n<li>Valamennyi p\u00e1ly\u00e1z\u00f3 v\u00e1llalja, hogy a r\u00f6gz\u00edtett k\u00f6vetelm\u00e9nyek be nem tart\u00e1sa, jogszab\u00e1lyellenes magatart\u00e1s, jelen m\u0171k\u00f6d\u00e9si szab\u00e1lyzatba \u00fctk\u00f6z\u0151 v\u00e9djegyhaszn\u00e1lat eset\u00e9n a v\u00e9djegyhaszn\u00e1lat visszavonhat\u00f3.<\/li>\n\n\n\n<li>Mind a v\u00e9djegyhaszn\u00e1latra p\u00e1ly\u00e1zat \u00fatj\u00e1n jogosults\u00e1got szerzett, mind a jogosults\u00e1got elvesztett szolg\u00e1ltat\u00f3k neve folyamatosan nyilv\u00e1noss\u00e1gra ker\u00fcl.<\/li>\n\n\n\n<li>Valamennyi p\u00e1ly\u00e1z\u00f3t\u00f3l elv\u00e1rt a min\u0151s\u00e9g- \u00e9s fogyaszt\u00f3 (turista) orient\u00e1lt szeml\u00e9let kialak\u00edt\u00e1sa. A falusi sz\u00e1ll\u00e1shely napraforg\u00f3val tan\u00fas\u00edt\u00f3 v\u00e9djegy jelen m\u0171k\u00f6d\u00e9si szab\u00e1lyzata megfelel valamennyi, a v\u00e9djegyek \u00e9s f\u00f6ldrajzi \u00e1rujelz\u0151k oltalm\u00e1r\u00f3l sz\u00f3l\u00f3 1997. \u00e9vi XI. t\u00f6rv\u00e9ny 101. \u00a7 (5) bekezd\u00e9s\u00e9ben foglalt el\u0151\u00edr\u00e1snak<\/li>\n<\/ul>\n\n\n\n<p><strong>Inform\u00e1ci\u00f3k a falusi sz\u00e1ll\u00e1shelyek \u201cnapraforg\u00f3s \u201d Nemzeti Tan\u00fas\u00edt\u00f3 V\u00e9djegy\u00e9r\u0151l<\/strong><\/p>\n\n\n\n<p><strong>A \u201cnapraforg\u00f3s\u201d Nemzeti Tan\u00fas\u00edt\u00f3 V\u00e9djegy haz\u00e1nkban az egyetlen, egys\u00e9gesen elismert, orsz\u00e1gos min\u0151s\u00e9gbiztos\u00edt\u00e1si rendszer, melynek alapvet\u0151 c\u00e9lja a falusi sz\u00e1ll\u00e1shelyek oszt\u00e1lyba sorol\u00e1sa.<\/strong><\/p>\n\n\n\n<p><strong>Ir\u00e1nymutat\u00f3 a napraforg\u00f3s besorol\u00e1shoz:<\/strong><\/p>\n\n\n\n<p><a href=\"https:\/\/falusiturizmus.eu\/iranymutato\/\" data-type=\"page\" data-id=\"34681\">\u2013 4 napraforg\u00f3<\/a><\/p>\n\n\n\n<p><strong>T\u00e1j\u00e9koztat\u00f3 anyagok, formanyomtatv\u00e1nyok:<\/strong><strong><\/strong><\/p>\n\n\n\n<ul class=\"wp-block-list\">\n<li><a href=\"https:\/\/falusiturizmus.eu\/wp-content\/uploads\/2026\/01\/31a154f3e3e32e3a56a7a201d89974ab.doc\" data-type=\"link\" data-id=\"https:\/\/falusiturizmus.eu\/wp-content\/uploads\/2026\/01\/31a154f3e3e32e3a56a7a201d89974ab.doc\" target=\"_blank\" rel=\"noreferrer noopener\">P\u00e1ly\u00e1zati formanyomtatv\u00e1ny<\/a><\/li>\n\n\n\n<li><a href=\"https:\/\/falusiturizmus.eu\/wp-content\/uploads\/2026\/02\/e2e4516f6e4bec1bc86f1f74cc006bcf.pdf\" type=\"link\" id=\"https:\/\/falusiturizmus.eu\/wp-content\/uploads\/2026\/02\/e2e4516f6e4bec1bc86f1f74cc006bcf.pdf\" target=\"_blank\" rel=\"noreferrer noopener\">Min\u0151s\u00edt\u00e9si alapk\u00f6vetelm\u00e9nyek<\/a><\/li>\n\n\n\n<li><a href=\"https:\/\/falusiturizmus.eu\/megyei-szervezeteink\/\" data-type=\"page\" data-id=\"30157\">Megyei szervezetek el\u00e9rhet\u0151s\u00e9gei<\/a><\/li>\n\n\n\n<li><a href=\"https:\/\/falusiturizmus.eu\/wp-content\/uploads\/2026\/01\/47b387fd5e46a7c6167387b9228ee37f.pdf\" data-type=\"link\" data-id=\"https:\/\/falusiturizmus.eu\/wp-content\/uploads\/2026\/01\/47b387fd5e46a7c6167387b9228ee37f.pdf\" target=\"_blank\" rel=\"noreferrer noopener\">Min\u0151s\u00edt\u00e9s menete<\/a><\/li>\n\n\n\n<li><a href=\"https:\/\/falusiturizmus.eu\/wp-content\/uploads\/2026\/01\/e25ea7f8b4b265fc46a9e4bab3ba279b.pdf\" data-type=\"link\" data-id=\"https:\/\/falusiturizmus.eu\/wp-content\/uploads\/2026\/01\/e25ea7f8b4b265fc46a9e4bab3ba279b.pdf\" target=\"_blank\" rel=\"noreferrer noopener\">Min\u0151s\u00edt\u00e9s d\u00edjt\u00e1bl\u00e1zata<\/a><\/li>\n\n\n\n<li><a href=\"https:\/\/falusiturizmus.eu\/wp-content\/uploads\/2026\/01\/db007dd2de7ce1dc8abaaeee1a149e25.pdf\" data-type=\"link\" data-id=\"https:\/\/falusiturizmus.eu\/wp-content\/uploads\/2026\/01\/db007dd2de7ce1dc8abaaeee1a149e25.pdf\" target=\"_blank\" rel=\"noreferrer noopener\">Min\u0151s\u00edt\u0151 jegyz\u0151k\u00f6nyv<\/a><\/li>\n\n\n\n<li><a href=\"https:\/\/falusiturizmus.eu\/wp-content\/uploads\/2026\/01\/5c97a0adf0610a21e6c1758c296369d6.doc\" data-type=\"link\" data-id=\"https:\/\/falusiturizmus.eu\/wp-content\/uploads\/2026\/01\/5c97a0adf0610a21e6c1758c296369d6.doc\" target=\"_blank\" rel=\"noreferrer noopener\">V\u00e9djegyhaszn\u00e1lati szerz\u0151d\u00e9s<\/a><\/li>\n\n\n\n<li><a href=\"https:\/\/falusiturizmus.eu\/wp-content\/uploads\/2026\/01\/3ec326f1a7c682e6065011ccc5f0e56e.pdf\" data-type=\"link\" data-id=\"https:\/\/falusiturizmus.eu\/wp-content\/uploads\/2026\/01\/3ec326f1a7c682e6065011ccc5f0e56e.pdf\" target=\"_blank\" rel=\"noreferrer noopener\">V\u00e9djegy Szab\u00e1lyzat<\/a><\/li>\n<\/ul>\n\n\n\n<p>239\/2009. (X. 20.) Korm. rendelet a sz\u00e1ll\u00e1shely-szolg\u00e1ltat\u00e1si tev\u00e9kenys\u00e9g folytat\u00e1s\u00e1nak r\u00e9szletes felt\u00e9teleir\u0151l \u00e9s a sz\u00e1ll\u00e1shely-\u00fczemeltet\u00e9si enged\u00e9ly kiad\u00e1s\u00e1nak rendj\u00e9r\u0151l&nbsp;<a href=\"https:\/\/net.jogtar.hu\/jogszabaly?docid=a0900239.kor\">IDE<\/a>&nbsp;kattintva \u00e9rhet\u0151 el<\/p>\n\n\n\n<h5 class=\"wp-block-heading\"><strong>! FIGYELEM !<\/strong><\/h5>\n\n\n\n<p>Amennyiben \u00d6nnek a Vid\u00e9kfejleszt\u00e9si Program 2014-2022 v\u00e1llalt k\u00f6telezetts\u00e9g miatt van sz\u00fcks\u00e9ge a napraforg\u00f3s Nemzeti Tan\u00fas\u00edt\u00f3 V\u00e9djegy megszerz\u00e9s\u00e9re,&nbsp;<strong>2025. augusztus 31-ig van lehet\u0151s\u00e9ge elk\u00fcldeni a kit\u00f6lt\u00f6tt p\u00e1ly\u00e1zati formanyomtatv\u00e1nyt \u00e9s a kapcsol\u00f3d\u00f3 befizet\u00e9sr\u0151l sz\u00f3l\u00f3 igazol\u00e1st<\/strong>&nbsp;az&nbsp;<a href=\"mailto:info@falusiturizmus.hu\">info@falusiturizmus.hu<\/a>&nbsp;e-mail c\u00edmre!<\/p>","protected":false},"excerpt":{"rendered":"<p>A Nemzeti Tan\u00fas\u00edt\u00f3 V\u00e9djegy c\u00e9lja A v\u00e9djegy tov\u00e1bbi c\u00e9lkit\u0171z\u00e9sei: Inform\u00e1ci\u00f3k a falusi sz\u00e1ll\u00e1shelyek \u201cnapraforg\u00f3s \u201d Nemzeti Tan\u00fas\u00edt\u00f3 V\u00e9djegy\u00e9r\u0151l A \u201cnapraforg\u00f3s\u201d Nemzeti Tan\u00fas\u00edt\u00f3 V\u00e9djegy haz\u00e1nkban az egyetlen, egys\u00e9gesen elismert, orsz\u00e1gos min\u0151s\u00e9gbiztos\u00edt\u00e1si rendszer, melynek alapvet\u0151 c\u00e9lja a falusi sz\u00e1ll\u00e1shelyek oszt\u00e1lyba sorol\u00e1sa. Ir\u00e1nymutat\u00f3 a napraforg\u00f3s besorol\u00e1shoz: \u2013 4 napraforg\u00f3 T\u00e1j\u00e9koztat\u00f3 anyagok, formanyomtatv\u00e1nyok: 239\/2009. (X. 20.) Korm. rendelet a [&hellip;]<\/p>\n","protected":false},"author":1,"featured_media":0,"parent":0,"menu_order":0,"comment_status":"closed","ping_status":"closed","template":"","meta":{"_monsterinsights_skip_tracking":false,"_monsterinsights_sitenote_active":false,"_monsterinsights_sitenote_note":"","_monsterinsights_sitenote_category":0,"footnotes":""},"class_list":["post-30124","page","type-page","status-publish","hentry"],"blocksy_meta":[],"yoast_head":"<!-- This site is optimized with the Yoast SEO plugin v27.0 - https:\/\/yoast.com\/product\/yoast-seo-wordpress\/ -->\n<title>V\u00e9djegy\u00a0inform\u00e1ci\u00f3k - Falusi \u00e9s Agroturizmus Orsz\u00e1gos Sz\u00f6vets\u00e9ge<\/title>\n<meta name=\"robots\" content=\"index, follow, max-snippet:-1, max-image-preview:large, max-video-preview:-1\" \/>\n<link rel=\"canonical\" href=\"https:\/\/falusiturizmus.eu\/en\/vedjegy\/\" \/>\n<meta property=\"og:locale\" content=\"en_GB\" \/>\n<meta property=\"og:type\" content=\"article\" \/>\n<meta property=\"og:title\" content=\"V\u00e9djegy\u00a0inform\u00e1ci\u00f3k - Falusi \u00e9s Agroturizmus Orsz\u00e1gos Sz\u00f6vets\u00e9ge\" \/>\n<meta property=\"og:description\" content=\"A Nemzeti Tan\u00fas\u00edt\u00f3 V\u00e9djegy c\u00e9lja A v\u00e9djegy tov\u00e1bbi c\u00e9lkit\u0171z\u00e9sei: Inform\u00e1ci\u00f3k a falusi sz\u00e1ll\u00e1shelyek \u201cnapraforg\u00f3s \u201d Nemzeti Tan\u00fas\u00edt\u00f3 V\u00e9djegy\u00e9r\u0151l A \u201cnapraforg\u00f3s\u201d Nemzeti Tan\u00fas\u00edt\u00f3 V\u00e9djegy haz\u00e1nkban az egyetlen, egys\u00e9gesen elismert, orsz\u00e1gos min\u0151s\u00e9gbiztos\u00edt\u00e1si rendszer, melynek alapvet\u0151 c\u00e9lja a falusi sz\u00e1ll\u00e1shelyek oszt\u00e1lyba sorol\u00e1sa. Ir\u00e1nymutat\u00f3 a napraforg\u00f3s besorol\u00e1shoz: \u2013 4 napraforg\u00f3 T\u00e1j\u00e9koztat\u00f3 anyagok, formanyomtatv\u00e1nyok: 239\/2009. (X. 20.) Korm. rendelet a [&hellip;]\" \/>\n<meta property=\"og:url\" content=\"https:\/\/falusiturizmus.eu\/en\/vedjegy\/\" \/>\n<meta property=\"og:site_name\" content=\"Falusi \u00e9s Agroturizmus Orsz\u00e1gos Sz\u00f6vets\u00e9ge\" \/>\n<meta property=\"article:publisher\" content=\"https:\/\/www.facebook.com\/falusiturizmus.hu\" \/>\n<meta property=\"article:modified_time\" content=\"2026-02-24T15:45:30+00:00\" \/>\n<meta name=\"twitter:card\" content=\"summary_large_image\" \/>\n<meta name=\"twitter:label1\" content=\"Estimated reading time\" \/>\n\t<meta name=\"twitter:data1\" content=\"3 minutes\" \/>\n<script type=\"application\/ld+json\" class=\"yoast-schema-graph\">{\"@context\":\"https:\/\/schema.org\",\"@graph\":[{\"@type\":\"WebPage\",\"@id\":\"https:\/\/falusiturizmus.eu\/vedjegy\/\",\"url\":\"https:\/\/falusiturizmus.eu\/vedjegy\/\",\"name\":\"V\u00e9djegy\u00a0inform\u00e1ci\u00f3k - Falusi \u00e9s Agroturizmus Orsz\u00e1gos Sz\u00f6vets\u00e9ge\",\"isPartOf\":{\"@id\":\"https:\/\/falusiturizmus.eu\/#website\"},\"datePublished\":\"2026-01-29T12:57:49+00:00\",\"dateModified\":\"2026-02-24T15:45:30+00:00\",\"breadcrumb\":{\"@id\":\"https:\/\/falusiturizmus.eu\/vedjegy\/#breadcrumb\"},\"inLanguage\":\"en-GB\",\"potentialAction\":[{\"@type\":\"ReadAction\",\"target\":[\"https:\/\/falusiturizmus.eu\/vedjegy\/\"]}]},{\"@type\":\"BreadcrumbList\",\"@id\":\"https:\/\/falusiturizmus.eu\/vedjegy\/#breadcrumb\",\"itemListElement\":[{\"@type\":\"ListItem\",\"position\":1,\"name\":\"Kezd\u0151lap\",\"item\":\"https:\/\/falusiturizmus.eu\/\"},{\"@type\":\"ListItem\",\"position\":2,\"name\":\"V\u00e9djegy\u00a0inform\u00e1ci\u00f3k\"}]},{\"@type\":\"WebSite\",\"@id\":\"https:\/\/falusiturizmus.eu\/#website\",\"url\":\"https:\/\/falusiturizmus.eu\/\",\"name\":\"Falusi \u00e9s Agroturizmus Orsz\u00e1gos Sz\u00f6vets\u00e9ge\",\"description\":\"\",\"publisher\":{\"@id\":\"https:\/\/falusiturizmus.eu\/#organization\"},\"potentialAction\":[{\"@type\":\"SearchAction\",\"target\":{\"@type\":\"EntryPoint\",\"urlTemplate\":\"https:\/\/falusiturizmus.eu\/?s={search_term_string}\"},\"query-input\":{\"@type\":\"PropertyValueSpecification\",\"valueRequired\":true,\"valueName\":\"search_term_string\"}}],\"inLanguage\":\"en-GB\"},{\"@type\":\"Organization\",\"@id\":\"https:\/\/falusiturizmus.eu\/#organization\",\"name\":\"Falusi \u00e9s Agroturizmus Orsz\u00e1gos Sz\u00f6vets\u00e9ge\",\"url\":\"https:\/\/falusiturizmus.eu\/\",\"logo\":{\"@type\":\"ImageObject\",\"inLanguage\":\"en-GB\",\"@id\":\"https:\/\/falusiturizmus.eu\/#\/schema\/logo\/image\/\",\"url\":\"https:\/\/falusiturizmus.eu\/wp-content\/uploads\/2026\/01\/logo.png\",\"contentUrl\":\"https:\/\/falusiturizmus.eu\/wp-content\/uploads\/2026\/01\/logo.png\",\"width\":512,\"height\":521,\"caption\":\"Falusi \u00e9s Agroturizmus Orsz\u00e1gos Sz\u00f6vets\u00e9ge\"},\"image\":{\"@id\":\"https:\/\/falusiturizmus.eu\/#\/schema\/logo\/image\/\"},\"sameAs\":[\"https:\/\/www.facebook.com\/falusiturizmus.hu\",\"https:\/\/www.instagram.com\/falusiesagroturizmus\/?hl=hu\",\"https:\/\/www.youtube.com\/channel\/UCsCVuuFdNNsrFCqOOBDbPtw\"]}]}<\/script>\n<!-- \/ Yoast SEO plugin. -->","yoast_head_json":{"title":"V\u00e9djegy\u00a0inform\u00e1ci\u00f3k - Falusi \u00e9s Agroturizmus Orsz\u00e1gos Sz\u00f6vets\u00e9ge","robots":{"index":"index","follow":"follow","max-snippet":"max-snippet:-1","max-image-preview":"max-image-preview:large","max-video-preview":"max-video-preview:-1"},"canonical":"https:\/\/falusiturizmus.eu\/en\/vedjegy\/","og_locale":"en_GB","og_type":"article","og_title":"V\u00e9djegy\u00a0inform\u00e1ci\u00f3k - Falusi \u00e9s Agroturizmus Orsz\u00e1gos Sz\u00f6vets\u00e9ge","og_description":"A Nemzeti Tan\u00fas\u00edt\u00f3 V\u00e9djegy c\u00e9lja A v\u00e9djegy tov\u00e1bbi c\u00e9lkit\u0171z\u00e9sei: Inform\u00e1ci\u00f3k a falusi sz\u00e1ll\u00e1shelyek \u201cnapraforg\u00f3s \u201d Nemzeti Tan\u00fas\u00edt\u00f3 V\u00e9djegy\u00e9r\u0151l A \u201cnapraforg\u00f3s\u201d Nemzeti Tan\u00fas\u00edt\u00f3 V\u00e9djegy haz\u00e1nkban az egyetlen, egys\u00e9gesen elismert, orsz\u00e1gos min\u0151s\u00e9gbiztos\u00edt\u00e1si rendszer, melynek alapvet\u0151 c\u00e9lja a falusi sz\u00e1ll\u00e1shelyek oszt\u00e1lyba sorol\u00e1sa. Ir\u00e1nymutat\u00f3 a napraforg\u00f3s besorol\u00e1shoz: \u2013 4 napraforg\u00f3 T\u00e1j\u00e9koztat\u00f3 anyagok, formanyomtatv\u00e1nyok: 239\/2009. (X. 20.) Korm. rendelet a [&hellip;]","og_url":"https:\/\/falusiturizmus.eu\/en\/vedjegy\/","og_site_name":"Falusi \u00e9s Agroturizmus Orsz\u00e1gos Sz\u00f6vets\u00e9ge","article_publisher":"https:\/\/www.facebook.com\/falusiturizmus.hu","article_modified_time":"2026-02-24T15:45:30+00:00","twitter_card":"summary_large_image","twitter_misc":{"Estimated reading time":"3 minutes"},"schema":{"@context":"https:\/\/schema.org","@graph":[{"@type":"WebPage","@id":"https:\/\/falusiturizmus.eu\/vedjegy\/","url":"https:\/\/falusiturizmus.eu\/vedjegy\/","name":"V\u00e9djegy\u00a0inform\u00e1ci\u00f3k - Falusi \u00e9s Agroturizmus Orsz\u00e1gos Sz\u00f6vets\u00e9ge","isPartOf":{"@id":"https:\/\/falusiturizmus.eu\/#website"},"datePublished":"2026-01-29T12:57:49+00:00","dateModified":"2026-02-24T15:45:30+00:00","breadcrumb":{"@id":"https:\/\/falusiturizmus.eu\/vedjegy\/#breadcrumb"},"inLanguage":"en-GB","potentialAction":[{"@type":"ReadAction","target":["https:\/\/falusiturizmus.eu\/vedjegy\/"]}]},{"@type":"BreadcrumbList","@id":"https:\/\/falusiturizmus.eu\/vedjegy\/#breadcrumb","itemListElement":[{"@type":"ListItem","position":1,"name":"Kezd\u0151lap","item":"https:\/\/falusiturizmus.eu\/"},{"@type":"ListItem","position":2,"name":"V\u00e9djegy\u00a0inform\u00e1ci\u00f3k"}]},{"@type":"WebSite","@id":"https:\/\/falusiturizmus.eu\/#website","url":"https:\/\/falusiturizmus.eu\/","name":"Falusi \u00e9s Agroturizmus Orsz\u00e1gos Sz\u00f6vets\u00e9ge","description":"","publisher":{"@id":"https:\/\/falusiturizmus.eu\/#organization"},"potentialAction":[{"@type":"SearchAction","target":{"@type":"EntryPoint","urlTemplate":"https:\/\/falusiturizmus.eu\/?s={search_term_string}"},"query-input":{"@type":"PropertyValueSpecification","valueRequired":true,"valueName":"search_term_string"}}],"inLanguage":"en-GB"},{"@type":"Organization","@id":"https:\/\/falusiturizmus.eu\/#organization","name":"Falusi \u00e9s Agroturizmus Orsz\u00e1gos Sz\u00f6vets\u00e9ge","url":"https:\/\/falusiturizmus.eu\/","logo":{"@type":"ImageObject","inLanguage":"en-GB","@id":"https:\/\/falusiturizmus.eu\/#\/schema\/logo\/image\/","url":"https:\/\/falusiturizmus.eu\/wp-content\/uploads\/2026\/01\/logo.png","contentUrl":"https:\/\/falusiturizmus.eu\/wp-content\/uploads\/2026\/01\/logo.png","width":512,"height":521,"caption":"Falusi \u00e9s Agroturizmus Orsz\u00e1gos Sz\u00f6vets\u00e9ge"},"image":{"@id":"https:\/\/falusiturizmus.eu\/#\/schema\/logo\/image\/"},"sameAs":["https:\/\/www.facebook.com\/falusiturizmus.hu","https:\/\/www.instagram.com\/falusiesagroturizmus\/?hl=hu","https:\/\/www.youtube.com\/channel\/UCsCVuuFdNNsrFCqOOBDbPtw"]}]}},"_links":{"self":[{"href":"https:\/\/falusiturizmus.eu\/en\/wp-json\/wp\/v2\/pages\/30124","targetHints":{"allow":["GET"]}}],"collection":[{"href":"https:\/\/falusiturizmus.eu\/en\/wp-json\/wp\/v2\/pages"}],"about":[{"href":"https:\/\/falusiturizmus.eu\/en\/wp-json\/wp\/v2\/types\/page"}],"author":[{"embeddable":true,"href":"https:\/\/falusiturizmus.eu\/en\/wp-json\/wp\/v2\/users\/1"}],"replies":[{"embeddable":true,"href":"https:\/\/falusiturizmus.eu\/en\/wp-json\/wp\/v2\/comments?post=30124"}],"version-history":[{"count":5,"href":"https:\/\/falusiturizmus.eu\/en\/wp-json\/wp\/v2\/pages\/30124\/revisions"}],"predecessor-version":[{"id":36266,"href":"https:\/\/falusiturizmus.eu\/en\/wp-json\/wp\/v2\/pages\/30124\/revisions\/36266"}],"wp:attachment":[{"href":"https:\/\/falusiturizmus.eu\/en\/wp-json\/wp\/v2\/media?parent=30124"}],"curies":[{"name":"wp","href":"https:\/\/api.w.org\/{rel}","templated":true}]}}