{"id":30119,"date":"2026-01-29T09:42:53","date_gmt":"2026-01-29T09:42:53","guid":{"rendered":"https:\/\/falusiturizmus.korosmentivallalkozaserosites.hu\/?page_id=30119"},"modified":"2026-01-29T09:42:53","modified_gmt":"2026-01-29T09:42:53","slug":"conference","status":"publish","type":"page","link":"https:\/\/falusiturizmus.eu\/en\/conference\/","title":{"rendered":"Conference"},"content":{"rendered":"<h5 class=\"wp-block-heading has-text-align-center\">30th anniversary Professional Conference of the Hungarian National Federation of Rural and Agrotourism<\/h5>\n\n\n\n<div class=\"wp-block-stackable-text stk-block-text stk-block stk-93a2e31\" data-block-id=\"93a2e31\"><p class=\"stk-block-text__text has-text-align-justify\">The National Federation of Rural and Agrotourism (FATOSZ) is celebrating its 30th anniversary this year. On this occasion, we will celebrate the achieved results within the framework of a professional conference, which will be held on the 3rd of October in Budapest.<\/p><\/div>\n\n\n\n<div class=\"wp-block-stackable-text stk-block-text stk-block stk-b30a6db\" data-block-id=\"b30a6db\"><p class=\"stk-block-text__text has-text-align-justify\">The main goal of the conference is to bring together the key players of the tourism industry to share our experiences and to jointly find solutions to the challenges of the future in the field of rural tourism. Your expertise and experience would be of significant value at the event and would greatly contribute to the success of our event.<\/p><\/div>\n\n\n\n<h4 class=\"wp-block-heading has-text-align-center\">Program<\/h4>\n\n\n\n<h5 class=\"wp-block-heading has-text-align-center\">2nd of October, 2024<\/h5>\n\n\n\n<p><strong>Location:&nbsp;<\/strong>Budapest&nbsp;<\/p>\n\n\n\n<ul class=\"wp-block-list\">\n<li>19:00 &#8211; 21:00: SOCIAL EVENT IN BUDAPEST &#8211; Get together event for international participants<\/li>\n<\/ul>\n\n\n\n<h5 class=\"wp-block-heading has-text-align-center\">3rd of October, 2024<\/h5>\n\n\n\n<p><strong>Location:&nbsp;<\/strong>Budapest Business University &#8211; HUNGARY &#8211; BUDAPEST<\/p>\n\n\n\n<p><strong>Conference room: V. auditorium&nbsp;<\/strong><br><strong>Workshop room: nr 124.&nbsp;<\/strong><\/p>\n\n\n\n<ul class=\"wp-block-list\">\n<li>09:00 &#8211; 10:00: Registration<\/li>\n\n\n\n<li>10:00 &#8211; 10:15: OPENING SPEECH- SPEAKER:\u00a0<strong>P\u00c1L FRANK\u00d3\u00a0<\/strong>(Hungarian National Federation of Rural and Agrotourism &#8211; President)<\/li>\n\n\n\n<li>10:15 &#8211; 10:30: WELCOME SPEECH &#8211; SPEAKER:<strong>\u00a0DR. ZOLT\u00c1N GULLER<\/strong>\u00a0(Hungarian Tourism Agency (MT\u00dc) &#8211; Head of MT\u00dc)<\/li>\n\n\n\n<li>10:30 &#8211; 10:45: A DECADE OF COLLABORATION IN THE FIELD OF RURAL TOURISM &#8211; SPEAKER:\u00a0<strong>DR. KORN\u00c9LIA KISS<\/strong>\u00a0(Budapest Business University, KVIK &#8211; Dean)<\/li>\n\n\n\n<li>10:45 &#8211; 11:15: The situation and vision of rural tourism in Europe (in the European Union) &#8211; SPEAKER &#8211;\u00a0<strong>KLAUS EHRLICH\u00a0<\/strong>(Ruraltour &#8211; General Secretary)<\/li>\n\n\n\n<li>11:15 &#8211; 11:45: The rural development effect of rural tourism in Finland &#8211; SPEAKER:\u00a0<strong>KIMMO AALTO<\/strong>\u00a0Ruraltour \u00a0(Vice President)<\/li>\n\n\n\n<li>11:45 &#8211; 12:00: Agriculture and tourism &#8211; SPEAKER:\u00a0<strong>DR: ZSOLT FELDMAN\u00a0<\/strong>(Ministry of Agriculture &#8211; Deputy State Secretary responsible for rural development and agrarium)<\/li>\n\n\n\n<li>12:00- 12:30:\u00a0<em>COFFEE BREAK<\/em><\/li>\n\n\n\n<li>12:30- 12:45: RURAL TOURISM IN ZAKARPATTYA &#8211; SPEAKER:\u00a0<strong>ANDR\u00c1S MESTER<\/strong>\u00a0(Hungarian Tourism Council of Zakarpattya &#8211; President)<\/li>\n\n\n\n<li>12:30 &#8211; 13:30: Round table discussion &#8211; The situation and perception of private and other accommodation in Hungarian domestic tourism\n<ul class=\"wp-block-list\">\n<li><em>P\u00e1l Frank\u00f3 &#8211; National Federation of Rural and Agrotourism, President<\/em><\/li>\n\n\n\n<li><em>Bal\u00e1zs Schumiczky &#8211; Association of Hungarian Apartment Owners, President<\/em><\/li>\n\n\n\n<li><em>Dr. L\u00e1szl\u00f3 Istv\u00e1n Jakabh\u00e1zy &#8211; Association of Responsible Private Accommodation Providers, executive officer<\/em><\/li>\n\n\n\n<li><em>Andrea Bruncsicsn\u00e9 Szek\u00e9r &#8211; H\u00e9v\u00edzi Room Renters Association, President<\/em><\/li>\n\n\n\n<li><em>Klaus Ehrlich &#8211; Ruraltour &#8211; General Secretary<\/em><\/li>\n<\/ul>\n<\/li>\n\n\n\n<li>13:45 &#8211; 14:45:\u00a0<em>LUNCH BREAK<\/em><\/li>\n\n\n\n<li>14:45 &#8211; 15:15: AWARD AND RECOGNITION CEREMONY &#8211; Recognition and awarding of individuals who have made outstanding contributions over the past 30 years<\/li>\n\n\n\n<li>15:15 &#8211; 16:30: \u00a0WORKSHOP FOR INTERNATIONAL PARTICIPANTS &#8211; Rural tourism in Europe, current situation in rural tourism, exchange of experiences &#8211;\u00a0<strong>in room nr 124.\u00a0<\/strong><\/li>\n\n\n\n<li>16:30 &#8211; : CLOSING REMARKS &#8211; SPEAKER:\u00a0<strong>P\u00c1L FRANK\u00d3<\/strong>\u00a0(National Federation of Rural and Agrotourism &#8211; President)<\/li>\n<\/ul>\n\n\n\n<div class=\"wp-block-stackable-text stk-block-text stk-block stk-4562f46\" data-block-id=\"4562f46\"><p class=\"stk-block-text__text has-text-align-justify\">Most of the presentations will be in Hungarian, but translation into English will be provided.<\/p><\/div>\n\n\n\n<div class=\"wp-block-stackable-text stk-block-text stk-block stk-acc0bb9\" data-block-id=\"acc0bb9\"><p class=\"stk-block-text__text has-text-align-justify\"><strong>The participation is free but registration is required!<\/strong><\/p><\/div>\n\n\n\n<div class=\"wp-block-stackable-text stk-block-text stk-block stk-2b88973\" data-block-id=\"2b88973\"><p class=\"stk-block-text__text has-text-align-justify\">If you have any questions, our colleague is at your disposal.<\/p><\/div>\n\n\n\n<div class=\"wp-block-stackable-text stk-block-text stk-block stk-fae4a6c\" data-block-id=\"fae4a6c\"><p class=\"stk-block-text__text has-text-align-justify\"><strong>Contact person:&nbsp;<\/strong>Vir\u00e1g Judit T\u00f3th<\/p><\/div>\n\n\n\n<div class=\"wp-block-stackable-text stk-block-text stk-block stk-ac77b4f\" data-block-id=\"ac77b4f\"><p class=\"stk-block-text__text has-text-align-justify\"><strong>E-mail address:<em>&nbsp;info@falusiturizmus.hu<\/em><\/strong><em>&nbsp;&nbsp;<\/em><\/p><\/div>\n\n\n\n<h6 class=\"wp-block-heading has-text-align-center\">Looking forward to seeing you and celebrating together the 30th anniversary of our Federation!<\/h6>","protected":false},"excerpt":{"rendered":"<p>30th anniversary Professional Conference of the Hungarian National Federation of Rural and Agrotourism The National Federation of Rural and Agrotourism (FATOSZ) is celebrating its 30th anniversary this year. On this occasion, we will celebrate the achieved results within the framework of a professional conference, which will be held on the 3rd of October in Budapest. [&hellip;]<\/p>\n","protected":false},"author":1,"featured_media":0,"parent":0,"menu_order":0,"comment_status":"closed","ping_status":"closed","template":"","meta":{"_monsterinsights_skip_tracking":false,"_monsterinsights_sitenote_active":false,"_monsterinsights_sitenote_note":"","_monsterinsights_sitenote_category":0,"footnotes":""},"class_list":["post-30119","page","type-page","status-publish","hentry"],"blocksy_meta":[],"yoast_head":"<!-- This site is optimized with the Yoast SEO plugin v27.0 - https:\/\/yoast.com\/product\/yoast-seo-wordpress\/ -->\n<title>Conference - Falusi \u00e9s Agroturizmus Orsz\u00e1gos Sz\u00f6vets\u00e9ge<\/title>\n<meta name=\"robots\" content=\"index, follow, max-snippet:-1, max-image-preview:large, max-video-preview:-1\" \/>\n<link rel=\"canonical\" href=\"https:\/\/falusiturizmus.eu\/en\/conference\/\" \/>\n<meta property=\"og:locale\" content=\"en_GB\" \/>\n<meta property=\"og:type\" content=\"article\" \/>\n<meta property=\"og:title\" content=\"Conference - Falusi \u00e9s Agroturizmus Orsz\u00e1gos Sz\u00f6vets\u00e9ge\" \/>\n<meta property=\"og:description\" content=\"30th anniversary Professional Conference of the Hungarian National Federation of Rural and Agrotourism The National Federation of Rural and Agrotourism (FATOSZ) is celebrating its 30th anniversary this year. On this occasion, we will celebrate the achieved results within the framework of a professional conference, which will be held on the 3rd of October in Budapest. [&hellip;]\" \/>\n<meta property=\"og:url\" content=\"https:\/\/falusiturizmus.eu\/en\/conference\/\" \/>\n<meta property=\"og:site_name\" content=\"Falusi \u00e9s Agroturizmus Orsz\u00e1gos Sz\u00f6vets\u00e9ge\" \/>\n<meta property=\"article:publisher\" content=\"https:\/\/www.facebook.com\/falusiturizmus.hu\" \/>\n<meta name=\"twitter:card\" content=\"summary_large_image\" \/>\n<meta name=\"twitter:label1\" content=\"Estimated reading time\" \/>\n\t<meta name=\"twitter:data1\" content=\"2 minutes\" \/>\n<script type=\"application\/ld+json\" class=\"yoast-schema-graph\">{\"@context\":\"https:\/\/schema.org\",\"@graph\":[{\"@type\":\"WebPage\",\"@id\":\"https:\/\/falusiturizmus.eu\/conference\/\",\"url\":\"https:\/\/falusiturizmus.eu\/conference\/\",\"name\":\"Conference - Falusi \u00e9s Agroturizmus Orsz\u00e1gos Sz\u00f6vets\u00e9ge\",\"isPartOf\":{\"@id\":\"https:\/\/falusiturizmus.eu\/#website\"},\"datePublished\":\"2026-01-29T09:42:53+00:00\",\"breadcrumb\":{\"@id\":\"https:\/\/falusiturizmus.eu\/conference\/#breadcrumb\"},\"inLanguage\":\"en-GB\",\"potentialAction\":[{\"@type\":\"ReadAction\",\"target\":[\"https:\/\/falusiturizmus.eu\/conference\/\"]}]},{\"@type\":\"BreadcrumbList\",\"@id\":\"https:\/\/falusiturizmus.eu\/conference\/#breadcrumb\",\"itemListElement\":[{\"@type\":\"ListItem\",\"position\":1,\"name\":\"Kezd\u0151lap\",\"item\":\"https:\/\/falusiturizmus.eu\/\"},{\"@type\":\"ListItem\",\"position\":2,\"name\":\"Conference\"}]},{\"@type\":\"WebSite\",\"@id\":\"https:\/\/falusiturizmus.eu\/#website\",\"url\":\"https:\/\/falusiturizmus.eu\/\",\"name\":\"Falusi \u00e9s Agroturizmus Orsz\u00e1gos Sz\u00f6vets\u00e9ge\",\"description\":\"\",\"publisher\":{\"@id\":\"https:\/\/falusiturizmus.eu\/#organization\"},\"potentialAction\":[{\"@type\":\"SearchAction\",\"target\":{\"@type\":\"EntryPoint\",\"urlTemplate\":\"https:\/\/falusiturizmus.eu\/?s={search_term_string}\"},\"query-input\":{\"@type\":\"PropertyValueSpecification\",\"valueRequired\":true,\"valueName\":\"search_term_string\"}}],\"inLanguage\":\"en-GB\"},{\"@type\":\"Organization\",\"@id\":\"https:\/\/falusiturizmus.eu\/#organization\",\"name\":\"Falusi \u00e9s Agroturizmus Orsz\u00e1gos Sz\u00f6vets\u00e9ge\",\"url\":\"https:\/\/falusiturizmus.eu\/\",\"logo\":{\"@type\":\"ImageObject\",\"inLanguage\":\"en-GB\",\"@id\":\"https:\/\/falusiturizmus.eu\/#\/schema\/logo\/image\/\",\"url\":\"https:\/\/falusiturizmus.eu\/wp-content\/uploads\/2026\/01\/logo.png\",\"contentUrl\":\"https:\/\/falusiturizmus.eu\/wp-content\/uploads\/2026\/01\/logo.png\",\"width\":512,\"height\":521,\"caption\":\"Falusi \u00e9s Agroturizmus Orsz\u00e1gos Sz\u00f6vets\u00e9ge\"},\"image\":{\"@id\":\"https:\/\/falusiturizmus.eu\/#\/schema\/logo\/image\/\"},\"sameAs\":[\"https:\/\/www.facebook.com\/falusiturizmus.hu\",\"https:\/\/www.instagram.com\/falusiesagroturizmus\/?hl=hu\",\"https:\/\/www.youtube.com\/channel\/UCsCVuuFdNNsrFCqOOBDbPtw\"]}]}<\/script>\n<!-- \/ Yoast SEO plugin. -->","yoast_head_json":{"title":"Conference - Falusi \u00e9s Agroturizmus Orsz\u00e1gos Sz\u00f6vets\u00e9ge","robots":{"index":"index","follow":"follow","max-snippet":"max-snippet:-1","max-image-preview":"max-image-preview:large","max-video-preview":"max-video-preview:-1"},"canonical":"https:\/\/falusiturizmus.eu\/en\/conference\/","og_locale":"en_GB","og_type":"article","og_title":"Conference - Falusi \u00e9s Agroturizmus Orsz\u00e1gos Sz\u00f6vets\u00e9ge","og_description":"30th anniversary Professional Conference of the Hungarian National Federation of Rural and Agrotourism The National Federation of Rural and Agrotourism (FATOSZ) is celebrating its 30th anniversary this year. On this occasion, we will celebrate the achieved results within the framework of a professional conference, which will be held on the 3rd of October in Budapest. [&hellip;]","og_url":"https:\/\/falusiturizmus.eu\/en\/conference\/","og_site_name":"Falusi \u00e9s Agroturizmus Orsz\u00e1gos Sz\u00f6vets\u00e9ge","article_publisher":"https:\/\/www.facebook.com\/falusiturizmus.hu","twitter_card":"summary_large_image","twitter_misc":{"Estimated reading time":"2 minutes"},"schema":{"@context":"https:\/\/schema.org","@graph":[{"@type":"WebPage","@id":"https:\/\/falusiturizmus.eu\/conference\/","url":"https:\/\/falusiturizmus.eu\/conference\/","name":"Conference - Falusi \u00e9s Agroturizmus Orsz\u00e1gos Sz\u00f6vets\u00e9ge","isPartOf":{"@id":"https:\/\/falusiturizmus.eu\/#website"},"datePublished":"2026-01-29T09:42:53+00:00","breadcrumb":{"@id":"https:\/\/falusiturizmus.eu\/conference\/#breadcrumb"},"inLanguage":"en-GB","potentialAction":[{"@type":"ReadAction","target":["https:\/\/falusiturizmus.eu\/conference\/"]}]},{"@type":"BreadcrumbList","@id":"https:\/\/falusiturizmus.eu\/conference\/#breadcrumb","itemListElement":[{"@type":"ListItem","position":1,"name":"Kezd\u0151lap","item":"https:\/\/falusiturizmus.eu\/"},{"@type":"ListItem","position":2,"name":"Conference"}]},{"@type":"WebSite","@id":"https:\/\/falusiturizmus.eu\/#website","url":"https:\/\/falusiturizmus.eu\/","name":"Falusi \u00e9s Agroturizmus Orsz\u00e1gos Sz\u00f6vets\u00e9ge","description":"","publisher":{"@id":"https:\/\/falusiturizmus.eu\/#organization"},"potentialAction":[{"@type":"SearchAction","target":{"@type":"EntryPoint","urlTemplate":"https:\/\/falusiturizmus.eu\/?s={search_term_string}"},"query-input":{"@type":"PropertyValueSpecification","valueRequired":true,"valueName":"search_term_string"}}],"inLanguage":"en-GB"},{"@type":"Organization","@id":"https:\/\/falusiturizmus.eu\/#organization","name":"Falusi \u00e9s Agroturizmus Orsz\u00e1gos Sz\u00f6vets\u00e9ge","url":"https:\/\/falusiturizmus.eu\/","logo":{"@type":"ImageObject","inLanguage":"en-GB","@id":"https:\/\/falusiturizmus.eu\/#\/schema\/logo\/image\/","url":"https:\/\/falusiturizmus.eu\/wp-content\/uploads\/2026\/01\/logo.png","contentUrl":"https:\/\/falusiturizmus.eu\/wp-content\/uploads\/2026\/01\/logo.png","width":512,"height":521,"caption":"Falusi \u00e9s Agroturizmus Orsz\u00e1gos Sz\u00f6vets\u00e9ge"},"image":{"@id":"https:\/\/falusiturizmus.eu\/#\/schema\/logo\/image\/"},"sameAs":["https:\/\/www.facebook.com\/falusiturizmus.hu","https:\/\/www.instagram.com\/falusiesagroturizmus\/?hl=hu","https:\/\/www.youtube.com\/channel\/UCsCVuuFdNNsrFCqOOBDbPtw"]}]}},"_links":{"self":[{"href":"https:\/\/falusiturizmus.eu\/en\/wp-json\/wp\/v2\/pages\/30119","targetHints":{"allow":["GET"]}}],"collection":[{"href":"https:\/\/falusiturizmus.eu\/en\/wp-json\/wp\/v2\/pages"}],"about":[{"href":"https:\/\/falusiturizmus.eu\/en\/wp-json\/wp\/v2\/types\/page"}],"author":[{"embeddable":true,"href":"https:\/\/falusiturizmus.eu\/en\/wp-json\/wp\/v2\/users\/1"}],"replies":[{"embeddable":true,"href":"https:\/\/falusiturizmus.eu\/en\/wp-json\/wp\/v2\/comments?post=30119"}],"version-history":[{"count":1,"href":"https:\/\/falusiturizmus.eu\/en\/wp-json\/wp\/v2\/pages\/30119\/revisions"}],"predecessor-version":[{"id":30120,"href":"https:\/\/falusiturizmus.eu\/en\/wp-json\/wp\/v2\/pages\/30119\/revisions\/30120"}],"wp:attachment":[{"href":"https:\/\/falusiturizmus.eu\/en\/wp-json\/wp\/v2\/media?parent=30119"}],"curies":[{"name":"wp","href":"https:\/\/api.w.org\/{rel}","templated":true}]}}