{"id":30045,"date":"2026-01-29T08:59:46","date_gmt":"2026-01-29T08:59:46","guid":{"rendered":"https:\/\/falusiturizmus.korosmentivallalkozaserosites.hu\/?page_id=30045"},"modified":"2026-01-29T08:59:46","modified_gmt":"2026-01-29T08:59:46","slug":"about-hungary","status":"publish","type":"page","link":"https:\/\/falusiturizmus.eu\/en\/about-hungary\/","title":{"rendered":"About Hungary"},"content":{"rendered":"<div class=\"wp-block-stackable-text stk-block-text stk-block stk-8c7250a\" data-block-id=\"8c7250a\"><p class=\"stk-block-text__text has-text-align-justify\">Administratively, Hungary is divided into 19 counties with the capital city of Budapest being independent of any county government. It is a landlocked country, situated in the Carpathian Basin. Its two longest rivers called Danube and Tisza divide Hungary into three parts: Dun\u00e1nt\u00fal (\u201cbeyond the Danube\u201d, Transdanubia), Tisz\u00e1nt\u00fal (\u201cbeyond the Tisza\u201d), and Duna-Tisza k\u00f6ze (\u201cbetween the Danube and Tisza\u201d).<\/p><\/div>\n\n\n\n<div class=\"wp-block-stackable-text stk-block-text stk-block stk-33eb59c\" data-block-id=\"33eb59c\"><p class=\"stk-block-text__text has-text-align-justify\">Transdanubia, which stretches westward from the centre of the country towards Austria, is a primarily hilly region with a terrain varied by low mountains. These include the very eastern stretch of the Alps, Alpokalja, in the west of the country, the Transdanubian Mountains in the central region of Transdanubia, and the Mecsek Mountains and Vill\u00e1ny Mountains in the south. The highest point of the area is the \u00cdrott-k\u0151 in the Alps, at 882 metres. The Little Hungarian Plain (Kisalf\u00f6ld) is found in northern Transdanubia. Lake Balaton and Lake H\u00e9v\u00edz, the largest lake in Central Europe and the largest thermal lake in the world, respectively, are in Transdanubia as well.<\/p><\/div>\n\n\n\n<div class=\"wp-block-stackable-text stk-block-text stk-block stk-3e755aa\" data-block-id=\"3e755aa\"><p class=\"stk-block-text__text has-text-align-justify\">The Duna-Tisza k\u00f6ze and Tisz\u00e1nt\u00fal are characterised mainly by the Great Hungarian Plain (Alf\u00f6ld), which stretches across most of the eastern and southeastern areas of the country. To the north of the Plain are the foothills of the Carpathians in a wide band near the Slovakian border. The K\u00e9kes at 1,014 m is the tallest mountain in Hungary and is found here.<\/p><\/div>\n\n\n\n<div class=\"wp-block-stackable-text stk-block-text stk-block stk-93684b7\" data-block-id=\"93684b7\"><p class=\"stk-block-text__text has-text-align-justify\">Despite its relatively small size, the country is home to numerous World Heritage Sites and UNESCO Biosphere Reserves. If you want to know more about Hungary\u2019s amazing attractions, please visit the \u2018Attractions\u2019 menu<\/p><\/div>\n\n\n\n<div class=\"wp-block-stackable-image stk-block-image stk-block stk-5858ab3\" data-block-id=\"5858ab3\"><style>.stk-5858ab3 .stk-img-wrapper{width:100% !important;}<\/style><figure><span class=\"stk-img-wrapper stk-image--shape-stretch\"><img loading=\"lazy\" decoding=\"async\" class=\"stk-img wp-image-30046\" src=\"https:\/\/falusiturizmus.eu\/wp-content\/uploads\/2026\/01\/8c2a59303859aab0a6962545749f7e29.webp\" width=\"1120\" height=\"420\" srcset=\"https:\/\/falusiturizmus.eu\/wp-content\/uploads\/2026\/01\/8c2a59303859aab0a6962545749f7e29.webp 1120w, https:\/\/falusiturizmus.eu\/wp-content\/uploads\/2026\/01\/8c2a59303859aab0a6962545749f7e29-300x113.webp 300w, https:\/\/falusiturizmus.eu\/wp-content\/uploads\/2026\/01\/8c2a59303859aab0a6962545749f7e29-1024x384.webp 1024w, https:\/\/falusiturizmus.eu\/wp-content\/uploads\/2026\/01\/8c2a59303859aab0a6962545749f7e29-768x288.webp 768w, https:\/\/falusiturizmus.eu\/wp-content\/uploads\/2026\/01\/8c2a59303859aab0a6962545749f7e29-18x7.webp 18w\" sizes=\"auto, (max-width: 1120px) 100vw, 1120px\" \/><\/span><\/figure><\/div>","protected":false},"excerpt":{"rendered":"<p>Administratively, Hungary is divided into 19 counties with the capital city of Budapest being independent of any county government. It is a landlocked country, situated in the Carpathian Basin. Its two longest rivers called Danube and Tisza divide Hungary into three parts: Dun\u00e1nt\u00fal (\u201cbeyond the Danube\u201d, Transdanubia), Tisz\u00e1nt\u00fal (\u201cbeyond the Tisza\u201d), and Duna-Tisza k\u00f6ze (\u201cbetween [&hellip;]<\/p>\n","protected":false},"author":1,"featured_media":0,"parent":0,"menu_order":0,"comment_status":"closed","ping_status":"closed","template":"","meta":{"_monsterinsights_skip_tracking":false,"_monsterinsights_sitenote_active":false,"_monsterinsights_sitenote_note":"","_monsterinsights_sitenote_category":0,"footnotes":""},"class_list":["post-30045","page","type-page","status-publish","hentry"],"blocksy_meta":[],"yoast_head":"<!-- This site is optimized with the Yoast SEO plugin v27.0 - https:\/\/yoast.com\/product\/yoast-seo-wordpress\/ -->\n<title>About Hungary - Falusi \u00e9s Agroturizmus Orsz\u00e1gos Sz\u00f6vets\u00e9ge<\/title>\n<meta name=\"robots\" content=\"index, follow, max-snippet:-1, max-image-preview:large, max-video-preview:-1\" \/>\n<link rel=\"canonical\" href=\"https:\/\/falusiturizmus.eu\/en\/about-hungary\/\" \/>\n<meta property=\"og:locale\" content=\"en_GB\" \/>\n<meta property=\"og:type\" content=\"article\" \/>\n<meta property=\"og:title\" content=\"About Hungary - Falusi \u00e9s Agroturizmus Orsz\u00e1gos Sz\u00f6vets\u00e9ge\" \/>\n<meta property=\"og:description\" content=\"Administratively, Hungary is divided into 19 counties with the capital city of Budapest being independent of any county government. It is a landlocked country, situated in the Carpathian Basin. Its two longest rivers called Danube and Tisza divide Hungary into three parts: Dun\u00e1nt\u00fal (\u201cbeyond the Danube\u201d, Transdanubia), Tisz\u00e1nt\u00fal (\u201cbeyond the Tisza\u201d), and Duna-Tisza k\u00f6ze (\u201cbetween [&hellip;]\" \/>\n<meta property=\"og:url\" content=\"https:\/\/falusiturizmus.eu\/en\/about-hungary\/\" \/>\n<meta property=\"og:site_name\" content=\"Falusi \u00e9s Agroturizmus Orsz\u00e1gos Sz\u00f6vets\u00e9ge\" \/>\n<meta property=\"article:publisher\" content=\"https:\/\/www.facebook.com\/falusiturizmus.hu\" \/>\n<meta property=\"og:image\" content=\"https:\/\/falusiturizmus.eu\/wp-content\/uploads\/2026\/01\/8c2a59303859aab0a6962545749f7e29.webp\" \/>\n\t<meta property=\"og:image:width\" content=\"1120\" \/>\n\t<meta property=\"og:image:height\" content=\"420\" \/>\n\t<meta property=\"og:image:type\" content=\"image\/webp\" \/>\n<meta name=\"twitter:card\" content=\"summary_large_image\" \/>\n<meta name=\"twitter:label1\" content=\"Estimated reading time\" \/>\n\t<meta name=\"twitter:data1\" content=\"1 minute\" \/>\n<script type=\"application\/ld+json\" class=\"yoast-schema-graph\">{\"@context\":\"https:\/\/schema.org\",\"@graph\":[{\"@type\":\"WebPage\",\"@id\":\"https:\/\/falusiturizmus.eu\/about-hungary\/\",\"url\":\"https:\/\/falusiturizmus.eu\/about-hungary\/\",\"name\":\"About Hungary - Falusi \u00e9s Agroturizmus Orsz\u00e1gos Sz\u00f6vets\u00e9ge\",\"isPartOf\":{\"@id\":\"https:\/\/falusiturizmus.eu\/#website\"},\"primaryImageOfPage\":{\"@id\":\"https:\/\/falusiturizmus.eu\/about-hungary\/#primaryimage\"},\"image\":{\"@id\":\"https:\/\/falusiturizmus.eu\/about-hungary\/#primaryimage\"},\"thumbnailUrl\":\"https:\/\/falusiturizmus.eu\/wp-content\/uploads\/2026\/01\/8c2a59303859aab0a6962545749f7e29.webp\",\"datePublished\":\"2026-01-29T08:59:46+00:00\",\"breadcrumb\":{\"@id\":\"https:\/\/falusiturizmus.eu\/about-hungary\/#breadcrumb\"},\"inLanguage\":\"en-GB\",\"potentialAction\":[{\"@type\":\"ReadAction\",\"target\":[\"https:\/\/falusiturizmus.eu\/about-hungary\/\"]}]},{\"@type\":\"ImageObject\",\"inLanguage\":\"en-GB\",\"@id\":\"https:\/\/falusiturizmus.eu\/about-hungary\/#primaryimage\",\"url\":\"https:\/\/falusiturizmus.eu\/wp-content\/uploads\/2026\/01\/8c2a59303859aab0a6962545749f7e29.webp\",\"contentUrl\":\"https:\/\/falusiturizmus.eu\/wp-content\/uploads\/2026\/01\/8c2a59303859aab0a6962545749f7e29.webp\"},{\"@type\":\"BreadcrumbList\",\"@id\":\"https:\/\/falusiturizmus.eu\/about-hungary\/#breadcrumb\",\"itemListElement\":[{\"@type\":\"ListItem\",\"position\":1,\"name\":\"Kezd\u0151lap\",\"item\":\"https:\/\/falusiturizmus.eu\/\"},{\"@type\":\"ListItem\",\"position\":2,\"name\":\"About Hungary\"}]},{\"@type\":\"WebSite\",\"@id\":\"https:\/\/falusiturizmus.eu\/#website\",\"url\":\"https:\/\/falusiturizmus.eu\/\",\"name\":\"Falusi \u00e9s Agroturizmus Orsz\u00e1gos Sz\u00f6vets\u00e9ge\",\"description\":\"\",\"publisher\":{\"@id\":\"https:\/\/falusiturizmus.eu\/#organization\"},\"potentialAction\":[{\"@type\":\"SearchAction\",\"target\":{\"@type\":\"EntryPoint\",\"urlTemplate\":\"https:\/\/falusiturizmus.eu\/?s={search_term_string}\"},\"query-input\":{\"@type\":\"PropertyValueSpecification\",\"valueRequired\":true,\"valueName\":\"search_term_string\"}}],\"inLanguage\":\"en-GB\"},{\"@type\":\"Organization\",\"@id\":\"https:\/\/falusiturizmus.eu\/#organization\",\"name\":\"Falusi \u00e9s Agroturizmus Orsz\u00e1gos Sz\u00f6vets\u00e9ge\",\"url\":\"https:\/\/falusiturizmus.eu\/\",\"logo\":{\"@type\":\"ImageObject\",\"inLanguage\":\"en-GB\",\"@id\":\"https:\/\/falusiturizmus.eu\/#\/schema\/logo\/image\/\",\"url\":\"https:\/\/falusiturizmus.eu\/wp-content\/uploads\/2026\/01\/logo.png\",\"contentUrl\":\"https:\/\/falusiturizmus.eu\/wp-content\/uploads\/2026\/01\/logo.png\",\"width\":512,\"height\":521,\"caption\":\"Falusi \u00e9s Agroturizmus Orsz\u00e1gos Sz\u00f6vets\u00e9ge\"},\"image\":{\"@id\":\"https:\/\/falusiturizmus.eu\/#\/schema\/logo\/image\/\"},\"sameAs\":[\"https:\/\/www.facebook.com\/falusiturizmus.hu\",\"https:\/\/www.instagram.com\/falusiesagroturizmus\/?hl=hu\",\"https:\/\/www.youtube.com\/channel\/UCsCVuuFdNNsrFCqOOBDbPtw\"]}]}<\/script>\n<!-- \/ Yoast SEO plugin. -->","yoast_head_json":{"title":"About Hungary - Falusi \u00e9s Agroturizmus Orsz\u00e1gos Sz\u00f6vets\u00e9ge","robots":{"index":"index","follow":"follow","max-snippet":"max-snippet:-1","max-image-preview":"max-image-preview:large","max-video-preview":"max-video-preview:-1"},"canonical":"https:\/\/falusiturizmus.eu\/en\/about-hungary\/","og_locale":"en_GB","og_type":"article","og_title":"About Hungary - Falusi \u00e9s Agroturizmus Orsz\u00e1gos Sz\u00f6vets\u00e9ge","og_description":"Administratively, Hungary is divided into 19 counties with the capital city of Budapest being independent of any county government. It is a landlocked country, situated in the Carpathian Basin. Its two longest rivers called Danube and Tisza divide Hungary into three parts: Dun\u00e1nt\u00fal (\u201cbeyond the Danube\u201d, Transdanubia), Tisz\u00e1nt\u00fal (\u201cbeyond the Tisza\u201d), and Duna-Tisza k\u00f6ze (\u201cbetween [&hellip;]","og_url":"https:\/\/falusiturizmus.eu\/en\/about-hungary\/","og_site_name":"Falusi \u00e9s Agroturizmus Orsz\u00e1gos Sz\u00f6vets\u00e9ge","article_publisher":"https:\/\/www.facebook.com\/falusiturizmus.hu","og_image":[{"width":1120,"height":420,"url":"https:\/\/falusiturizmus.eu\/wp-content\/uploads\/2026\/01\/8c2a59303859aab0a6962545749f7e29.webp","type":"image\/webp"}],"twitter_card":"summary_large_image","twitter_misc":{"Estimated reading time":"1 minute"},"schema":{"@context":"https:\/\/schema.org","@graph":[{"@type":"WebPage","@id":"https:\/\/falusiturizmus.eu\/about-hungary\/","url":"https:\/\/falusiturizmus.eu\/about-hungary\/","name":"About Hungary - Falusi \u00e9s Agroturizmus Orsz\u00e1gos Sz\u00f6vets\u00e9ge","isPartOf":{"@id":"https:\/\/falusiturizmus.eu\/#website"},"primaryImageOfPage":{"@id":"https:\/\/falusiturizmus.eu\/about-hungary\/#primaryimage"},"image":{"@id":"https:\/\/falusiturizmus.eu\/about-hungary\/#primaryimage"},"thumbnailUrl":"https:\/\/falusiturizmus.eu\/wp-content\/uploads\/2026\/01\/8c2a59303859aab0a6962545749f7e29.webp","datePublished":"2026-01-29T08:59:46+00:00","breadcrumb":{"@id":"https:\/\/falusiturizmus.eu\/about-hungary\/#breadcrumb"},"inLanguage":"en-GB","potentialAction":[{"@type":"ReadAction","target":["https:\/\/falusiturizmus.eu\/about-hungary\/"]}]},{"@type":"ImageObject","inLanguage":"en-GB","@id":"https:\/\/falusiturizmus.eu\/about-hungary\/#primaryimage","url":"https:\/\/falusiturizmus.eu\/wp-content\/uploads\/2026\/01\/8c2a59303859aab0a6962545749f7e29.webp","contentUrl":"https:\/\/falusiturizmus.eu\/wp-content\/uploads\/2026\/01\/8c2a59303859aab0a6962545749f7e29.webp"},{"@type":"BreadcrumbList","@id":"https:\/\/falusiturizmus.eu\/about-hungary\/#breadcrumb","itemListElement":[{"@type":"ListItem","position":1,"name":"Kezd\u0151lap","item":"https:\/\/falusiturizmus.eu\/"},{"@type":"ListItem","position":2,"name":"About Hungary"}]},{"@type":"WebSite","@id":"https:\/\/falusiturizmus.eu\/#website","url":"https:\/\/falusiturizmus.eu\/","name":"Falusi \u00e9s Agroturizmus Orsz\u00e1gos Sz\u00f6vets\u00e9ge","description":"","publisher":{"@id":"https:\/\/falusiturizmus.eu\/#organization"},"potentialAction":[{"@type":"SearchAction","target":{"@type":"EntryPoint","urlTemplate":"https:\/\/falusiturizmus.eu\/?s={search_term_string}"},"query-input":{"@type":"PropertyValueSpecification","valueRequired":true,"valueName":"search_term_string"}}],"inLanguage":"en-GB"},{"@type":"Organization","@id":"https:\/\/falusiturizmus.eu\/#organization","name":"Falusi \u00e9s Agroturizmus Orsz\u00e1gos Sz\u00f6vets\u00e9ge","url":"https:\/\/falusiturizmus.eu\/","logo":{"@type":"ImageObject","inLanguage":"en-GB","@id":"https:\/\/falusiturizmus.eu\/#\/schema\/logo\/image\/","url":"https:\/\/falusiturizmus.eu\/wp-content\/uploads\/2026\/01\/logo.png","contentUrl":"https:\/\/falusiturizmus.eu\/wp-content\/uploads\/2026\/01\/logo.png","width":512,"height":521,"caption":"Falusi \u00e9s Agroturizmus Orsz\u00e1gos Sz\u00f6vets\u00e9ge"},"image":{"@id":"https:\/\/falusiturizmus.eu\/#\/schema\/logo\/image\/"},"sameAs":["https:\/\/www.facebook.com\/falusiturizmus.hu","https:\/\/www.instagram.com\/falusiesagroturizmus\/?hl=hu","https:\/\/www.youtube.com\/channel\/UCsCVuuFdNNsrFCqOOBDbPtw"]}]}},"_links":{"self":[{"href":"https:\/\/falusiturizmus.eu\/en\/wp-json\/wp\/v2\/pages\/30045","targetHints":{"allow":["GET"]}}],"collection":[{"href":"https:\/\/falusiturizmus.eu\/en\/wp-json\/wp\/v2\/pages"}],"about":[{"href":"https:\/\/falusiturizmus.eu\/en\/wp-json\/wp\/v2\/types\/page"}],"author":[{"embeddable":true,"href":"https:\/\/falusiturizmus.eu\/en\/wp-json\/wp\/v2\/users\/1"}],"replies":[{"embeddable":true,"href":"https:\/\/falusiturizmus.eu\/en\/wp-json\/wp\/v2\/comments?post=30045"}],"version-history":[{"count":1,"href":"https:\/\/falusiturizmus.eu\/en\/wp-json\/wp\/v2\/pages\/30045\/revisions"}],"predecessor-version":[{"id":30047,"href":"https:\/\/falusiturizmus.eu\/en\/wp-json\/wp\/v2\/pages\/30045\/revisions\/30047"}],"wp:attachment":[{"href":"https:\/\/falusiturizmus.eu\/en\/wp-json\/wp\/v2\/media?parent=30045"}],"curies":[{"name":"wp","href":"https:\/\/api.w.org\/{rel}","templated":true}]}}