{"id":2516,"date":"2026-01-16T08:17:03","date_gmt":"2026-01-16T08:17:03","guid":{"rendered":"https:\/\/falusiturizmus.korosmentivallalkozaserosites.hu\/?page_id=2516"},"modified":"2026-01-16T08:17:03","modified_gmt":"2026-01-16T08:17:03","slug":"konferencia","status":"publish","type":"page","link":"https:\/\/falusiturizmus.eu\/en\/konferencia\/","title":{"rendered":"KONFERENCIA"},"content":{"rendered":"<p>Tisztelt \u00c9rdekl\u0151d\u0151!&nbsp;<\/p>\n\n\n\n<p><br><strong>\u00dcdv\u00f6z\u00f6lj\u00fck a Falusi \u00e9s Agroturizmus Orsz\u00e1gos Sz\u00f6vets\u00e9g\u00e9nek 30 \u00e9ves jubileumi szakmai konferenci\u00e1j\u00e1nak oldal\u00e1n!<\/strong><\/p>\n\n\n\n<p>A Falusi \u00e9s Agroturizmus Orsz\u00e1gos Sz\u00f6vets\u00e9ge (FATOSZ) id\u00e9n \u00fcnnepli fenn\u00e1ll\u00e1s\u00e1nak 30. \u00e9vfordul\u00f3j\u00e1t. Ebb\u0151l az alkalomb\u00f3l egy k\u00fcl\u00f6nleges szakmai konferenci\u00e1t szervezt\u00fcnk, amelynek c\u00e9lja a falusi \u00e9s agroturizmus fejl\u0151d\u00e9s\u00e9nek, eredm\u00e9nyeinek \u00e9s j\u00f6v\u0151beli lehet\u0151s\u00e9geinek bemutat\u00e1sa.<\/p>\n\n\n\n<p><strong>D\u00e1tum:<\/strong>&nbsp;2024. okt\u00f3ber 3-4. (cs\u00fct\u00f6rt\u00f6k-p\u00e9ntek)<br><strong>Helysz\u00edn:<\/strong>&nbsp;Budapesti Gazdas\u00e1gi Egyetem, Kereskedelmi, Vend\u00e9gl\u00e1t\u00f3ipari \u00e9s Idegenforgalmi Kar &#8211; 1054 Budapest, Alkotm\u00e1ny utca 9-11. (V. el\u0151ad\u00f3)<\/p>\n\n\n\n<p>A konferencia lehet\u0151s\u00e9get biztos\u00edt a szakmai k\u00f6z\u00f6ss\u00e9g sz\u00e1m\u00e1ra, hogy megossza tapasztalatait, \u00faj \u00f6tleteket cser\u00e9ljen, \u00e9s kapcsolatokat \u00e9p\u00edtsen. Sz\u00e1mos elismert hazai \u00e9s nemzetk\u00f6zi szakember el\u0151ad\u00e1s\u00e1t hallgathatj\u00e1k meg, valamint r\u00e9szt vehetnek panelbesz\u00e9lget\u00e9seken<\/p>\n\n\n\n<p>K\u00f6sz\u00f6nj\u00fck, hogy r\u00e9szt vett a &#8222;Vid\u00e9ki \u00f6r\u00f6ks\u00e9geink a K\u00e1rp\u00e1t-medenc\u00e9ben&#8221; &#8211; FATOSZ 30 esem\u00e9nyen! \u00d6r\u00f6mmel \u00e9rtes\u00edtj\u00fck, hogy a rendezv\u00e9ny ut\u00e1n is folytatjuk az egy\u00fcttm\u0171k\u00f6d\u00e9st. Az al\u00e1bbiakban megtal\u00e1lja a konferenci\u00e1val kapcsolatos legfrissebb inform\u00e1ci\u00f3kat, anyagokat!&nbsp;<\/p>\n\n\n\n<div class=\"wp-block-buttons is-content-justification-center is-layout-flex wp-container-core-buttons-is-layout-a89b3969 wp-block-buttons-is-layout-flex\">\n<div class=\"wp-block-button\"><a class=\"wp-block-button__link wp-element-button\" href=\"https:\/\/drive.google.com\/drive\/folders\/1eDZQEAEcYASxBE8eu8F7AbVDCIbrEgSY?usp=sharing\">Megtekintem a rendezv\u00e9nyen k\u00e9sz\u00fclt f\u00e9nyk\u00e9peket \u00e9s a szakmai el\u0151ad\u00e1sok anyag\u00e1t!<\/a><\/div>\n<\/div>\n\n\n\n<p>Amennyiben r\u00e9szt vett a konferenci\u00e1n k\u00e9rj\u00fck, hogy seg\u00edtse a munk\u00e1nkat \u00e9s \u00e9rt\u00e9kelje a rendezv\u00e9nyen szerzett tapasztalatait:<\/p>\n\n\n\n<div class=\"wp-block-buttons is-content-justification-center is-layout-flex wp-container-core-buttons-is-layout-a89b3969 wp-block-buttons-is-layout-flex\">\n<div class=\"wp-block-button\"><a class=\"wp-block-button__link wp-element-button\" href=\"https:\/\/docs.google.com\/forms\/d\/e\/1FAIpQLSf3mkms9iVNYpl8nZlmMVtWFOB2Br10A3BsuLxoPkYhiTlSnw\/viewform\">KIT\u00d6LT\u00d6M A K\u00c9RD\u0150\u00cdVET!<\/a><\/div>\n<\/div>\n\n\n\n<h3 class=\"wp-block-heading has-text-align-center\"><strong>&#8222;Vid\u00e9ki \u00f6r\u00f6ks\u00e9geink a K\u00e1rp\u00e1t-medenc\u00e9ben&#8221; &#8211; FATOSZ 30<\/strong><\/h3>\n\n\n\n<h4 class=\"wp-block-heading has-text-align-center\"><strong>PROGRAM<\/strong><\/h4>\n\n\n\n<h5 class=\"wp-block-heading has-text-align-center\"><strong>2024. okt\u00f3ber 3.&nbsp; (cs\u00fct\u00f6rt\u00f6k)<\/strong><\/h5>\n\n\n\n<ul class=\"wp-block-list\">\n<li>9:00-10:00: Regisztr\u00e1ci\u00f3<\/li>\n<\/ul>\n\n\n\n<p><strong>V. EL\u0150AD\u00d3<\/strong><\/p>\n\n\n\n<ul class=\"wp-block-list\">\n<li>10:00 &#8211; 10:15: Megnyit\u00f3 &#8211; el\u0151ad\u00f3:\u00a0<strong>Frank\u00f3 P\u00e1l<\/strong>\u00a0(Falusi \u00e9s Agroturizmus Orsz\u00e1gos Sz\u00f6vets\u00e9ge &#8211; eln\u00f6k)<\/li>\n\n\n\n<li>10:15 &#8211; 10:30: K\u00f6sz\u00f6nt\u0151 &#8211; Magyar Turisztikai \u00dcgyn\u00f6ks\u00e9g &#8211; igazgat\u00f3s\u00e1g<\/li>\n\n\n\n<li>10:30 &#8211; 10:45: Falusi \u00e9s agroturizmus: m\u00falt, jelen \u00e9s j\u00f6v\u0151 &#8211; el\u0151ad\u00f3:\u00a0<strong>Dr. Kiss Korn\u00e9lia<\/strong>\u00a0(Budapesti Gazdas\u00e1gi Egyetem, KVIK &#8211; d\u00e9k\u00e1n)<\/li>\n\n\n\n<li>10:45 &#8211; 11:15: Vid\u00e9ki sz\u00e1ll\u00e1shelyek jelenlegi helyzete az Eur\u00f3pai Uni\u00f3ban &#8211; el\u0151ad\u00f3:\u00a0<strong>Klaus Ehrlich\u00a0<\/strong>(Ruraltour &#8211; f\u0151titk\u00e1r)<\/li>\n\n\n\n<li>11:15 &#8211; 11:45: The rural development effect of rural tourism in Finland \/ A falusi turizmus vid\u00e9kfejleszt\u00e9si hat\u00e1sai Finnorsz\u00e1gban &#8211; el\u0151ad\u00f3:\u00a0Kimmo Aalto\u00a0(Ruraltour, aleln\u00f6k \/ Executive Director &#8211; Lomalaidun Finland)<\/li>\n\n\n\n<li>11:45 &#8211; 12:00: Agr\u00e1rium \u00e9s turizmus &#8211;\u00a0<strong>Dr. Feldman Zsolt<\/strong>\u00a0(Agr\u00e1rminiszt\u00e9rium &#8211; mez\u0151gazdas\u00e1g\u00e9rt \u00e9s vid\u00e9kfejleszt\u00e9s\u00e9rt\u00a0felel\u0151s \u00e1llamtitk\u00e1r)<\/li>\n\n\n\n<li>12:00 &#8211; 12:30:<strong><em>\u00a0K\u00c1V\u00c9SZ\u00dcNET<\/em><\/strong><\/li>\n\n\n\n<li>12:30- 12:45: K\u00e1rp\u00e1talja a h\u00e1bor\u00fa \u00e1rny\u00e9k\u00e1ban &#8211; el\u0151ad\u00f3:\u00a0<strong>Mester Andr\u00e1s<\/strong>\u00a0(K\u00e1rp\u00e1taljai Magyar Turisztikai Tan\u00e1cs &#8211; eln\u00f6k)<\/li>\n\n\n\n<li>12:45 &#8211; 13:45:\u00a0<em>Kerekasztal-besz\u00e9lget\u00e9s I.\u00a0<\/em>&#8211;\u00a0 Mag\u00e1n-\u00e9s egy\u00e9b sz\u00e1ll\u00e1shelyek helyzete \u00e9s meg\u00edt\u00e9l\u00e9se a hazai turizmusban\n<ul class=\"wp-block-list\">\n<li>\n<ul class=\"wp-block-list\">\n<li><em>Frank\u00f3 P\u00e1l &#8211; Falusi \u00e9s Agroturizmus Orsz\u00e1gos Sz\u00f6vets\u00e9ge, eln\u00f6k<\/em><\/li>\n\n\n\n<li><em>Schumiczky Bal\u00e1zs &#8211; Magyar Apartmankiad\u00f3k Egyes\u00fclete, eln\u00f6k<\/em><\/li>\n\n\n\n<li><em>Dr. Jakabh\u00e1zy L\u00e1szl\u00f3 Istv\u00e1n &#8211; Felel\u0151s Mag\u00e1nsz\u00e1ll\u00e1shely Kiad\u00f3k Egyes\u00fclete, vezet\u0151 tiszts\u00e9gvisel\u0151<\/em><\/li>\n\n\n\n<li><em>Bruncsicsn\u00e9 Szek\u00e9r Andrea &#8211; H\u00e9v\u00edzi Szobakiad\u00f3k Sz\u00f6vets\u00e9ge, eln\u00f6k<\/em><\/li>\n\n\n\n<li><em>Klaus Ehrlich &#8211; Ruraltour, f\u0151titk\u00e1r<\/em><\/li>\n<\/ul>\n<\/li>\n<\/ul>\n<\/li>\n\n\n\n<li>13:45 &#8211; 14:45:\u00a0<em><strong>EB\u00c9DSZ\u00dcNET<\/strong><\/em><\/li>\n\n\n\n<li>14:45 &#8211; 15:15: D\u00edjak \u00e9s elismer\u00e9sek kioszt\u00e1sa &#8211; Az elm\u00falt 30 \u00e9vben tev\u00e9kenyked\u0151 Szem\u00e9lyis\u00e9gek \u00e9s munk\u00e1ss\u00e1gukkal kiemelked\u0151 szem\u00e9lyek d\u00edjaz\u00e1sa<\/li>\n\n\n\n<li>15:15 &#8211; 15:30: Min\u0151s\u00e9g a falusi turizmusban &#8211; Napraforg\u00f3s Nemzeti Tanus\u00edt\u00f3 V\u00e9djegy szerepe &#8211; el\u0151ad\u00f3:\u00a0<strong>Benkovics L\u00e1szl\u00f3<\/strong>\u00a0(Falusi \u00e9s Agroturizmus Orsz\u00e1gos Sz\u00f6vets\u00e9ge &#8211; eln\u00f6ks\u00e9gi tag)<\/li>\n\n\n\n<li>15:30- 16:30:\u00a0<em>Kerekasztal-besz\u00e9lget\u00e9s II.<\/em>\u00a0&#8211; T\u00e9rs\u00e9gi egy\u00fcttm\u0171k\u00f6d\u00e9s szerepe a vid\u00e9ki turizmusban\n<ul class=\"wp-block-list\">\n<li>\n<ul class=\"wp-block-list\">\n<li><em>Muhari Zolt\u00e1n &#8211; Szabolcs-Szatm\u00e1r-Bereg Megyei Falusi Turizmus Egyes\u00fclet &#8211; eln\u00f6k<\/em><\/li>\n\n\n\n<li><em>Dr. Finta Istv\u00e1n &#8211; eln\u00f6k, LEADER Egyes\u00fcletek Sz\u00f6vets\u00e9ge<\/em><\/li>\n\n\n\n<li><em>Matoltsy Zsolt &#8211; turisztikai szak\u00e9rt\u0151<\/em><\/li>\n\n\n\n<li><em>Derd\u00e1k G\u00e1bor &#8211; Nemzeti Agr\u00e1rgazdas\u00e1gi Kamara\u00a0 &#8211; Kistermel\u0151i, egy\u00fcttm\u0171k\u00f6d\u00e9s \u00e9s helyi kezdem\u00e9nyez\u00e9sek orsz\u00e1gos oszt\u00e1ly eln\u00f6ke<\/em><\/li>\n\n\n\n<li><em>T\u00f3szegi-Faggyas Katalin &#8211; Nemzeti Agr\u00e1rgazdas\u00e1gi Kamara &#8211; csoportvezet\u0151<br><\/em><\/li>\n<\/ul>\n<\/li>\n<\/ul>\n<\/li>\n\n\n\n<li>16:30: Z\u00e1rsz\u00f3, els\u0151 nap z\u00e1r\u00e1sa<\/li>\n<\/ul>\n\n\n\n<p><strong>SZ\u00cdNES K\u00d6Z\u00d6SS\u00c9GI T\u00c9R<\/strong><\/p>\n\n\n\n<ul class=\"wp-block-list\">\n<li>12:00 &#8211; 12:30: K\u00e1v\u00e9sz\u00fcnet<\/li>\n\n\n\n<li>13:45 &#8211; 14:45: Eb\u00e9dsz\u00fcnet &#8211; A sz\u00ednes k\u00f6z\u00f6ss\u00e9gi t\u00e9rben region\u00e1lis \u00e9tel-\u00e9s italk\u00f3stol\u00f3k, friss\u00edt\u0151k v\u00e1rj\u00e1k a r\u00e9sztvev\u0151ket!<\/li>\n<\/ul>\n\n\n\n<h4 class=\"wp-block-heading\"><strong>2024. okt\u00f3ber 4. (p\u00e9ntek)<\/strong><\/h4>\n\n\n\n<ul class=\"wp-block-list\">\n<li>9:00-10:00: Regisztr\u00e1ci\u00f3<\/li>\n<\/ul>\n\n\n\n<p><strong>V. EL\u0150AD\u00d3<\/strong><\/p>\n\n\n\n<ul class=\"wp-block-list\">\n<li>10:00 &#8211; 10:15: Felvezet\u0151 gondolatok &#8211; el\u0151ad\u00f3:\u00a0<strong>Frank\u00f3 P\u00e1l\u00a0<\/strong>(Falusi \u00e9s Agroturizmus Orsz\u00e1gos Sz\u00f6vets\u00e9ge &#8211; eln\u00f6k)<\/li>\n\n\n\n<li>10:15 &#8211; 10:30: Falusi turizmus m\u00faltja, fejl\u0151d\u00e9si \u00edve &#8211; el\u0151ad\u00f3:\u00a0<strong>prof. Dr. Hanusz \u00c1rp\u00e1d<\/strong>\u00a0(Ny\u00edregyh\u00e1zi Egyetem, \u00f3raad\u00f3 tan\u00e1r, egykori FATOSZ aleln\u00f6k)<\/li>\n\n\n\n<li>10:30 &#8211; 10:45: A hazai falusi turizmus \u00e9vtizedei &#8211; el\u0151ad\u00f3:<strong>\u00a0Dr. Szab\u00f3 G\u00e9za<\/strong>\u00a0(Falusi \u00e9s Agroturizmus Orsz\u00e1gos Sz\u00f6vets\u00e9ge &#8211; eln\u00f6ks\u00e9gi tag)<\/li>\n\n\n\n<li>10:45 &#8211; 11:00: Vid\u00e9ki turizmus egy\u00fcttm\u0171k\u00f6d\u00e9sei &#8211; agroturizmus &#8211; el\u0151ad\u00f3:\u00a0<strong>Pet\u00e9nyi Mirk\u00f3<\/strong>\u00a0(Akt\u00edv-\u00e9s \u00d6koturisztikai Fejleszt\u00e9si K\u00f6zpont &#8211; \u00fcgyvezet\u0151)<\/li>\n\n\n\n<li>11:00 &#8211; 11:15: J\u00f3 gyakorlat &#8211; el\u0151ad\u00f3:\u00a0<strong>Mester Zsuzsanna &#8211; Bokorka Vend\u00e9gh\u00e1z (Noszvaj)<\/strong><\/li>\n\n\n\n<li>11:15 &#8211; 11:45:\u00a0<em><strong>K\u00c1V\u00c9SZ\u00dcNET<\/strong><\/em><\/li>\n\n\n\n<li>11:45 &#8211; 12:00: J\u00f3 gyakorlat &#8211; el\u0151ad\u00f3:\u00a0<strong>Tari T\u00fcnde &#8211; Bari Tanya (Kisn\u00e1na)<\/strong><\/li>\n\n\n\n<li>12:00 &#8211; 13:00:\u00a0<em>Kerekasztal-besz\u00e9lget\u00e9s III.<\/em>\u00a0&#8211; Online platformok megjelen\u00e9se \u00e9s hat\u00e1sa a falusi\/vid\u00e9ki turizmusban tev\u00e9kenyked\u0151 szolg\u00e1ltat\u00f3kra\n<ul class=\"wp-block-list\">\n<li>\n<ul class=\"wp-block-list\">\n<li><em>M\u00e1ty\u00e1s Kriszti\u00e1n &#8211; \u00fcgyvezet\u0151, Appartman Technologies Kft.<\/em><\/li>\n\n\n\n<li><em>Szigetv\u00e1ri J\u00f3zsef &#8211; SzallasGroup Strategic Advisor<\/em><\/li>\n\n\n\n<li><em>Dr. Kiss R\u00f3bert Richard &#8211; \u00fajs\u00e1g\u00edr\u00f3, turisztikai szak\u00e9rt\u0151<\/em><\/li>\n\n\n\n<li><em>Thomas Emmerling &#8211; CEO &#8211; GUIDE.ME<\/em><\/li>\n\n\n\n<li><em>Sz\u00e1nt\u00f3 Krisztina &#8211; Magyar Turisztikai \u00dcgyn\u00f6ks\u00e9g, NTAK oszt\u00e1lyvezet\u0151<br><\/em><\/li>\n<\/ul>\n<\/li>\n<\/ul>\n<\/li>\n\n\n\n<li>13:00 &#8211; 14:00:\u00a0<em><strong>EB\u00c9DSZ\u00dcNET<\/strong><\/em><\/li>\n\n\n\n<li>14:00 &#8211; 15:00:\u00a0<em>Kerekasztal-besz\u00e9lget\u00e9s IV.<\/em>\u00a0&#8211; Sikeres vid\u00e9ki\/falusi sz\u00e1ll\u00e1shely-szolg\u00e1ltat\u00f3k k\u00e9pz\u00e9se a k\u00f6zoktat\u00e1sban, feln\u0151ttk\u00e9pz\u00e9sben \u00e9s a fels\u0151oktat\u00e1sban\n<ul class=\"wp-block-list\">\n<li>\n<ul class=\"wp-block-list\">\n<li><em>Dr. Remenyik Bulcs\u00fa &#8211; egyetemi docens, Tokaj-Hegyalja Egyetem<\/em><\/li>\n\n\n\n<li><em>Dr. Szal\u00f3k Csilla &#8211; int\u00e9zetvezet\u0151 (turizmus \u00e9s vend\u00e9gl\u00e1t\u00e1s), Budapesti Gazdas\u00e1gi Egyetem<\/em><\/li>\n\n\n\n<li><em>Csapody Bence &#8211; sz\u00e1llodavezet\u0151, Kist\u00fccs\u00f6k Food&amp;Room; \u00f3raad\u00f3 oktat\u00f3, doktorjel\u00f6lt, Budapesti Corvinus Egyetem<\/em><\/li>\n\n\n\n<li><em>Dr. B\u00f6r\u00f6cz Lajos &#8211; f\u0151titk\u00e1r,Turisztikai \u00e9s Vend\u00e9gl\u00e1t\u00f3 Munkaad\u00f3k Orsz\u00e1gos Sz\u00f6vets\u00e9ge (VIMOSZ)\u00a0<\/em><\/li>\n\n\n\n<li><em>Dr. Szab\u00f3 P\u00e9ter &#8211; egyetemi adjunktus, \u00e1ltal\u00e1nos campus f\u0151igazgat\u00f3-helyettes, MATE-VFGI\u00a0<br><\/em><\/li>\n<\/ul>\n<\/li>\n<\/ul>\n<\/li>\n\n\n\n<li>15:00: z\u00e1rsz\u00f3, konferencia z\u00e1r\u00e1sa &#8211; el\u0151ad\u00f3:\u00a0<strong>Frank\u00f3 P\u00e1l<\/strong>\u00a0(Falusi \u00e9s Agroturizmus Orsz\u00e1gos Sz\u00f6vets\u00e9ge &#8211; eln\u00f6k)<\/li>\n<\/ul>\n\n\n\n<p><strong>SZ\u00cdNES K\u00d6Z\u00d6SS\u00c9GI T\u00c9R<\/strong><\/p>\n\n\n\n<ul class=\"wp-block-list\">\n<li>11:15- 11:45: K\u00e1v\u00e9sz\u00fcnet<\/li>\n\n\n\n<li>13:00 &#8211; 14:00: Eb\u00e9dsz\u00fcnet &#8211; A sz\u00ednes k\u00f6z\u00f6ss\u00e9gi t\u00e9rben region\u00e1lis \u00e9tel-\u00e9s italk\u00f3stol\u00f3k, friss\u00edt\u0151k v\u00e1rj\u00e1k a r\u00e9sztvev\u0151ket!<\/li>\n<\/ul>\n\n\n\n<p>K\u00e9rd\u00e9s eset\u00e9n keressen fel minket az al\u00e1bbi el\u00e9rhet\u0151s\u00e9gen: info@falusiturizmus.hu<\/p>","protected":false},"excerpt":{"rendered":"<p>Tisztelt \u00c9rdekl\u0151d\u0151!&nbsp; \u00dcdv\u00f6z\u00f6lj\u00fck a Falusi \u00e9s Agroturizmus Orsz\u00e1gos Sz\u00f6vets\u00e9g\u00e9nek 30 \u00e9ves jubileumi szakmai konferenci\u00e1j\u00e1nak oldal\u00e1n! A Falusi \u00e9s Agroturizmus Orsz\u00e1gos Sz\u00f6vets\u00e9ge (FATOSZ) id\u00e9n \u00fcnnepli fenn\u00e1ll\u00e1s\u00e1nak 30. \u00e9vfordul\u00f3j\u00e1t. Ebb\u0151l az alkalomb\u00f3l egy k\u00fcl\u00f6nleges szakmai konferenci\u00e1t szervezt\u00fcnk, amelynek c\u00e9lja a falusi \u00e9s agroturizmus fejl\u0151d\u00e9s\u00e9nek, eredm\u00e9nyeinek \u00e9s j\u00f6v\u0151beli lehet\u0151s\u00e9geinek bemutat\u00e1sa. D\u00e1tum:&nbsp;2024. okt\u00f3ber 3-4. (cs\u00fct\u00f6rt\u00f6k-p\u00e9ntek)Helysz\u00edn:&nbsp;Budapesti Gazdas\u00e1gi Egyetem, Kereskedelmi, Vend\u00e9gl\u00e1t\u00f3ipari [&hellip;]<\/p>\n","protected":false},"author":1,"featured_media":0,"parent":0,"menu_order":0,"comment_status":"closed","ping_status":"closed","template":"","meta":{"_monsterinsights_skip_tracking":false,"_monsterinsights_sitenote_active":false,"_monsterinsights_sitenote_note":"","_monsterinsights_sitenote_category":0,"footnotes":""},"class_list":["post-2516","page","type-page","status-publish","hentry"],"blocksy_meta":[],"yoast_head":"<!-- This site is optimized with the Yoast SEO plugin v27.0 - https:\/\/yoast.com\/product\/yoast-seo-wordpress\/ -->\n<title>KONFERENCIA - Falusi \u00e9s Agroturizmus Orsz\u00e1gos Sz\u00f6vets\u00e9ge<\/title>\n<meta name=\"robots\" content=\"index, follow, max-snippet:-1, max-image-preview:large, max-video-preview:-1\" \/>\n<link rel=\"canonical\" href=\"https:\/\/falusiturizmus.eu\/en\/konferencia\/\" \/>\n<meta property=\"og:locale\" content=\"en_GB\" \/>\n<meta property=\"og:type\" content=\"article\" \/>\n<meta property=\"og:title\" content=\"KONFERENCIA - Falusi \u00e9s Agroturizmus Orsz\u00e1gos Sz\u00f6vets\u00e9ge\" \/>\n<meta property=\"og:description\" content=\"Tisztelt \u00c9rdekl\u0151d\u0151!&nbsp; \u00dcdv\u00f6z\u00f6lj\u00fck a Falusi \u00e9s Agroturizmus Orsz\u00e1gos Sz\u00f6vets\u00e9g\u00e9nek 30 \u00e9ves jubileumi szakmai konferenci\u00e1j\u00e1nak oldal\u00e1n! A Falusi \u00e9s Agroturizmus Orsz\u00e1gos Sz\u00f6vets\u00e9ge (FATOSZ) id\u00e9n \u00fcnnepli fenn\u00e1ll\u00e1s\u00e1nak 30. \u00e9vfordul\u00f3j\u00e1t. Ebb\u0151l az alkalomb\u00f3l egy k\u00fcl\u00f6nleges szakmai konferenci\u00e1t szervezt\u00fcnk, amelynek c\u00e9lja a falusi \u00e9s agroturizmus fejl\u0151d\u00e9s\u00e9nek, eredm\u00e9nyeinek \u00e9s j\u00f6v\u0151beli lehet\u0151s\u00e9geinek bemutat\u00e1sa. D\u00e1tum:&nbsp;2024. okt\u00f3ber 3-4. (cs\u00fct\u00f6rt\u00f6k-p\u00e9ntek)Helysz\u00edn:&nbsp;Budapesti Gazdas\u00e1gi Egyetem, Kereskedelmi, Vend\u00e9gl\u00e1t\u00f3ipari [&hellip;]\" \/>\n<meta property=\"og:url\" content=\"https:\/\/falusiturizmus.eu\/en\/konferencia\/\" \/>\n<meta property=\"og:site_name\" content=\"Falusi \u00e9s Agroturizmus Orsz\u00e1gos Sz\u00f6vets\u00e9ge\" \/>\n<meta property=\"article:publisher\" content=\"https:\/\/www.facebook.com\/falusiturizmus.hu\" \/>\n<meta name=\"twitter:card\" content=\"summary_large_image\" \/>\n<meta name=\"twitter:label1\" content=\"Estimated reading time\" \/>\n\t<meta name=\"twitter:data1\" content=\"6 minutes\" \/>\n<script type=\"application\/ld+json\" class=\"yoast-schema-graph\">{\"@context\":\"https:\/\/schema.org\",\"@graph\":[{\"@type\":\"WebPage\",\"@id\":\"https:\/\/falusiturizmus.eu\/konferencia\/\",\"url\":\"https:\/\/falusiturizmus.eu\/konferencia\/\",\"name\":\"KONFERENCIA - Falusi \u00e9s Agroturizmus Orsz\u00e1gos Sz\u00f6vets\u00e9ge\",\"isPartOf\":{\"@id\":\"https:\/\/falusiturizmus.eu\/#website\"},\"datePublished\":\"2026-01-16T08:17:03+00:00\",\"breadcrumb\":{\"@id\":\"https:\/\/falusiturizmus.eu\/konferencia\/#breadcrumb\"},\"inLanguage\":\"en-GB\",\"potentialAction\":[{\"@type\":\"ReadAction\",\"target\":[\"https:\/\/falusiturizmus.eu\/konferencia\/\"]}]},{\"@type\":\"BreadcrumbList\",\"@id\":\"https:\/\/falusiturizmus.eu\/konferencia\/#breadcrumb\",\"itemListElement\":[{\"@type\":\"ListItem\",\"position\":1,\"name\":\"Kezd\u0151lap\",\"item\":\"https:\/\/falusiturizmus.eu\/\"},{\"@type\":\"ListItem\",\"position\":2,\"name\":\"KONFERENCIA\"}]},{\"@type\":\"WebSite\",\"@id\":\"https:\/\/falusiturizmus.eu\/#website\",\"url\":\"https:\/\/falusiturizmus.eu\/\",\"name\":\"Falusi \u00e9s Agroturizmus Orsz\u00e1gos Sz\u00f6vets\u00e9ge\",\"description\":\"\",\"publisher\":{\"@id\":\"https:\/\/falusiturizmus.eu\/#organization\"},\"potentialAction\":[{\"@type\":\"SearchAction\",\"target\":{\"@type\":\"EntryPoint\",\"urlTemplate\":\"https:\/\/falusiturizmus.eu\/?s={search_term_string}\"},\"query-input\":{\"@type\":\"PropertyValueSpecification\",\"valueRequired\":true,\"valueName\":\"search_term_string\"}}],\"inLanguage\":\"en-GB\"},{\"@type\":\"Organization\",\"@id\":\"https:\/\/falusiturizmus.eu\/#organization\",\"name\":\"Falusi \u00e9s Agroturizmus Orsz\u00e1gos Sz\u00f6vets\u00e9ge\",\"url\":\"https:\/\/falusiturizmus.eu\/\",\"logo\":{\"@type\":\"ImageObject\",\"inLanguage\":\"en-GB\",\"@id\":\"https:\/\/falusiturizmus.eu\/#\/schema\/logo\/image\/\",\"url\":\"https:\/\/falusiturizmus.eu\/wp-content\/uploads\/2026\/01\/logo.png\",\"contentUrl\":\"https:\/\/falusiturizmus.eu\/wp-content\/uploads\/2026\/01\/logo.png\",\"width\":512,\"height\":521,\"caption\":\"Falusi \u00e9s Agroturizmus Orsz\u00e1gos Sz\u00f6vets\u00e9ge\"},\"image\":{\"@id\":\"https:\/\/falusiturizmus.eu\/#\/schema\/logo\/image\/\"},\"sameAs\":[\"https:\/\/www.facebook.com\/falusiturizmus.hu\",\"https:\/\/www.instagram.com\/falusiesagroturizmus\/?hl=hu\",\"https:\/\/www.youtube.com\/channel\/UCsCVuuFdNNsrFCqOOBDbPtw\"]}]}<\/script>\n<!-- \/ Yoast SEO plugin. -->","yoast_head_json":{"title":"KONFERENCIA - Falusi \u00e9s Agroturizmus Orsz\u00e1gos Sz\u00f6vets\u00e9ge","robots":{"index":"index","follow":"follow","max-snippet":"max-snippet:-1","max-image-preview":"max-image-preview:large","max-video-preview":"max-video-preview:-1"},"canonical":"https:\/\/falusiturizmus.eu\/en\/konferencia\/","og_locale":"en_GB","og_type":"article","og_title":"KONFERENCIA - Falusi \u00e9s Agroturizmus Orsz\u00e1gos Sz\u00f6vets\u00e9ge","og_description":"Tisztelt \u00c9rdekl\u0151d\u0151!&nbsp; \u00dcdv\u00f6z\u00f6lj\u00fck a Falusi \u00e9s Agroturizmus Orsz\u00e1gos Sz\u00f6vets\u00e9g\u00e9nek 30 \u00e9ves jubileumi szakmai konferenci\u00e1j\u00e1nak oldal\u00e1n! A Falusi \u00e9s Agroturizmus Orsz\u00e1gos Sz\u00f6vets\u00e9ge (FATOSZ) id\u00e9n \u00fcnnepli fenn\u00e1ll\u00e1s\u00e1nak 30. \u00e9vfordul\u00f3j\u00e1t. Ebb\u0151l az alkalomb\u00f3l egy k\u00fcl\u00f6nleges szakmai konferenci\u00e1t szervezt\u00fcnk, amelynek c\u00e9lja a falusi \u00e9s agroturizmus fejl\u0151d\u00e9s\u00e9nek, eredm\u00e9nyeinek \u00e9s j\u00f6v\u0151beli lehet\u0151s\u00e9geinek bemutat\u00e1sa. D\u00e1tum:&nbsp;2024. okt\u00f3ber 3-4. (cs\u00fct\u00f6rt\u00f6k-p\u00e9ntek)Helysz\u00edn:&nbsp;Budapesti Gazdas\u00e1gi Egyetem, Kereskedelmi, Vend\u00e9gl\u00e1t\u00f3ipari [&hellip;]","og_url":"https:\/\/falusiturizmus.eu\/en\/konferencia\/","og_site_name":"Falusi \u00e9s Agroturizmus Orsz\u00e1gos Sz\u00f6vets\u00e9ge","article_publisher":"https:\/\/www.facebook.com\/falusiturizmus.hu","twitter_card":"summary_large_image","twitter_misc":{"Estimated reading time":"6 minutes"},"schema":{"@context":"https:\/\/schema.org","@graph":[{"@type":"WebPage","@id":"https:\/\/falusiturizmus.eu\/konferencia\/","url":"https:\/\/falusiturizmus.eu\/konferencia\/","name":"KONFERENCIA - Falusi \u00e9s Agroturizmus Orsz\u00e1gos Sz\u00f6vets\u00e9ge","isPartOf":{"@id":"https:\/\/falusiturizmus.eu\/#website"},"datePublished":"2026-01-16T08:17:03+00:00","breadcrumb":{"@id":"https:\/\/falusiturizmus.eu\/konferencia\/#breadcrumb"},"inLanguage":"en-GB","potentialAction":[{"@type":"ReadAction","target":["https:\/\/falusiturizmus.eu\/konferencia\/"]}]},{"@type":"BreadcrumbList","@id":"https:\/\/falusiturizmus.eu\/konferencia\/#breadcrumb","itemListElement":[{"@type":"ListItem","position":1,"name":"Kezd\u0151lap","item":"https:\/\/falusiturizmus.eu\/"},{"@type":"ListItem","position":2,"name":"KONFERENCIA"}]},{"@type":"WebSite","@id":"https:\/\/falusiturizmus.eu\/#website","url":"https:\/\/falusiturizmus.eu\/","name":"Falusi \u00e9s Agroturizmus Orsz\u00e1gos Sz\u00f6vets\u00e9ge","description":"","publisher":{"@id":"https:\/\/falusiturizmus.eu\/#organization"},"potentialAction":[{"@type":"SearchAction","target":{"@type":"EntryPoint","urlTemplate":"https:\/\/falusiturizmus.eu\/?s={search_term_string}"},"query-input":{"@type":"PropertyValueSpecification","valueRequired":true,"valueName":"search_term_string"}}],"inLanguage":"en-GB"},{"@type":"Organization","@id":"https:\/\/falusiturizmus.eu\/#organization","name":"Falusi \u00e9s Agroturizmus Orsz\u00e1gos Sz\u00f6vets\u00e9ge","url":"https:\/\/falusiturizmus.eu\/","logo":{"@type":"ImageObject","inLanguage":"en-GB","@id":"https:\/\/falusiturizmus.eu\/#\/schema\/logo\/image\/","url":"https:\/\/falusiturizmus.eu\/wp-content\/uploads\/2026\/01\/logo.png","contentUrl":"https:\/\/falusiturizmus.eu\/wp-content\/uploads\/2026\/01\/logo.png","width":512,"height":521,"caption":"Falusi \u00e9s Agroturizmus Orsz\u00e1gos Sz\u00f6vets\u00e9ge"},"image":{"@id":"https:\/\/falusiturizmus.eu\/#\/schema\/logo\/image\/"},"sameAs":["https:\/\/www.facebook.com\/falusiturizmus.hu","https:\/\/www.instagram.com\/falusiesagroturizmus\/?hl=hu","https:\/\/www.youtube.com\/channel\/UCsCVuuFdNNsrFCqOOBDbPtw"]}]}},"_links":{"self":[{"href":"https:\/\/falusiturizmus.eu\/en\/wp-json\/wp\/v2\/pages\/2516","targetHints":{"allow":["GET"]}}],"collection":[{"href":"https:\/\/falusiturizmus.eu\/en\/wp-json\/wp\/v2\/pages"}],"about":[{"href":"https:\/\/falusiturizmus.eu\/en\/wp-json\/wp\/v2\/types\/page"}],"author":[{"embeddable":true,"href":"https:\/\/falusiturizmus.eu\/en\/wp-json\/wp\/v2\/users\/1"}],"replies":[{"embeddable":true,"href":"https:\/\/falusiturizmus.eu\/en\/wp-json\/wp\/v2\/comments?post=2516"}],"version-history":[{"count":1,"href":"https:\/\/falusiturizmus.eu\/en\/wp-json\/wp\/v2\/pages\/2516\/revisions"}],"predecessor-version":[{"id":2517,"href":"https:\/\/falusiturizmus.eu\/en\/wp-json\/wp\/v2\/pages\/2516\/revisions\/2517"}],"wp:attachment":[{"href":"https:\/\/falusiturizmus.eu\/en\/wp-json\/wp\/v2\/media?parent=2516"}],"curies":[{"name":"wp","href":"https:\/\/api.w.org\/{rel}","templated":true}]}}