{"id":2509,"date":"2026-01-16T08:10:55","date_gmt":"2026-01-16T08:10:55","guid":{"rendered":"https:\/\/falusiturizmus.korosmentivallalkozaserosites.hu\/?page_id=2509"},"modified":"2026-02-02T18:11:28","modified_gmt":"2026-02-02T18:11:28","slug":"koszonto","status":"publish","type":"page","link":"https:\/\/falusiturizmus.eu\/en\/koszonto\/","title":{"rendered":"K\u00f6sz\u00f6nt\u0151"},"content":{"rendered":"<h5 class=\"wp-block-heading\">Kedves L\u00e1togat\u00f3!<br>&nbsp;<\/h5>\n\n\n\n<h6 class=\"wp-block-heading\">\u00dcdv\u00f6z\u00f6lj\u00fck \u00d6n\u00f6ket a FATOSZ honlapj\u00e1n! A Falusi \u00e9s Agroturizmus Orsz\u00e1gos Sz\u00f6vets\u00e9ge (FATOSZ) imm\u00e1r 30 \u00e9ve a vid\u00e9ki turizmusban m\u0171k\u00f6d\u0151 szolg\u00e1ltat\u00f3k \u00e9rdekv\u00e9delm\u00e9vel foglalkoz\u00f3 szakmai szervezetk\u00e9nt van jelen a turisztikai piacon. &nbsp;<\/h6>\n\n\n\n<div class=\"wp-block-stackable-text stk-block-text stk-block stk-8c66fb7\" data-block-id=\"8c66fb7\"><p class=\"stk-block-text__text has-text-align-justify\">A&nbsp;<strong>Falusi \u00e9s Agroturizmus Orsz\u00e1gos Sz\u00f6vets\u00e9ge&nbsp;<\/strong>(tov\u00e1bbiakban:&nbsp;<strong>FATOSZ<\/strong>) szakmai \u00e9rdekk\u00e9pviseleti tev\u00e9kenys\u00e9geket folytat, mely sor\u00e1n olyan szolg\u00e1ltat\u00f3kkal foglalkozik, akik egy adott t\u00e9rs\u00e9g, desztin\u00e1ci\u00f3 falusi \u00e9s agroturizmus\u00e1nak fejleszt\u00e9se \u00e9rdek\u00e9ben tev\u00e9kenykednek. A FATOSZ 2024-ben \u00fcnnepli fenn\u00e1ll\u00e1s\u00e1nak 30. \u00e9v\u00e9t, ezen hossz\u00fa id\u0151 alatt folyamatosan seg\u00edtette \u00e9s seg\u00edti a vid\u00e9ki-falusi ter\u00fcleteken m\u0171k\u00f6d\u0151 szolg\u00e1ltat\u00f3kat, akik tev\u00e9kenys\u00e9ge a falusi vend\u00e9gfogad\u00e1s, sz\u00e1ll\u00e1sad\u00e1s.<\/p><\/div>\n\n\n\n<div class=\"wp-block-stackable-text stk-block-text stk-block stk-5100110\" data-block-id=\"5100110\"><p class=\"stk-block-text__text has-text-align-justify\">A Sz\u00f6vets\u00e9g \u00e9rdekk\u00e9pviseletet l\u00e1t el, melyet egy erny\u0151szervezetk\u00e9nt funkcion\u00e1l.&nbsp;<strong>Az egyik legf\u0151bb strat\u00e9giai c\u00e9lunk a vid\u00e9ki \u00e9let meg\u0151rz\u00e9se, \u00e9s a falusi vend\u00e9gfogad\u00f3k \u00e9letmin\u0151s\u00e9g\u00e9nek jav\u00edt\u00e1sa.<\/strong>&nbsp;A Sz\u00f6vets\u00e9g 30 \u00e9ves m\u0171k\u00f6d\u00e9se alatt olyan privil\u00e9giumokhoz seg\u00edtette a sz\u00e1ll\u00e1shely-szolg\u00e1ltat\u00f3kat, mely n\u00e9lk\u00fcl kedvez\u0151tlen helyzetbe ker\u00fcltek volna m\u00e1s, az ipar\u00e1gban tev\u00e9kenyked\u0151kkel szemben. Ezek k\u00f6zt vannak olyan seg\u00edts\u00e9gek, melyek a digit\u00e1lis k\u00e9szs\u00e9gek elsaj\u00e1t\u00edt\u00e1s\u00e1hoz j\u00e1rulnak hozz\u00e1. A Sz\u00f6vets\u00e9g szakmai tan\u00e1csokkal, gyakorlati seg\u00edts\u00e9ggel, marketing tev\u00e9kenys\u00e9g fokoz\u00e1s\u00e1val j\u00e1rul hozz\u00e1, hogy a vid\u00e9ki t\u00e9rs\u00e9gekben tal\u00e1lhat\u00f3 kis kapacit\u00e1s\u00fa sz\u00e1ll\u00e1shely-szolg\u00e1ltat\u00f3k, programszolg\u00e1ltat\u00f3k \u00e9s termel\u0151k versenyk\u00e9pesebbek maradjanak.<\/p><\/div>\n\n\n\n<div class=\"wp-block-stackable-text stk-block-text stk-block stk-fbe038d\" data-block-id=\"fbe038d\"><p class=\"stk-block-text__text has-text-align-justify\">Az eml\u00edtett c\u00e9lok mellett rendk\u00edv\u00fcl fontos szempont a&nbsp;<strong>K\u00e1rp\u00e1t-medencei egy\u00fcttm\u0171k\u00f6d\u00e9s er\u0151s\u00edt\u00e9se.<\/strong>&nbsp;A FATOSZ e tev\u00e9kenys\u00e9geit els\u0151sorban&nbsp;<strong>szakmai konferenci\u00e1kkal, h\u00edrlevelekkel, t\u00e1j\u00e9koztat\u00f3 f\u00f3rumokkal, workshopokkal<\/strong>&nbsp;\u00e9s<strong>&nbsp;k\u00e9pz\u00e9sekkel&nbsp;<\/strong>biztos\u00edtja tagjai sz\u00e1m\u00e1ra. A Sz\u00f6vets\u00e9g c\u00e9ljainak el\u00e9r\u00e9s\u00e9hez oktat\u00e1si, min\u0151s\u00edt\u00e9si, term\u00e9kfejleszt\u00e9si programokat szervez.<\/p><\/div>\n\n\n\n<div class=\"wp-block-stackable-text stk-block-text stk-block stk-3e50072\" data-block-id=\"3e50072\"><p class=\"stk-block-text__text has-text-align-justify\">A falusi turizmus, jelleg\u00e9b\u0151l fakad\u00f3an a turizmusban a legjobban ig\u00e9nyli a vend\u00e9gl\u00e1t\u00f3 r\u00e9sz\u00e9r\u0151l a szem\u00e9lyes jelenl\u00e9tet. Sz\u00e1mos kedvez\u0151tlen hat\u00e1s \u00e9rinti a turizmus szektort is, \u00edgy a digit\u00e1lis er\u0151forr\u00e1sok haszn\u00e1lata el\u0151t\u00e9rbe ker\u00fclt az elm\u00falt \u00e9vekben. A vid\u00e9ki vend\u00e9gfogad\u00f3k t\u00f6bbs\u00e9g\u00e9nek neh\u00e9zs\u00e9get okoz a mindennapos internethaszn\u00e1lat, \u00edgy&nbsp;<strong>a K\u00f6zponti Irod\u00e1nkban \u00e1lland\u00f3 telefonos seg\u00edts\u00e9g \u00e1ll rendelkez\u00e9sre, mely megk\u00f6nny\u00edti a vend\u00e9gfogad\u00f3k \u00e9let\u00e9t<\/strong>. A FATOSZ \u00e1ltal ny\u00fajtott seg\u00edts\u00e9g \u00e9s t\u00e1mogat\u00e1s r\u00e9v\u00e9n a vid\u00e9ki szolg\u00e1ltat\u00f3k lehet\u0151s\u00e9get kapnak a digit\u00e1lis k\u00e9szs\u00e9geik fejleszt\u00e9s\u00e9re. Ez\u00e1ltal k\u00e9pesek lesznek hat\u00e9konyabban haszn\u00e1lni az online marketing eszk\u00f6z\u00f6ket \u00e9s el\u00e9rni a sz\u00e9lesebb k\u00f6r\u0171 k\u00f6z\u00f6ns\u00e9get.<\/p><\/div>\n\n\n\n<div class=\"wp-block-stackable-text stk-block-text stk-block stk-d8e86c1\" data-block-id=\"d8e86c1\"><p class=\"stk-block-text__text has-text-align-justify\"><strong>Folyamatos marketing lehet\u0151s\u00e9get biztos\u00edtunk tagjainknak, akik \u00edgy k\u00f6nnyebben tudj\u00e1k \u00e9rt\u00e9kes\u00edteni vend\u00e9gh\u00e1zaikat \u00e9s szolg\u00e1ltat\u00e1saikat.&nbsp;<\/strong>Kiemelt t\u00e1rsadalmi c\u00e9l az es\u00e9lyegyenl\u0151s\u00e9g megteremt\u00e9se, illetve a fenntarthat\u00f3s\u00e1gi \u00e9rt\u00e9kek k\u00f6zvet\u00edt\u00e9se. A fenntarthat\u00f3s\u00e1g term\u00e9szeti-t\u00e1rsadalmi-gazdas\u00e1gi pill\u00e9reit saj\u00e1t m\u0171k\u00f6d\u00e9se sor\u00e1n \u00e9s a tagjainak is k\u00f6zvet\u00edti Sz\u00f6vets\u00e9g\u00fcnk.<\/p><\/div>\n\n\n\n<div class=\"wp-block-stackable-text stk-block-text stk-block stk-2b2c97c\" data-block-id=\"2b2c97c\"><p class=\"stk-block-text__text has-text-align-justify\">A 30 \u00e9v r\u00e1vil\u00e1g\u00edtott minket arra, hogy \u00e9rdemes napr\u00f3l-napra dolgoznunk a vid\u00e9ki szolg\u00e1ltat\u00f3kkal \u00e9s a j\u00f6v\u0151ben m\u00e9g jobban t\u00e1mogatnunk kell a h\u00e1tt\u00e9rb\u0151l a m\u0171k\u00f6d\u00e9s\u00fcket, hogy a vid\u00e9ki Magyarorsz\u00e1g turizmusa \u00e9letk\u00e9pesebb legyen.&nbsp;<strong>A FATOSZ tev\u00e9kenys\u00e9gei hozz\u00e1j\u00e1rulnak a vid\u00e9ki gazdas\u00e1g \u00e9l\u00e9nk\u00edt\u00e9s\u00e9hez \u00e9s fenntarthat\u00f3s\u00e1g\u00e1nak el\u0151mozd\u00edt\u00e1s\u00e1hoz.&nbsp;<\/strong>A Sz\u00f6vets\u00e9g \u00e1ltal ny\u00fajtott seg\u00edts\u00e9g \u00e9s t\u00e1mogat\u00e1s r\u00e9v\u00e9n a falusi turizmus ter\u00fclet\u00e9n m\u0171k\u00f6d\u0151 v\u00e1llalkoz\u00e1sok fenntarthat\u00f3 m\u00f3don gazd\u00e1lkodhatnak, hozz\u00e1j\u00e1rulva ezzel a term\u00e9szeti \u00e9s t\u00e1rsadalmi er\u0151forr\u00e1saik meg\u0151rz\u00e9s\u00e9hez.&nbsp;<strong>A FATOSZ tev\u00e9kenys\u00e9gei hozz\u00e1j\u00e1rulnak a magyar vid\u00e9k kultur\u00e1lis \u00f6r\u00f6ks\u00e9g\u00e9nek \u00e9s hagyom\u00e1nyainak meg\u0151rz\u00e9s\u00e9hez \u00e9s \u00e1pol\u00e1s\u00e1hoz.<\/strong><\/p><\/div>\n\n\n\n<div class=\"wp-block-stackable-text stk-block-text stk-block stk-18b6a70\" data-block-id=\"18b6a70\"><p class=\"stk-block-text__text has-text-align-justify\"><strong>A Sz\u00f6vets\u00e9g t\u00e1mogatja \u00e9s n\u00e9pszer\u0171s\u00edti a helyi kultur\u00e1lis rendezv\u00e9nyeket, n\u00e9pm\u0171v\u00e9szeti programokat \u00e9s gasztron\u00f3miai esem\u00e9nyeket<\/strong>, ez\u00e1ltal el\u0151seg\u00edtve a hagyom\u00e1nyok \u00e1t\u00f6r\u00f6k\u00edt\u00e9s\u00e9t a k\u00f6vetkez\u0151 gener\u00e1ci\u00f3k sz\u00e1m\u00e1ra is. A falusi turizmus \u00e9s a vid\u00e9ki t\u00e9rs\u00e9gekben m\u0171k\u00f6d\u0151 sz\u00e1ll\u00e1shelyek, programok hozz\u00e1j\u00e1rulnak a vid\u00e9ki lakoss\u00e1g megtart\u00e1s\u00e1hoz \u00e9s vonz\u00e1s\u00e1hoz. Az ilyen kezdem\u00e9nyez\u00e9sek lehet\u0151s\u00e9get teremtenek a helyi lakoss\u00e1g sz\u00e1m\u00e1ra, hogy munk\u00e1t tal\u00e1ljanak \u00e9s meg\u00e9lhet\u00e9st biztos\u00edtsanak maguknak an\u00e9lk\u00fcl, hogy v\u00e1rosi k\u00f6rnyezetbe kellene k\u00f6lt\u00f6zni\u00fck. Emellett vonz\u00f3bb\u00e1 teszik a vid\u00e9ki \u00e9letet a csal\u00e1dok \u00e9s az egy\u00e9b t\u00e1rsadalmi csoportok sz\u00e1m\u00e1ra, akik hossz\u00fa t\u00e1von a vid\u00e9ki t\u00e9rs\u00e9gekben k\u00edv\u00e1nnak \u00e9lni \u00e9s dolgozni.<\/p><\/div>\n\n\n\n<div class=\"wp-block-stackable-text stk-block-text stk-block stk-07d8275\" data-block-id=\"07d8275\"><p class=\"stk-block-text__text has-text-align-justify\"><strong>K\u00f6sz\u00f6nj\u00fck, hogy \u00e9rdekl\u0151dnek \u00e9s t\u00e1mogatj\u00e1k a FATOSZ munk\u00e1j\u00e1t!<\/strong><\/p><\/div>\n\n\n\n<p>Tisztelettel:<\/p>\n\n\n\n<div class=\"wp-block-stackable-text stk-block-text stk-block stk-8d8a861\" data-block-id=\"8d8a861\"><p class=\"stk-block-text__text\"><strong>Frank\u00f3 P\u00e1l<\/strong><br><strong>eln\u00f6k<\/strong><br>Falusi \u00e9s Agroturizmus Orsz\u00e1gos Sz\u00f6vets\u00e9ge<\/p><\/div>","protected":false},"excerpt":{"rendered":"<p>Kedves L\u00e1togat\u00f3!&nbsp; \u00dcdv\u00f6z\u00f6lj\u00fck \u00d6n\u00f6ket a FATOSZ honlapj\u00e1n! A Falusi \u00e9s Agroturizmus Orsz\u00e1gos Sz\u00f6vets\u00e9ge (FATOSZ) imm\u00e1r 30 \u00e9ve a vid\u00e9ki turizmusban m\u0171k\u00f6d\u0151 szolg\u00e1ltat\u00f3k \u00e9rdekv\u00e9delm\u00e9vel foglalkoz\u00f3 szakmai szervezetk\u00e9nt van jelen a turisztikai piacon. &nbsp; A&nbsp;Falusi \u00e9s Agroturizmus Orsz\u00e1gos Sz\u00f6vets\u00e9ge&nbsp;(tov\u00e1bbiakban:&nbsp;FATOSZ) szakmai \u00e9rdekk\u00e9pviseleti tev\u00e9kenys\u00e9geket folytat, mely sor\u00e1n olyan szolg\u00e1ltat\u00f3kkal foglalkozik, akik egy adott t\u00e9rs\u00e9g, desztin\u00e1ci\u00f3 falusi \u00e9s agroturizmus\u00e1nak fejleszt\u00e9se [&hellip;]<\/p>\n","protected":false},"author":1,"featured_media":0,"parent":0,"menu_order":0,"comment_status":"closed","ping_status":"closed","template":"","meta":{"_monsterinsights_skip_tracking":false,"_monsterinsights_sitenote_active":false,"_monsterinsights_sitenote_note":"","_monsterinsights_sitenote_category":0,"footnotes":""},"class_list":["post-2509","page","type-page","status-publish","hentry"],"blocksy_meta":[],"yoast_head":"<!-- This site is optimized with the Yoast SEO plugin v27.0 - https:\/\/yoast.com\/product\/yoast-seo-wordpress\/ -->\n<title>K\u00f6sz\u00f6nt\u0151 - Falusi \u00e9s Agroturizmus Orsz\u00e1gos Sz\u00f6vets\u00e9ge<\/title>\n<meta name=\"robots\" content=\"index, follow, max-snippet:-1, max-image-preview:large, max-video-preview:-1\" \/>\n<link rel=\"canonical\" href=\"https:\/\/falusiturizmus.eu\/en\/koszonto\/\" \/>\n<meta property=\"og:locale\" content=\"en_GB\" \/>\n<meta property=\"og:type\" content=\"article\" \/>\n<meta property=\"og:title\" content=\"K\u00f6sz\u00f6nt\u0151 - Falusi \u00e9s Agroturizmus Orsz\u00e1gos Sz\u00f6vets\u00e9ge\" \/>\n<meta property=\"og:description\" content=\"Kedves L\u00e1togat\u00f3!&nbsp; \u00dcdv\u00f6z\u00f6lj\u00fck \u00d6n\u00f6ket a FATOSZ honlapj\u00e1n! A Falusi \u00e9s Agroturizmus Orsz\u00e1gos Sz\u00f6vets\u00e9ge (FATOSZ) imm\u00e1r 30 \u00e9ve a vid\u00e9ki turizmusban m\u0171k\u00f6d\u0151 szolg\u00e1ltat\u00f3k \u00e9rdekv\u00e9delm\u00e9vel foglalkoz\u00f3 szakmai szervezetk\u00e9nt van jelen a turisztikai piacon. &nbsp; A&nbsp;Falusi \u00e9s Agroturizmus Orsz\u00e1gos Sz\u00f6vets\u00e9ge&nbsp;(tov\u00e1bbiakban:&nbsp;FATOSZ) szakmai \u00e9rdekk\u00e9pviseleti tev\u00e9kenys\u00e9geket folytat, mely sor\u00e1n olyan szolg\u00e1ltat\u00f3kkal foglalkozik, akik egy adott t\u00e9rs\u00e9g, desztin\u00e1ci\u00f3 falusi \u00e9s agroturizmus\u00e1nak fejleszt\u00e9se [&hellip;]\" \/>\n<meta property=\"og:url\" content=\"https:\/\/falusiturizmus.eu\/en\/koszonto\/\" \/>\n<meta property=\"og:site_name\" content=\"Falusi \u00e9s Agroturizmus Orsz\u00e1gos Sz\u00f6vets\u00e9ge\" \/>\n<meta property=\"article:publisher\" content=\"https:\/\/www.facebook.com\/falusiturizmus.hu\" \/>\n<meta property=\"article:modified_time\" content=\"2026-02-02T18:11:28+00:00\" \/>\n<meta name=\"twitter:card\" content=\"summary_large_image\" \/>\n<meta name=\"twitter:label1\" content=\"Estimated reading time\" \/>\n\t<meta name=\"twitter:data1\" content=\"5 minutes\" \/>\n<script type=\"application\/ld+json\" class=\"yoast-schema-graph\">{\"@context\":\"https:\/\/schema.org\",\"@graph\":[{\"@type\":\"WebPage\",\"@id\":\"https:\/\/falusiturizmus.eu\/koszonto\/\",\"url\":\"https:\/\/falusiturizmus.eu\/koszonto\/\",\"name\":\"K\u00f6sz\u00f6nt\u0151 - Falusi \u00e9s Agroturizmus Orsz\u00e1gos Sz\u00f6vets\u00e9ge\",\"isPartOf\":{\"@id\":\"https:\/\/falusiturizmus.eu\/#website\"},\"datePublished\":\"2026-01-16T08:10:55+00:00\",\"dateModified\":\"2026-02-02T18:11:28+00:00\",\"breadcrumb\":{\"@id\":\"https:\/\/falusiturizmus.eu\/koszonto\/#breadcrumb\"},\"inLanguage\":\"en-GB\",\"potentialAction\":[{\"@type\":\"ReadAction\",\"target\":[\"https:\/\/falusiturizmus.eu\/koszonto\/\"]}]},{\"@type\":\"BreadcrumbList\",\"@id\":\"https:\/\/falusiturizmus.eu\/koszonto\/#breadcrumb\",\"itemListElement\":[{\"@type\":\"ListItem\",\"position\":1,\"name\":\"Kezd\u0151lap\",\"item\":\"https:\/\/falusiturizmus.eu\/\"},{\"@type\":\"ListItem\",\"position\":2,\"name\":\"K\u00f6sz\u00f6nt\u0151\"}]},{\"@type\":\"WebSite\",\"@id\":\"https:\/\/falusiturizmus.eu\/#website\",\"url\":\"https:\/\/falusiturizmus.eu\/\",\"name\":\"Falusi \u00e9s Agroturizmus Orsz\u00e1gos Sz\u00f6vets\u00e9ge\",\"description\":\"\",\"publisher\":{\"@id\":\"https:\/\/falusiturizmus.eu\/#organization\"},\"potentialAction\":[{\"@type\":\"SearchAction\",\"target\":{\"@type\":\"EntryPoint\",\"urlTemplate\":\"https:\/\/falusiturizmus.eu\/?s={search_term_string}\"},\"query-input\":{\"@type\":\"PropertyValueSpecification\",\"valueRequired\":true,\"valueName\":\"search_term_string\"}}],\"inLanguage\":\"en-GB\"},{\"@type\":\"Organization\",\"@id\":\"https:\/\/falusiturizmus.eu\/#organization\",\"name\":\"Falusi \u00e9s Agroturizmus Orsz\u00e1gos Sz\u00f6vets\u00e9ge\",\"url\":\"https:\/\/falusiturizmus.eu\/\",\"logo\":{\"@type\":\"ImageObject\",\"inLanguage\":\"en-GB\",\"@id\":\"https:\/\/falusiturizmus.eu\/#\/schema\/logo\/image\/\",\"url\":\"https:\/\/falusiturizmus.eu\/wp-content\/uploads\/2026\/01\/logo.png\",\"contentUrl\":\"https:\/\/falusiturizmus.eu\/wp-content\/uploads\/2026\/01\/logo.png\",\"width\":512,\"height\":521,\"caption\":\"Falusi \u00e9s Agroturizmus Orsz\u00e1gos Sz\u00f6vets\u00e9ge\"},\"image\":{\"@id\":\"https:\/\/falusiturizmus.eu\/#\/schema\/logo\/image\/\"},\"sameAs\":[\"https:\/\/www.facebook.com\/falusiturizmus.hu\",\"https:\/\/www.instagram.com\/falusiesagroturizmus\/?hl=hu\",\"https:\/\/www.youtube.com\/channel\/UCsCVuuFdNNsrFCqOOBDbPtw\"]}]}<\/script>\n<!-- \/ Yoast SEO plugin. -->","yoast_head_json":{"title":"K\u00f6sz\u00f6nt\u0151 - Falusi \u00e9s Agroturizmus Orsz\u00e1gos Sz\u00f6vets\u00e9ge","robots":{"index":"index","follow":"follow","max-snippet":"max-snippet:-1","max-image-preview":"max-image-preview:large","max-video-preview":"max-video-preview:-1"},"canonical":"https:\/\/falusiturizmus.eu\/en\/koszonto\/","og_locale":"en_GB","og_type":"article","og_title":"K\u00f6sz\u00f6nt\u0151 - Falusi \u00e9s Agroturizmus Orsz\u00e1gos Sz\u00f6vets\u00e9ge","og_description":"Kedves L\u00e1togat\u00f3!&nbsp; \u00dcdv\u00f6z\u00f6lj\u00fck \u00d6n\u00f6ket a FATOSZ honlapj\u00e1n! A Falusi \u00e9s Agroturizmus Orsz\u00e1gos Sz\u00f6vets\u00e9ge (FATOSZ) imm\u00e1r 30 \u00e9ve a vid\u00e9ki turizmusban m\u0171k\u00f6d\u0151 szolg\u00e1ltat\u00f3k \u00e9rdekv\u00e9delm\u00e9vel foglalkoz\u00f3 szakmai szervezetk\u00e9nt van jelen a turisztikai piacon. &nbsp; A&nbsp;Falusi \u00e9s Agroturizmus Orsz\u00e1gos Sz\u00f6vets\u00e9ge&nbsp;(tov\u00e1bbiakban:&nbsp;FATOSZ) szakmai \u00e9rdekk\u00e9pviseleti tev\u00e9kenys\u00e9geket folytat, mely sor\u00e1n olyan szolg\u00e1ltat\u00f3kkal foglalkozik, akik egy adott t\u00e9rs\u00e9g, desztin\u00e1ci\u00f3 falusi \u00e9s agroturizmus\u00e1nak fejleszt\u00e9se [&hellip;]","og_url":"https:\/\/falusiturizmus.eu\/en\/koszonto\/","og_site_name":"Falusi \u00e9s Agroturizmus Orsz\u00e1gos Sz\u00f6vets\u00e9ge","article_publisher":"https:\/\/www.facebook.com\/falusiturizmus.hu","article_modified_time":"2026-02-02T18:11:28+00:00","twitter_card":"summary_large_image","twitter_misc":{"Estimated reading time":"5 minutes"},"schema":{"@context":"https:\/\/schema.org","@graph":[{"@type":"WebPage","@id":"https:\/\/falusiturizmus.eu\/koszonto\/","url":"https:\/\/falusiturizmus.eu\/koszonto\/","name":"K\u00f6sz\u00f6nt\u0151 - Falusi \u00e9s Agroturizmus Orsz\u00e1gos Sz\u00f6vets\u00e9ge","isPartOf":{"@id":"https:\/\/falusiturizmus.eu\/#website"},"datePublished":"2026-01-16T08:10:55+00:00","dateModified":"2026-02-02T18:11:28+00:00","breadcrumb":{"@id":"https:\/\/falusiturizmus.eu\/koszonto\/#breadcrumb"},"inLanguage":"en-GB","potentialAction":[{"@type":"ReadAction","target":["https:\/\/falusiturizmus.eu\/koszonto\/"]}]},{"@type":"BreadcrumbList","@id":"https:\/\/falusiturizmus.eu\/koszonto\/#breadcrumb","itemListElement":[{"@type":"ListItem","position":1,"name":"Kezd\u0151lap","item":"https:\/\/falusiturizmus.eu\/"},{"@type":"ListItem","position":2,"name":"K\u00f6sz\u00f6nt\u0151"}]},{"@type":"WebSite","@id":"https:\/\/falusiturizmus.eu\/#website","url":"https:\/\/falusiturizmus.eu\/","name":"Falusi \u00e9s Agroturizmus Orsz\u00e1gos Sz\u00f6vets\u00e9ge","description":"","publisher":{"@id":"https:\/\/falusiturizmus.eu\/#organization"},"potentialAction":[{"@type":"SearchAction","target":{"@type":"EntryPoint","urlTemplate":"https:\/\/falusiturizmus.eu\/?s={search_term_string}"},"query-input":{"@type":"PropertyValueSpecification","valueRequired":true,"valueName":"search_term_string"}}],"inLanguage":"en-GB"},{"@type":"Organization","@id":"https:\/\/falusiturizmus.eu\/#organization","name":"Falusi \u00e9s Agroturizmus Orsz\u00e1gos Sz\u00f6vets\u00e9ge","url":"https:\/\/falusiturizmus.eu\/","logo":{"@type":"ImageObject","inLanguage":"en-GB","@id":"https:\/\/falusiturizmus.eu\/#\/schema\/logo\/image\/","url":"https:\/\/falusiturizmus.eu\/wp-content\/uploads\/2026\/01\/logo.png","contentUrl":"https:\/\/falusiturizmus.eu\/wp-content\/uploads\/2026\/01\/logo.png","width":512,"height":521,"caption":"Falusi \u00e9s Agroturizmus Orsz\u00e1gos Sz\u00f6vets\u00e9ge"},"image":{"@id":"https:\/\/falusiturizmus.eu\/#\/schema\/logo\/image\/"},"sameAs":["https:\/\/www.facebook.com\/falusiturizmus.hu","https:\/\/www.instagram.com\/falusiesagroturizmus\/?hl=hu","https:\/\/www.youtube.com\/channel\/UCsCVuuFdNNsrFCqOOBDbPtw"]}]}},"_links":{"self":[{"href":"https:\/\/falusiturizmus.eu\/en\/wp-json\/wp\/v2\/pages\/2509","targetHints":{"allow":["GET"]}}],"collection":[{"href":"https:\/\/falusiturizmus.eu\/en\/wp-json\/wp\/v2\/pages"}],"about":[{"href":"https:\/\/falusiturizmus.eu\/en\/wp-json\/wp\/v2\/types\/page"}],"author":[{"embeddable":true,"href":"https:\/\/falusiturizmus.eu\/en\/wp-json\/wp\/v2\/users\/1"}],"replies":[{"embeddable":true,"href":"https:\/\/falusiturizmus.eu\/en\/wp-json\/wp\/v2\/comments?post=2509"}],"version-history":[{"count":2,"href":"https:\/\/falusiturizmus.eu\/en\/wp-json\/wp\/v2\/pages\/2509\/revisions"}],"predecessor-version":[{"id":35301,"href":"https:\/\/falusiturizmus.eu\/en\/wp-json\/wp\/v2\/pages\/2509\/revisions\/35301"}],"wp:attachment":[{"href":"https:\/\/falusiturizmus.eu\/en\/wp-json\/wp\/v2\/media?parent=2509"}],"curies":[{"name":"wp","href":"https:\/\/api.w.org\/{rel}","templated":true}]}}