{"id":2505,"date":"2026-01-16T08:07:59","date_gmt":"2026-01-16T08:07:59","guid":{"rendered":"https:\/\/falusiturizmus.korosmentivallalkozaserosites.hu\/?page_id=2505"},"modified":"2026-01-16T08:07:59","modified_gmt":"2026-01-16T08:07:59","slug":"videki-szallashelymenedzsment-kepzes","status":"publish","type":"page","link":"https:\/\/falusiturizmus.eu\/en\/videki-szallashelymenedzsment-kepzes\/","title":{"rendered":"Vid\u00e9ki Sz\u00e1ll\u00e1shelymenedzsment k\u00e9pz\u00e9s"},"content":{"rendered":"<p><strong>A k\u00e9pz\u00e9s c\u00e9lja:<\/strong>&nbsp;A k\u00e9pz\u00e9s c\u00e9lja, hogy a r\u00e9sztvev\u0151k megismerj\u00e9k a falusi, vid\u00e9ki turizmusban rejl\u0151 v\u00e1llalkoz\u00e1si lehet\u0151s\u00e9geket. A k\u00e9pz\u00e9s els\u0151sorban a falusi, vid\u00e9ki sz\u00e1ll\u00e1shely \u00fczemeltet\u00e9s\u00e9nek gyakorlat\u00e1ra f\u00f3kusz\u00e1l, amely sor\u00e1n t\u00f6bbek k\u00f6z\u00f6tt gazdas\u00e1gi, higi\u00e9niai, marketing t\u00e9mak\u00f6r\u00f6kre t\u00e9r ki.<\/p>\n\n\n\n<p><strong>A k\u00e9pz\u00e9s c\u00e9lcsoportja:<\/strong>&nbsp;A k\u00e9pz\u00e9st b\u00e1rki elv\u00e9gezheti, aki a falusi turizmus ir\u00e1nt \u00e9rdekl\u0151dik \u00e9s szeretne \u00faj k\u00e9szs\u00e9geket \u00e9s ismereteket szerezni. A k\u00e9pz\u00e9s a falusi turizmusban tapasztalattal rendelkez\u0151knek is tartalmaz \u00faj inform\u00e1ci\u00f3kat. \u0150k lehetnek kezd\u0151 &nbsp;falusi vend\u00e9gl\u00e1t\u00f3k, \u00daMVP \u00e9s VP nyertes falusi sz\u00e1ll\u00e1sad\u00f3k, vid\u00e9ki szolg\u00e1ltat\u00f3k, tanyagazdas\u00e1got \u00e9s farmgazdas\u00e1got m\u0171k\u00f6dtet\u0151 &nbsp;mag\u00e1nszem\u00e9lyek, \u0151stermel\u0151k, kis- \u00e9s mikro v\u00e1llalkoz\u00e1sok vezet\u0151i, munkat\u00e1rsai.<\/p>\n\n\n\n<p><strong>A k\u00e9pz\u00e9s sor\u00e1n megszerezhet\u0151 kompetenci\u00e1k:<\/strong><\/p>\n\n\n\n<ul class=\"wp-block-list\">\n<li>a r\u00e9sztvev\u0151 k\u00e9pes lesz a turizmus-\u00e1gazat jelent\u0151s\u00e9g\u00e9t felismerni \u00e9s meg\u00e9rti a turizmus rendszer m\u0171k\u00f6d\u00e9s\u00e9t.<\/li>\n\n\n\n<li>a r\u00e9sztvev\u0151 k\u00e9pes lesz elhelyezni \u00e9s \u00e9rt\u00e9kelni a falusi vend\u00e9gl\u00e1t\u00e1s hely\u00e9t \u00e9s szerep\u00e9t a turizmus rendszer\u00e9n bel\u00fcl.<\/li>\n\n\n\n<li>a r\u00e9sztvev\u0151 megismeri a falusi vend\u00e9gl\u00e1t\u00e1s szerep\u00e9t \u00e9s lehet\u0151s\u00e9geit a csal\u00e1di gazdas\u00e1g j\u00f6vedelemkieg\u00e9sz\u00edt\u00e9s\u00e9ben, a falu \u00e9s a vid\u00e9k integr\u00e1lt fejleszt\u00e9s\u00e9ben, a nemzeti turisztikai c\u00e9lok megval\u00f3s\u00edt\u00e1s\u00e1ban.<\/li>\n\n\n\n<li>a r\u00e9sztvev\u0151 elsaj\u00e1t\u00edtja a falusi vend\u00e9gl\u00e1t\u00e1s, mint komplex idegenforgalmi szolg\u00e1ltat\u00e1s \u2013 (term\u00e9k) jellemz\u0151it, \u00f6sszetev\u0151it, a falusi turizmus keresleti \u00e9s k\u00edn\u00e1lati jellemz\u0151it, a gazdas\u00e1goss\u00e1g \u00e9s versenyk\u00e9pess\u00e9g felt\u00e9teleinek ismereteit.<\/li>\n\n\n\n<li>a r\u00e9sztvev\u0151 gyakorlatot szerez a takar\u00e9kos \u00e9s a k\u00f6rnyezettudatos h\u00e1ztart\u00e1svezet\u00e9sben \u00e9s megismeri a higi\u00e9n\u00e9 alapelveit.<\/li>\n\n\n\n<li>a r\u00e9sztvev\u0151 k\u00e9pes lesz adott falu \u00e9s az azt k\u00f6r\u00fclvev\u0151 kist\u00e9rs\u00e9g, t\u00e1jegys\u00e9g term\u00e9szeti adotts\u00e1gait, kir\u00e1ndul\u00f3helyeit, gy\u00f3gy-\u00e9s term\u00e1lf\u00fcrd\u0151it, t\u00f6rt\u00e9nelmi nevezetess\u00e9geit, n\u00e9pszok\u00e1saikat \u00e9s egy\u00e9b idegenforgalmi attrakci\u00f3it ismertetni \u00e9s aj\u00e1nlani.<\/li>\n\n\n\n<li>a r\u00e9sztvev\u0151 elsaj\u00e1t\u00edtja a helyes vend\u00e9gfogad\u00f3i magatart\u00e1st \u00e9s szeml\u00e9letm\u00f3dot.<\/li>\n<\/ul>\n\n\n\n<p class=\"has-text-align-center\"><strong>A k\u00e9pz\u00e9s&nbsp; id\u0151tartama: 60 elm\u00e9leti \u00f3ra + 10 \u00f3r\u00e1s workshop<\/strong><\/p>\n\n\n\n<p class=\"has-text-align-center\">Az online k\u00e9pz\u00e9s form\u00e1ja: p\u00e9ntek d\u00e9lut\u00e1ni \u00e9s szombati eg\u00e9sz napos el\u0151ad\u00e1sok \u00e9s gyakorlati foglalkoz\u00e1sok<\/p>\n\n\n\n<p class=\"has-text-align-center\">FATOSZ k\u00f6zponti inform\u00e1ci\u00f3s irod\u00e1ja: 1077 Budapest, Kir\u00e1ly utca 93.<\/p>\n\n\n\n<p class=\"has-text-align-center\"><strong>A k\u00e9pz\u00e9sre val\u00f3 jelentkez\u00e9s egy online jelentkez\u00e9si lap kit\u00f6lt\u00e9s\u00e9vel t\u00f6rt\u00e9nik, melyet&nbsp;<a href=\"https:\/\/docs.google.com\/forms\/d\/e\/1FAIpQLScvQFOrTMirLY4tBeIBrAz1NpnLC2XLOqncNZqdE50ECkvvag\/viewform\">ITT&nbsp;<\/a>\u00e9r el!<\/strong><\/p>\n\n\n\n<p class=\"has-text-align-center\"><strong>K\u00e9rem, hogy ha kit\u00f6lt\u00f6tte a jelentkez\u00e9si lapot, k\u00fcldj\u00f6n egy meger\u0151s\u00edt\u0151 e-mailt az al\u00e1bbi c\u00edmre: &nbsp;kepzes@falusiturizmus.hu&nbsp;<\/strong><\/p>\n\n\n\n<p class=\"has-text-align-center\">Akik a Nemzeti Tan\u00fas\u00edt\u00f3 V\u00e9djegy k\u00e9pes\u00edt\u00e9ssel kapcsolatos k\u00f6vetelm\u00e9ny\u00e9nek teljes\u00edt\u00e9se c\u00e9lj\u00e1b\u00f3l jelentkezik a k\u00e9pz\u00e9sre,\u00a0<a href=\"https:\/\/falusiturizmus.eu\/wp-content\/uploads\/2026\/01\/952f1598de6c668eafb749d4cd54d7b3.pdf\" data-type=\"link\" data-id=\"https:\/\/falusiturizmus.eu\/wp-content\/uploads\/2026\/01\/952f1598de6c668eafb749d4cd54d7b3.pdf\" target=\"_blank\" rel=\"noreferrer noopener\">ezt a nyilatkozatot<\/a>\u00a0k\u00fcldje el r\u00e9sz\u00fcnkre al\u00e1\u00edrva.<\/p>\n\n\n\n<p class=\"has-text-align-center\">Adatkezel\u00e9si t\u00e1j\u00e9koztat\u00f3nkat&nbsp;<a href=\"https:\/\/drive.google.com\/file\/d\/1o8czcwR090oyZM4_Y43AM9RTx8sLAoLo\/view?usp=sharing\" target=\"_blank\" rel=\"noreferrer noopener\">ITT&nbsp;<\/a>tudja megtekinteni, a k\u00e9pz\u00e9sre t\u00f6rt\u00e9n\u0151 jelentkez\u00e9ssel ez elfogadottnak min\u0151s\u00fcl.&nbsp;<\/p>\n\n\n\n<p class=\"has-text-align-center\"><strong>A k\u00e9pz\u00e9s online form\u00e1ban ker\u00fcl meghirdet\u00e9sre! A jelentkez\u00e9s folyamatos!<\/strong><\/p>\n\n\n\n<p>A minimum l\u00e9tsz\u00e1m 20 f\u0151, kevesebb jelentkez\u0151vel nem tudjuk elind\u00edtani a k\u00e9pz\u00e9st.<\/p>\n\n\n\n<p><strong>Tan\u00fas\u00edtv\u00e1ny:<\/strong><\/p>\n\n\n\n<p>A hallgat\u00f3k a k\u00e9pz\u00e9s v\u00e9g\u00e9n&nbsp;<strong>tan\u00fas\u00edtv\u00e1nyt&nbsp;<\/strong>kapnak, amelyet elfogadnak EMVA \u00e9s LEADER-es, VP p\u00e1ly\u00e1zati t\u00e1mogat\u00e1sokat nyertek sz\u00e1m\u00e1ra el\u0151\u00edrt k\u00e9pzetts\u00e9gnek.<\/p>\n\n\n\n<p>Felh\u00edvjuk figyelm\u00fcket, hogy a napraforg\u00f3s Nemzeti Tan\u00fas\u00edt\u00f3 V\u00e9djegy megszerz\u00e9s\u00e9hez sz\u00fcks\u00e9ges k\u00e9pzetts\u00e9gnek is eleget tesz a 60 \u00f3r\u00e1s k\u00e9pz\u00e9s\u00fcnk.<\/p>\n\n\n\n<p><strong>Tematika<\/strong><\/p>\n\n\n\n<p>I. Gazd\u00e1lkod\u00e1si \u00e9s v\u00e1llalkoz\u00e1si ismeretek alkalmaz\u00e1sa a turizmusban<\/p>\n\n\n\n<p>II. K\u00f6rnyezetkialak\u00edt\u00e1si ismeretek<\/p>\n\n\n\n<p>(a sz\u00e1ll\u00e1shely berendez\u00e9se, sz\u00e1ll\u00e1shely \u00fczemeltet\u00e9si enged\u00e9ly, v\u00e9djegy rendszer, szakosod\u00e1s)<\/p>\n\n\n\n<p>III. Szabadid\u0151s tev\u00e9kenys\u00e9gek szervez\u00e9si ismeretei<\/p>\n\n\n\n<p>Szabadid\u0151s tev\u00e9kenys\u00e9gek szervez\u00e9se ( feln\u0151tt \u00e9s gyermek programok szervez\u00e9se, csomagaj\u00e1nlatok k\u00e9sz\u00edt\u00e9se, \u00f6r\u00f6ks\u00e9gturizmus, kultur\u00e1lis turizmus, hagyom\u00e1ny\u0151rz\u00e9s)<\/p>\n\n\n\n<p>IV. Higi\u00e9niai ismeretek<\/p>\n\n\n\n<p>(\u00e9tkeztet\u00e9s higi\u00e9niai felt\u00e9telei, \u00e9telk\u00e9sz\u00edt\u00e9s, konyha higi\u00e9ni\u00e9je, \u00e1ltal\u00e1nos el\u0151\u00edr\u00e1sok, szem\u00e9lyi \u00e9s t\u00e1rgyi felt\u00e9telek)<\/p>\n\n\n\n<p>V. Kommunik\u00e1ci\u00f3, marketing \u00e9s fogyaszt\u00f3v\u00e9delmi ismeretek<\/p>\n\n\n\n<p>(vend\u00e9ggel val\u00f3 kapcsolattart\u00e1s, konfliktus kezel\u00e9se, helyi &nbsp;\u00e9s t\u00e9rs\u00e9gi k\u00f6z\u00f6ss\u00e9g\u00e9p\u00edt\u00e9s, internetes (on-line) &nbsp;megjelen\u00e9s, fogyaszt\u00f3v\u00e9delem)<\/p>\n\n\n\n<p><strong>Oktat\u00f3k:<\/strong>&nbsp;szakir\u00e1ny\u00fa fels\u0151fok\u00fa v\u00e9gzetts\u00e9ggel &nbsp;rendelkez\u0151 oktat\u00f3k \u00e9s sikeres v\u00e1llalkoz\u00e1st m\u0171k\u00f6dtet\u0151, gyakorlott falusi vend\u00e9gl\u00e1t\u00f3k<\/p>\n\n\n\n<p><strong>A k\u00e9pz\u00e9s k\u00f6lts\u00e9ge:&nbsp;<\/strong><strong>90 000 Ft<\/strong><\/p>\n\n\n\n<p>A d\u00edj befizet\u00e9se: A tanfolyam megkezd\u00e9se el\u0151tt, \u00e1tutal\u00e1ssal<\/p>\n\n\n\n<p>FATOSZ \u00e1ltal biztos\u00edtott: elektronikus tananyag<br>&nbsp;<\/p>\n\n\n\n<p>2025. m\u00e1rcius 25.<\/p>\n\n\n\n<p>FATOSZ<\/p>","protected":false},"excerpt":{"rendered":"<p>A k\u00e9pz\u00e9s c\u00e9lja:&nbsp;A k\u00e9pz\u00e9s c\u00e9lja, hogy a r\u00e9sztvev\u0151k megismerj\u00e9k a falusi, vid\u00e9ki turizmusban rejl\u0151 v\u00e1llalkoz\u00e1si lehet\u0151s\u00e9geket. A k\u00e9pz\u00e9s els\u0151sorban a falusi, vid\u00e9ki sz\u00e1ll\u00e1shely \u00fczemeltet\u00e9s\u00e9nek gyakorlat\u00e1ra f\u00f3kusz\u00e1l, amely sor\u00e1n t\u00f6bbek k\u00f6z\u00f6tt gazdas\u00e1gi, higi\u00e9niai, marketing t\u00e9mak\u00f6r\u00f6kre t\u00e9r ki. A k\u00e9pz\u00e9s c\u00e9lcsoportja:&nbsp;A k\u00e9pz\u00e9st b\u00e1rki elv\u00e9gezheti, aki a falusi turizmus ir\u00e1nt \u00e9rdekl\u0151dik \u00e9s szeretne \u00faj k\u00e9szs\u00e9geket \u00e9s ismereteket szerezni. [&hellip;]<\/p>\n","protected":false},"author":1,"featured_media":0,"parent":0,"menu_order":0,"comment_status":"closed","ping_status":"closed","template":"","meta":{"_monsterinsights_skip_tracking":false,"_monsterinsights_sitenote_active":false,"_monsterinsights_sitenote_note":"","_monsterinsights_sitenote_category":0,"footnotes":""},"class_list":["post-2505","page","type-page","status-publish","hentry"],"blocksy_meta":[],"yoast_head":"<!-- This site is optimized with the Yoast SEO plugin v27.0 - https:\/\/yoast.com\/product\/yoast-seo-wordpress\/ -->\n<title>Vid\u00e9ki Sz\u00e1ll\u00e1shelymenedzsment k\u00e9pz\u00e9s - Falusi \u00e9s Agroturizmus Orsz\u00e1gos Sz\u00f6vets\u00e9ge<\/title>\n<meta name=\"robots\" content=\"index, follow, max-snippet:-1, max-image-preview:large, max-video-preview:-1\" \/>\n<link rel=\"canonical\" href=\"https:\/\/falusiturizmus.eu\/en\/videki-szallashelymenedzsment-kepzes\/\" \/>\n<meta property=\"og:locale\" content=\"en_GB\" \/>\n<meta property=\"og:type\" content=\"article\" \/>\n<meta property=\"og:title\" content=\"Vid\u00e9ki Sz\u00e1ll\u00e1shelymenedzsment k\u00e9pz\u00e9s - Falusi \u00e9s Agroturizmus Orsz\u00e1gos Sz\u00f6vets\u00e9ge\" \/>\n<meta property=\"og:description\" content=\"A k\u00e9pz\u00e9s c\u00e9lja:&nbsp;A k\u00e9pz\u00e9s c\u00e9lja, hogy a r\u00e9sztvev\u0151k megismerj\u00e9k a falusi, vid\u00e9ki turizmusban rejl\u0151 v\u00e1llalkoz\u00e1si lehet\u0151s\u00e9geket. A k\u00e9pz\u00e9s els\u0151sorban a falusi, vid\u00e9ki sz\u00e1ll\u00e1shely \u00fczemeltet\u00e9s\u00e9nek gyakorlat\u00e1ra f\u00f3kusz\u00e1l, amely sor\u00e1n t\u00f6bbek k\u00f6z\u00f6tt gazdas\u00e1gi, higi\u00e9niai, marketing t\u00e9mak\u00f6r\u00f6kre t\u00e9r ki. A k\u00e9pz\u00e9s c\u00e9lcsoportja:&nbsp;A k\u00e9pz\u00e9st b\u00e1rki elv\u00e9gezheti, aki a falusi turizmus ir\u00e1nt \u00e9rdekl\u0151dik \u00e9s szeretne \u00faj k\u00e9szs\u00e9geket \u00e9s ismereteket szerezni. [&hellip;]\" \/>\n<meta property=\"og:url\" content=\"https:\/\/falusiturizmus.eu\/en\/videki-szallashelymenedzsment-kepzes\/\" \/>\n<meta property=\"og:site_name\" content=\"Falusi \u00e9s Agroturizmus Orsz\u00e1gos Sz\u00f6vets\u00e9ge\" \/>\n<meta property=\"article:publisher\" content=\"https:\/\/www.facebook.com\/falusiturizmus.hu\" \/>\n<meta name=\"twitter:card\" content=\"summary_large_image\" \/>\n<meta name=\"twitter:label1\" content=\"Estimated reading time\" \/>\n\t<meta name=\"twitter:data1\" content=\"4 minutes\" \/>\n<script type=\"application\/ld+json\" class=\"yoast-schema-graph\">{\"@context\":\"https:\/\/schema.org\",\"@graph\":[{\"@type\":\"WebPage\",\"@id\":\"https:\/\/falusiturizmus.eu\/videki-szallashelymenedzsment-kepzes\/\",\"url\":\"https:\/\/falusiturizmus.eu\/videki-szallashelymenedzsment-kepzes\/\",\"name\":\"Vid\u00e9ki Sz\u00e1ll\u00e1shelymenedzsment k\u00e9pz\u00e9s - Falusi \u00e9s Agroturizmus Orsz\u00e1gos Sz\u00f6vets\u00e9ge\",\"isPartOf\":{\"@id\":\"https:\/\/falusiturizmus.eu\/#website\"},\"datePublished\":\"2026-01-16T08:07:59+00:00\",\"breadcrumb\":{\"@id\":\"https:\/\/falusiturizmus.eu\/videki-szallashelymenedzsment-kepzes\/#breadcrumb\"},\"inLanguage\":\"en-GB\",\"potentialAction\":[{\"@type\":\"ReadAction\",\"target\":[\"https:\/\/falusiturizmus.eu\/videki-szallashelymenedzsment-kepzes\/\"]}]},{\"@type\":\"BreadcrumbList\",\"@id\":\"https:\/\/falusiturizmus.eu\/videki-szallashelymenedzsment-kepzes\/#breadcrumb\",\"itemListElement\":[{\"@type\":\"ListItem\",\"position\":1,\"name\":\"Kezd\u0151lap\",\"item\":\"https:\/\/falusiturizmus.eu\/\"},{\"@type\":\"ListItem\",\"position\":2,\"name\":\"Vid\u00e9ki Sz\u00e1ll\u00e1shelymenedzsment k\u00e9pz\u00e9s\"}]},{\"@type\":\"WebSite\",\"@id\":\"https:\/\/falusiturizmus.eu\/#website\",\"url\":\"https:\/\/falusiturizmus.eu\/\",\"name\":\"Falusi \u00e9s Agroturizmus Orsz\u00e1gos Sz\u00f6vets\u00e9ge\",\"description\":\"\",\"publisher\":{\"@id\":\"https:\/\/falusiturizmus.eu\/#organization\"},\"potentialAction\":[{\"@type\":\"SearchAction\",\"target\":{\"@type\":\"EntryPoint\",\"urlTemplate\":\"https:\/\/falusiturizmus.eu\/?s={search_term_string}\"},\"query-input\":{\"@type\":\"PropertyValueSpecification\",\"valueRequired\":true,\"valueName\":\"search_term_string\"}}],\"inLanguage\":\"en-GB\"},{\"@type\":\"Organization\",\"@id\":\"https:\/\/falusiturizmus.eu\/#organization\",\"name\":\"Falusi \u00e9s Agroturizmus Orsz\u00e1gos Sz\u00f6vets\u00e9ge\",\"url\":\"https:\/\/falusiturizmus.eu\/\",\"logo\":{\"@type\":\"ImageObject\",\"inLanguage\":\"en-GB\",\"@id\":\"https:\/\/falusiturizmus.eu\/#\/schema\/logo\/image\/\",\"url\":\"https:\/\/falusiturizmus.eu\/wp-content\/uploads\/2026\/01\/logo.png\",\"contentUrl\":\"https:\/\/falusiturizmus.eu\/wp-content\/uploads\/2026\/01\/logo.png\",\"width\":512,\"height\":521,\"caption\":\"Falusi \u00e9s Agroturizmus Orsz\u00e1gos Sz\u00f6vets\u00e9ge\"},\"image\":{\"@id\":\"https:\/\/falusiturizmus.eu\/#\/schema\/logo\/image\/\"},\"sameAs\":[\"https:\/\/www.facebook.com\/falusiturizmus.hu\",\"https:\/\/www.instagram.com\/falusiesagroturizmus\/?hl=hu\",\"https:\/\/www.youtube.com\/channel\/UCsCVuuFdNNsrFCqOOBDbPtw\"]}]}<\/script>\n<!-- \/ Yoast SEO plugin. -->","yoast_head_json":{"title":"Vid\u00e9ki Sz\u00e1ll\u00e1shelymenedzsment k\u00e9pz\u00e9s - Falusi \u00e9s Agroturizmus Orsz\u00e1gos Sz\u00f6vets\u00e9ge","robots":{"index":"index","follow":"follow","max-snippet":"max-snippet:-1","max-image-preview":"max-image-preview:large","max-video-preview":"max-video-preview:-1"},"canonical":"https:\/\/falusiturizmus.eu\/en\/videki-szallashelymenedzsment-kepzes\/","og_locale":"en_GB","og_type":"article","og_title":"Vid\u00e9ki Sz\u00e1ll\u00e1shelymenedzsment k\u00e9pz\u00e9s - Falusi \u00e9s Agroturizmus Orsz\u00e1gos Sz\u00f6vets\u00e9ge","og_description":"A k\u00e9pz\u00e9s c\u00e9lja:&nbsp;A k\u00e9pz\u00e9s c\u00e9lja, hogy a r\u00e9sztvev\u0151k megismerj\u00e9k a falusi, vid\u00e9ki turizmusban rejl\u0151 v\u00e1llalkoz\u00e1si lehet\u0151s\u00e9geket. A k\u00e9pz\u00e9s els\u0151sorban a falusi, vid\u00e9ki sz\u00e1ll\u00e1shely \u00fczemeltet\u00e9s\u00e9nek gyakorlat\u00e1ra f\u00f3kusz\u00e1l, amely sor\u00e1n t\u00f6bbek k\u00f6z\u00f6tt gazdas\u00e1gi, higi\u00e9niai, marketing t\u00e9mak\u00f6r\u00f6kre t\u00e9r ki. A k\u00e9pz\u00e9s c\u00e9lcsoportja:&nbsp;A k\u00e9pz\u00e9st b\u00e1rki elv\u00e9gezheti, aki a falusi turizmus ir\u00e1nt \u00e9rdekl\u0151dik \u00e9s szeretne \u00faj k\u00e9szs\u00e9geket \u00e9s ismereteket szerezni. [&hellip;]","og_url":"https:\/\/falusiturizmus.eu\/en\/videki-szallashelymenedzsment-kepzes\/","og_site_name":"Falusi \u00e9s Agroturizmus Orsz\u00e1gos Sz\u00f6vets\u00e9ge","article_publisher":"https:\/\/www.facebook.com\/falusiturizmus.hu","twitter_card":"summary_large_image","twitter_misc":{"Estimated reading time":"4 minutes"},"schema":{"@context":"https:\/\/schema.org","@graph":[{"@type":"WebPage","@id":"https:\/\/falusiturizmus.eu\/videki-szallashelymenedzsment-kepzes\/","url":"https:\/\/falusiturizmus.eu\/videki-szallashelymenedzsment-kepzes\/","name":"Vid\u00e9ki Sz\u00e1ll\u00e1shelymenedzsment k\u00e9pz\u00e9s - Falusi \u00e9s Agroturizmus Orsz\u00e1gos Sz\u00f6vets\u00e9ge","isPartOf":{"@id":"https:\/\/falusiturizmus.eu\/#website"},"datePublished":"2026-01-16T08:07:59+00:00","breadcrumb":{"@id":"https:\/\/falusiturizmus.eu\/videki-szallashelymenedzsment-kepzes\/#breadcrumb"},"inLanguage":"en-GB","potentialAction":[{"@type":"ReadAction","target":["https:\/\/falusiturizmus.eu\/videki-szallashelymenedzsment-kepzes\/"]}]},{"@type":"BreadcrumbList","@id":"https:\/\/falusiturizmus.eu\/videki-szallashelymenedzsment-kepzes\/#breadcrumb","itemListElement":[{"@type":"ListItem","position":1,"name":"Kezd\u0151lap","item":"https:\/\/falusiturizmus.eu\/"},{"@type":"ListItem","position":2,"name":"Vid\u00e9ki Sz\u00e1ll\u00e1shelymenedzsment k\u00e9pz\u00e9s"}]},{"@type":"WebSite","@id":"https:\/\/falusiturizmus.eu\/#website","url":"https:\/\/falusiturizmus.eu\/","name":"Falusi \u00e9s Agroturizmus Orsz\u00e1gos Sz\u00f6vets\u00e9ge","description":"","publisher":{"@id":"https:\/\/falusiturizmus.eu\/#organization"},"potentialAction":[{"@type":"SearchAction","target":{"@type":"EntryPoint","urlTemplate":"https:\/\/falusiturizmus.eu\/?s={search_term_string}"},"query-input":{"@type":"PropertyValueSpecification","valueRequired":true,"valueName":"search_term_string"}}],"inLanguage":"en-GB"},{"@type":"Organization","@id":"https:\/\/falusiturizmus.eu\/#organization","name":"Falusi \u00e9s Agroturizmus Orsz\u00e1gos Sz\u00f6vets\u00e9ge","url":"https:\/\/falusiturizmus.eu\/","logo":{"@type":"ImageObject","inLanguage":"en-GB","@id":"https:\/\/falusiturizmus.eu\/#\/schema\/logo\/image\/","url":"https:\/\/falusiturizmus.eu\/wp-content\/uploads\/2026\/01\/logo.png","contentUrl":"https:\/\/falusiturizmus.eu\/wp-content\/uploads\/2026\/01\/logo.png","width":512,"height":521,"caption":"Falusi \u00e9s Agroturizmus Orsz\u00e1gos Sz\u00f6vets\u00e9ge"},"image":{"@id":"https:\/\/falusiturizmus.eu\/#\/schema\/logo\/image\/"},"sameAs":["https:\/\/www.facebook.com\/falusiturizmus.hu","https:\/\/www.instagram.com\/falusiesagroturizmus\/?hl=hu","https:\/\/www.youtube.com\/channel\/UCsCVuuFdNNsrFCqOOBDbPtw"]}]}},"_links":{"self":[{"href":"https:\/\/falusiturizmus.eu\/en\/wp-json\/wp\/v2\/pages\/2505","targetHints":{"allow":["GET"]}}],"collection":[{"href":"https:\/\/falusiturizmus.eu\/en\/wp-json\/wp\/v2\/pages"}],"about":[{"href":"https:\/\/falusiturizmus.eu\/en\/wp-json\/wp\/v2\/types\/page"}],"author":[{"embeddable":true,"href":"https:\/\/falusiturizmus.eu\/en\/wp-json\/wp\/v2\/users\/1"}],"replies":[{"embeddable":true,"href":"https:\/\/falusiturizmus.eu\/en\/wp-json\/wp\/v2\/comments?post=2505"}],"version-history":[{"count":1,"href":"https:\/\/falusiturizmus.eu\/en\/wp-json\/wp\/v2\/pages\/2505\/revisions"}],"predecessor-version":[{"id":2507,"href":"https:\/\/falusiturizmus.eu\/en\/wp-json\/wp\/v2\/pages\/2505\/revisions\/2507"}],"wp:attachment":[{"href":"https:\/\/falusiturizmus.eu\/en\/wp-json\/wp\/v2\/media?parent=2505"}],"curies":[{"name":"wp","href":"https:\/\/api.w.org\/{rel}","templated":true}]}}