{"id":2492,"date":"2026-01-16T07:48:41","date_gmt":"2026-01-16T07:48:41","guid":{"rendered":"https:\/\/falusiturizmus.korosmentivallalkozaserosites.hu\/?page_id=2492"},"modified":"2026-01-16T07:49:16","modified_gmt":"2026-01-16T07:49:16","slug":"dimop-plusz-1-2-2-24-2025-00008","status":"publish","type":"page","link":"https:\/\/falusiturizmus.eu\/en\/dimop-plusz-1-2-2-24-2025-00008\/","title":{"rendered":"DIMOP PLUSZ-1.2.2-24-2025-00008"},"content":{"rendered":"<p><strong>Kedvezm\u00e9nyezettek neve:<\/strong>\u00a0Magyar Turisztikai Min\u0151s\u00e9gtan\u00fas\u00edt\u00f3 Test\u00fclet Nkft.<br><strong>Konzorciumi tagok:<\/strong>\u00a0Magyar F\u00fcrd\u0151sz\u00f6vets\u00e9g,\u00a0<strong>Falusi \u00e9s Agroturizmus Orsz\u00e1gos Sz\u00f6vets\u00e9ge<\/strong>, Magyarorsz\u00e1gi Ifj\u00fas\u00e1gi Sz\u00e1ll\u00e1sok Sz\u00f6vets\u00e9ge<\/p>\n\n\n\n<p><strong>Fejleszt\u00e9s t\u00e1rgya:<\/strong>\u00a0K\u00f6zponti Turisztikai Digitaliz\u00e1ci\u00f3s Kompetenciak\u00f6zpont l\u00e9trehoz\u00e1sa<\/p>\n\n\n\n<p><strong>Konzorcium r\u00e9sz\u00e9re meg\u00edt\u00e9lt t\u00e1mogat\u00e1s \u00f6sszege:<\/strong>\u00a01.216.332.461 Ft<br><strong>Falusi \u00e9s Agroturizmus Orsz\u00e1gos Sz\u00f6vets\u00e9ge r\u00e9sz\u00e9re meg\u00edt\u00e9lt t\u00e1mogat\u00e1s \u00f6sszege:<\/strong>\u00a05.650.000 Ft<br><strong>Projekt megval\u00f3s\u00edt\u00e1s id\u0151tartama:<\/strong>\u00a02025.09.15.-2027.05.15.<\/p>\n\n\n\n<p><strong>Projekt tartalma:<\/strong>\u00a0A projekt c\u00e9lja, hogy a turizmus-vend\u00e9gl\u00e1t\u00e1s \u00e1gazatban m\u0171k\u00f6d\u0151 hazai mikro-, kis- \u00e9s k\u00f6z\u00e9pv\u00e1llalkoz\u00e1sok (KKV-k) adminisztrat\u00edv terheit cs\u00f6kkentse, digit\u00e1lis felk\u00e9sz\u00fclts\u00e9g\u00e9t \u00e9s alkalmazkod\u00f3k\u00e9pess\u00e9g\u00e9t n\u00f6velje egy orsz\u00e1gos hat\u00f3k\u00f6r\u0171, gyakorlati m\u0171k\u00f6d\u00e9st hat\u00e9konyan t\u00e1mogat\u00f3 digit\u00e1lis kompetenciafejleszt\u00e9si program r\u00e9v\u00e9n. A fejleszt\u00e9s k\u00f6zponti eleme a tematikus Digit\u00e1lis Kompetenciak\u00f6zpont, amely c\u00e9lzott szolg\u00e1ltat\u00e1sokon \u00e9s k\u00e9t, egym\u00e1st kieg\u00e9sz\u00edt\u0151 digit\u00e1lis megold\u00e1son kereszt\u00fcl t\u00e1mogatja a turisztikai KKV-k digit\u00e1lis \u00e1t\u00e1ll\u00e1s\u00e1t. A m\u0171k\u00f6d\u00e9si h\u00e1l\u00f3zat lehet\u0151v\u00e9 teszi, hogy a projekt a c\u00e9lcsoportok sz\u00e1m\u00e1ra szem\u00e9lyes \u00e9s digit\u00e1lis form\u00e1ban is el\u00e9rhet\u0151 legyen, h\u00e9t r\u00e9gi\u00f3ban biztos\u00edtva a projekt szakmai jelenl\u00e9t\u00e9t. A projekt egyszerre reag\u00e1l a k\u00edn\u00e1lati oldalon jelentkez\u0151 struktur\u00e1lis probl\u00e9m\u00e1kra \u00e9s a keresleti oldal elv\u00e1r\u00e1saira, hozz\u00e1j\u00e1rulva a turisztikai \u00e1gazat hossz\u00fa t\u00e1v\u00fa versenyk\u00e9pess\u00e9g\u00e9hez \u00e9s fenntarthat\u00f3s\u00e1g\u00e1hoz. A fejleszt\u00e9sek c\u00e9lja, hogy struktur\u00e1lt, egym\u00e1sra \u00e9p\u00fcl\u0151 digit\u00e1lis megold\u00e1sokat vezessen be, amelyek nem k\u00fcl\u00f6n\u00e1ll\u00f3 szolg\u00e1ltat\u00e1sokat t\u00e1mogatnak, hanem egy \u00f6sszehangolt, digit\u00e1lisan t\u00e1mogatott \u00f6kosziszt\u00e9ma l\u00e9trehoz\u00e1s\u00e1t c\u00e9lozz\u00e1k meg a turisztikai szektorban.<\/p>\n\n\n\n<figure class=\"wp-block-image size-large is-resized\"><img decoding=\"async\" src=\"https:\/\/falusiturizmus.eu\/wp-content\/uploads\/2026\/01\/szt-logo-1024x306.jpg\" alt=\"\" class=\"wp-image-2493\" style=\"width:400px\"\/><\/figure>","protected":false},"excerpt":{"rendered":"<p>Kedvezm\u00e9nyezettek neve:\u00a0Magyar Turisztikai Min\u0151s\u00e9gtan\u00fas\u00edt\u00f3 Test\u00fclet Nkft.Konzorciumi tagok:\u00a0Magyar F\u00fcrd\u0151sz\u00f6vets\u00e9g,\u00a0Falusi \u00e9s Agroturizmus Orsz\u00e1gos Sz\u00f6vets\u00e9ge, Magyarorsz\u00e1gi Ifj\u00fas\u00e1gi Sz\u00e1ll\u00e1sok Sz\u00f6vets\u00e9ge Fejleszt\u00e9s t\u00e1rgya:\u00a0K\u00f6zponti Turisztikai Digitaliz\u00e1ci\u00f3s Kompetenciak\u00f6zpont l\u00e9trehoz\u00e1sa Konzorcium r\u00e9sz\u00e9re meg\u00edt\u00e9lt t\u00e1mogat\u00e1s \u00f6sszege:\u00a01.216.332.461 FtFalusi \u00e9s Agroturizmus Orsz\u00e1gos Sz\u00f6vets\u00e9ge r\u00e9sz\u00e9re meg\u00edt\u00e9lt t\u00e1mogat\u00e1s \u00f6sszege:\u00a05.650.000 FtProjekt megval\u00f3s\u00edt\u00e1s id\u0151tartama:\u00a02025.09.15.-2027.05.15. Projekt tartalma:\u00a0A projekt c\u00e9lja, hogy a turizmus-vend\u00e9gl\u00e1t\u00e1s \u00e1gazatban m\u0171k\u00f6d\u0151 hazai mikro-, kis- \u00e9s k\u00f6z\u00e9pv\u00e1llalkoz\u00e1sok (KKV-k) adminisztrat\u00edv [&hellip;]<\/p>\n","protected":false},"author":1,"featured_media":0,"parent":0,"menu_order":0,"comment_status":"closed","ping_status":"closed","template":"","meta":{"_monsterinsights_skip_tracking":false,"_monsterinsights_sitenote_active":false,"_monsterinsights_sitenote_note":"","_monsterinsights_sitenote_category":0,"footnotes":""},"class_list":["post-2492","page","type-page","status-publish","hentry"],"blocksy_meta":[],"yoast_head":"<!-- This site is optimized with the Yoast SEO plugin v27.0 - https:\/\/yoast.com\/product\/yoast-seo-wordpress\/ -->\n<title>DIMOP PLUSZ-1.2.2-24-2025-00008 - Falusi \u00e9s Agroturizmus Orsz\u00e1gos Sz\u00f6vets\u00e9ge<\/title>\n<meta name=\"robots\" content=\"index, follow, max-snippet:-1, max-image-preview:large, max-video-preview:-1\" \/>\n<link rel=\"canonical\" href=\"https:\/\/falusiturizmus.eu\/en\/dimop-plusz-1-2-2-24-2025-00008\/\" \/>\n<meta property=\"og:locale\" content=\"en_GB\" \/>\n<meta property=\"og:type\" content=\"article\" \/>\n<meta property=\"og:title\" content=\"DIMOP PLUSZ-1.2.2-24-2025-00008 - Falusi \u00e9s Agroturizmus Orsz\u00e1gos Sz\u00f6vets\u00e9ge\" \/>\n<meta property=\"og:description\" content=\"Kedvezm\u00e9nyezettek neve:\u00a0Magyar Turisztikai Min\u0151s\u00e9gtan\u00fas\u00edt\u00f3 Test\u00fclet Nkft.Konzorciumi tagok:\u00a0Magyar F\u00fcrd\u0151sz\u00f6vets\u00e9g,\u00a0Falusi \u00e9s Agroturizmus Orsz\u00e1gos Sz\u00f6vets\u00e9ge, Magyarorsz\u00e1gi Ifj\u00fas\u00e1gi Sz\u00e1ll\u00e1sok Sz\u00f6vets\u00e9ge Fejleszt\u00e9s t\u00e1rgya:\u00a0K\u00f6zponti Turisztikai Digitaliz\u00e1ci\u00f3s Kompetenciak\u00f6zpont l\u00e9trehoz\u00e1sa Konzorcium r\u00e9sz\u00e9re meg\u00edt\u00e9lt t\u00e1mogat\u00e1s \u00f6sszege:\u00a01.216.332.461 FtFalusi \u00e9s Agroturizmus Orsz\u00e1gos Sz\u00f6vets\u00e9ge r\u00e9sz\u00e9re meg\u00edt\u00e9lt t\u00e1mogat\u00e1s \u00f6sszege:\u00a05.650.000 FtProjekt megval\u00f3s\u00edt\u00e1s id\u0151tartama:\u00a02025.09.15.-2027.05.15. Projekt tartalma:\u00a0A projekt c\u00e9lja, hogy a turizmus-vend\u00e9gl\u00e1t\u00e1s \u00e1gazatban m\u0171k\u00f6d\u0151 hazai mikro-, kis- \u00e9s k\u00f6z\u00e9pv\u00e1llalkoz\u00e1sok (KKV-k) adminisztrat\u00edv [&hellip;]\" \/>\n<meta property=\"og:url\" content=\"https:\/\/falusiturizmus.eu\/en\/dimop-plusz-1-2-2-24-2025-00008\/\" \/>\n<meta property=\"og:site_name\" content=\"Falusi \u00e9s Agroturizmus Orsz\u00e1gos Sz\u00f6vets\u00e9ge\" \/>\n<meta property=\"article:publisher\" content=\"https:\/\/www.facebook.com\/falusiturizmus.hu\" \/>\n<meta property=\"article:modified_time\" content=\"2026-01-16T07:49:16+00:00\" \/>\n<meta name=\"twitter:card\" content=\"summary_large_image\" \/>\n<meta name=\"twitter:label1\" content=\"Estimated reading time\" \/>\n\t<meta name=\"twitter:data1\" content=\"2 minutes\" \/>\n<script type=\"application\/ld+json\" class=\"yoast-schema-graph\">{\"@context\":\"https:\/\/schema.org\",\"@graph\":[{\"@type\":\"WebPage\",\"@id\":\"https:\/\/falusiturizmus.eu\/dimop-plusz-1-2-2-24-2025-00008\/\",\"url\":\"https:\/\/falusiturizmus.eu\/dimop-plusz-1-2-2-24-2025-00008\/\",\"name\":\"DIMOP PLUSZ-1.2.2-24-2025-00008 - Falusi \u00e9s Agroturizmus Orsz\u00e1gos Sz\u00f6vets\u00e9ge\",\"isPartOf\":{\"@id\":\"https:\/\/falusiturizmus.eu\/#website\"},\"primaryImageOfPage\":{\"@id\":\"https:\/\/falusiturizmus.eu\/dimop-plusz-1-2-2-24-2025-00008\/#primaryimage\"},\"image\":{\"@id\":\"https:\/\/falusiturizmus.eu\/dimop-plusz-1-2-2-24-2025-00008\/#primaryimage\"},\"thumbnailUrl\":\"https:\/\/falusiturizmus.eu\/wp-content\/uploads\/2026\/01\/szt-logo-1024x306.jpg\",\"datePublished\":\"2026-01-16T07:48:41+00:00\",\"dateModified\":\"2026-01-16T07:49:16+00:00\",\"breadcrumb\":{\"@id\":\"https:\/\/falusiturizmus.eu\/dimop-plusz-1-2-2-24-2025-00008\/#breadcrumb\"},\"inLanguage\":\"en-GB\",\"potentialAction\":[{\"@type\":\"ReadAction\",\"target\":[\"https:\/\/falusiturizmus.eu\/dimop-plusz-1-2-2-24-2025-00008\/\"]}]},{\"@type\":\"ImageObject\",\"inLanguage\":\"en-GB\",\"@id\":\"https:\/\/falusiturizmus.eu\/dimop-plusz-1-2-2-24-2025-00008\/#primaryimage\",\"url\":\"https:\/\/falusiturizmus.eu\/wp-content\/uploads\/2026\/01\/szt-logo-1024x306.jpg\",\"contentUrl\":\"https:\/\/falusiturizmus.eu\/wp-content\/uploads\/2026\/01\/szt-logo-1024x306.jpg\"},{\"@type\":\"BreadcrumbList\",\"@id\":\"https:\/\/falusiturizmus.eu\/dimop-plusz-1-2-2-24-2025-00008\/#breadcrumb\",\"itemListElement\":[{\"@type\":\"ListItem\",\"position\":1,\"name\":\"Kezd\u0151lap\",\"item\":\"https:\/\/falusiturizmus.eu\/\"},{\"@type\":\"ListItem\",\"position\":2,\"name\":\"DIMOP PLUSZ-1.2.2-24-2025-00008\"}]},{\"@type\":\"WebSite\",\"@id\":\"https:\/\/falusiturizmus.eu\/#website\",\"url\":\"https:\/\/falusiturizmus.eu\/\",\"name\":\"Falusi \u00e9s Agroturizmus Orsz\u00e1gos Sz\u00f6vets\u00e9ge\",\"description\":\"\",\"publisher\":{\"@id\":\"https:\/\/falusiturizmus.eu\/#organization\"},\"potentialAction\":[{\"@type\":\"SearchAction\",\"target\":{\"@type\":\"EntryPoint\",\"urlTemplate\":\"https:\/\/falusiturizmus.eu\/?s={search_term_string}\"},\"query-input\":{\"@type\":\"PropertyValueSpecification\",\"valueRequired\":true,\"valueName\":\"search_term_string\"}}],\"inLanguage\":\"en-GB\"},{\"@type\":\"Organization\",\"@id\":\"https:\/\/falusiturizmus.eu\/#organization\",\"name\":\"Falusi \u00e9s Agroturizmus Orsz\u00e1gos Sz\u00f6vets\u00e9ge\",\"url\":\"https:\/\/falusiturizmus.eu\/\",\"logo\":{\"@type\":\"ImageObject\",\"inLanguage\":\"en-GB\",\"@id\":\"https:\/\/falusiturizmus.eu\/#\/schema\/logo\/image\/\",\"url\":\"https:\/\/falusiturizmus.eu\/wp-content\/uploads\/2026\/01\/logo.png\",\"contentUrl\":\"https:\/\/falusiturizmus.eu\/wp-content\/uploads\/2026\/01\/logo.png\",\"width\":512,\"height\":521,\"caption\":\"Falusi \u00e9s Agroturizmus Orsz\u00e1gos Sz\u00f6vets\u00e9ge\"},\"image\":{\"@id\":\"https:\/\/falusiturizmus.eu\/#\/schema\/logo\/image\/\"},\"sameAs\":[\"https:\/\/www.facebook.com\/falusiturizmus.hu\",\"https:\/\/www.instagram.com\/falusiesagroturizmus\/?hl=hu\",\"https:\/\/www.youtube.com\/channel\/UCsCVuuFdNNsrFCqOOBDbPtw\"]}]}<\/script>\n<!-- \/ Yoast SEO plugin. -->","yoast_head_json":{"title":"DIMOP PLUSZ-1.2.2-24-2025-00008 - Falusi \u00e9s Agroturizmus Orsz\u00e1gos Sz\u00f6vets\u00e9ge","robots":{"index":"index","follow":"follow","max-snippet":"max-snippet:-1","max-image-preview":"max-image-preview:large","max-video-preview":"max-video-preview:-1"},"canonical":"https:\/\/falusiturizmus.eu\/en\/dimop-plusz-1-2-2-24-2025-00008\/","og_locale":"en_GB","og_type":"article","og_title":"DIMOP PLUSZ-1.2.2-24-2025-00008 - Falusi \u00e9s Agroturizmus Orsz\u00e1gos Sz\u00f6vets\u00e9ge","og_description":"Kedvezm\u00e9nyezettek neve:\u00a0Magyar Turisztikai Min\u0151s\u00e9gtan\u00fas\u00edt\u00f3 Test\u00fclet Nkft.Konzorciumi tagok:\u00a0Magyar F\u00fcrd\u0151sz\u00f6vets\u00e9g,\u00a0Falusi \u00e9s Agroturizmus Orsz\u00e1gos Sz\u00f6vets\u00e9ge, Magyarorsz\u00e1gi Ifj\u00fas\u00e1gi Sz\u00e1ll\u00e1sok Sz\u00f6vets\u00e9ge Fejleszt\u00e9s t\u00e1rgya:\u00a0K\u00f6zponti Turisztikai Digitaliz\u00e1ci\u00f3s Kompetenciak\u00f6zpont l\u00e9trehoz\u00e1sa Konzorcium r\u00e9sz\u00e9re meg\u00edt\u00e9lt t\u00e1mogat\u00e1s \u00f6sszege:\u00a01.216.332.461 FtFalusi \u00e9s Agroturizmus Orsz\u00e1gos Sz\u00f6vets\u00e9ge r\u00e9sz\u00e9re meg\u00edt\u00e9lt t\u00e1mogat\u00e1s \u00f6sszege:\u00a05.650.000 FtProjekt megval\u00f3s\u00edt\u00e1s id\u0151tartama:\u00a02025.09.15.-2027.05.15. Projekt tartalma:\u00a0A projekt c\u00e9lja, hogy a turizmus-vend\u00e9gl\u00e1t\u00e1s \u00e1gazatban m\u0171k\u00f6d\u0151 hazai mikro-, kis- \u00e9s k\u00f6z\u00e9pv\u00e1llalkoz\u00e1sok (KKV-k) adminisztrat\u00edv [&hellip;]","og_url":"https:\/\/falusiturizmus.eu\/en\/dimop-plusz-1-2-2-24-2025-00008\/","og_site_name":"Falusi \u00e9s Agroturizmus Orsz\u00e1gos Sz\u00f6vets\u00e9ge","article_publisher":"https:\/\/www.facebook.com\/falusiturizmus.hu","article_modified_time":"2026-01-16T07:49:16+00:00","twitter_card":"summary_large_image","twitter_misc":{"Estimated reading time":"2 minutes"},"schema":{"@context":"https:\/\/schema.org","@graph":[{"@type":"WebPage","@id":"https:\/\/falusiturizmus.eu\/dimop-plusz-1-2-2-24-2025-00008\/","url":"https:\/\/falusiturizmus.eu\/dimop-plusz-1-2-2-24-2025-00008\/","name":"DIMOP PLUSZ-1.2.2-24-2025-00008 - Falusi \u00e9s Agroturizmus Orsz\u00e1gos Sz\u00f6vets\u00e9ge","isPartOf":{"@id":"https:\/\/falusiturizmus.eu\/#website"},"primaryImageOfPage":{"@id":"https:\/\/falusiturizmus.eu\/dimop-plusz-1-2-2-24-2025-00008\/#primaryimage"},"image":{"@id":"https:\/\/falusiturizmus.eu\/dimop-plusz-1-2-2-24-2025-00008\/#primaryimage"},"thumbnailUrl":"https:\/\/falusiturizmus.eu\/wp-content\/uploads\/2026\/01\/szt-logo-1024x306.jpg","datePublished":"2026-01-16T07:48:41+00:00","dateModified":"2026-01-16T07:49:16+00:00","breadcrumb":{"@id":"https:\/\/falusiturizmus.eu\/dimop-plusz-1-2-2-24-2025-00008\/#breadcrumb"},"inLanguage":"en-GB","potentialAction":[{"@type":"ReadAction","target":["https:\/\/falusiturizmus.eu\/dimop-plusz-1-2-2-24-2025-00008\/"]}]},{"@type":"ImageObject","inLanguage":"en-GB","@id":"https:\/\/falusiturizmus.eu\/dimop-plusz-1-2-2-24-2025-00008\/#primaryimage","url":"https:\/\/falusiturizmus.eu\/wp-content\/uploads\/2026\/01\/szt-logo-1024x306.jpg","contentUrl":"https:\/\/falusiturizmus.eu\/wp-content\/uploads\/2026\/01\/szt-logo-1024x306.jpg"},{"@type":"BreadcrumbList","@id":"https:\/\/falusiturizmus.eu\/dimop-plusz-1-2-2-24-2025-00008\/#breadcrumb","itemListElement":[{"@type":"ListItem","position":1,"name":"Kezd\u0151lap","item":"https:\/\/falusiturizmus.eu\/"},{"@type":"ListItem","position":2,"name":"DIMOP PLUSZ-1.2.2-24-2025-00008"}]},{"@type":"WebSite","@id":"https:\/\/falusiturizmus.eu\/#website","url":"https:\/\/falusiturizmus.eu\/","name":"Falusi \u00e9s Agroturizmus Orsz\u00e1gos Sz\u00f6vets\u00e9ge","description":"","publisher":{"@id":"https:\/\/falusiturizmus.eu\/#organization"},"potentialAction":[{"@type":"SearchAction","target":{"@type":"EntryPoint","urlTemplate":"https:\/\/falusiturizmus.eu\/?s={search_term_string}"},"query-input":{"@type":"PropertyValueSpecification","valueRequired":true,"valueName":"search_term_string"}}],"inLanguage":"en-GB"},{"@type":"Organization","@id":"https:\/\/falusiturizmus.eu\/#organization","name":"Falusi \u00e9s Agroturizmus Orsz\u00e1gos Sz\u00f6vets\u00e9ge","url":"https:\/\/falusiturizmus.eu\/","logo":{"@type":"ImageObject","inLanguage":"en-GB","@id":"https:\/\/falusiturizmus.eu\/#\/schema\/logo\/image\/","url":"https:\/\/falusiturizmus.eu\/wp-content\/uploads\/2026\/01\/logo.png","contentUrl":"https:\/\/falusiturizmus.eu\/wp-content\/uploads\/2026\/01\/logo.png","width":512,"height":521,"caption":"Falusi \u00e9s Agroturizmus Orsz\u00e1gos Sz\u00f6vets\u00e9ge"},"image":{"@id":"https:\/\/falusiturizmus.eu\/#\/schema\/logo\/image\/"},"sameAs":["https:\/\/www.facebook.com\/falusiturizmus.hu","https:\/\/www.instagram.com\/falusiesagroturizmus\/?hl=hu","https:\/\/www.youtube.com\/channel\/UCsCVuuFdNNsrFCqOOBDbPtw"]}]}},"_links":{"self":[{"href":"https:\/\/falusiturizmus.eu\/en\/wp-json\/wp\/v2\/pages\/2492","targetHints":{"allow":["GET"]}}],"collection":[{"href":"https:\/\/falusiturizmus.eu\/en\/wp-json\/wp\/v2\/pages"}],"about":[{"href":"https:\/\/falusiturizmus.eu\/en\/wp-json\/wp\/v2\/types\/page"}],"author":[{"embeddable":true,"href":"https:\/\/falusiturizmus.eu\/en\/wp-json\/wp\/v2\/users\/1"}],"replies":[{"embeddable":true,"href":"https:\/\/falusiturizmus.eu\/en\/wp-json\/wp\/v2\/comments?post=2492"}],"version-history":[{"count":3,"href":"https:\/\/falusiturizmus.eu\/en\/wp-json\/wp\/v2\/pages\/2492\/revisions"}],"predecessor-version":[{"id":2496,"href":"https:\/\/falusiturizmus.eu\/en\/wp-json\/wp\/v2\/pages\/2492\/revisions\/2496"}],"wp:attachment":[{"href":"https:\/\/falusiturizmus.eu\/en\/wp-json\/wp\/v2\/media?parent=2492"}],"curies":[{"name":"wp","href":"https:\/\/api.w.org\/{rel}","templated":true}]}}