{"id":2490,"date":"2026-01-16T07:47:46","date_gmt":"2026-01-16T07:47:46","guid":{"rendered":"https:\/\/falusiturizmus.korosmentivallalkozaserosites.hu\/?page_id=2490"},"modified":"2026-01-16T07:47:46","modified_gmt":"2026-01-16T07:47:46","slug":"kisfaludy-turisztikai-fejlesztesi-program","status":"publish","type":"page","link":"https:\/\/falusiturizmus.eu\/en\/kisfaludy-turisztikai-fejlesztesi-program\/","title":{"rendered":"Kisfaludy Turisztikai Fejleszt\u00e9si Program"},"content":{"rendered":"<p>2024. okt\u00f3ber 3-4. k\u00f6z\u00f6tt ker\u00fclt megrendez\u00e9sre a Falusi \u00e9s Agroturizmus Orsz\u00e1gos Sz\u00f6vets\u00e9g\u00e9nek szakmai konferenci\u00e1ja, mely a szervezet 30 \u00e9ves fenn\u00e1ll\u00e1s\u00e1t \u00fcnnepelte. Ennek keret\u00e9ben a besz\u00e1mol\u00e1si k\u00f6telezetts\u00e9gnek megfelel\u0151en az al\u00e1bbi p\u00e9nz\u00fcgyi t\u00e1mogat\u00e1s seg\u00edts\u00e9g\u00e9vel val\u00f3sult meg az esem\u00e9ny.&nbsp;<\/p>\n\n\n\n<p><strong>Kedvezm\u00e9nyezett:<\/strong>&nbsp;Falusi \u00e9s Agroturizmus Orsz\u00e1gos Sz\u00f6vets\u00e9ge<br><strong>T\u00e1mogatott projekt c\u00edme:<\/strong>&nbsp;Vid\u00e9ki \u00f6r\u00f6ks\u00e9geink a K\u00e1rp\u00e1t-medenc\u00e9ben &#8211; FATOSZ 30 \u00e9ves fenn\u00e1ll\u00e1snak szakmai konferenci\u00e1ja&nbsp;<br><strong>P\u00e1ly\u00e1zat azonos\u00edt\u00f3sz\u00e1ma:&nbsp;<\/strong>ET-2024-04-019<br><strong>Szerz\u0151d\u00f6tt t\u00e1mogat\u00e1s \u00f6sszege:&nbsp;<\/strong>6 000 000 Ft<br><strong>T\u00e1mogat\u00e1s m\u00e9rt\u00e9ke:<\/strong>&nbsp;100%<br><strong>T\u00e1mogatott projekt tartalm\u00e1nak r\u00f6vid bemutat\u00e1sa:<\/strong>&nbsp;A \u201eVid\u00e9ki \u00f6r\u00f6ks\u00e9geink a K\u00e1rp\u00e1t-medenc\u00e9ben\u201d \u2013 FATOSZ 30 a Falusi \u00e9s Agroturizmus Orsz\u00e1gos Sz\u00f6vets\u00e9ge (FATOSZ) 30 \u00e9ves fenn\u00e1ll\u00e1s\u00e1nak jubileuma alkalm\u00e1b\u00f3l ker\u00fclt megrendez\u00e9sre, k\u00f6z\u00e9ppontj\u00e1ban a vid\u00e9ki \u00e9s falusi turizmus aktu\u00e1lis kih\u00edv\u00e1sai \u00e9s lehet\u0151s\u00e9gei \u00e1lltak. A konferencia c\u00e9lja az volt, hogy \u00f6sszekapcsolja a vid\u00e9ki turizmusban dolgoz\u00f3 szakembereket, d\u00f6nt\u00e9shoz\u00f3kat, \u00e9s k\u00f6z\u00f6s p\u00e1rbesz\u00e9det ind\u00edtson a szektor fejl\u0151d\u00e9si ir\u00e1nyair\u00f3l. A rendezv\u00e9ny kiemelt t\u00e9mak\u00f6rei k\u00f6z\u00f6tt szerepelt a mag\u00e1n- \u00e9s egy\u00e9b sz\u00e1ll\u00e1shelyek helyzete, a t\u00e9rs\u00e9gi egy\u00fcttm\u0171k\u00f6d\u00e9sek fontoss\u00e1ga, valamint az online platformok megjelen\u00e9s\u00e9nek \u00e9s hat\u00e1s\u00e1nak elemz\u00e9se a falusi turizmusban. Emellett a konferencia teret adott a szakk\u00e9pz\u00e9s \u00e9s feln\u0151ttk\u00e9pz\u00e9s k\u00e9rd\u00e9seinek megvitat\u00e1s\u00e1ra is, k\u00fcl\u00f6n\u00f6s tekintettel a vid\u00e9ki sz\u00e1ll\u00e1sad\u00f3k szakmai fejl\u0151d\u00e9s\u00e9re \u00e9s a falusi turizmusra szakosodott oktat\u00e1si programokra. Az esem\u00e9ny hozz\u00e1j\u00e1rult ahhoz, hogy a vid\u00e9ki turizmus szerepl\u0151i megismerhess\u00e9k egym\u00e1s j\u00f3 gyakorlatait, \u00e9s k\u00f6z\u00f6s megold\u00e1sokat tal\u00e1ljanak az ipar\u00e1gat \u00e9rint\u0151 kih\u00edv\u00e1sokra, k\u00fcl\u00f6n\u00f6s tekintettel a piaci versenyre, a fenntarthat\u00f3s\u00e1gra, valamint a helyi \u00e9rt\u00e9kek meg\u0151rz\u00e9s\u00e9re. A Sz\u00f6vets\u00e9g fenn\u00e1ll\u00e1s\u00e1nak 30 \u00e9ve j\u00f3l mutatja, hogy mennyire sokr\u00e9t\u0171 \u00e9s hasznos feladatot l\u00e1t el, mely a turizmuson t\u00fal a vid\u00e9kfejleszt\u00e9sre \u00e9s a mez\u0151gazdas\u00e1gra is jelent\u0151s hat\u00e1st gyakorol<br><strong>T\u00e1mogatott projekt befejez\u00e9si d\u00e1tuma:<\/strong>&nbsp;2024.10.30<\/p>\n\n\n\n<p><em>A t\u00e1mogatott projekt a Kisfaludy Turisztikai Fejleszt\u00e9si Program keret\u00e9ben val\u00f3sul meg.&nbsp;<\/em><\/p>","protected":false},"excerpt":{"rendered":"<p>2024. okt\u00f3ber 3-4. k\u00f6z\u00f6tt ker\u00fclt megrendez\u00e9sre a Falusi \u00e9s Agroturizmus Orsz\u00e1gos Sz\u00f6vets\u00e9g\u00e9nek szakmai konferenci\u00e1ja, mely a szervezet 30 \u00e9ves fenn\u00e1ll\u00e1s\u00e1t \u00fcnnepelte. Ennek keret\u00e9ben a besz\u00e1mol\u00e1si k\u00f6telezetts\u00e9gnek megfelel\u0151en az al\u00e1bbi p\u00e9nz\u00fcgyi t\u00e1mogat\u00e1s seg\u00edts\u00e9g\u00e9vel val\u00f3sult meg az esem\u00e9ny.&nbsp; Kedvezm\u00e9nyezett:&nbsp;Falusi \u00e9s Agroturizmus Orsz\u00e1gos Sz\u00f6vets\u00e9geT\u00e1mogatott projekt c\u00edme:&nbsp;Vid\u00e9ki \u00f6r\u00f6ks\u00e9geink a K\u00e1rp\u00e1t-medenc\u00e9ben &#8211; FATOSZ 30 \u00e9ves fenn\u00e1ll\u00e1snak szakmai konferenci\u00e1ja&nbsp;P\u00e1ly\u00e1zat azonos\u00edt\u00f3sz\u00e1ma:&nbsp;ET-2024-04-019Szerz\u0151d\u00f6tt t\u00e1mogat\u00e1s [&hellip;]<\/p>\n","protected":false},"author":1,"featured_media":0,"parent":0,"menu_order":0,"comment_status":"closed","ping_status":"closed","template":"","meta":{"_monsterinsights_skip_tracking":false,"_monsterinsights_sitenote_active":false,"_monsterinsights_sitenote_note":"","_monsterinsights_sitenote_category":0,"footnotes":""},"class_list":["post-2490","page","type-page","status-publish","hentry"],"blocksy_meta":[],"yoast_head":"<!-- This site is optimized with the Yoast SEO plugin v27.0 - https:\/\/yoast.com\/product\/yoast-seo-wordpress\/ -->\n<title>Kisfaludy Turisztikai Fejleszt\u00e9si Program - Falusi \u00e9s Agroturizmus Orsz\u00e1gos Sz\u00f6vets\u00e9ge<\/title>\n<meta name=\"robots\" content=\"index, follow, max-snippet:-1, max-image-preview:large, max-video-preview:-1\" \/>\n<link rel=\"canonical\" href=\"https:\/\/falusiturizmus.eu\/en\/kisfaludy-turisztikai-fejlesztesi-program\/\" \/>\n<meta property=\"og:locale\" content=\"en_GB\" \/>\n<meta property=\"og:type\" content=\"article\" \/>\n<meta property=\"og:title\" content=\"Kisfaludy Turisztikai Fejleszt\u00e9si Program - Falusi \u00e9s Agroturizmus Orsz\u00e1gos Sz\u00f6vets\u00e9ge\" \/>\n<meta property=\"og:description\" content=\"2024. okt\u00f3ber 3-4. k\u00f6z\u00f6tt ker\u00fclt megrendez\u00e9sre a Falusi \u00e9s Agroturizmus Orsz\u00e1gos Sz\u00f6vets\u00e9g\u00e9nek szakmai konferenci\u00e1ja, mely a szervezet 30 \u00e9ves fenn\u00e1ll\u00e1s\u00e1t \u00fcnnepelte. Ennek keret\u00e9ben a besz\u00e1mol\u00e1si k\u00f6telezetts\u00e9gnek megfelel\u0151en az al\u00e1bbi p\u00e9nz\u00fcgyi t\u00e1mogat\u00e1s seg\u00edts\u00e9g\u00e9vel val\u00f3sult meg az esem\u00e9ny.&nbsp; Kedvezm\u00e9nyezett:&nbsp;Falusi \u00e9s Agroturizmus Orsz\u00e1gos Sz\u00f6vets\u00e9geT\u00e1mogatott projekt c\u00edme:&nbsp;Vid\u00e9ki \u00f6r\u00f6ks\u00e9geink a K\u00e1rp\u00e1t-medenc\u00e9ben &#8211; FATOSZ 30 \u00e9ves fenn\u00e1ll\u00e1snak szakmai konferenci\u00e1ja&nbsp;P\u00e1ly\u00e1zat azonos\u00edt\u00f3sz\u00e1ma:&nbsp;ET-2024-04-019Szerz\u0151d\u00f6tt t\u00e1mogat\u00e1s [&hellip;]\" \/>\n<meta property=\"og:url\" content=\"https:\/\/falusiturizmus.eu\/en\/kisfaludy-turisztikai-fejlesztesi-program\/\" \/>\n<meta property=\"og:site_name\" content=\"Falusi \u00e9s Agroturizmus Orsz\u00e1gos Sz\u00f6vets\u00e9ge\" \/>\n<meta property=\"article:publisher\" content=\"https:\/\/www.facebook.com\/falusiturizmus.hu\" \/>\n<meta name=\"twitter:card\" content=\"summary_large_image\" \/>\n<meta name=\"twitter:label1\" content=\"Estimated reading time\" \/>\n\t<meta name=\"twitter:data1\" content=\"2 minutes\" \/>\n<script type=\"application\/ld+json\" class=\"yoast-schema-graph\">{\"@context\":\"https:\/\/schema.org\",\"@graph\":[{\"@type\":\"WebPage\",\"@id\":\"https:\/\/falusiturizmus.eu\/kisfaludy-turisztikai-fejlesztesi-program\/\",\"url\":\"https:\/\/falusiturizmus.eu\/kisfaludy-turisztikai-fejlesztesi-program\/\",\"name\":\"Kisfaludy Turisztikai Fejleszt\u00e9si Program - Falusi \u00e9s Agroturizmus Orsz\u00e1gos Sz\u00f6vets\u00e9ge\",\"isPartOf\":{\"@id\":\"https:\/\/falusiturizmus.eu\/#website\"},\"datePublished\":\"2026-01-16T07:47:46+00:00\",\"breadcrumb\":{\"@id\":\"https:\/\/falusiturizmus.eu\/kisfaludy-turisztikai-fejlesztesi-program\/#breadcrumb\"},\"inLanguage\":\"en-GB\",\"potentialAction\":[{\"@type\":\"ReadAction\",\"target\":[\"https:\/\/falusiturizmus.eu\/kisfaludy-turisztikai-fejlesztesi-program\/\"]}]},{\"@type\":\"BreadcrumbList\",\"@id\":\"https:\/\/falusiturizmus.eu\/kisfaludy-turisztikai-fejlesztesi-program\/#breadcrumb\",\"itemListElement\":[{\"@type\":\"ListItem\",\"position\":1,\"name\":\"Kezd\u0151lap\",\"item\":\"https:\/\/falusiturizmus.eu\/\"},{\"@type\":\"ListItem\",\"position\":2,\"name\":\"Kisfaludy Turisztikai Fejleszt\u00e9si Program\"}]},{\"@type\":\"WebSite\",\"@id\":\"https:\/\/falusiturizmus.eu\/#website\",\"url\":\"https:\/\/falusiturizmus.eu\/\",\"name\":\"Falusi \u00e9s Agroturizmus Orsz\u00e1gos Sz\u00f6vets\u00e9ge\",\"description\":\"\",\"publisher\":{\"@id\":\"https:\/\/falusiturizmus.eu\/#organization\"},\"potentialAction\":[{\"@type\":\"SearchAction\",\"target\":{\"@type\":\"EntryPoint\",\"urlTemplate\":\"https:\/\/falusiturizmus.eu\/?s={search_term_string}\"},\"query-input\":{\"@type\":\"PropertyValueSpecification\",\"valueRequired\":true,\"valueName\":\"search_term_string\"}}],\"inLanguage\":\"en-GB\"},{\"@type\":\"Organization\",\"@id\":\"https:\/\/falusiturizmus.eu\/#organization\",\"name\":\"Falusi \u00e9s Agroturizmus Orsz\u00e1gos Sz\u00f6vets\u00e9ge\",\"url\":\"https:\/\/falusiturizmus.eu\/\",\"logo\":{\"@type\":\"ImageObject\",\"inLanguage\":\"en-GB\",\"@id\":\"https:\/\/falusiturizmus.eu\/#\/schema\/logo\/image\/\",\"url\":\"https:\/\/falusiturizmus.eu\/wp-content\/uploads\/2026\/01\/logo.png\",\"contentUrl\":\"https:\/\/falusiturizmus.eu\/wp-content\/uploads\/2026\/01\/logo.png\",\"width\":512,\"height\":521,\"caption\":\"Falusi \u00e9s Agroturizmus Orsz\u00e1gos Sz\u00f6vets\u00e9ge\"},\"image\":{\"@id\":\"https:\/\/falusiturizmus.eu\/#\/schema\/logo\/image\/\"},\"sameAs\":[\"https:\/\/www.facebook.com\/falusiturizmus.hu\",\"https:\/\/www.instagram.com\/falusiesagroturizmus\/?hl=hu\",\"https:\/\/www.youtube.com\/channel\/UCsCVuuFdNNsrFCqOOBDbPtw\"]}]}<\/script>\n<!-- \/ Yoast SEO plugin. -->","yoast_head_json":{"title":"Kisfaludy Turisztikai Fejleszt\u00e9si Program - Falusi \u00e9s Agroturizmus Orsz\u00e1gos Sz\u00f6vets\u00e9ge","robots":{"index":"index","follow":"follow","max-snippet":"max-snippet:-1","max-image-preview":"max-image-preview:large","max-video-preview":"max-video-preview:-1"},"canonical":"https:\/\/falusiturizmus.eu\/en\/kisfaludy-turisztikai-fejlesztesi-program\/","og_locale":"en_GB","og_type":"article","og_title":"Kisfaludy Turisztikai Fejleszt\u00e9si Program - Falusi \u00e9s Agroturizmus Orsz\u00e1gos Sz\u00f6vets\u00e9ge","og_description":"2024. okt\u00f3ber 3-4. k\u00f6z\u00f6tt ker\u00fclt megrendez\u00e9sre a Falusi \u00e9s Agroturizmus Orsz\u00e1gos Sz\u00f6vets\u00e9g\u00e9nek szakmai konferenci\u00e1ja, mely a szervezet 30 \u00e9ves fenn\u00e1ll\u00e1s\u00e1t \u00fcnnepelte. Ennek keret\u00e9ben a besz\u00e1mol\u00e1si k\u00f6telezetts\u00e9gnek megfelel\u0151en az al\u00e1bbi p\u00e9nz\u00fcgyi t\u00e1mogat\u00e1s seg\u00edts\u00e9g\u00e9vel val\u00f3sult meg az esem\u00e9ny.&nbsp; Kedvezm\u00e9nyezett:&nbsp;Falusi \u00e9s Agroturizmus Orsz\u00e1gos Sz\u00f6vets\u00e9geT\u00e1mogatott projekt c\u00edme:&nbsp;Vid\u00e9ki \u00f6r\u00f6ks\u00e9geink a K\u00e1rp\u00e1t-medenc\u00e9ben &#8211; FATOSZ 30 \u00e9ves fenn\u00e1ll\u00e1snak szakmai konferenci\u00e1ja&nbsp;P\u00e1ly\u00e1zat azonos\u00edt\u00f3sz\u00e1ma:&nbsp;ET-2024-04-019Szerz\u0151d\u00f6tt t\u00e1mogat\u00e1s [&hellip;]","og_url":"https:\/\/falusiturizmus.eu\/en\/kisfaludy-turisztikai-fejlesztesi-program\/","og_site_name":"Falusi \u00e9s Agroturizmus Orsz\u00e1gos Sz\u00f6vets\u00e9ge","article_publisher":"https:\/\/www.facebook.com\/falusiturizmus.hu","twitter_card":"summary_large_image","twitter_misc":{"Estimated reading time":"2 minutes"},"schema":{"@context":"https:\/\/schema.org","@graph":[{"@type":"WebPage","@id":"https:\/\/falusiturizmus.eu\/kisfaludy-turisztikai-fejlesztesi-program\/","url":"https:\/\/falusiturizmus.eu\/kisfaludy-turisztikai-fejlesztesi-program\/","name":"Kisfaludy Turisztikai Fejleszt\u00e9si Program - Falusi \u00e9s Agroturizmus Orsz\u00e1gos Sz\u00f6vets\u00e9ge","isPartOf":{"@id":"https:\/\/falusiturizmus.eu\/#website"},"datePublished":"2026-01-16T07:47:46+00:00","breadcrumb":{"@id":"https:\/\/falusiturizmus.eu\/kisfaludy-turisztikai-fejlesztesi-program\/#breadcrumb"},"inLanguage":"en-GB","potentialAction":[{"@type":"ReadAction","target":["https:\/\/falusiturizmus.eu\/kisfaludy-turisztikai-fejlesztesi-program\/"]}]},{"@type":"BreadcrumbList","@id":"https:\/\/falusiturizmus.eu\/kisfaludy-turisztikai-fejlesztesi-program\/#breadcrumb","itemListElement":[{"@type":"ListItem","position":1,"name":"Kezd\u0151lap","item":"https:\/\/falusiturizmus.eu\/"},{"@type":"ListItem","position":2,"name":"Kisfaludy Turisztikai Fejleszt\u00e9si Program"}]},{"@type":"WebSite","@id":"https:\/\/falusiturizmus.eu\/#website","url":"https:\/\/falusiturizmus.eu\/","name":"Falusi \u00e9s Agroturizmus Orsz\u00e1gos Sz\u00f6vets\u00e9ge","description":"","publisher":{"@id":"https:\/\/falusiturizmus.eu\/#organization"},"potentialAction":[{"@type":"SearchAction","target":{"@type":"EntryPoint","urlTemplate":"https:\/\/falusiturizmus.eu\/?s={search_term_string}"},"query-input":{"@type":"PropertyValueSpecification","valueRequired":true,"valueName":"search_term_string"}}],"inLanguage":"en-GB"},{"@type":"Organization","@id":"https:\/\/falusiturizmus.eu\/#organization","name":"Falusi \u00e9s Agroturizmus Orsz\u00e1gos Sz\u00f6vets\u00e9ge","url":"https:\/\/falusiturizmus.eu\/","logo":{"@type":"ImageObject","inLanguage":"en-GB","@id":"https:\/\/falusiturizmus.eu\/#\/schema\/logo\/image\/","url":"https:\/\/falusiturizmus.eu\/wp-content\/uploads\/2026\/01\/logo.png","contentUrl":"https:\/\/falusiturizmus.eu\/wp-content\/uploads\/2026\/01\/logo.png","width":512,"height":521,"caption":"Falusi \u00e9s Agroturizmus Orsz\u00e1gos Sz\u00f6vets\u00e9ge"},"image":{"@id":"https:\/\/falusiturizmus.eu\/#\/schema\/logo\/image\/"},"sameAs":["https:\/\/www.facebook.com\/falusiturizmus.hu","https:\/\/www.instagram.com\/falusiesagroturizmus\/?hl=hu","https:\/\/www.youtube.com\/channel\/UCsCVuuFdNNsrFCqOOBDbPtw"]}]}},"_links":{"self":[{"href":"https:\/\/falusiturizmus.eu\/en\/wp-json\/wp\/v2\/pages\/2490","targetHints":{"allow":["GET"]}}],"collection":[{"href":"https:\/\/falusiturizmus.eu\/en\/wp-json\/wp\/v2\/pages"}],"about":[{"href":"https:\/\/falusiturizmus.eu\/en\/wp-json\/wp\/v2\/types\/page"}],"author":[{"embeddable":true,"href":"https:\/\/falusiturizmus.eu\/en\/wp-json\/wp\/v2\/users\/1"}],"replies":[{"embeddable":true,"href":"https:\/\/falusiturizmus.eu\/en\/wp-json\/wp\/v2\/comments?post=2490"}],"version-history":[{"count":1,"href":"https:\/\/falusiturizmus.eu\/en\/wp-json\/wp\/v2\/pages\/2490\/revisions"}],"predecessor-version":[{"id":2491,"href":"https:\/\/falusiturizmus.eu\/en\/wp-json\/wp\/v2\/pages\/2490\/revisions\/2491"}],"wp:attachment":[{"href":"https:\/\/falusiturizmus.eu\/en\/wp-json\/wp\/v2\/media?parent=2490"}],"curies":[{"name":"wp","href":"https:\/\/api.w.org\/{rel}","templated":true}]}}