{"id":2486,"date":"2026-01-16T07:46:17","date_gmt":"2026-01-16T07:46:17","guid":{"rendered":"https:\/\/falusiturizmus.korosmentivallalkozaserosites.hu\/?page_id=2486"},"modified":"2026-01-16T07:46:17","modified_gmt":"2026-01-16T07:46:17","slug":"nea-2022","status":"publish","type":"page","link":"https:\/\/falusiturizmus.eu\/en\/nea-2022\/","title":{"rendered":"NEA-2022"},"content":{"rendered":"<p>A Falusi \u00e9s Agroturizmus Orsz\u00e1gos Sz\u00f6vets\u00e9ge 2022-ben r\u00e9szes\u00fclt a Bethlen G\u00e1bor Alap, Nemzeti Egy\u00fcttm\u0171k\u00f6d\u00e9si Alap T\u00e1mogat\u00e1si Program (2022) keret\u00e9ben t\u00e1mogat\u00e1si \u00f6sszegben. Sz\u00f6vets\u00e9g\u00fcnk p\u00e1ly\u00e1zat\u00e1t a Civil szervezetek m\u0171k\u00f6d\u00e9s\u00e9nek biztos\u00edt\u00e1s\u00e1ra vagy szakmai programj\u00e1nak megval\u00f3s\u00edt\u00e1s\u00e1ra \u00e9s m\u0171k\u00f6d\u00e9s\u00e9nek biztos\u00edt\u00e1s\u00e1ra ford\u00edthat\u00f3 \u00f6sszevont t\u00e1mogat\u00e1s 2022. ki\u00edr\u00e1sra adta be.<\/p>\n\n\n\n<p>Vegyes t\u00e1mogat\u00e1s keret\u00e9ben programunkat az al\u00e1bbiak szerint fogalmaztuk meg:<br>A FATOSZ m\u0171k\u00f6d\u00e9s\u00e9nek \u00e9s szakmai programj\u00e1nak t\u00e1mogat\u00e1sa<\/p>\n\n\n\n<p>A t\u00e1mogat\u00e1s keret\u00e9ben 1 400 000 Ft-ot nyert\u00fcnk el, melynek keret\u00e9ben \u00e1ltal\u00e1nos m\u0171k\u00f6d\u00e9si feladatainkat \u00e9s szakmai programot val\u00f3s\u00edtottunk meg.<\/p>\n\n\n\n<p>A NEA keret seg\u00edtett az \u00e1lland\u00f3an felmer\u00fcl\u0151 k\u00f6lts\u00e9gek fedezet\u00e9re \u00e9s a hagyom\u00e1nyosan megrendezett megyei vezet\u0151k \u00e9rtekezlet\u00e9nek szakmai megval\u00f3s\u00edt\u00e1s\u00e1hoz is.<\/p>\n\n\n\n<p>A t\u00e1mogat\u00e1sb\u00f3l a K\u00f6zponti Irod\u00e1nk b\u00e9rleti d\u00edj\u00e1t, k\u00f6nyvel\u00e9si d\u00edjat, PR \u00e9s marketing k\u00f6lt\u00e9sgeket, sz\u00e1ll\u00e1sd\u00edjat \u00e9s a nemzetk\u00f6zi partnerszervez\u00fcnk a Ruraltournak j\u00e1r\u00f3 tagd\u00edjat tudtuk kiegyenl\u00edteni. A szakmai munk\u00e1nk seg\u00edt\u00e9se volt egy iratmegsemmis\u00edt\u0151 beszerz\u00e9se is, mely \u00e9ven t\u00fal szolg\u00e1lja a K\u00f6zponti Iroda munk\u00e1j\u00e1t.<\/p>\n\n\n\n<p>Szakmai programunk keret\u00e9ben pedig 2023-ban rendezt\u00fck meg a megyei vezet\u0151k \u00e9rtekezlet\u00e9t, tiszab\u00e1boln\u00e1n, ahol a megyei tiszts\u00e9gvisel\u0151k a falusi turizmusban jelenleg l\u00e9v\u0151 probl\u00e9m\u00e1kat \u00e9s lehet\u0151s\u00e9geket t\u00e1rt\u00e1k fel!<\/p>\n\n\n\n<p>A t\u00e1mogat\u00e1st k\u00f6sz\u00f6nj\u00fck a p\u00e1ly\u00e1zat k\u00ed\u00edr\u00f3j\u00e1nak \u00e9s kezel\u0151j\u00e9nek!<\/p>\n\n\n\n<figure class=\"wp-block-image size-full\"><img loading=\"lazy\" decoding=\"async\" width=\"173\" height=\"170\" src=\"https:\/\/falusiturizmus.eu\/wp-content\/uploads\/2026\/01\/bga-logo.webp\" alt=\"\" class=\"wp-image-2482\"\/><\/figure>","protected":false},"excerpt":{"rendered":"<p>A Falusi \u00e9s Agroturizmus Orsz\u00e1gos Sz\u00f6vets\u00e9ge 2022-ben r\u00e9szes\u00fclt a Bethlen G\u00e1bor Alap, Nemzeti Egy\u00fcttm\u0171k\u00f6d\u00e9si Alap T\u00e1mogat\u00e1si Program (2022) keret\u00e9ben t\u00e1mogat\u00e1si \u00f6sszegben. Sz\u00f6vets\u00e9g\u00fcnk p\u00e1ly\u00e1zat\u00e1t a Civil szervezetek m\u0171k\u00f6d\u00e9s\u00e9nek biztos\u00edt\u00e1s\u00e1ra vagy szakmai programj\u00e1nak megval\u00f3s\u00edt\u00e1s\u00e1ra \u00e9s m\u0171k\u00f6d\u00e9s\u00e9nek biztos\u00edt\u00e1s\u00e1ra ford\u00edthat\u00f3 \u00f6sszevont t\u00e1mogat\u00e1s 2022. ki\u00edr\u00e1sra adta be. Vegyes t\u00e1mogat\u00e1s keret\u00e9ben programunkat az al\u00e1bbiak szerint fogalmaztuk meg:A FATOSZ m\u0171k\u00f6d\u00e9s\u00e9nek \u00e9s szakmai [&hellip;]<\/p>\n","protected":false},"author":1,"featured_media":0,"parent":0,"menu_order":0,"comment_status":"closed","ping_status":"closed","template":"","meta":{"_monsterinsights_skip_tracking":false,"_monsterinsights_sitenote_active":false,"_monsterinsights_sitenote_note":"","_monsterinsights_sitenote_category":0,"footnotes":""},"class_list":["post-2486","page","type-page","status-publish","hentry"],"blocksy_meta":[],"yoast_head":"<!-- This site is optimized with the Yoast SEO plugin v27.0 - https:\/\/yoast.com\/product\/yoast-seo-wordpress\/ -->\n<title>NEA-2022 - Falusi \u00e9s Agroturizmus Orsz\u00e1gos Sz\u00f6vets\u00e9ge<\/title>\n<meta name=\"robots\" content=\"index, follow, max-snippet:-1, max-image-preview:large, max-video-preview:-1\" \/>\n<link rel=\"canonical\" href=\"https:\/\/falusiturizmus.eu\/en\/nea-2022\/\" \/>\n<meta property=\"og:locale\" content=\"en_GB\" \/>\n<meta property=\"og:type\" content=\"article\" \/>\n<meta property=\"og:title\" content=\"NEA-2022 - Falusi \u00e9s Agroturizmus Orsz\u00e1gos Sz\u00f6vets\u00e9ge\" \/>\n<meta property=\"og:description\" content=\"A Falusi \u00e9s Agroturizmus Orsz\u00e1gos Sz\u00f6vets\u00e9ge 2022-ben r\u00e9szes\u00fclt a Bethlen G\u00e1bor Alap, Nemzeti Egy\u00fcttm\u0171k\u00f6d\u00e9si Alap T\u00e1mogat\u00e1si Program (2022) keret\u00e9ben t\u00e1mogat\u00e1si \u00f6sszegben. Sz\u00f6vets\u00e9g\u00fcnk p\u00e1ly\u00e1zat\u00e1t a Civil szervezetek m\u0171k\u00f6d\u00e9s\u00e9nek biztos\u00edt\u00e1s\u00e1ra vagy szakmai programj\u00e1nak megval\u00f3s\u00edt\u00e1s\u00e1ra \u00e9s m\u0171k\u00f6d\u00e9s\u00e9nek biztos\u00edt\u00e1s\u00e1ra ford\u00edthat\u00f3 \u00f6sszevont t\u00e1mogat\u00e1s 2022. ki\u00edr\u00e1sra adta be. Vegyes t\u00e1mogat\u00e1s keret\u00e9ben programunkat az al\u00e1bbiak szerint fogalmaztuk meg:A FATOSZ m\u0171k\u00f6d\u00e9s\u00e9nek \u00e9s szakmai [&hellip;]\" \/>\n<meta property=\"og:url\" content=\"https:\/\/falusiturizmus.eu\/en\/nea-2022\/\" \/>\n<meta property=\"og:site_name\" content=\"Falusi \u00e9s Agroturizmus Orsz\u00e1gos Sz\u00f6vets\u00e9ge\" \/>\n<meta property=\"article:publisher\" content=\"https:\/\/www.facebook.com\/falusiturizmus.hu\" \/>\n<meta property=\"og:image\" content=\"https:\/\/falusiturizmus.eu\/wp-content\/uploads\/2026\/01\/bga-logo.webp\" \/>\n\t<meta property=\"og:image:width\" content=\"173\" \/>\n\t<meta property=\"og:image:height\" content=\"170\" \/>\n\t<meta property=\"og:image:type\" content=\"image\/webp\" \/>\n<meta name=\"twitter:card\" content=\"summary_large_image\" \/>\n<meta name=\"twitter:label1\" content=\"Estimated reading time\" \/>\n\t<meta name=\"twitter:data1\" content=\"2 minutes\" \/>\n<script type=\"application\/ld+json\" class=\"yoast-schema-graph\">{\"@context\":\"https:\/\/schema.org\",\"@graph\":[{\"@type\":\"WebPage\",\"@id\":\"https:\/\/falusiturizmus.eu\/nea-2022\/\",\"url\":\"https:\/\/falusiturizmus.eu\/nea-2022\/\",\"name\":\"NEA-2022 - Falusi \u00e9s Agroturizmus Orsz\u00e1gos Sz\u00f6vets\u00e9ge\",\"isPartOf\":{\"@id\":\"https:\/\/falusiturizmus.eu\/#website\"},\"primaryImageOfPage\":{\"@id\":\"https:\/\/falusiturizmus.eu\/nea-2022\/#primaryimage\"},\"image\":{\"@id\":\"https:\/\/falusiturizmus.eu\/nea-2022\/#primaryimage\"},\"thumbnailUrl\":\"https:\/\/falusiturizmus.eu\/wp-content\/uploads\/2026\/01\/bga-logo.webp\",\"datePublished\":\"2026-01-16T07:46:17+00:00\",\"breadcrumb\":{\"@id\":\"https:\/\/falusiturizmus.eu\/nea-2022\/#breadcrumb\"},\"inLanguage\":\"en-GB\",\"potentialAction\":[{\"@type\":\"ReadAction\",\"target\":[\"https:\/\/falusiturizmus.eu\/nea-2022\/\"]}]},{\"@type\":\"ImageObject\",\"inLanguage\":\"en-GB\",\"@id\":\"https:\/\/falusiturizmus.eu\/nea-2022\/#primaryimage\",\"url\":\"https:\/\/falusiturizmus.eu\/wp-content\/uploads\/2026\/01\/bga-logo.webp\",\"contentUrl\":\"https:\/\/falusiturizmus.eu\/wp-content\/uploads\/2026\/01\/bga-logo.webp\"},{\"@type\":\"BreadcrumbList\",\"@id\":\"https:\/\/falusiturizmus.eu\/nea-2022\/#breadcrumb\",\"itemListElement\":[{\"@type\":\"ListItem\",\"position\":1,\"name\":\"Kezd\u0151lap\",\"item\":\"https:\/\/falusiturizmus.eu\/\"},{\"@type\":\"ListItem\",\"position\":2,\"name\":\"NEA-2022\"}]},{\"@type\":\"WebSite\",\"@id\":\"https:\/\/falusiturizmus.eu\/#website\",\"url\":\"https:\/\/falusiturizmus.eu\/\",\"name\":\"Falusi \u00e9s Agroturizmus Orsz\u00e1gos Sz\u00f6vets\u00e9ge\",\"description\":\"\",\"publisher\":{\"@id\":\"https:\/\/falusiturizmus.eu\/#organization\"},\"potentialAction\":[{\"@type\":\"SearchAction\",\"target\":{\"@type\":\"EntryPoint\",\"urlTemplate\":\"https:\/\/falusiturizmus.eu\/?s={search_term_string}\"},\"query-input\":{\"@type\":\"PropertyValueSpecification\",\"valueRequired\":true,\"valueName\":\"search_term_string\"}}],\"inLanguage\":\"en-GB\"},{\"@type\":\"Organization\",\"@id\":\"https:\/\/falusiturizmus.eu\/#organization\",\"name\":\"Falusi \u00e9s Agroturizmus Orsz\u00e1gos Sz\u00f6vets\u00e9ge\",\"url\":\"https:\/\/falusiturizmus.eu\/\",\"logo\":{\"@type\":\"ImageObject\",\"inLanguage\":\"en-GB\",\"@id\":\"https:\/\/falusiturizmus.eu\/#\/schema\/logo\/image\/\",\"url\":\"https:\/\/falusiturizmus.eu\/wp-content\/uploads\/2026\/01\/logo.png\",\"contentUrl\":\"https:\/\/falusiturizmus.eu\/wp-content\/uploads\/2026\/01\/logo.png\",\"width\":512,\"height\":521,\"caption\":\"Falusi \u00e9s Agroturizmus Orsz\u00e1gos Sz\u00f6vets\u00e9ge\"},\"image\":{\"@id\":\"https:\/\/falusiturizmus.eu\/#\/schema\/logo\/image\/\"},\"sameAs\":[\"https:\/\/www.facebook.com\/falusiturizmus.hu\",\"https:\/\/www.instagram.com\/falusiesagroturizmus\/?hl=hu\",\"https:\/\/www.youtube.com\/channel\/UCsCVuuFdNNsrFCqOOBDbPtw\"]}]}<\/script>\n<!-- \/ Yoast SEO plugin. -->","yoast_head_json":{"title":"NEA-2022 - Falusi \u00e9s Agroturizmus Orsz\u00e1gos Sz\u00f6vets\u00e9ge","robots":{"index":"index","follow":"follow","max-snippet":"max-snippet:-1","max-image-preview":"max-image-preview:large","max-video-preview":"max-video-preview:-1"},"canonical":"https:\/\/falusiturizmus.eu\/en\/nea-2022\/","og_locale":"en_GB","og_type":"article","og_title":"NEA-2022 - Falusi \u00e9s Agroturizmus Orsz\u00e1gos Sz\u00f6vets\u00e9ge","og_description":"A Falusi \u00e9s Agroturizmus Orsz\u00e1gos Sz\u00f6vets\u00e9ge 2022-ben r\u00e9szes\u00fclt a Bethlen G\u00e1bor Alap, Nemzeti Egy\u00fcttm\u0171k\u00f6d\u00e9si Alap T\u00e1mogat\u00e1si Program (2022) keret\u00e9ben t\u00e1mogat\u00e1si \u00f6sszegben. Sz\u00f6vets\u00e9g\u00fcnk p\u00e1ly\u00e1zat\u00e1t a Civil szervezetek m\u0171k\u00f6d\u00e9s\u00e9nek biztos\u00edt\u00e1s\u00e1ra vagy szakmai programj\u00e1nak megval\u00f3s\u00edt\u00e1s\u00e1ra \u00e9s m\u0171k\u00f6d\u00e9s\u00e9nek biztos\u00edt\u00e1s\u00e1ra ford\u00edthat\u00f3 \u00f6sszevont t\u00e1mogat\u00e1s 2022. ki\u00edr\u00e1sra adta be. Vegyes t\u00e1mogat\u00e1s keret\u00e9ben programunkat az al\u00e1bbiak szerint fogalmaztuk meg:A FATOSZ m\u0171k\u00f6d\u00e9s\u00e9nek \u00e9s szakmai [&hellip;]","og_url":"https:\/\/falusiturizmus.eu\/en\/nea-2022\/","og_site_name":"Falusi \u00e9s Agroturizmus Orsz\u00e1gos Sz\u00f6vets\u00e9ge","article_publisher":"https:\/\/www.facebook.com\/falusiturizmus.hu","og_image":[{"width":173,"height":170,"url":"https:\/\/falusiturizmus.eu\/wp-content\/uploads\/2026\/01\/bga-logo.webp","type":"image\/webp"}],"twitter_card":"summary_large_image","twitter_misc":{"Estimated reading time":"2 minutes"},"schema":{"@context":"https:\/\/schema.org","@graph":[{"@type":"WebPage","@id":"https:\/\/falusiturizmus.eu\/nea-2022\/","url":"https:\/\/falusiturizmus.eu\/nea-2022\/","name":"NEA-2022 - Falusi \u00e9s Agroturizmus Orsz\u00e1gos Sz\u00f6vets\u00e9ge","isPartOf":{"@id":"https:\/\/falusiturizmus.eu\/#website"},"primaryImageOfPage":{"@id":"https:\/\/falusiturizmus.eu\/nea-2022\/#primaryimage"},"image":{"@id":"https:\/\/falusiturizmus.eu\/nea-2022\/#primaryimage"},"thumbnailUrl":"https:\/\/falusiturizmus.eu\/wp-content\/uploads\/2026\/01\/bga-logo.webp","datePublished":"2026-01-16T07:46:17+00:00","breadcrumb":{"@id":"https:\/\/falusiturizmus.eu\/nea-2022\/#breadcrumb"},"inLanguage":"en-GB","potentialAction":[{"@type":"ReadAction","target":["https:\/\/falusiturizmus.eu\/nea-2022\/"]}]},{"@type":"ImageObject","inLanguage":"en-GB","@id":"https:\/\/falusiturizmus.eu\/nea-2022\/#primaryimage","url":"https:\/\/falusiturizmus.eu\/wp-content\/uploads\/2026\/01\/bga-logo.webp","contentUrl":"https:\/\/falusiturizmus.eu\/wp-content\/uploads\/2026\/01\/bga-logo.webp"},{"@type":"BreadcrumbList","@id":"https:\/\/falusiturizmus.eu\/nea-2022\/#breadcrumb","itemListElement":[{"@type":"ListItem","position":1,"name":"Kezd\u0151lap","item":"https:\/\/falusiturizmus.eu\/"},{"@type":"ListItem","position":2,"name":"NEA-2022"}]},{"@type":"WebSite","@id":"https:\/\/falusiturizmus.eu\/#website","url":"https:\/\/falusiturizmus.eu\/","name":"Falusi \u00e9s Agroturizmus Orsz\u00e1gos Sz\u00f6vets\u00e9ge","description":"","publisher":{"@id":"https:\/\/falusiturizmus.eu\/#organization"},"potentialAction":[{"@type":"SearchAction","target":{"@type":"EntryPoint","urlTemplate":"https:\/\/falusiturizmus.eu\/?s={search_term_string}"},"query-input":{"@type":"PropertyValueSpecification","valueRequired":true,"valueName":"search_term_string"}}],"inLanguage":"en-GB"},{"@type":"Organization","@id":"https:\/\/falusiturizmus.eu\/#organization","name":"Falusi \u00e9s Agroturizmus Orsz\u00e1gos Sz\u00f6vets\u00e9ge","url":"https:\/\/falusiturizmus.eu\/","logo":{"@type":"ImageObject","inLanguage":"en-GB","@id":"https:\/\/falusiturizmus.eu\/#\/schema\/logo\/image\/","url":"https:\/\/falusiturizmus.eu\/wp-content\/uploads\/2026\/01\/logo.png","contentUrl":"https:\/\/falusiturizmus.eu\/wp-content\/uploads\/2026\/01\/logo.png","width":512,"height":521,"caption":"Falusi \u00e9s Agroturizmus Orsz\u00e1gos Sz\u00f6vets\u00e9ge"},"image":{"@id":"https:\/\/falusiturizmus.eu\/#\/schema\/logo\/image\/"},"sameAs":["https:\/\/www.facebook.com\/falusiturizmus.hu","https:\/\/www.instagram.com\/falusiesagroturizmus\/?hl=hu","https:\/\/www.youtube.com\/channel\/UCsCVuuFdNNsrFCqOOBDbPtw"]}]}},"_links":{"self":[{"href":"https:\/\/falusiturizmus.eu\/en\/wp-json\/wp\/v2\/pages\/2486","targetHints":{"allow":["GET"]}}],"collection":[{"href":"https:\/\/falusiturizmus.eu\/en\/wp-json\/wp\/v2\/pages"}],"about":[{"href":"https:\/\/falusiturizmus.eu\/en\/wp-json\/wp\/v2\/types\/page"}],"author":[{"embeddable":true,"href":"https:\/\/falusiturizmus.eu\/en\/wp-json\/wp\/v2\/users\/1"}],"replies":[{"embeddable":true,"href":"https:\/\/falusiturizmus.eu\/en\/wp-json\/wp\/v2\/comments?post=2486"}],"version-history":[{"count":1,"href":"https:\/\/falusiturizmus.eu\/en\/wp-json\/wp\/v2\/pages\/2486\/revisions"}],"predecessor-version":[{"id":2487,"href":"https:\/\/falusiturizmus.eu\/en\/wp-json\/wp\/v2\/pages\/2486\/revisions\/2487"}],"wp:attachment":[{"href":"https:\/\/falusiturizmus.eu\/en\/wp-json\/wp\/v2\/media?parent=2486"}],"curies":[{"name":"wp","href":"https:\/\/api.w.org\/{rel}","templated":true}]}}