{"id":2484,"date":"2026-01-16T07:45:45","date_gmt":"2026-01-16T07:45:45","guid":{"rendered":"https:\/\/falusiturizmus.korosmentivallalkozaserosites.hu\/?page_id=2484"},"modified":"2026-01-16T07:45:45","modified_gmt":"2026-01-16T07:45:45","slug":"nea-2021","status":"publish","type":"page","link":"https:\/\/falusiturizmus.eu\/en\/nea-2021\/","title":{"rendered":"NEA-2021"},"content":{"rendered":"<p>2021-ben t\u00e1mogat\u00e1sban r\u00e9szes\u00fclt a Falusi \u00e9s Agroturizmus Orsz\u00e1gos Sz\u00f6vets\u00e9ge<\/p>\n\n\n\n<p>A program Nemzeti Egy\u00fcttm\u0171k\u00f6d\u00e9si Alap T\u00e1mogat\u00e1si Program (2021) keret\u00e9ben a \u201cCivil szervezetek m\u0171k\u00f6d\u00e9s\u00e9nek biztos\u00edt\u00e1s\u00e1ra vagy szakmai programj\u00e1nak megval\u00f3s\u00edt\u00e1s\u00e1ra \u00e9s m\u0171k\u00f6d\u00e9s\u00e9nek biztos\u00edt\u00e1s\u00e1ra ford\u00edthat\u00f3 \u00f6sszevont t\u00e1mogat\u00e1s 2021.\u201d ki\u00edr\u00e1sban val\u00f3sult meg.<\/p>\n\n\n\n<p>A p\u00e1ly\u00e1zat a T\u00e1rsadalmi Felel\u0151ss\u00e9gv\u00e1llal\u00e1s Koll\u00e9gium, vegyes t\u00e1mogat\u00e1s\u00e1nak k\u00f6sz\u00f6nhet\u0151en 1 400 000 Ft-ban r\u00e9szes\u00fclt Sz\u00f6vets\u00e9g\u00fcnk.<\/p>\n\n\n\n<p>A program keret\u00e9ben \u00e1ltal\u00e1nos m\u0171k\u00f6d\u00e9si k\u00f6lts\u00e9geinket \u00e9p\u00edtett\u00fck bele: K\u00f6zponti Irod\u00e1nk b\u00e9rleti d\u00edja, k\u00f6nyvel\u00e9si d\u00edjak, honlap fenntart\u00e1shoz kapcsol\u00f3d\u00f3 d\u00edjak \u00e9s telefonk\u00f6lts\u00e9gek. Addig szakmai programunkban 2021-ben megval\u00f3sult workshopjaink ker\u00fcltek felt\u00fcntet\u00e9sre.<\/p>\n\n\n\n<p>Tagjai vagyunk nemzetk\u00f6zi vid\u00e9ki turizmussal m\u0171k\u00f6d\u0151 szakmai sz\u00f6vets\u00e9gnek (Ruraltour), melynek tags\u00e1gi d\u00edj\u00e1t jelen projektben megjelen\u00edtett\u00fcnk.<\/p>\n\n\n\n<p>A vissza nem t\u00e9r\u00edtend\u0151, 100%-os el\u0151leg form\u00e1ban megval\u00f3sult projektet 2021. \u00e1prilis 1. \u2013 2022. december 31. k\u00f6z\u00f6tt val\u00f3s\u00edtottuk meg.<\/p>\n\n\n\n<p>K\u00f6sz\u00f6nj\u00fck a t\u00e1mogat\u00e1st \u00e9s a bizalmat!<\/p>\n\n\n\n<figure class=\"wp-block-image size-full is-resized\"><img loading=\"lazy\" decoding=\"async\" width=\"1024\" height=\"393\" src=\"https:\/\/falusiturizmus.eu\/wp-content\/uploads\/2026\/01\/nea-logo.webp\" alt=\"\" class=\"wp-image-2481\" style=\"width:200px\" srcset=\"https:\/\/falusiturizmus.eu\/wp-content\/uploads\/2026\/01\/nea-logo.webp 1024w, https:\/\/falusiturizmus.eu\/wp-content\/uploads\/2026\/01\/nea-logo-300x115.webp 300w, https:\/\/falusiturizmus.eu\/wp-content\/uploads\/2026\/01\/nea-logo-768x295.webp 768w\" sizes=\"auto, (max-width: 1024px) 100vw, 1024px\" \/><\/figure>","protected":false},"excerpt":{"rendered":"<p>2021-ben t\u00e1mogat\u00e1sban r\u00e9szes\u00fclt a Falusi \u00e9s Agroturizmus Orsz\u00e1gos Sz\u00f6vets\u00e9ge A program Nemzeti Egy\u00fcttm\u0171k\u00f6d\u00e9si Alap T\u00e1mogat\u00e1si Program (2021) keret\u00e9ben a \u201cCivil szervezetek m\u0171k\u00f6d\u00e9s\u00e9nek biztos\u00edt\u00e1s\u00e1ra vagy szakmai programj\u00e1nak megval\u00f3s\u00edt\u00e1s\u00e1ra \u00e9s m\u0171k\u00f6d\u00e9s\u00e9nek biztos\u00edt\u00e1s\u00e1ra ford\u00edthat\u00f3 \u00f6sszevont t\u00e1mogat\u00e1s 2021.\u201d ki\u00edr\u00e1sban val\u00f3sult meg. A p\u00e1ly\u00e1zat a T\u00e1rsadalmi Felel\u0151ss\u00e9gv\u00e1llal\u00e1s Koll\u00e9gium, vegyes t\u00e1mogat\u00e1s\u00e1nak k\u00f6sz\u00f6nhet\u0151en 1 400 000 Ft-ban r\u00e9szes\u00fclt Sz\u00f6vets\u00e9g\u00fcnk. A program keret\u00e9ben [&hellip;]<\/p>\n","protected":false},"author":1,"featured_media":0,"parent":0,"menu_order":0,"comment_status":"closed","ping_status":"closed","template":"","meta":{"_monsterinsights_skip_tracking":false,"_monsterinsights_sitenote_active":false,"_monsterinsights_sitenote_note":"","_monsterinsights_sitenote_category":0,"footnotes":""},"class_list":["post-2484","page","type-page","status-publish","hentry"],"blocksy_meta":[],"yoast_head":"<!-- This site is optimized with the Yoast SEO plugin v27.0 - https:\/\/yoast.com\/product\/yoast-seo-wordpress\/ -->\n<title>NEA-2021 - Falusi \u00e9s Agroturizmus Orsz\u00e1gos Sz\u00f6vets\u00e9ge<\/title>\n<meta name=\"robots\" content=\"index, follow, max-snippet:-1, max-image-preview:large, max-video-preview:-1\" \/>\n<link rel=\"canonical\" href=\"https:\/\/falusiturizmus.eu\/en\/nea-2021\/\" \/>\n<meta property=\"og:locale\" content=\"en_GB\" \/>\n<meta property=\"og:type\" content=\"article\" \/>\n<meta property=\"og:title\" content=\"NEA-2021 - Falusi \u00e9s Agroturizmus Orsz\u00e1gos Sz\u00f6vets\u00e9ge\" \/>\n<meta property=\"og:description\" content=\"2021-ben t\u00e1mogat\u00e1sban r\u00e9szes\u00fclt a Falusi \u00e9s Agroturizmus Orsz\u00e1gos Sz\u00f6vets\u00e9ge A program Nemzeti Egy\u00fcttm\u0171k\u00f6d\u00e9si Alap T\u00e1mogat\u00e1si Program (2021) keret\u00e9ben a \u201cCivil szervezetek m\u0171k\u00f6d\u00e9s\u00e9nek biztos\u00edt\u00e1s\u00e1ra vagy szakmai programj\u00e1nak megval\u00f3s\u00edt\u00e1s\u00e1ra \u00e9s m\u0171k\u00f6d\u00e9s\u00e9nek biztos\u00edt\u00e1s\u00e1ra ford\u00edthat\u00f3 \u00f6sszevont t\u00e1mogat\u00e1s 2021.\u201d ki\u00edr\u00e1sban val\u00f3sult meg. A p\u00e1ly\u00e1zat a T\u00e1rsadalmi Felel\u0151ss\u00e9gv\u00e1llal\u00e1s Koll\u00e9gium, vegyes t\u00e1mogat\u00e1s\u00e1nak k\u00f6sz\u00f6nhet\u0151en 1 400 000 Ft-ban r\u00e9szes\u00fclt Sz\u00f6vets\u00e9g\u00fcnk. A program keret\u00e9ben [&hellip;]\" \/>\n<meta property=\"og:url\" content=\"https:\/\/falusiturizmus.eu\/en\/nea-2021\/\" \/>\n<meta property=\"og:site_name\" content=\"Falusi \u00e9s Agroturizmus Orsz\u00e1gos Sz\u00f6vets\u00e9ge\" \/>\n<meta property=\"article:publisher\" content=\"https:\/\/www.facebook.com\/falusiturizmus.hu\" \/>\n<meta property=\"og:image\" content=\"https:\/\/falusiturizmus.eu\/wp-content\/uploads\/2026\/01\/nea-logo.webp\" \/>\n\t<meta property=\"og:image:width\" content=\"1024\" \/>\n\t<meta property=\"og:image:height\" content=\"393\" \/>\n\t<meta property=\"og:image:type\" content=\"image\/webp\" \/>\n<meta name=\"twitter:card\" content=\"summary_large_image\" \/>\n<meta name=\"twitter:label1\" content=\"Estimated reading time\" \/>\n\t<meta name=\"twitter:data1\" content=\"1 minute\" \/>\n<script type=\"application\/ld+json\" class=\"yoast-schema-graph\">{\"@context\":\"https:\/\/schema.org\",\"@graph\":[{\"@type\":\"WebPage\",\"@id\":\"https:\/\/falusiturizmus.eu\/nea-2021\/\",\"url\":\"https:\/\/falusiturizmus.eu\/nea-2021\/\",\"name\":\"NEA-2021 - Falusi \u00e9s Agroturizmus Orsz\u00e1gos Sz\u00f6vets\u00e9ge\",\"isPartOf\":{\"@id\":\"https:\/\/falusiturizmus.eu\/#website\"},\"primaryImageOfPage\":{\"@id\":\"https:\/\/falusiturizmus.eu\/nea-2021\/#primaryimage\"},\"image\":{\"@id\":\"https:\/\/falusiturizmus.eu\/nea-2021\/#primaryimage\"},\"thumbnailUrl\":\"https:\/\/falusiturizmus.eu\/wp-content\/uploads\/2026\/01\/nea-logo.webp\",\"datePublished\":\"2026-01-16T07:45:45+00:00\",\"breadcrumb\":{\"@id\":\"https:\/\/falusiturizmus.eu\/nea-2021\/#breadcrumb\"},\"inLanguage\":\"en-GB\",\"potentialAction\":[{\"@type\":\"ReadAction\",\"target\":[\"https:\/\/falusiturizmus.eu\/nea-2021\/\"]}]},{\"@type\":\"ImageObject\",\"inLanguage\":\"en-GB\",\"@id\":\"https:\/\/falusiturizmus.eu\/nea-2021\/#primaryimage\",\"url\":\"https:\/\/falusiturizmus.eu\/wp-content\/uploads\/2026\/01\/nea-logo.webp\",\"contentUrl\":\"https:\/\/falusiturizmus.eu\/wp-content\/uploads\/2026\/01\/nea-logo.webp\"},{\"@type\":\"BreadcrumbList\",\"@id\":\"https:\/\/falusiturizmus.eu\/nea-2021\/#breadcrumb\",\"itemListElement\":[{\"@type\":\"ListItem\",\"position\":1,\"name\":\"Kezd\u0151lap\",\"item\":\"https:\/\/falusiturizmus.eu\/\"},{\"@type\":\"ListItem\",\"position\":2,\"name\":\"NEA-2021\"}]},{\"@type\":\"WebSite\",\"@id\":\"https:\/\/falusiturizmus.eu\/#website\",\"url\":\"https:\/\/falusiturizmus.eu\/\",\"name\":\"Falusi \u00e9s Agroturizmus Orsz\u00e1gos Sz\u00f6vets\u00e9ge\",\"description\":\"\",\"publisher\":{\"@id\":\"https:\/\/falusiturizmus.eu\/#organization\"},\"potentialAction\":[{\"@type\":\"SearchAction\",\"target\":{\"@type\":\"EntryPoint\",\"urlTemplate\":\"https:\/\/falusiturizmus.eu\/?s={search_term_string}\"},\"query-input\":{\"@type\":\"PropertyValueSpecification\",\"valueRequired\":true,\"valueName\":\"search_term_string\"}}],\"inLanguage\":\"en-GB\"},{\"@type\":\"Organization\",\"@id\":\"https:\/\/falusiturizmus.eu\/#organization\",\"name\":\"Falusi \u00e9s Agroturizmus Orsz\u00e1gos Sz\u00f6vets\u00e9ge\",\"url\":\"https:\/\/falusiturizmus.eu\/\",\"logo\":{\"@type\":\"ImageObject\",\"inLanguage\":\"en-GB\",\"@id\":\"https:\/\/falusiturizmus.eu\/#\/schema\/logo\/image\/\",\"url\":\"https:\/\/falusiturizmus.eu\/wp-content\/uploads\/2026\/01\/logo.png\",\"contentUrl\":\"https:\/\/falusiturizmus.eu\/wp-content\/uploads\/2026\/01\/logo.png\",\"width\":512,\"height\":521,\"caption\":\"Falusi \u00e9s Agroturizmus Orsz\u00e1gos Sz\u00f6vets\u00e9ge\"},\"image\":{\"@id\":\"https:\/\/falusiturizmus.eu\/#\/schema\/logo\/image\/\"},\"sameAs\":[\"https:\/\/www.facebook.com\/falusiturizmus.hu\",\"https:\/\/www.instagram.com\/falusiesagroturizmus\/?hl=hu\",\"https:\/\/www.youtube.com\/channel\/UCsCVuuFdNNsrFCqOOBDbPtw\"]}]}<\/script>\n<!-- \/ Yoast SEO plugin. -->","yoast_head_json":{"title":"NEA-2021 - Falusi \u00e9s Agroturizmus Orsz\u00e1gos Sz\u00f6vets\u00e9ge","robots":{"index":"index","follow":"follow","max-snippet":"max-snippet:-1","max-image-preview":"max-image-preview:large","max-video-preview":"max-video-preview:-1"},"canonical":"https:\/\/falusiturizmus.eu\/en\/nea-2021\/","og_locale":"en_GB","og_type":"article","og_title":"NEA-2021 - Falusi \u00e9s Agroturizmus Orsz\u00e1gos Sz\u00f6vets\u00e9ge","og_description":"2021-ben t\u00e1mogat\u00e1sban r\u00e9szes\u00fclt a Falusi \u00e9s Agroturizmus Orsz\u00e1gos Sz\u00f6vets\u00e9ge A program Nemzeti Egy\u00fcttm\u0171k\u00f6d\u00e9si Alap T\u00e1mogat\u00e1si Program (2021) keret\u00e9ben a \u201cCivil szervezetek m\u0171k\u00f6d\u00e9s\u00e9nek biztos\u00edt\u00e1s\u00e1ra vagy szakmai programj\u00e1nak megval\u00f3s\u00edt\u00e1s\u00e1ra \u00e9s m\u0171k\u00f6d\u00e9s\u00e9nek biztos\u00edt\u00e1s\u00e1ra ford\u00edthat\u00f3 \u00f6sszevont t\u00e1mogat\u00e1s 2021.\u201d ki\u00edr\u00e1sban val\u00f3sult meg. A p\u00e1ly\u00e1zat a T\u00e1rsadalmi Felel\u0151ss\u00e9gv\u00e1llal\u00e1s Koll\u00e9gium, vegyes t\u00e1mogat\u00e1s\u00e1nak k\u00f6sz\u00f6nhet\u0151en 1 400 000 Ft-ban r\u00e9szes\u00fclt Sz\u00f6vets\u00e9g\u00fcnk. A program keret\u00e9ben [&hellip;]","og_url":"https:\/\/falusiturizmus.eu\/en\/nea-2021\/","og_site_name":"Falusi \u00e9s Agroturizmus Orsz\u00e1gos Sz\u00f6vets\u00e9ge","article_publisher":"https:\/\/www.facebook.com\/falusiturizmus.hu","og_image":[{"width":1024,"height":393,"url":"https:\/\/falusiturizmus.eu\/wp-content\/uploads\/2026\/01\/nea-logo.webp","type":"image\/webp"}],"twitter_card":"summary_large_image","twitter_misc":{"Estimated reading time":"1 minute"},"schema":{"@context":"https:\/\/schema.org","@graph":[{"@type":"WebPage","@id":"https:\/\/falusiturizmus.eu\/nea-2021\/","url":"https:\/\/falusiturizmus.eu\/nea-2021\/","name":"NEA-2021 - Falusi \u00e9s Agroturizmus Orsz\u00e1gos Sz\u00f6vets\u00e9ge","isPartOf":{"@id":"https:\/\/falusiturizmus.eu\/#website"},"primaryImageOfPage":{"@id":"https:\/\/falusiturizmus.eu\/nea-2021\/#primaryimage"},"image":{"@id":"https:\/\/falusiturizmus.eu\/nea-2021\/#primaryimage"},"thumbnailUrl":"https:\/\/falusiturizmus.eu\/wp-content\/uploads\/2026\/01\/nea-logo.webp","datePublished":"2026-01-16T07:45:45+00:00","breadcrumb":{"@id":"https:\/\/falusiturizmus.eu\/nea-2021\/#breadcrumb"},"inLanguage":"en-GB","potentialAction":[{"@type":"ReadAction","target":["https:\/\/falusiturizmus.eu\/nea-2021\/"]}]},{"@type":"ImageObject","inLanguage":"en-GB","@id":"https:\/\/falusiturizmus.eu\/nea-2021\/#primaryimage","url":"https:\/\/falusiturizmus.eu\/wp-content\/uploads\/2026\/01\/nea-logo.webp","contentUrl":"https:\/\/falusiturizmus.eu\/wp-content\/uploads\/2026\/01\/nea-logo.webp"},{"@type":"BreadcrumbList","@id":"https:\/\/falusiturizmus.eu\/nea-2021\/#breadcrumb","itemListElement":[{"@type":"ListItem","position":1,"name":"Kezd\u0151lap","item":"https:\/\/falusiturizmus.eu\/"},{"@type":"ListItem","position":2,"name":"NEA-2021"}]},{"@type":"WebSite","@id":"https:\/\/falusiturizmus.eu\/#website","url":"https:\/\/falusiturizmus.eu\/","name":"Falusi \u00e9s Agroturizmus Orsz\u00e1gos Sz\u00f6vets\u00e9ge","description":"","publisher":{"@id":"https:\/\/falusiturizmus.eu\/#organization"},"potentialAction":[{"@type":"SearchAction","target":{"@type":"EntryPoint","urlTemplate":"https:\/\/falusiturizmus.eu\/?s={search_term_string}"},"query-input":{"@type":"PropertyValueSpecification","valueRequired":true,"valueName":"search_term_string"}}],"inLanguage":"en-GB"},{"@type":"Organization","@id":"https:\/\/falusiturizmus.eu\/#organization","name":"Falusi \u00e9s Agroturizmus Orsz\u00e1gos Sz\u00f6vets\u00e9ge","url":"https:\/\/falusiturizmus.eu\/","logo":{"@type":"ImageObject","inLanguage":"en-GB","@id":"https:\/\/falusiturizmus.eu\/#\/schema\/logo\/image\/","url":"https:\/\/falusiturizmus.eu\/wp-content\/uploads\/2026\/01\/logo.png","contentUrl":"https:\/\/falusiturizmus.eu\/wp-content\/uploads\/2026\/01\/logo.png","width":512,"height":521,"caption":"Falusi \u00e9s Agroturizmus Orsz\u00e1gos Sz\u00f6vets\u00e9ge"},"image":{"@id":"https:\/\/falusiturizmus.eu\/#\/schema\/logo\/image\/"},"sameAs":["https:\/\/www.facebook.com\/falusiturizmus.hu","https:\/\/www.instagram.com\/falusiesagroturizmus\/?hl=hu","https:\/\/www.youtube.com\/channel\/UCsCVuuFdNNsrFCqOOBDbPtw"]}]}},"_links":{"self":[{"href":"https:\/\/falusiturizmus.eu\/en\/wp-json\/wp\/v2\/pages\/2484","targetHints":{"allow":["GET"]}}],"collection":[{"href":"https:\/\/falusiturizmus.eu\/en\/wp-json\/wp\/v2\/pages"}],"about":[{"href":"https:\/\/falusiturizmus.eu\/en\/wp-json\/wp\/v2\/types\/page"}],"author":[{"embeddable":true,"href":"https:\/\/falusiturizmus.eu\/en\/wp-json\/wp\/v2\/users\/1"}],"replies":[{"embeddable":true,"href":"https:\/\/falusiturizmus.eu\/en\/wp-json\/wp\/v2\/comments?post=2484"}],"version-history":[{"count":1,"href":"https:\/\/falusiturizmus.eu\/en\/wp-json\/wp\/v2\/pages\/2484\/revisions"}],"predecessor-version":[{"id":2485,"href":"https:\/\/falusiturizmus.eu\/en\/wp-json\/wp\/v2\/pages\/2484\/revisions\/2485"}],"wp:attachment":[{"href":"https:\/\/falusiturizmus.eu\/en\/wp-json\/wp\/v2\/media?parent=2484"}],"curies":[{"name":"wp","href":"https:\/\/api.w.org\/{rel}","templated":true}]}}