{"id":2480,"date":"2026-01-16T07:44:33","date_gmt":"2026-01-16T07:44:33","guid":{"rendered":"https:\/\/falusiturizmus.korosmentivallalkozaserosites.hu\/?page_id=2480"},"modified":"2026-01-16T07:44:33","modified_gmt":"2026-01-16T07:44:33","slug":"nea-2020","status":"publish","type":"page","link":"https:\/\/falusiturizmus.eu\/en\/nea-2020\/","title":{"rendered":"NEA-2020"},"content":{"rendered":"<p>A Bethlen G\u00e1bor Alapkezel\u0151 j\u00f3volt\u00e1b\u00f3l a \u201cNemzeti Egy\u00fcttm\u0171k\u00f6d\u00e9si Alap\u201d finansz\u00edroz\u00e1s\u00e1b\u00f3l 2020-ban 3 200 000 Ft-ban r\u00e9szes\u00fclt Sz\u00f6vets\u00e9g\u00fcnk.<\/p>\n\n\n\n<p>A projekt kapcs\u00e1n 2020. \u00e1prilis 1. \u2013 2021. szeptember 30. k\u00f6z\u00f6tt val\u00f3s\u00edtottuk meg szakmai \u00e9s m\u0171k\u00f6d\u00e9si programunkat. A t\u00e1mogat\u00e1s keret\u00e9ben a Falusi \u00e9s Agroturizmus Orsz\u00e1gos Sz\u00f6vets\u00e9g\u00e9nek 25 \u00e9ves fenn\u00e1ll\u00e1s\u00e1t \u00fcnnepelt\u00fck meg. A pand\u00e9mi\u00e1s helyzet terveinket nagym\u00e9rt\u00e9kben befoly\u00e1solta, \u00edgy az eredetileg tervezett id\u0151ponthoz viszony\u00edtva k\u00e9s\u0151bb, de meg tudtuk tartani a sz\u00fclet\u00e9snapi esem\u00e9nyt. &nbsp;A vissza nem t\u00e9r\u00edtend\u0151 \u2013 100%-os t\u00e1mogat\u00e1si el\u0151leg form\u00e1j\u00e1ban t\u00f6rt\u00e9n\u0151 finansz\u00edroz\u00e1s sor\u00e1n a K\u00f6zponti Inform\u00e1ci\u00f3s Iroda fenntart\u00e1s\u00e1nak \u00e9s m\u0171k\u00f6d\u00e9s\u00e9nek k\u00f6lts\u00e9geit fedezni tudtuk.<\/p>\n\n\n\n<p>A K\u00e1rp\u00e1t-medencei k\u00e9tnaposra tervezett konferenci\u00e1t Tiszab\u00e1boln\u00e1n rendezt\u00fck meg 2021. szeptember 23-25. k\u00f6z\u00f6tt \u201cVid\u00e9ki \u00f6r\u00f6ks\u00e9geink a K\u00e1rp\u00e1t-medenc\u00e9ben\u201d. Els\u0151dleges c\u00e9lkit\u0171z\u00e9s\u00fcnk az volt, hogy a megyei szervezetek vezet\u0151ivel k\u00f6z\u00f6sen \u00e9rt\u00e9kelj\u00fck az elm\u00falt \u00e9v neh\u00e9zs\u00e9geit, megvitassuk a falusi turizmus m\u00faltj\u00e1t, jelen\u00e9t \u00e9s j\u00f6v\u0151k\u00e9p\u00e9t, valamint a napraforg\u00f3s Nemzeti Tan\u00fas\u00edt\u00f3 V\u00e9djegyr\u0151l tartsunk szakmai panelbesz\u00e9lget\u00e9seket. A konferenci\u00e1val p\u00e1rhuzamosan online kamp\u00e1nyt is folytatunk, ugyanis 2020-ban hetente jelentkezt\u00fcnk social m\u00e9dia platformjainkon FATOSZ sz\u00fclet\u00e9snapi posztsorozatunkkal.<\/p>\n\n\n\n<p>K\u00f6sz\u00f6nj\u00fck a Nemzeti Egy\u00fcttm\u0171k\u00f6d\u00e9si Alapnak, hogy hozz\u00e1j\u00e1rult a vid\u00e9ki turizmus er\u0151s\u00f6d\u00e9s\u00e9hez \u00e9s a falusi turizmus ismerts\u00e9g\u00e9nek n\u00f6vel\u00e9s\u00e9hez!<\/p>\n\n\n\n<figure class=\"wp-block-image size-full is-resized\"><img loading=\"lazy\" decoding=\"async\" width=\"1024\" height=\"393\" src=\"https:\/\/falusiturizmus.eu\/wp-content\/uploads\/2026\/01\/nea-logo.webp\" alt=\"\" class=\"wp-image-2481\" style=\"width:200px\" srcset=\"https:\/\/falusiturizmus.eu\/wp-content\/uploads\/2026\/01\/nea-logo.webp 1024w, https:\/\/falusiturizmus.eu\/wp-content\/uploads\/2026\/01\/nea-logo-300x115.webp 300w, https:\/\/falusiturizmus.eu\/wp-content\/uploads\/2026\/01\/nea-logo-768x295.webp 768w\" sizes=\"auto, (max-width: 1024px) 100vw, 1024px\" \/><\/figure>\n\n\n\n<figure class=\"wp-block-image size-full\"><img loading=\"lazy\" decoding=\"async\" width=\"173\" height=\"170\" src=\"https:\/\/falusiturizmus.eu\/wp-content\/uploads\/2026\/01\/bga-logo.webp\" alt=\"\" class=\"wp-image-2482\"\/><\/figure>\n\n\n\n<p><\/p>","protected":false},"excerpt":{"rendered":"<p>A Bethlen G\u00e1bor Alapkezel\u0151 j\u00f3volt\u00e1b\u00f3l a \u201cNemzeti Egy\u00fcttm\u0171k\u00f6d\u00e9si Alap\u201d finansz\u00edroz\u00e1s\u00e1b\u00f3l 2020-ban 3 200 000 Ft-ban r\u00e9szes\u00fclt Sz\u00f6vets\u00e9g\u00fcnk. A projekt kapcs\u00e1n 2020. \u00e1prilis 1. \u2013 2021. szeptember 30. k\u00f6z\u00f6tt val\u00f3s\u00edtottuk meg szakmai \u00e9s m\u0171k\u00f6d\u00e9si programunkat. A t\u00e1mogat\u00e1s keret\u00e9ben a Falusi \u00e9s Agroturizmus Orsz\u00e1gos Sz\u00f6vets\u00e9g\u00e9nek 25 \u00e9ves fenn\u00e1ll\u00e1s\u00e1t \u00fcnnepelt\u00fck meg. A pand\u00e9mi\u00e1s helyzet terveinket nagym\u00e9rt\u00e9kben befoly\u00e1solta, \u00edgy [&hellip;]<\/p>\n","protected":false},"author":1,"featured_media":0,"parent":0,"menu_order":0,"comment_status":"closed","ping_status":"closed","template":"","meta":{"_monsterinsights_skip_tracking":false,"_monsterinsights_sitenote_active":false,"_monsterinsights_sitenote_note":"","_monsterinsights_sitenote_category":0,"footnotes":""},"class_list":["post-2480","page","type-page","status-publish","hentry"],"blocksy_meta":[],"yoast_head":"<!-- This site is optimized with the Yoast SEO plugin v27.0 - https:\/\/yoast.com\/product\/yoast-seo-wordpress\/ -->\n<title>NEA-2020 - Falusi \u00e9s Agroturizmus Orsz\u00e1gos Sz\u00f6vets\u00e9ge<\/title>\n<meta name=\"robots\" content=\"index, follow, max-snippet:-1, max-image-preview:large, max-video-preview:-1\" \/>\n<link rel=\"canonical\" href=\"https:\/\/falusiturizmus.eu\/en\/nea-2020\/\" \/>\n<meta property=\"og:locale\" content=\"en_GB\" \/>\n<meta property=\"og:type\" content=\"article\" \/>\n<meta property=\"og:title\" content=\"NEA-2020 - Falusi \u00e9s Agroturizmus Orsz\u00e1gos Sz\u00f6vets\u00e9ge\" \/>\n<meta property=\"og:description\" content=\"A Bethlen G\u00e1bor Alapkezel\u0151 j\u00f3volt\u00e1b\u00f3l a \u201cNemzeti Egy\u00fcttm\u0171k\u00f6d\u00e9si Alap\u201d finansz\u00edroz\u00e1s\u00e1b\u00f3l 2020-ban 3 200 000 Ft-ban r\u00e9szes\u00fclt Sz\u00f6vets\u00e9g\u00fcnk. A projekt kapcs\u00e1n 2020. \u00e1prilis 1. \u2013 2021. szeptember 30. k\u00f6z\u00f6tt val\u00f3s\u00edtottuk meg szakmai \u00e9s m\u0171k\u00f6d\u00e9si programunkat. A t\u00e1mogat\u00e1s keret\u00e9ben a Falusi \u00e9s Agroturizmus Orsz\u00e1gos Sz\u00f6vets\u00e9g\u00e9nek 25 \u00e9ves fenn\u00e1ll\u00e1s\u00e1t \u00fcnnepelt\u00fck meg. A pand\u00e9mi\u00e1s helyzet terveinket nagym\u00e9rt\u00e9kben befoly\u00e1solta, \u00edgy [&hellip;]\" \/>\n<meta property=\"og:url\" content=\"https:\/\/falusiturizmus.eu\/en\/nea-2020\/\" \/>\n<meta property=\"og:site_name\" content=\"Falusi \u00e9s Agroturizmus Orsz\u00e1gos Sz\u00f6vets\u00e9ge\" \/>\n<meta property=\"article:publisher\" content=\"https:\/\/www.facebook.com\/falusiturizmus.hu\" \/>\n<meta property=\"og:image\" content=\"https:\/\/falusiturizmus.eu\/wp-content\/uploads\/2026\/01\/nea-logo.webp\" \/>\n\t<meta property=\"og:image:width\" content=\"1024\" \/>\n\t<meta property=\"og:image:height\" content=\"393\" \/>\n\t<meta property=\"og:image:type\" content=\"image\/webp\" \/>\n<meta name=\"twitter:card\" content=\"summary_large_image\" \/>\n<meta name=\"twitter:label1\" content=\"Estimated reading time\" \/>\n\t<meta name=\"twitter:data1\" content=\"2 minutes\" \/>\n<script type=\"application\/ld+json\" class=\"yoast-schema-graph\">{\"@context\":\"https:\/\/schema.org\",\"@graph\":[{\"@type\":\"WebPage\",\"@id\":\"https:\/\/falusiturizmus.eu\/nea-2020\/\",\"url\":\"https:\/\/falusiturizmus.eu\/nea-2020\/\",\"name\":\"NEA-2020 - Falusi \u00e9s Agroturizmus Orsz\u00e1gos Sz\u00f6vets\u00e9ge\",\"isPartOf\":{\"@id\":\"https:\/\/falusiturizmus.eu\/#website\"},\"primaryImageOfPage\":{\"@id\":\"https:\/\/falusiturizmus.eu\/nea-2020\/#primaryimage\"},\"image\":{\"@id\":\"https:\/\/falusiturizmus.eu\/nea-2020\/#primaryimage\"},\"thumbnailUrl\":\"https:\/\/falusiturizmus.eu\/wp-content\/uploads\/2026\/01\/nea-logo.webp\",\"datePublished\":\"2026-01-16T07:44:33+00:00\",\"breadcrumb\":{\"@id\":\"https:\/\/falusiturizmus.eu\/nea-2020\/#breadcrumb\"},\"inLanguage\":\"en-GB\",\"potentialAction\":[{\"@type\":\"ReadAction\",\"target\":[\"https:\/\/falusiturizmus.eu\/nea-2020\/\"]}]},{\"@type\":\"ImageObject\",\"inLanguage\":\"en-GB\",\"@id\":\"https:\/\/falusiturizmus.eu\/nea-2020\/#primaryimage\",\"url\":\"https:\/\/falusiturizmus.eu\/wp-content\/uploads\/2026\/01\/nea-logo.webp\",\"contentUrl\":\"https:\/\/falusiturizmus.eu\/wp-content\/uploads\/2026\/01\/nea-logo.webp\"},{\"@type\":\"BreadcrumbList\",\"@id\":\"https:\/\/falusiturizmus.eu\/nea-2020\/#breadcrumb\",\"itemListElement\":[{\"@type\":\"ListItem\",\"position\":1,\"name\":\"Kezd\u0151lap\",\"item\":\"https:\/\/falusiturizmus.eu\/\"},{\"@type\":\"ListItem\",\"position\":2,\"name\":\"NEA-2020\"}]},{\"@type\":\"WebSite\",\"@id\":\"https:\/\/falusiturizmus.eu\/#website\",\"url\":\"https:\/\/falusiturizmus.eu\/\",\"name\":\"Falusi \u00e9s Agroturizmus Orsz\u00e1gos Sz\u00f6vets\u00e9ge\",\"description\":\"\",\"publisher\":{\"@id\":\"https:\/\/falusiturizmus.eu\/#organization\"},\"potentialAction\":[{\"@type\":\"SearchAction\",\"target\":{\"@type\":\"EntryPoint\",\"urlTemplate\":\"https:\/\/falusiturizmus.eu\/?s={search_term_string}\"},\"query-input\":{\"@type\":\"PropertyValueSpecification\",\"valueRequired\":true,\"valueName\":\"search_term_string\"}}],\"inLanguage\":\"en-GB\"},{\"@type\":\"Organization\",\"@id\":\"https:\/\/falusiturizmus.eu\/#organization\",\"name\":\"Falusi \u00e9s Agroturizmus Orsz\u00e1gos Sz\u00f6vets\u00e9ge\",\"url\":\"https:\/\/falusiturizmus.eu\/\",\"logo\":{\"@type\":\"ImageObject\",\"inLanguage\":\"en-GB\",\"@id\":\"https:\/\/falusiturizmus.eu\/#\/schema\/logo\/image\/\",\"url\":\"https:\/\/falusiturizmus.eu\/wp-content\/uploads\/2026\/01\/logo.png\",\"contentUrl\":\"https:\/\/falusiturizmus.eu\/wp-content\/uploads\/2026\/01\/logo.png\",\"width\":512,\"height\":521,\"caption\":\"Falusi \u00e9s Agroturizmus Orsz\u00e1gos Sz\u00f6vets\u00e9ge\"},\"image\":{\"@id\":\"https:\/\/falusiturizmus.eu\/#\/schema\/logo\/image\/\"},\"sameAs\":[\"https:\/\/www.facebook.com\/falusiturizmus.hu\",\"https:\/\/www.instagram.com\/falusiesagroturizmus\/?hl=hu\",\"https:\/\/www.youtube.com\/channel\/UCsCVuuFdNNsrFCqOOBDbPtw\"]}]}<\/script>\n<!-- \/ Yoast SEO plugin. -->","yoast_head_json":{"title":"NEA-2020 - Falusi \u00e9s Agroturizmus Orsz\u00e1gos Sz\u00f6vets\u00e9ge","robots":{"index":"index","follow":"follow","max-snippet":"max-snippet:-1","max-image-preview":"max-image-preview:large","max-video-preview":"max-video-preview:-1"},"canonical":"https:\/\/falusiturizmus.eu\/en\/nea-2020\/","og_locale":"en_GB","og_type":"article","og_title":"NEA-2020 - Falusi \u00e9s Agroturizmus Orsz\u00e1gos Sz\u00f6vets\u00e9ge","og_description":"A Bethlen G\u00e1bor Alapkezel\u0151 j\u00f3volt\u00e1b\u00f3l a \u201cNemzeti Egy\u00fcttm\u0171k\u00f6d\u00e9si Alap\u201d finansz\u00edroz\u00e1s\u00e1b\u00f3l 2020-ban 3 200 000 Ft-ban r\u00e9szes\u00fclt Sz\u00f6vets\u00e9g\u00fcnk. A projekt kapcs\u00e1n 2020. \u00e1prilis 1. \u2013 2021. szeptember 30. k\u00f6z\u00f6tt val\u00f3s\u00edtottuk meg szakmai \u00e9s m\u0171k\u00f6d\u00e9si programunkat. A t\u00e1mogat\u00e1s keret\u00e9ben a Falusi \u00e9s Agroturizmus Orsz\u00e1gos Sz\u00f6vets\u00e9g\u00e9nek 25 \u00e9ves fenn\u00e1ll\u00e1s\u00e1t \u00fcnnepelt\u00fck meg. A pand\u00e9mi\u00e1s helyzet terveinket nagym\u00e9rt\u00e9kben befoly\u00e1solta, \u00edgy [&hellip;]","og_url":"https:\/\/falusiturizmus.eu\/en\/nea-2020\/","og_site_name":"Falusi \u00e9s Agroturizmus Orsz\u00e1gos Sz\u00f6vets\u00e9ge","article_publisher":"https:\/\/www.facebook.com\/falusiturizmus.hu","og_image":[{"width":1024,"height":393,"url":"https:\/\/falusiturizmus.eu\/wp-content\/uploads\/2026\/01\/nea-logo.webp","type":"image\/webp"}],"twitter_card":"summary_large_image","twitter_misc":{"Estimated reading time":"2 minutes"},"schema":{"@context":"https:\/\/schema.org","@graph":[{"@type":"WebPage","@id":"https:\/\/falusiturizmus.eu\/nea-2020\/","url":"https:\/\/falusiturizmus.eu\/nea-2020\/","name":"NEA-2020 - Falusi \u00e9s Agroturizmus Orsz\u00e1gos Sz\u00f6vets\u00e9ge","isPartOf":{"@id":"https:\/\/falusiturizmus.eu\/#website"},"primaryImageOfPage":{"@id":"https:\/\/falusiturizmus.eu\/nea-2020\/#primaryimage"},"image":{"@id":"https:\/\/falusiturizmus.eu\/nea-2020\/#primaryimage"},"thumbnailUrl":"https:\/\/falusiturizmus.eu\/wp-content\/uploads\/2026\/01\/nea-logo.webp","datePublished":"2026-01-16T07:44:33+00:00","breadcrumb":{"@id":"https:\/\/falusiturizmus.eu\/nea-2020\/#breadcrumb"},"inLanguage":"en-GB","potentialAction":[{"@type":"ReadAction","target":["https:\/\/falusiturizmus.eu\/nea-2020\/"]}]},{"@type":"ImageObject","inLanguage":"en-GB","@id":"https:\/\/falusiturizmus.eu\/nea-2020\/#primaryimage","url":"https:\/\/falusiturizmus.eu\/wp-content\/uploads\/2026\/01\/nea-logo.webp","contentUrl":"https:\/\/falusiturizmus.eu\/wp-content\/uploads\/2026\/01\/nea-logo.webp"},{"@type":"BreadcrumbList","@id":"https:\/\/falusiturizmus.eu\/nea-2020\/#breadcrumb","itemListElement":[{"@type":"ListItem","position":1,"name":"Kezd\u0151lap","item":"https:\/\/falusiturizmus.eu\/"},{"@type":"ListItem","position":2,"name":"NEA-2020"}]},{"@type":"WebSite","@id":"https:\/\/falusiturizmus.eu\/#website","url":"https:\/\/falusiturizmus.eu\/","name":"Falusi \u00e9s Agroturizmus Orsz\u00e1gos Sz\u00f6vets\u00e9ge","description":"","publisher":{"@id":"https:\/\/falusiturizmus.eu\/#organization"},"potentialAction":[{"@type":"SearchAction","target":{"@type":"EntryPoint","urlTemplate":"https:\/\/falusiturizmus.eu\/?s={search_term_string}"},"query-input":{"@type":"PropertyValueSpecification","valueRequired":true,"valueName":"search_term_string"}}],"inLanguage":"en-GB"},{"@type":"Organization","@id":"https:\/\/falusiturizmus.eu\/#organization","name":"Falusi \u00e9s Agroturizmus Orsz\u00e1gos Sz\u00f6vets\u00e9ge","url":"https:\/\/falusiturizmus.eu\/","logo":{"@type":"ImageObject","inLanguage":"en-GB","@id":"https:\/\/falusiturizmus.eu\/#\/schema\/logo\/image\/","url":"https:\/\/falusiturizmus.eu\/wp-content\/uploads\/2026\/01\/logo.png","contentUrl":"https:\/\/falusiturizmus.eu\/wp-content\/uploads\/2026\/01\/logo.png","width":512,"height":521,"caption":"Falusi \u00e9s Agroturizmus Orsz\u00e1gos Sz\u00f6vets\u00e9ge"},"image":{"@id":"https:\/\/falusiturizmus.eu\/#\/schema\/logo\/image\/"},"sameAs":["https:\/\/www.facebook.com\/falusiturizmus.hu","https:\/\/www.instagram.com\/falusiesagroturizmus\/?hl=hu","https:\/\/www.youtube.com\/channel\/UCsCVuuFdNNsrFCqOOBDbPtw"]}]}},"_links":{"self":[{"href":"https:\/\/falusiturizmus.eu\/en\/wp-json\/wp\/v2\/pages\/2480","targetHints":{"allow":["GET"]}}],"collection":[{"href":"https:\/\/falusiturizmus.eu\/en\/wp-json\/wp\/v2\/pages"}],"about":[{"href":"https:\/\/falusiturizmus.eu\/en\/wp-json\/wp\/v2\/types\/page"}],"author":[{"embeddable":true,"href":"https:\/\/falusiturizmus.eu\/en\/wp-json\/wp\/v2\/users\/1"}],"replies":[{"embeddable":true,"href":"https:\/\/falusiturizmus.eu\/en\/wp-json\/wp\/v2\/comments?post=2480"}],"version-history":[{"count":1,"href":"https:\/\/falusiturizmus.eu\/en\/wp-json\/wp\/v2\/pages\/2480\/revisions"}],"predecessor-version":[{"id":2483,"href":"https:\/\/falusiturizmus.eu\/en\/wp-json\/wp\/v2\/pages\/2480\/revisions\/2483"}],"wp:attachment":[{"href":"https:\/\/falusiturizmus.eu\/en\/wp-json\/wp\/v2\/media?parent=2480"}],"curies":[{"name":"wp","href":"https:\/\/api.w.org\/{rel}","templated":true}]}}